{"id":10349,"date":"2021-04-19T10:17:20","date_gmt":"2021-04-19T10:17:20","guid":{"rendered":"https:\/\/mhservicios.athosonline.com\/?page_id=10349"},"modified":"2021-04-21T11:20:58","modified_gmt":"2021-04-21T11:20:58","slug":"privacy-policy","status":"publish","type":"page","link":"https:\/\/manuelhamuservicios.com\/en\/privacy-policy\/","title":{"rendered":"Privacy Policy"},"content":{"rendered":"<div data-elementor-type=\"wp-page\" data-elementor-id=\"10349\" class=\"elementor elementor-10349\" data-elementor-post-type=\"page\">\n\t\t\t\t\t\t<section data-particle_enable=\"false\" data-particle-mobile-disabled=\"false\" class=\"elementor-section elementor-top-section elementor-element elementor-element-9817348 wd-section-stretch elementor-section-boxed elementor-section-height-default elementor-section-height-default\" data-id=\"9817348\" data-element_type=\"section\" data-settings=\"{&quot;background_background&quot;:&quot;classic&quot;}\">\n\t\t\t\t\t\t\t<div class=\"elementor-background-overlay\"><\/div>\n\t\t\t\t\t\t\t<div class=\"elementor-container elementor-column-gap-no\">\n\t\t\t\t\t<div class=\"elementor-column elementor-col-100 elementor-top-column elementor-element elementor-element-4499090\" data-id=\"4499090\" data-element_type=\"column\">\n\t\t\t<div class=\"elementor-widget-wrap elementor-element-populated\">\n\t\t\t\t\t\t<div class=\"elementor-element elementor-element-392279 wd-width-100 elementor-widget elementor-widget-wd_title\" data-id=\"392279\" data-element_type=\"widget\" data-widget_type=\"wd_title.default\">\n\t\t\t\t<div class=\"elementor-widget-container\">\n\t\t\t\t\t\t\t<div class=\"title-wrapper wd-set-mb reset-last-child wd-title-color-white wd-title-style-default wd-title-size-extra-large text-center\">\n\n\t\t\t\n\t\t\t<div class=\"liner-continer\">\n\t\t\t\t<h4 class=\"woodmart-title-container title wd-fontsize-xxxl\">PRIVACY POLICY<\/h4> \n\t\t\t\t\t\t\t<\/div>\n\n\t\t\t\t\t<\/div>\n\t\t\t\t\t\t<\/div>\n\t\t\t\t<\/div>\n\t\t\t\t\t<\/div>\n\t\t<\/div>\n\t\t\t\t\t<\/div>\n\t\t<\/section>\n\t\t\t\t<section data-particle_enable=\"false\" data-particle-mobile-disabled=\"false\" class=\"wd-negative-gap elementor-section elementor-top-section elementor-element elementor-element-3dd9a27d elementor-section-content-middle elementor-section-boxed elementor-section-height-default elementor-section-height-default\" data-id=\"3dd9a27d\" data-element_type=\"section\">\n\t\t\t\t\t\t<div class=\"elementor-container elementor-column-gap-no\">\n\t\t\t\t\t<div class=\"elementor-column elementor-col-100 elementor-top-column elementor-element elementor-element-63350c83\" data-id=\"63350c83\" data-element_type=\"column\">\n\t\t\t<div class=\"elementor-widget-wrap elementor-element-populated\">\n\t\t\t\t\t\t<div class=\"elementor-element elementor-element-33a1a71 color-scheme-inherit text-left elementor-widget elementor-widget-text-editor\" data-id=\"33a1a71\" data-element_type=\"widget\" data-widget_type=\"text-editor.default\">\n\t\t\t\t<div class=\"elementor-widget-container\">\n\t\t\t\t\t\t\t\t\t<p>Next, from\u00a0<strong>MH Services<\/strong>, we provide you with all additional information concerning the processing of your personal data as established by the following regulations:<\/p><p>\u2013 Regulation (EU) 2016\/679 of the European Parliament and of the Council of 27 April 2016 on the protection of natural persons with regard to the processing of personal data and on the free movement of such data (GDPR).<\/p><p>\u2013 Organic Law 3\/2018, of December 5, on the Protection of Personal Data and the Guarantee of Digital Rights (LOPDGDD)<\/p><p>\u2013 Law 34\/2002, of July 11, on Information Society Services and Electronic Commerce (LSSI-CE).<\/p><ul><li><strong><u>DATA CONTROLLER:<\/u><\/strong><\/li><\/ul><p><strong>Identity:<\/strong> MANUEL HAMU PERONA\u00a0<\/p><p><strong>NIF:<\/strong> 22943052T<\/p><p><strong>Address:<\/strong> PZ\/PINTOR PEDRO FLORES, N\u00ba 1 30002 MURCIA<\/p><p>\u00a0<\/p><ul><li><strong><u>PRINCIPLES APPLICABLE TO TREATMENT:<\/u><\/strong><\/li><\/ul><p>The processing of personal data will be subject to the following principles set out in Article 5 of the GDPR:<\/p><p>\u2013 They will be treated in a lawful, fair and transparent manner.<\/p><p>\u2013 They will be collected for specific, explicit and legitimate purposes.<\/p><p>\u2013 They will be adequate, limited and relevant for the purposes for which they will be processed (data minimization).<\/p><p>\u2013 They will be accurate and up-to-date at all times.<\/p><p>\u2013 Your security and confidentiality will be guaranteed.<\/p><p>\u2013 They will only be kept in a manner that allows the identification of the User for the time necessary for the purposes of their processing.<\/p><ul><li><strong><u>CATEGORIES OF PERSONAL DATA:<\/u><\/strong><\/li><\/ul><p>The categories of data processed by our entity are solely identifying data. Under no circumstances do we process special categories of data (Article 9 of the GDPR).<\/p><ul><li><strong><u>PURPOSE OF THE PROCESSING:<\/u><\/strong><\/li><\/ul><p><strong><u>Contact form:<\/u><\/strong><\/p><p>The personal data you have provided to us as a User through this form will be used for the following purposes:<\/p><p>\u2013 Facilitate, streamline, and fulfill the commitments established between the Website and the User or the maintenance of the relationship established in the forms that the latter completes.<\/p><p>\u2013 Manage any type of request or query about our products or services.<\/p><p>\u2013 Quotation information.<\/p><p>\u2013 Information on the possibility of working as a distributor.<\/p><p>\u2013 Questions, complaints, comments, or concerns you may have regarding the information included on the website.<\/p><p>\u2013 Process requests related to the exercise of the rights that you, as the interested party, may exercise.<\/p><p>The form will record the following fields:<\/p><p>\u2013 Mandatory: Name, surname, email and telephone number.<\/p><ul><li><strong><u>LEGITIMATION:<\/u><\/strong><\/li><\/ul><p>The legal basis for processing your data is the consent given by completing any of the forms provided by the company. Users have the right to withdraw their consent at any time.<\/p><p>By filling out the forms, checking the &quot;I accept the Privacy Policy&quot; box and clicking to send the data, or by sending emails to our entity through the accounts enabled for this purpose, the User declares that they have read and expressly accepted this privacy policy and gives their unequivocal and express consent to the processing of their personal data in accordance with the purposes stated.<\/p><ul><li><strong><u>ORIGIN:<\/u><\/strong><\/li><\/ul><p><strong>The personal data processed by the company will come directly from the interested parties through:<\/strong><\/p><p><strong>\u2013<\/strong><strong>\u00a0\u00a0\u00a0\u00a0\u00a0\u00a0\u00a0\u00a0\u00a0\u00a0<\/strong><strong>Contact forms.<\/strong><\/p><p><strong>\u2013<\/strong><strong>\u00a0\u00a0\u00a0\u00a0\u00a0\u00a0\u00a0\u00a0\u00a0\u00a0<\/strong><strong>Direct email to one of our email accounts.<\/strong><\/p><ul><li><strong><u>CONSERVATION:<\/u><\/strong><\/li><\/ul><p><strong>Personal data will be kept as long as the User does not request its deletion, and<\/strong>\u00a0will be processed in compliance with the principle of limitation of the retention period, for the time necessary to fulfill the purposes for which they were collected, as well as to determine any potential liabilities that may arise from the purpose within the periods established in the archives and documentation regulations.<\/p><ul><li><strong><u>DATA COMMUNICATION:<\/u><\/strong><\/li><\/ul><p><strong>MH SERVICES<\/strong>\u00a0informs Users that their personal data will not be disclosed to third parties, except when such disclosure is covered by a legal obligation or when the provision of a service requires a contractual relationship with the data processor.<\/p><p><b>MH SERVICES <\/b>maintains strict criteria for selecting data processors and contractually commits to each of them to comply with and enforce the established obligations regarding data protection in accordance with current regulations.<\/p><ul><li><strong><u>RIGHTS:<\/u><\/strong><\/li><\/ul><p>The user may exercise their rights of access, rectification, deletion, portability, and restriction by sending a communication along with a copy of their identification document to the corporate address \u2026\u2026., using the form provided on this website, or by email to: info@mhservicios.com<\/p><p>You can file a complaint with the Spanish Data Protection Agency if you consider that the processing does not comply with the regulations (<a href=\"http:\/\/www.agpd.es\/\">www.agpd.es<\/a>)<\/p>\t\t\t\t\t\t\t\t<\/div>\n\t\t\t\t<\/div>\n\t\t\t\t\t<\/div>\n\t\t<\/div>\n\t\t\t\t\t<\/div>\n\t\t<\/section>\n\t\t\t\t<\/div>","protected":false},"excerpt":{"rendered":"<p>PRIVACY POLICY Below, from MH Services, we provide you with all the additional information concerning the processing of your personal data.<\/p>","protected":false},"author":1,"featured_media":0,"parent":0,"menu_order":0,"comment_status":"closed","ping_status":"closed","template":"","meta":{"inline_featured_image":false,"footnotes":""},"class_list":["post-10349","page","type-page","status-publish","hentry"],"yoast_head":"<!-- This site is optimized with the Yoast SEO plugin v25.3 - https:\/\/yoast.com\/wordpress\/plugins\/seo\/ -->\n<title>Pol\u00edtica de privacidad - Manuel Hamu Servicios<\/title>\n<meta name=\"robots\" content=\"index, follow, max-snippet:-1, max-image-preview:large, max-video-preview:-1\" \/>\n<link rel=\"canonical\" href=\"https:\/\/manuelhamuservicios.com\/en\/privacy-policy\/\" \/>\n<meta property=\"og:locale\" content=\"en_GB\" \/>\n<meta property=\"og:type\" content=\"article\" \/>\n<meta property=\"og:title\" content=\"Pol\u00edtica de privacidad - Manuel Hamu Servicios\" \/>\n<meta property=\"og:description\" content=\"POL\u00cdTICA DE PRIVACIDAD A continuaci\u00f3n, desde\u00a0MH Servicios, ponemos a su disposici\u00f3n toda la informaci\u00f3n adicional concerniente al tratamiento de sus\" \/>\n<meta property=\"og:url\" content=\"https:\/\/manuelhamuservicios.com\/en\/privacy-policy\/\" \/>\n<meta property=\"og:site_name\" content=\"Manuel Hamu Servicios\" \/>\n<meta property=\"article:modified_time\" content=\"2021-04-21T11:20:58+00:00\" \/>\n<meta name=\"twitter:card\" content=\"summary_large_image\" \/>\n<meta name=\"twitter:label1\" content=\"Estimated reading time\" \/>\n\t<meta name=\"twitter:data1\" content=\"4 minutes\" \/>\n<script type=\"application\/ld+json\" class=\"yoast-schema-graph\">{\"@context\":\"https:\/\/schema.org\",\"@graph\":[{\"@type\":\"WebPage\",\"@id\":\"https:\/\/manuelhamuservicios.com\/politica-de-privacidad\/\",\"url\":\"https:\/\/manuelhamuservicios.com\/politica-de-privacidad\/\",\"name\":\"Pol\u00edtica de privacidad - Manuel Hamu Servicios\",\"isPartOf\":{\"@id\":\"https:\/\/manuelhamuservicios.com\/#website\"},\"datePublished\":\"2021-04-19T10:17:20+00:00\",\"dateModified\":\"2021-04-21T11:20:58+00:00\",\"breadcrumb\":{\"@id\":\"https:\/\/manuelhamuservicios.com\/politica-de-privacidad\/#breadcrumb\"},\"inLanguage\":\"en-GB\",\"potentialAction\":[{\"@type\":\"ReadAction\",\"target\":[\"https:\/\/manuelhamuservicios.com\/politica-de-privacidad\/\"]}]},{\"@type\":\"BreadcrumbList\",\"@id\":\"https:\/\/manuelhamuservicios.com\/politica-de-privacidad\/#breadcrumb\",\"itemListElement\":[{\"@type\":\"ListItem\",\"position\":1,\"name\":\"Portada\",\"item\":\"https:\/\/manuelhamuservicios.com\/\"},{\"@type\":\"ListItem\",\"position\":2,\"name\":\"Pol\u00edtica de privacidad\"}]},{\"@type\":\"WebSite\",\"@id\":\"https:\/\/manuelhamuservicios.com\/#website\",\"url\":\"https:\/\/manuelhamuservicios.com\/\",\"name\":\"Manuel Hamu Servicios\",\"description\":\"Mobiliario comercial, maquinaria alimentaria y balanzas comerciales.\",\"publisher\":{\"@id\":\"https:\/\/manuelhamuservicios.com\/#organization\"},\"potentialAction\":[{\"@type\":\"SearchAction\",\"target\":{\"@type\":\"EntryPoint\",\"urlTemplate\":\"https:\/\/manuelhamuservicios.com\/?s={search_term_string}\"},\"query-input\":{\"@type\":\"PropertyValueSpecification\",\"valueRequired\":true,\"valueName\":\"search_term_string\"}}],\"inLanguage\":\"en-GB\"},{\"@type\":\"Organization\",\"@id\":\"https:\/\/manuelhamuservicios.com\/#organization\",\"name\":\"Manuel Hamu Servicios\",\"url\":\"https:\/\/manuelhamuservicios.com\/\",\"logo\":{\"@type\":\"ImageObject\",\"inLanguage\":\"en-GB\",\"@id\":\"https:\/\/manuelhamuservicios.com\/#\/schema\/logo\/image\/\",\"url\":\"https:\/\/manuelhamuservicios.com\/wp-content\/uploads\/2023\/08\/cropped-WhatsApp-Image-2023-08-08-at-08.34.04.jpeg\",\"contentUrl\":\"https:\/\/manuelhamuservicios.com\/wp-content\/uploads\/2023\/08\/cropped-WhatsApp-Image-2023-08-08-at-08.34.04.jpeg\",\"width\":512,\"height\":512,\"caption\":\"Manuel Hamu Servicios\"},\"image\":{\"@id\":\"https:\/\/manuelhamuservicios.com\/#\/schema\/logo\/image\/\"}}]}<\/script>\n<!-- \/ Yoast SEO plugin. -->","yoast_head_json":{"title":"Privacy Policy - Manuel Hamu Services","robots":{"index":"index","follow":"follow","max-snippet":"max-snippet:-1","max-image-preview":"max-image-preview:large","max-video-preview":"max-video-preview:-1"},"canonical":"https:\/\/manuelhamuservicios.com\/en\/privacy-policy\/","og_locale":"en_GB","og_type":"article","og_title":"Pol\u00edtica de privacidad - Manuel Hamu Servicios","og_description":"POL\u00cdTICA DE PRIVACIDAD A continuaci\u00f3n, desde\u00a0MH Servicios, ponemos a su disposici\u00f3n toda la informaci\u00f3n adicional concerniente al tratamiento de sus","og_url":"https:\/\/manuelhamuservicios.com\/en\/privacy-policy\/","og_site_name":"Manuel Hamu Servicios","article_modified_time":"2021-04-21T11:20:58+00:00","twitter_card":"summary_large_image","twitter_misc":{"Estimated reading time":"4 minutes"},"schema":{"@context":"https:\/\/schema.org","@graph":[{"@type":"WebPage","@id":"https:\/\/manuelhamuservicios.com\/politica-de-privacidad\/","url":"https:\/\/manuelhamuservicios.com\/politica-de-privacidad\/","name":"Privacy Policy - Manuel Hamu Services","isPartOf":{"@id":"https:\/\/manuelhamuservicios.com\/#website"},"datePublished":"2021-04-19T10:17:20+00:00","dateModified":"2021-04-21T11:20:58+00:00","breadcrumb":{"@id":"https:\/\/manuelhamuservicios.com\/politica-de-privacidad\/#breadcrumb"},"inLanguage":"en-GB","potentialAction":[{"@type":"ReadAction","target":["https:\/\/manuelhamuservicios.com\/politica-de-privacidad\/"]}]},{"@type":"BreadcrumbList","@id":"https:\/\/manuelhamuservicios.com\/politica-de-privacidad\/#breadcrumb","itemListElement":[{"@type":"ListItem","position":1,"name":"Portada","item":"https:\/\/manuelhamuservicios.com\/"},{"@type":"ListItem","position":2,"name":"Pol\u00edtica de privacidad"}]},{"@type":"WebSite","@id":"https:\/\/manuelhamuservicios.com\/#website","url":"https:\/\/manuelhamuservicios.com\/","name":"Manuel Hamu Services","description":"Commercial furniture, food machinery and commercial scales.","publisher":{"@id":"https:\/\/manuelhamuservicios.com\/#organization"},"potentialAction":[{"@type":"SearchAction","target":{"@type":"EntryPoint","urlTemplate":"https:\/\/manuelhamuservicios.com\/?s={search_term_string}"},"query-input":{"@type":"PropertyValueSpecification","valueRequired":true,"valueName":"search_term_string"}}],"inLanguage":"en-GB"},{"@type":"Organization","@id":"https:\/\/manuelhamuservicios.com\/#organization","name":"Manuel Hamu Services","url":"https:\/\/manuelhamuservicios.com\/","logo":{"@type":"ImageObject","inLanguage":"en-GB","@id":"https:\/\/manuelhamuservicios.com\/#\/schema\/logo\/image\/","url":"https:\/\/manuelhamuservicios.com\/wp-content\/uploads\/2023\/08\/cropped-WhatsApp-Image-2023-08-08-at-08.34.04.jpeg","contentUrl":"https:\/\/manuelhamuservicios.com\/wp-content\/uploads\/2023\/08\/cropped-WhatsApp-Image-2023-08-08-at-08.34.04.jpeg","width":512,"height":512,"caption":"Manuel Hamu Servicios"},"image":{"@id":"https:\/\/manuelhamuservicios.com\/#\/schema\/logo\/image\/"}}]}},"_links":{"self":[{"href":"https:\/\/manuelhamuservicios.com\/en\/wp-json\/wp\/v2\/pages\/10349","targetHints":{"allow":["GET"]}}],"collection":[{"href":"https:\/\/manuelhamuservicios.com\/en\/wp-json\/wp\/v2\/pages"}],"about":[{"href":"https:\/\/manuelhamuservicios.com\/en\/wp-json\/wp\/v2\/types\/page"}],"author":[{"embeddable":true,"href":"https:\/\/manuelhamuservicios.com\/en\/wp-json\/wp\/v2\/users\/1"}],"replies":[{"embeddable":true,"href":"https:\/\/manuelhamuservicios.com\/en\/wp-json\/wp\/v2\/comments?post=10349"}],"version-history":[{"count":10,"href":"https:\/\/manuelhamuservicios.com\/en\/wp-json\/wp\/v2\/pages\/10349\/revisions"}],"predecessor-version":[{"id":10385,"href":"https:\/\/manuelhamuservicios.com\/en\/wp-json\/wp\/v2\/pages\/10349\/revisions\/10385"}],"wp:attachment":[{"href":"https:\/\/manuelhamuservicios.com\/en\/wp-json\/wp\/v2\/media?parent=10349"}],"curies":[{"name":"wp","href":"https:\/\/api.w.org\/{rel}","templated":true}]}}