{"id":13108,"date":"2025-05-08T18:32:42","date_gmt":"2025-05-08T18:32:42","guid":{"rendered":"https:\/\/manuelhamuservicios.com\/?page_id=13108"},"modified":"2025-05-08T18:35:18","modified_gmt":"2025-05-08T18:35:18","slug":"accessibility","status":"publish","type":"page","link":"https:\/\/manuelhamuservicios.com\/en\/accessibility\/","title":{"rendered":"Accessibility"},"content":{"rendered":"<div data-elementor-type=\"wp-page\" data-elementor-id=\"13108\" class=\"elementor elementor-13108\" data-elementor-post-type=\"page\">\n\t\t\t\t\t\t<section data-particle_enable=\"false\" data-particle-mobile-disabled=\"false\" class=\"elementor-section elementor-top-section elementor-element elementor-element-9817348 wd-section-stretch elementor-section-boxed elementor-section-height-default elementor-section-height-default\" data-id=\"9817348\" data-element_type=\"section\" data-settings=\"{&quot;background_background&quot;:&quot;classic&quot;}\">\n\t\t\t\t\t\t\t<div class=\"elementor-background-overlay\"><\/div>\n\t\t\t\t\t\t\t<div class=\"elementor-container elementor-column-gap-no\">\n\t\t\t\t\t<div class=\"elementor-column elementor-col-100 elementor-top-column elementor-element elementor-element-4499090\" data-id=\"4499090\" data-element_type=\"column\">\n\t\t\t<div class=\"elementor-widget-wrap elementor-element-populated\">\n\t\t\t\t\t\t<div class=\"elementor-element elementor-element-392279 wd-width-100 elementor-widget elementor-widget-wd_title\" data-id=\"392279\" data-element_type=\"widget\" data-widget_type=\"wd_title.default\">\n\t\t\t\t<div class=\"elementor-widget-container\">\n\t\t\t\t\t\t\t<div class=\"title-wrapper wd-set-mb reset-last-child wd-title-color-white wd-title-style-default wd-title-size-extra-large text-center\">\n\n\t\t\t\n\t\t\t<div class=\"liner-continer\">\n\t\t\t\t<h4 class=\"woodmart-title-container title wd-fontsize-xxxl\">Accessibility<\/h4> \n\t\t\t\t\t\t\t<\/div>\n\n\t\t\t\t\t<\/div>\n\t\t\t\t\t\t<\/div>\n\t\t\t\t<\/div>\n\t\t\t\t\t<\/div>\n\t\t<\/div>\n\t\t\t\t\t<\/div>\n\t\t<\/section>\n\t\t\t\t<section data-particle_enable=\"false\" data-particle-mobile-disabled=\"false\" class=\"wd-negative-gap elementor-section elementor-top-section elementor-element elementor-element-3dd9a27d elementor-section-content-middle elementor-section-boxed elementor-section-height-default elementor-section-height-default\" data-id=\"3dd9a27d\" data-element_type=\"section\">\n\t\t\t\t\t\t<div class=\"elementor-container elementor-column-gap-no\">\n\t\t\t\t\t<div class=\"elementor-column elementor-col-100 elementor-top-column elementor-element elementor-element-63350c83\" data-id=\"63350c83\" data-element_type=\"column\">\n\t\t\t<div class=\"elementor-widget-wrap elementor-element-populated\">\n\t\t\t\t\t\t<div class=\"elementor-element elementor-element-33a1a71 color-scheme-inherit text-left elementor-widget elementor-widget-text-editor\" data-id=\"33a1a71\" data-element_type=\"widget\" data-widget_type=\"text-editor.default\">\n\t\t\t\t<div class=\"elementor-widget-container\">\n\t\t\t\t\t\t\t\t\t<h1 id=\"h-accesibilidad\" class=\"wp-block-heading\">ACCESSIBILITY<\/h1><p>Red.es, a public business entity of the Ministry of Economic Affairs and Digital Transformation that depends on the Secretary of State for Digitalization and Artificial Intelligence, has committed to making its website accessible, in accordance with the\u00a0<a href=\"https:\/\/www.boe.es\/diario_boe\/txt.php?id=BOE-A-2018-12699\">Royal Decree 1112\/2018, of September 7, on the accessibility of websites and mobile applications in the public sector.<\/a><\/p><p>This accessibility statement applies to the website https:\/\/manuelhamuservicios.com\/<\/p><h2 id=\"h-situacion-de-cumplimiento\" class=\"wp-block-heading\">COMPLIANCE STATUS<\/h2><p>This website is partially compliant with the\u00a0<a href=\"https:\/\/www.boe.es\/diario_boe\/txt.php?id=BOE-A-2018-12699\">RD 1112\/2018<\/a>\u00a0due to the exceptions and the lack of compliance with the aspects indicated in the following point.<\/p><h2 id=\"h-contenido-no-accesible\" class=\"wp-block-heading\">CONTENT NOT ACCESSIBLE<\/h2><p>The content below is not accessible for the following reasons:<\/p><h3 id=\"h-falta-de-conformidad-con-el-rd-1112-2018\" class=\"wp-block-heading\">LACK OF COMPLIANCE WITH RD 1112\/2018<\/h3><p>Fully accessible documents can be requested from the contact form to formalize complaints and inquiries.<\/p><p>There may be occasional code editing errors on some web pages. [4.1.1 Processing]<\/p><h3 id=\"h-carga-desproporcionada\" class=\"wp-block-heading\">DISPROPORTIONATE BURDEN<\/h3><p>Not applicable.<\/p><h3 id=\"h-el-contenido-no-entra-dentro-del-ambito-de-la-legislacion-aplicable\" class=\"wp-block-heading\">THE CONTENT DOES NOT FALL WITHIN THE SCOPE OF APPLICABLE LEGISLATION<\/h3><p>Not applicable.<\/p><h2 id=\"h-preparacion-para-la-siguiente-declaracion-de-accesibilidad\" class=\"wp-block-heading\">PREPARATION FOR THE NEXT ACCESSIBILITY STATEMENT<\/h2><p>This statement was prepared on July 13, 2024.<\/p><p>The method used to prepare the declaration was a self-assessment carried out by GRIS VERDE Y BLANCO SL<\/p><p>Comments and contact information<\/p><p>You can make communications about accessibility requirements (article 10.2.a of RD 1112\/2018) such as, for example:<\/p><ul class=\"wp-block-list\"><li>Report any potential non-compliance by this website<\/li><li>Transmit other difficulties in accessing the content<\/li><li>Make any other queries or suggestions for improvements related to the accessibility of the website<\/li><\/ul><p>through the digitizing agent&#039;s contact form.<\/p><p>You may present:<\/p><ul class=\"wp-block-list\"><li>Complaint regarding compliance with the requirements of RD 1112\/2018 or<\/li><li>Request for accessible information regarding:<ul class=\"wp-block-list\"><li>Contents that are excluded from the scope of RD 1112\/2018 as established by article 3, section 4<\/li><li>Content that is exempt from compliance with accessibility requirements because it imposes a disproportionate burden<\/li><\/ul><\/li><\/ul><p>In the Request for Accessible Information, the facts, reasons, and request must be clearly stated to demonstrate that it is a reasonable and legitimate request.<\/p><p>Complaints and claims regarding accessible information should be submitted using the aforementioned form.<\/p><h2 id=\"h-contenido-opcional\" class=\"wp-block-heading\">OPTIONAL CONTENT<\/h2><p>This portal is designed to allow you to change the text size and color, as well as the page background, using standard browser settings.<\/p><p>To change the font size in major graphical browsers, use the following menus:<\/p><ul class=\"wp-block-list\"><li>Internet Explorer, Mozilla, and Firefox: View &gt; Text Size<\/li><li>Opera: View &gt; Zoom<\/li><li>Safari: View &gt; Make Text Larger<\/li><li>Chrome: Control the current page &gt; Text size<\/li><li>To change the size of everything on the page:<ul class=\"wp-block-list\"><li>Ctrl + + to increase it<\/li><li>Ctrl + \u2013 to decrease it<\/li><li>Ctrl + 0 restores the original text size<\/li><li>If you want to override the style sheet or change the text color, you can consult the WAI&#039;s How to Change Text Size or Colors page, which can be read in Spanish at How to change text size or colors?<\/li><\/ul><\/li><\/ul>\t\t\t\t\t\t\t\t<\/div>\n\t\t\t\t<\/div>\n\t\t\t\t\t<\/div>\n\t\t<\/div>\n\t\t\t\t\t<\/div>\n\t\t<\/section>\n\t\t\t\t<\/div>","protected":false},"excerpt":{"rendered":"<p>Accessibility ACCESSIBILITY Red.es public business entity of the Ministry of Economic Affairs and Digital Transformation that depends on the Secretariat of<\/p>","protected":false},"author":1,"featured_media":0,"parent":0,"menu_order":0,"comment_status":"closed","ping_status":"closed","template":"","meta":{"inline_featured_image":false,"footnotes":""},"class_list":["post-13108","page","type-page","status-publish","hentry"],"yoast_head":"<!-- This site is optimized with the Yoast SEO plugin v25.3 - https:\/\/yoast.com\/wordpress\/plugins\/seo\/ -->\n<title>Accesibilidad - Manuel Hamu Servicios<\/title>\n<meta name=\"robots\" content=\"index, follow, max-snippet:-1, max-image-preview:large, max-video-preview:-1\" \/>\n<link rel=\"canonical\" href=\"https:\/\/manuelhamuservicios.com\/en\/accessibility\/\" \/>\n<meta property=\"og:locale\" content=\"en_GB\" \/>\n<meta property=\"og:type\" content=\"article\" \/>\n<meta property=\"og:title\" content=\"Accesibilidad - Manuel Hamu Servicios\" \/>\n<meta property=\"og:description\" content=\"Accesibilidad ACCESIBILIDAD Red.es entidad p\u00fablica empresarial del Ministerio de Asuntos Econ\u00f3micos y Transformaci\u00f3n Digital que depende de la Secretar\u00eda de\" \/>\n<meta property=\"og:url\" content=\"https:\/\/manuelhamuservicios.com\/en\/accessibility\/\" \/>\n<meta property=\"og:site_name\" content=\"Manuel Hamu Servicios\" \/>\n<meta property=\"article:modified_time\" content=\"2025-05-08T18:35:18+00:00\" \/>\n<meta name=\"twitter:card\" content=\"summary_large_image\" \/>\n<meta name=\"twitter:label1\" content=\"Estimated reading time\" \/>\n\t<meta name=\"twitter:data1\" content=\"3 minutes\" \/>\n<script type=\"application\/ld+json\" class=\"yoast-schema-graph\">{\"@context\":\"https:\/\/schema.org\",\"@graph\":[{\"@type\":\"WebPage\",\"@id\":\"https:\/\/manuelhamuservicios.com\/accesibilidad\/\",\"url\":\"https:\/\/manuelhamuservicios.com\/accesibilidad\/\",\"name\":\"Accesibilidad - Manuel Hamu Servicios\",\"isPartOf\":{\"@id\":\"https:\/\/manuelhamuservicios.com\/#website\"},\"datePublished\":\"2025-05-08T18:32:42+00:00\",\"dateModified\":\"2025-05-08T18:35:18+00:00\",\"breadcrumb\":{\"@id\":\"https:\/\/manuelhamuservicios.com\/accesibilidad\/#breadcrumb\"},\"inLanguage\":\"en-GB\",\"potentialAction\":[{\"@type\":\"ReadAction\",\"target\":[\"https:\/\/manuelhamuservicios.com\/accesibilidad\/\"]}]},{\"@type\":\"BreadcrumbList\",\"@id\":\"https:\/\/manuelhamuservicios.com\/accesibilidad\/#breadcrumb\",\"itemListElement\":[{\"@type\":\"ListItem\",\"position\":1,\"name\":\"Portada\",\"item\":\"https:\/\/manuelhamuservicios.com\/\"},{\"@type\":\"ListItem\",\"position\":2,\"name\":\"Accesibilidad\"}]},{\"@type\":\"WebSite\",\"@id\":\"https:\/\/manuelhamuservicios.com\/#website\",\"url\":\"https:\/\/manuelhamuservicios.com\/\",\"name\":\"Manuel Hamu Servicios\",\"description\":\"Mobiliario comercial, maquinaria alimentaria y balanzas comerciales.\",\"publisher\":{\"@id\":\"https:\/\/manuelhamuservicios.com\/#organization\"},\"potentialAction\":[{\"@type\":\"SearchAction\",\"target\":{\"@type\":\"EntryPoint\",\"urlTemplate\":\"https:\/\/manuelhamuservicios.com\/?s={search_term_string}\"},\"query-input\":{\"@type\":\"PropertyValueSpecification\",\"valueRequired\":true,\"valueName\":\"search_term_string\"}}],\"inLanguage\":\"en-GB\"},{\"@type\":\"Organization\",\"@id\":\"https:\/\/manuelhamuservicios.com\/#organization\",\"name\":\"Manuel Hamu Servicios\",\"url\":\"https:\/\/manuelhamuservicios.com\/\",\"logo\":{\"@type\":\"ImageObject\",\"inLanguage\":\"en-GB\",\"@id\":\"https:\/\/manuelhamuservicios.com\/#\/schema\/logo\/image\/\",\"url\":\"https:\/\/manuelhamuservicios.com\/wp-content\/uploads\/2023\/08\/cropped-WhatsApp-Image-2023-08-08-at-08.34.04.jpeg\",\"contentUrl\":\"https:\/\/manuelhamuservicios.com\/wp-content\/uploads\/2023\/08\/cropped-WhatsApp-Image-2023-08-08-at-08.34.04.jpeg\",\"width\":512,\"height\":512,\"caption\":\"Manuel Hamu Servicios\"},\"image\":{\"@id\":\"https:\/\/manuelhamuservicios.com\/#\/schema\/logo\/image\/\"}}]}<\/script>\n<!-- \/ Yoast SEO plugin. -->","yoast_head_json":{"title":"Accessibility - Manuel Hamu Services","robots":{"index":"index","follow":"follow","max-snippet":"max-snippet:-1","max-image-preview":"max-image-preview:large","max-video-preview":"max-video-preview:-1"},"canonical":"https:\/\/manuelhamuservicios.com\/en\/accessibility\/","og_locale":"en_GB","og_type":"article","og_title":"Accesibilidad - Manuel Hamu Servicios","og_description":"Accesibilidad ACCESIBILIDAD Red.es entidad p\u00fablica empresarial del Ministerio de Asuntos Econ\u00f3micos y Transformaci\u00f3n Digital que depende de la Secretar\u00eda de","og_url":"https:\/\/manuelhamuservicios.com\/en\/accessibility\/","og_site_name":"Manuel Hamu Servicios","article_modified_time":"2025-05-08T18:35:18+00:00","twitter_card":"summary_large_image","twitter_misc":{"Estimated reading time":"3 minutes"},"schema":{"@context":"https:\/\/schema.org","@graph":[{"@type":"WebPage","@id":"https:\/\/manuelhamuservicios.com\/accesibilidad\/","url":"https:\/\/manuelhamuservicios.com\/accesibilidad\/","name":"Accessibility - Manuel Hamu Services","isPartOf":{"@id":"https:\/\/manuelhamuservicios.com\/#website"},"datePublished":"2025-05-08T18:32:42+00:00","dateModified":"2025-05-08T18:35:18+00:00","breadcrumb":{"@id":"https:\/\/manuelhamuservicios.com\/accesibilidad\/#breadcrumb"},"inLanguage":"en-GB","potentialAction":[{"@type":"ReadAction","target":["https:\/\/manuelhamuservicios.com\/accesibilidad\/"]}]},{"@type":"BreadcrumbList","@id":"https:\/\/manuelhamuservicios.com\/accesibilidad\/#breadcrumb","itemListElement":[{"@type":"ListItem","position":1,"name":"Portada","item":"https:\/\/manuelhamuservicios.com\/"},{"@type":"ListItem","position":2,"name":"Accesibilidad"}]},{"@type":"WebSite","@id":"https:\/\/manuelhamuservicios.com\/#website","url":"https:\/\/manuelhamuservicios.com\/","name":"Manuel Hamu Services","description":"Commercial furniture, food machinery and commercial scales.","publisher":{"@id":"https:\/\/manuelhamuservicios.com\/#organization"},"potentialAction":[{"@type":"SearchAction","target":{"@type":"EntryPoint","urlTemplate":"https:\/\/manuelhamuservicios.com\/?s={search_term_string}"},"query-input":{"@type":"PropertyValueSpecification","valueRequired":true,"valueName":"search_term_string"}}],"inLanguage":"en-GB"},{"@type":"Organization","@id":"https:\/\/manuelhamuservicios.com\/#organization","name":"Manuel Hamu Services","url":"https:\/\/manuelhamuservicios.com\/","logo":{"@type":"ImageObject","inLanguage":"en-GB","@id":"https:\/\/manuelhamuservicios.com\/#\/schema\/logo\/image\/","url":"https:\/\/manuelhamuservicios.com\/wp-content\/uploads\/2023\/08\/cropped-WhatsApp-Image-2023-08-08-at-08.34.04.jpeg","contentUrl":"https:\/\/manuelhamuservicios.com\/wp-content\/uploads\/2023\/08\/cropped-WhatsApp-Image-2023-08-08-at-08.34.04.jpeg","width":512,"height":512,"caption":"Manuel Hamu Servicios"},"image":{"@id":"https:\/\/manuelhamuservicios.com\/#\/schema\/logo\/image\/"}}]}},"_links":{"self":[{"href":"https:\/\/manuelhamuservicios.com\/en\/wp-json\/wp\/v2\/pages\/13108","targetHints":{"allow":["GET"]}}],"collection":[{"href":"https:\/\/manuelhamuservicios.com\/en\/wp-json\/wp\/v2\/pages"}],"about":[{"href":"https:\/\/manuelhamuservicios.com\/en\/wp-json\/wp\/v2\/types\/page"}],"author":[{"embeddable":true,"href":"https:\/\/manuelhamuservicios.com\/en\/wp-json\/wp\/v2\/users\/1"}],"replies":[{"embeddable":true,"href":"https:\/\/manuelhamuservicios.com\/en\/wp-json\/wp\/v2\/comments?post=13108"}],"version-history":[{"count":4,"href":"https:\/\/manuelhamuservicios.com\/en\/wp-json\/wp\/v2\/pages\/13108\/revisions"}],"predecessor-version":[{"id":13113,"href":"https:\/\/manuelhamuservicios.com\/en\/wp-json\/wp\/v2\/pages\/13108\/revisions\/13113"}],"wp:attachment":[{"href":"https:\/\/manuelhamuservicios.com\/en\/wp-json\/wp\/v2\/media?parent=13108"}],"curies":[{"name":"wp","href":"https:\/\/api.w.org\/{rel}","templated":true}]}}