{"id":10005,"date":"2021-04-15T17:48:14","date_gmt":"2021-04-15T17:48:14","guid":{"rendered":"https:\/\/mhservicios.athosonline.com\/?post_type=product&#038;p=10005"},"modified":"2021-04-15T17:52:03","modified_gmt":"2021-04-15T17:52:03","slug":"keb-kev-freezing-cell","status":"publish","type":"product","link":"https:\/\/manuelhamuservicios.com\/en\/product\/keb-kev-freezing-cell\/","title":{"rendered":"FREEZING CELL (KEB-KEV)"},"content":{"rendered":"<div data-elementor-type=\"product-post\" data-elementor-id=\"10005\" class=\"elementor elementor-10005\" data-elementor-post-type=\"product\">\n\t\t\t\t\t\t<section data-particle_enable=\"false\" data-particle-mobile-disabled=\"false\" class=\"wd-negative-gap elementor-section elementor-top-section elementor-element elementor-element-b20244d elementor-section-boxed elementor-section-height-default elementor-section-height-default\" data-id=\"b20244d\" data-element_type=\"section\">\n\t\t\t\t\t\t<div class=\"elementor-container elementor-column-gap-default\">\n\t\t\t\t\t<div class=\"elementor-column elementor-col-100 elementor-top-column elementor-element elementor-element-fcab9b7\" data-id=\"fcab9b7\" data-element_type=\"column\">\n\t\t\t<div class=\"elementor-widget-wrap elementor-element-populated\">\n\t\t\t\t\t\t<div class=\"elementor-element elementor-element-08107e8 elementor-tabs-view-horizontal elementor-widget elementor-widget-tabs\" data-id=\"08107e8\" data-element_type=\"widget\" data-widget_type=\"tabs.default\">\n\t\t\t\t<div class=\"elementor-widget-container\">\n\t\t\t\t\t\t\t<div class=\"elementor-tabs\">\n\t\t\t<div class=\"elementor-tabs-wrapper\" role=\"tablist\" >\n\t\t\t\t\t\t\t\t\t<div id=\"elementor-tab-title-8451\" class=\"elementor-tab-title elementor-tab-desktop-title\" aria-selected=\"true\" data-tab=\"1\" role=\"tab\" tabindex=\"0\" aria-controls=\"elementor-tab-content-8451\" aria-expanded=\"false\">Characteristics<\/div>\n\t\t\t\t\t\t\t\t\t<div id=\"elementor-tab-title-8452\" class=\"elementor-tab-title elementor-tab-desktop-title\" aria-selected=\"false\" data-tab=\"2\" role=\"tab\" tabindex=\"-1\" aria-controls=\"elementor-tab-content-8452\" aria-expanded=\"false\">Options<\/div>\n\t\t\t\t\t\t\t\t\t<div id=\"elementor-tab-title-8453\" class=\"elementor-tab-title elementor-tab-desktop-title\" aria-selected=\"false\" data-tab=\"3\" role=\"tab\" tabindex=\"-1\" aria-controls=\"elementor-tab-content-8453\" aria-expanded=\"false\">Documentation<\/div>\n\t\t\t\t\t\t\t<\/div>\n\t\t\t<div class=\"elementor-tabs-content-wrapper\" role=\"tablist\" aria-orientation=\"vertical\">\n\t\t\t\t\t\t\t\t\t<div class=\"elementor-tab-title elementor-tab-mobile-title\" aria-selected=\"true\" data-tab=\"1\" role=\"tab\" tabindex=\"0\" aria-controls=\"elementor-tab-content-8451\" aria-expanded=\"false\">Characteristics<\/div>\n\t\t\t\t\t<div id=\"elementor-tab-content-8451\" class=\"elementor-tab-content elementor-clearfix\" data-tab=\"1\" role=\"tabpanel\" aria-labelledby=\"elementor-tab-title-8451\" tabindex=\"0\" hidden=\"false\"><ul><li><strong>Finned batteries:<\/strong><\/li><\/ul><p>Constructed with internally grooved \u00d8 5\/8\u201d copper tubing, manufactured according to the CUPROCLIMA\u00ae specification, and with corrugated aluminum fins.<\/p><p>The different fin pitches are 7 mm and 10 mm.<\/p><p>All batteries are leak tested at a test pressure of 40 bars and then pressurized with nitrogen to approximately 1.5 bars to prevent corrosion of the inner surface of the copper tubes.<\/p><ul><li><b>Bodywork:<\/b><\/li><\/ul><p>It is made of galvanized steel sheet and painted with epoxy-polyester paint polymerized in an oven at 180\u00baC, which gives it high resistance to corrosion even in extreme environmental conditions.<\/p><p>In addition, this finish allows compliance with the strictest food hygiene standards.<\/p><p>It includes a double defrost tray to facilitate drainage of the resulting water.<\/p><p>Both the defrost trays and the side body panels are easily removable, making access to the interior of the appliances quick and easy.<\/p><ul><li><strong>Fans and motors:<\/strong><\/li><\/ul><p>The fans used are (depending on the model) \u00d8 500 or 630 mm. They operate either as a discharge (KEB) or exhaust (KEV) fan, with three-phase motors (400 V @ 50 Hz).<\/p><p>The protective grilles are made of painted galvanized steel rods and have a built-in watertight terminal box to which the fan motors are connected.<\/p><ul><li><strong>Defrost resistors:<\/strong><\/li><\/ul><p>They are shielded with stainless steel tubing, their terminals are vulcanized onto the tubing to prevent leakage, and they incorporate individual grounding.<\/p><p>They are strategically located in the evaporator in order to facilitate adequate and uniform defrosting.<\/p><\/div>\n\t\t\t\t\t\t\t\t\t<div class=\"elementor-tab-title elementor-tab-mobile-title\" aria-selected=\"false\" data-tab=\"2\" role=\"tab\" tabindex=\"-1\" aria-controls=\"elementor-tab-content-8452\" aria-expanded=\"false\">Options<\/div>\n\t\t\t\t\t<div id=\"elementor-tab-content-8452\" class=\"elementor-tab-content elementor-clearfix\" data-tab=\"2\" role=\"tabpanel\" aria-labelledby=\"elementor-tab-title-8452\" tabindex=\"0\" hidden=\"hidden\"><ul><li><strong>Fin Material<\/strong><ul><li>Copper Fin (7mm pitch only)<\/li><li>Lacquered Fin<\/li><\/ul><\/li><\/ul><ul><li><strong>Housing<\/strong><ul><li>Stainless steel<\/li><li>Side protections<\/li><li>Separate ventilation train (KEV range only)<\/li><\/ul><\/li><\/ul><ul><li><strong>Defrost<\/strong><ul><li>Hot gas defrost<\/li><li>Hot gas defrost in battery and electric defrost in tray<\/li><li>Electric defrost<\/li><li>Defrosting by water<\/li><li>Resistance rings on the fan<\/li><\/ul><\/li><\/ul><ul><li><strong>Others<\/strong><ul><li>Blygold Treatment<\/li><li>60Hz fans<\/li><\/ul><\/li><\/ul><ul><li><strong>Refrigerants<\/strong><ul><li>R134a, R404A, R407F, R448A, R449A, R452A\u2026<\/li><li>Glycolated Water \u2013 CO2<\/li><\/ul><\/li><\/ul><\/div>\n\t\t\t\t\t\t\t\t\t<div class=\"elementor-tab-title elementor-tab-mobile-title\" aria-selected=\"false\" data-tab=\"3\" role=\"tab\" tabindex=\"-1\" aria-controls=\"elementor-tab-content-8453\" aria-expanded=\"false\">Documentation<\/div>\n\t\t\t\t\t<div id=\"elementor-tab-content-8453\" class=\"elementor-tab-content elementor-clearfix\" data-tab=\"3\" role=\"tabpanel\" aria-labelledby=\"elementor-tab-title-8453\" tabindex=\"0\" hidden=\"hidden\"><ul><li><strong><a href=\"https:\/\/koxka.com\/wp-content\/uploads\/2019\/04\/KEB-KEV_ES-ENG-.pdf\" target=\"_blank\" rel=\"noopener\">Freezing Cell Catalog (KEB-KEV)<\/a><\/strong><\/li><\/ul><\/div>\n\t\t\t\t\t\t\t<\/div>\n\t\t<\/div>\n\t\t\t\t\t\t<\/div>\n\t\t\t\t<\/div>\n\t\t\t\t\t<\/div>\n\t\t<\/div>\n\t\t\t\t\t<\/div>\n\t\t<\/section>\n\t\t\t\t<\/div>","protected":false},"excerpt":{"rendered":"<p>A range comprising 19 models, specially designed for rapid cooling and freezing applications requiring good air distribution with maximum use of space.<\/p>\n<p>The main advantage our equipment offers is a fast and uniform process, which results in the formation of smaller ice crystals, which reduces the risk of food cells being damaged much less. This means that when it&#039;s time to defrost, the product&#039;s original properties are much better preserved.<\/p>","protected":false},"featured_media":10006,"template":"","meta":{"inline_featured_image":false},"product_brand":[],"product_cat":[69],"product_tag":[],"class_list":{"0":"post-10005","1":"product","2":"type-product","3":"status-publish","4":"has-post-thumbnail","6":"product_cat-evaporadores","8":"first","9":"instock","10":"virtual","11":"product-type-simple"},"yoast_head":"<!-- This site is optimized with the Yoast SEO plugin v25.3 - https:\/\/yoast.com\/wordpress\/plugins\/seo\/ -->\n<title>C\u00c9LULA DE CONGELACI\u00d3N (KEB-KEV) - Manuel Hamu Servicios<\/title>\n<meta name=\"robots\" content=\"index, follow, max-snippet:-1, max-image-preview:large, max-video-preview:-1\" \/>\n<link rel=\"canonical\" href=\"https:\/\/manuelhamuservicios.com\/en\/product\/keb-kev-freezing-cell\/\" \/>\n<meta property=\"og:locale\" content=\"en_GB\" \/>\n<meta property=\"og:type\" content=\"article\" \/>\n<meta property=\"og:title\" content=\"C\u00c9LULA DE CONGELACI\u00d3N (KEB-KEV) - Manuel Hamu Servicios\" \/>\n<meta property=\"og:description\" content=\"Gama compuesta por 19 modelos, especialmente dise\u00f1ada para aplicaciones de r\u00e1pido enfriamiento y congelado del producto, que requieran una buena distribuci\u00f3n del aire con aprovechamiento m\u00e1ximo del espacio.  La principal ventaja que nuestros equipos ofrecen, es un proceso r\u00e1pido y homog\u00e9neo, que provoca la formaci\u00f3n de cristales de hielo m\u00e1s peque\u00f1os, lo cual permite que se estropeen mucho menos las c\u00e9lulas de los alimentos. De esta manera, al llegar el momento de descongelarlos, conservan mucho mejor las propiedades originales del producto.\" \/>\n<meta property=\"og:url\" content=\"https:\/\/manuelhamuservicios.com\/en\/product\/keb-kev-freezing-cell\/\" \/>\n<meta property=\"og:site_name\" content=\"Manuel Hamu Servicios\" \/>\n<meta property=\"article:modified_time\" content=\"2021-04-15T17:52:03+00:00\" \/>\n<meta property=\"og:image\" content=\"https:\/\/manuelhamuservicios.com\/wp-content\/uploads\/2021\/04\/504C_FRONTAL_NEW.png\" \/>\n\t<meta property=\"og:image:width\" content=\"900\" \/>\n\t<meta property=\"og:image:height\" content=\"600\" \/>\n\t<meta property=\"og:image:type\" content=\"image\/png\" \/>\n<meta name=\"twitter:card\" content=\"summary_large_image\" \/>\n<meta name=\"twitter:label1\" content=\"Estimated reading time\" \/>\n\t<meta name=\"twitter:data1\" content=\"2 minutes\" \/>\n<script type=\"application\/ld+json\" class=\"yoast-schema-graph\">{\"@context\":\"https:\/\/schema.org\",\"@graph\":[{\"@type\":\"WebPage\",\"@id\":\"https:\/\/manuelhamuservicios.com\/producto\/celula-de-congelacion-keb-kev\/\",\"url\":\"https:\/\/manuelhamuservicios.com\/producto\/celula-de-congelacion-keb-kev\/\",\"name\":\"C\u00c9LULA DE CONGELACI\u00d3N (KEB-KEV) - Manuel Hamu Servicios\",\"isPartOf\":{\"@id\":\"https:\/\/manuelhamuservicios.com\/#website\"},\"primaryImageOfPage\":{\"@id\":\"https:\/\/manuelhamuservicios.com\/producto\/celula-de-congelacion-keb-kev\/#primaryimage\"},\"image\":{\"@id\":\"https:\/\/manuelhamuservicios.com\/producto\/celula-de-congelacion-keb-kev\/#primaryimage\"},\"thumbnailUrl\":\"https:\/\/manuelhamuservicios.com\/wp-content\/uploads\/2021\/04\/504C_FRONTAL_NEW.png\",\"datePublished\":\"2021-04-15T17:48:14+00:00\",\"dateModified\":\"2021-04-15T17:52:03+00:00\",\"breadcrumb\":{\"@id\":\"https:\/\/manuelhamuservicios.com\/producto\/celula-de-congelacion-keb-kev\/#breadcrumb\"},\"inLanguage\":\"en-GB\",\"potentialAction\":[{\"@type\":\"ReadAction\",\"target\":[\"https:\/\/manuelhamuservicios.com\/producto\/celula-de-congelacion-keb-kev\/\"]}]},{\"@type\":\"ImageObject\",\"inLanguage\":\"en-GB\",\"@id\":\"https:\/\/manuelhamuservicios.com\/producto\/celula-de-congelacion-keb-kev\/#primaryimage\",\"url\":\"https:\/\/manuelhamuservicios.com\/wp-content\/uploads\/2021\/04\/504C_FRONTAL_NEW.png\",\"contentUrl\":\"https:\/\/manuelhamuservicios.com\/wp-content\/uploads\/2021\/04\/504C_FRONTAL_NEW.png\",\"width\":900,\"height\":600},{\"@type\":\"BreadcrumbList\",\"@id\":\"https:\/\/manuelhamuservicios.com\/producto\/celula-de-congelacion-keb-kev\/#breadcrumb\",\"itemListElement\":[{\"@type\":\"ListItem\",\"position\":1,\"name\":\"Portada\",\"item\":\"https:\/\/manuelhamuservicios.com\/\"},{\"@type\":\"ListItem\",\"position\":2,\"name\":\"Productos\",\"item\":\"https:\/\/manuelhamuservicios.com\/en\/mhs-products\/\"},{\"@type\":\"ListItem\",\"position\":3,\"name\":\"C\u00c9LULA DE CONGELACI\u00d3N (KEB-KEV)\"}]},{\"@type\":\"WebSite\",\"@id\":\"https:\/\/manuelhamuservicios.com\/#website\",\"url\":\"https:\/\/manuelhamuservicios.com\/\",\"name\":\"Manuel Hamu Servicios\",\"description\":\"Mobiliario comercial, maquinaria alimentaria y balanzas comerciales.\",\"publisher\":{\"@id\":\"https:\/\/manuelhamuservicios.com\/#organization\"},\"potentialAction\":[{\"@type\":\"SearchAction\",\"target\":{\"@type\":\"EntryPoint\",\"urlTemplate\":\"https:\/\/manuelhamuservicios.com\/?s={search_term_string}\"},\"query-input\":{\"@type\":\"PropertyValueSpecification\",\"valueRequired\":true,\"valueName\":\"search_term_string\"}}],\"inLanguage\":\"en-GB\"},{\"@type\":\"Organization\",\"@id\":\"https:\/\/manuelhamuservicios.com\/#organization\",\"name\":\"Manuel Hamu Servicios\",\"url\":\"https:\/\/manuelhamuservicios.com\/\",\"logo\":{\"@type\":\"ImageObject\",\"inLanguage\":\"en-GB\",\"@id\":\"https:\/\/manuelhamuservicios.com\/#\/schema\/logo\/image\/\",\"url\":\"https:\/\/manuelhamuservicios.com\/wp-content\/uploads\/2023\/08\/cropped-WhatsApp-Image-2023-08-08-at-08.34.04.jpeg\",\"contentUrl\":\"https:\/\/manuelhamuservicios.com\/wp-content\/uploads\/2023\/08\/cropped-WhatsApp-Image-2023-08-08-at-08.34.04.jpeg\",\"width\":512,\"height\":512,\"caption\":\"Manuel Hamu Servicios\"},\"image\":{\"@id\":\"https:\/\/manuelhamuservicios.com\/#\/schema\/logo\/image\/\"}}]}<\/script>\n<!-- \/ Yoast SEO plugin. -->","yoast_head_json":{"title":"FREEZING CELL (KEB-KEV) - Manuel Hamu Services","robots":{"index":"index","follow":"follow","max-snippet":"max-snippet:-1","max-image-preview":"max-image-preview:large","max-video-preview":"max-video-preview:-1"},"canonical":"https:\/\/manuelhamuservicios.com\/en\/product\/keb-kev-freezing-cell\/","og_locale":"en_GB","og_type":"article","og_title":"C\u00c9LULA DE CONGELACI\u00d3N (KEB-KEV) - Manuel Hamu Servicios","og_description":"Gama compuesta por 19 modelos, especialmente dise\u00f1ada para aplicaciones de r\u00e1pido enfriamiento y congelado del producto, que requieran una buena distribuci\u00f3n del aire con aprovechamiento m\u00e1ximo del espacio.  La principal ventaja que nuestros equipos ofrecen, es un proceso r\u00e1pido y homog\u00e9neo, que provoca la formaci\u00f3n de cristales de hielo m\u00e1s peque\u00f1os, lo cual permite que se estropeen mucho menos las c\u00e9lulas de los alimentos. De esta manera, al llegar el momento de descongelarlos, conservan mucho mejor las propiedades originales del producto.","og_url":"https:\/\/manuelhamuservicios.com\/en\/product\/keb-kev-freezing-cell\/","og_site_name":"Manuel Hamu Servicios","article_modified_time":"2021-04-15T17:52:03+00:00","og_image":[{"width":900,"height":600,"url":"https:\/\/manuelhamuservicios.com\/wp-content\/uploads\/2021\/04\/504C_FRONTAL_NEW.png","type":"image\/png"}],"twitter_card":"summary_large_image","twitter_misc":{"Estimated reading time":"2 minutes"},"schema":{"@context":"https:\/\/schema.org","@graph":[{"@type":"WebPage","@id":"https:\/\/manuelhamuservicios.com\/producto\/celula-de-congelacion-keb-kev\/","url":"https:\/\/manuelhamuservicios.com\/producto\/celula-de-congelacion-keb-kev\/","name":"FREEZING CELL (KEB-KEV) - Manuel Hamu Services","isPartOf":{"@id":"https:\/\/manuelhamuservicios.com\/#website"},"primaryImageOfPage":{"@id":"https:\/\/manuelhamuservicios.com\/producto\/celula-de-congelacion-keb-kev\/#primaryimage"},"image":{"@id":"https:\/\/manuelhamuservicios.com\/producto\/celula-de-congelacion-keb-kev\/#primaryimage"},"thumbnailUrl":"https:\/\/manuelhamuservicios.com\/wp-content\/uploads\/2021\/04\/504C_FRONTAL_NEW.png","datePublished":"2021-04-15T17:48:14+00:00","dateModified":"2021-04-15T17:52:03+00:00","breadcrumb":{"@id":"https:\/\/manuelhamuservicios.com\/producto\/celula-de-congelacion-keb-kev\/#breadcrumb"},"inLanguage":"en-GB","potentialAction":[{"@type":"ReadAction","target":["https:\/\/manuelhamuservicios.com\/producto\/celula-de-congelacion-keb-kev\/"]}]},{"@type":"ImageObject","inLanguage":"en-GB","@id":"https:\/\/manuelhamuservicios.com\/producto\/celula-de-congelacion-keb-kev\/#primaryimage","url":"https:\/\/manuelhamuservicios.com\/wp-content\/uploads\/2021\/04\/504C_FRONTAL_NEW.png","contentUrl":"https:\/\/manuelhamuservicios.com\/wp-content\/uploads\/2021\/04\/504C_FRONTAL_NEW.png","width":900,"height":600},{"@type":"BreadcrumbList","@id":"https:\/\/manuelhamuservicios.com\/producto\/celula-de-congelacion-keb-kev\/#breadcrumb","itemListElement":[{"@type":"ListItem","position":1,"name":"Portada","item":"https:\/\/manuelhamuservicios.com\/"},{"@type":"ListItem","position":2,"name":"Productos","item":"https:\/\/manuelhamuservicios.com\/en\/mhs-products\/"},{"@type":"ListItem","position":3,"name":"C\u00c9LULA DE CONGELACI\u00d3N (KEB-KEV)"}]},{"@type":"WebSite","@id":"https:\/\/manuelhamuservicios.com\/#website","url":"https:\/\/manuelhamuservicios.com\/","name":"Manuel Hamu Services","description":"Commercial furniture, food machinery and commercial scales.","publisher":{"@id":"https:\/\/manuelhamuservicios.com\/#organization"},"potentialAction":[{"@type":"SearchAction","target":{"@type":"EntryPoint","urlTemplate":"https:\/\/manuelhamuservicios.com\/?s={search_term_string}"},"query-input":{"@type":"PropertyValueSpecification","valueRequired":true,"valueName":"search_term_string"}}],"inLanguage":"en-GB"},{"@type":"Organization","@id":"https:\/\/manuelhamuservicios.com\/#organization","name":"Manuel Hamu Services","url":"https:\/\/manuelhamuservicios.com\/","logo":{"@type":"ImageObject","inLanguage":"en-GB","@id":"https:\/\/manuelhamuservicios.com\/#\/schema\/logo\/image\/","url":"https:\/\/manuelhamuservicios.com\/wp-content\/uploads\/2023\/08\/cropped-WhatsApp-Image-2023-08-08-at-08.34.04.jpeg","contentUrl":"https:\/\/manuelhamuservicios.com\/wp-content\/uploads\/2023\/08\/cropped-WhatsApp-Image-2023-08-08-at-08.34.04.jpeg","width":512,"height":512,"caption":"Manuel Hamu Servicios"},"image":{"@id":"https:\/\/manuelhamuservicios.com\/#\/schema\/logo\/image\/"}}]}},"_links":{"self":[{"href":"https:\/\/manuelhamuservicios.com\/en\/wp-json\/wp\/v2\/product\/10005","targetHints":{"allow":["GET"]}}],"collection":[{"href":"https:\/\/manuelhamuservicios.com\/en\/wp-json\/wp\/v2\/product"}],"about":[{"href":"https:\/\/manuelhamuservicios.com\/en\/wp-json\/wp\/v2\/types\/product"}],"version-history":[{"count":4,"href":"https:\/\/manuelhamuservicios.com\/en\/wp-json\/wp\/v2\/product\/10005\/revisions"}],"predecessor-version":[{"id":10013,"href":"https:\/\/manuelhamuservicios.com\/en\/wp-json\/wp\/v2\/product\/10005\/revisions\/10013"}],"wp:featuredmedia":[{"embeddable":true,"href":"https:\/\/manuelhamuservicios.com\/en\/wp-json\/wp\/v2\/media\/10006"}],"wp:attachment":[{"href":"https:\/\/manuelhamuservicios.com\/en\/wp-json\/wp\/v2\/media?parent=10005"}],"wp:term":[{"taxonomy":"product_brand","embeddable":true,"href":"https:\/\/manuelhamuservicios.com\/en\/wp-json\/wp\/v2\/product_brand?post=10005"},{"taxonomy":"product_cat","embeddable":true,"href":"https:\/\/manuelhamuservicios.com\/en\/wp-json\/wp\/v2\/product_cat?post=10005"},{"taxonomy":"product_tag","embeddable":true,"href":"https:\/\/manuelhamuservicios.com\/en\/wp-json\/wp\/v2\/product_tag?post=10005"}],"curies":[{"name":"wp","href":"https:\/\/api.w.org\/{rel}","templated":true}]}}