{"id":10015,"date":"2021-04-16T08:57:33","date_gmt":"2021-04-16T08:57:33","guid":{"rendered":"https:\/\/mhservicios.athosonline.com\/?post_type=product&#038;p=10015"},"modified":"2021-04-16T09:04:17","modified_gmt":"2021-04-16T09:04:17","slug":"axial-chn-cah","status":"publish","type":"product","link":"https:\/\/manuelhamuservicios.com\/en\/product\/axial-chn-cah\/","title":{"rendered":"AXIAL (CHN-CAH)"},"content":{"rendered":"<div data-elementor-type=\"product-post\" data-elementor-id=\"10015\" class=\"elementor elementor-10015\" data-elementor-post-type=\"product\">\n\t\t\t\t\t\t<section data-particle_enable=\"false\" data-particle-mobile-disabled=\"false\" class=\"wd-negative-gap elementor-section elementor-top-section elementor-element elementor-element-b20244d elementor-section-boxed elementor-section-height-default elementor-section-height-default\" data-id=\"b20244d\" data-element_type=\"section\">\n\t\t\t\t\t\t<div class=\"elementor-container elementor-column-gap-default\">\n\t\t\t\t\t<div class=\"elementor-column elementor-col-100 elementor-top-column elementor-element elementor-element-fcab9b7\" data-id=\"fcab9b7\" data-element_type=\"column\">\n\t\t\t<div class=\"elementor-widget-wrap elementor-element-populated\">\n\t\t\t\t\t\t<div class=\"elementor-element elementor-element-08107e8 elementor-tabs-view-horizontal elementor-widget elementor-widget-tabs\" data-id=\"08107e8\" data-element_type=\"widget\" data-widget_type=\"tabs.default\">\n\t\t\t\t<div class=\"elementor-widget-container\">\n\t\t\t\t\t\t\t<div class=\"elementor-tabs\">\n\t\t\t<div class=\"elementor-tabs-wrapper\" role=\"tablist\" >\n\t\t\t\t\t\t\t\t\t<div id=\"elementor-tab-title-8451\" class=\"elementor-tab-title elementor-tab-desktop-title\" aria-selected=\"true\" data-tab=\"1\" role=\"tab\" tabindex=\"0\" aria-controls=\"elementor-tab-content-8451\" aria-expanded=\"false\">Characteristics<\/div>\n\t\t\t\t\t\t\t\t\t<div id=\"elementor-tab-title-8452\" class=\"elementor-tab-title elementor-tab-desktop-title\" aria-selected=\"false\" data-tab=\"2\" role=\"tab\" tabindex=\"-1\" aria-controls=\"elementor-tab-content-8452\" aria-expanded=\"false\">Options<\/div>\n\t\t\t\t\t\t\t\t\t<div id=\"elementor-tab-title-8453\" class=\"elementor-tab-title elementor-tab-desktop-title\" aria-selected=\"false\" data-tab=\"3\" role=\"tab\" tabindex=\"-1\" aria-controls=\"elementor-tab-content-8453\" aria-expanded=\"false\">Documentation<\/div>\n\t\t\t\t\t\t\t<\/div>\n\t\t\t<div class=\"elementor-tabs-content-wrapper\" role=\"tablist\" aria-orientation=\"vertical\">\n\t\t\t\t\t\t\t\t\t<div class=\"elementor-tab-title elementor-tab-mobile-title\" aria-selected=\"true\" data-tab=\"1\" role=\"tab\" tabindex=\"0\" aria-controls=\"elementor-tab-content-8451\" aria-expanded=\"false\">Characteristics<\/div>\n\t\t\t\t\t<div id=\"elementor-tab-content-8451\" class=\"elementor-tab-content elementor-clearfix\" data-tab=\"1\" role=\"tabpanel\" aria-labelledby=\"elementor-tab-title-8451\" tabindex=\"0\" hidden=\"false\"><ul><li><strong>Finned batteries:<\/strong><\/li><\/ul><p>Constructed with 3\/8&quot; diameter copper tubes, CHN range, and 1\/2&quot; diameter copper tubes, CAH range, manufactured according to CUPROCLIMA specifications and with corrugated aluminum fins. They allow for high efficiency.<\/p><p>All batteries are leak tested at a test pressure of 3,923 kPa (40 kg\/cm2) and then pressurized with nitrogen to 147 kPa (1.5 kg\/cm2) to prevent corrosion of the inner surface of the copper tubes.<\/p><ul><li><b>Bodywork:<\/b><\/li><\/ul><p>The cooling unit&#039;s enclosure structure is made of galvanized steel; its external surface is painted with epoxy-polyester and then baked at 180\u00b0C, providing high corrosion protection, even in extreme environmental conditions. Metal protection is provided on connections and return bends.<\/p><ul><li><strong>Fans and motors:<\/strong><\/li><\/ul><p>The fans have diameters of 630 mm (CHN range) and 910 mm (CAH range), and are equipped with three-phase external rotor motors (400 V @ 50 Hz). High-efficiency EC fans are available.<\/p><ul><li><strong>Mounting:<\/strong><\/li><\/ul><p>For vertical air inlet (VV), or horizontal air inlet (HI).<\/p><\/div>\n\t\t\t\t\t\t\t\t\t<div class=\"elementor-tab-title elementor-tab-mobile-title\" aria-selected=\"false\" data-tab=\"2\" role=\"tab\" tabindex=\"-1\" aria-controls=\"elementor-tab-content-8452\" aria-expanded=\"false\">Options<\/div>\n\t\t\t\t\t<div id=\"elementor-tab-content-8452\" class=\"elementor-tab-content elementor-clearfix\" data-tab=\"2\" role=\"tabpanel\" aria-labelledby=\"elementor-tab-title-8452\" tabindex=\"0\" hidden=\"hidden\"><div class=\"vc_tta-container\" data-vc-action=\"collapse\"><div class=\"vc_general vc_tta vc_tta-tabs vc_tta-color-grey vc_tta-style-classic vc_tta-shape-rounded vc_tta-spacing-1 vc_tta-tabs-position-top vc_tta-controls-align-left\"><div class=\"vc_tta-panels-container\"><div class=\"vc_tta-panels\"><div id=\"1460534398503-45534bc3-c897\" class=\"vc_tta-panel vc_active\" data-vc-content=\".vc_tta-panel-body\"><div class=\"vc_tta-panel-body\"><div class=\"wpb_text_column wpb_content_element\"><div class=\"wpb_wrapper\"><ul><li><strong>Fin Material<\/strong><ul><li>Copper Fin<\/li><li>Lacquered Fin<\/li><li>\u00a0<\/li><\/ul><\/li><\/ul><ul><li><strong>Housing<\/strong><ul><li>Legs (CHN horizontal)<\/li><li>Legs 500, 800 or 1,000 mm. (horizontal CAH range)<\/li><li>Multi-circuit (2 to 44; 2 as standard)<\/li><li>\u00a0<\/li><\/ul><\/li><\/ul><ul><li><strong>Electrical options<\/strong><ul><li>Wiring to junction box (included with EC fans)<\/li><li>Shielded<\/li><li>Disconnector<\/li><li>60 Hz fans.<\/li><li>\u00a0<\/li><\/ul><\/li><\/ul><ul><li><strong>Others<\/strong><ul><li>Blygold Treatment<\/li><li>EC fans<\/li><li>Box<ul><li>500 or 800 mm legs. (CAH range)<\/li><li>Semi-hermetic or Scroll (CAH range)<\/li><li>Normal or Acoustically Isolated Scroll (CAH range)<\/li><li>\u00a0<\/li><\/ul><\/li><\/ul><\/li><\/ul><ul><li><strong>Refrigerants<\/strong><ul><li>R134a, R404A, R407F, R448A, R449A, R507<\/li><li>Glycolated Water<\/li><\/ul><\/li><\/ul><\/div><\/div><\/div><\/div><div id=\"1460534446255-f22d3292-65e9\" class=\"vc_tta-panel\" data-vc-content=\".vc_tta-panel-body\">\u00a0<\/div><\/div><\/div><\/div><\/div><\/div>\n\t\t\t\t\t\t\t\t\t<div class=\"elementor-tab-title elementor-tab-mobile-title\" aria-selected=\"false\" data-tab=\"3\" role=\"tab\" tabindex=\"-1\" aria-controls=\"elementor-tab-content-8453\" aria-expanded=\"false\">Documentation<\/div>\n\t\t\t\t\t<div id=\"elementor-tab-content-8453\" class=\"elementor-tab-content elementor-clearfix\" data-tab=\"3\" role=\"tabpanel\" aria-labelledby=\"elementor-tab-title-8453\" tabindex=\"0\" hidden=\"hidden\"><ul><li><div class=\"vc_tta-container\" data-vc-action=\"collapse\"><div class=\"vc_general vc_tta vc_tta-tabs vc_tta-color-grey vc_tta-style-classic vc_tta-shape-rounded vc_tta-spacing-1 vc_tta-tabs-position-top vc_tta-controls-align-left\"><div class=\"vc_tta-panels-container\"><div class=\"vc_tta-panels\"><div id=\"1460534446255-f22d3292-65e9\" class=\"vc_tta-panel vc_active\" data-vc-content=\".vc_tta-panel-body\"><div class=\"vc_tta-panel-body\"><div class=\"wpb_text_column wpb_content_element\"><div class=\"wpb_wrapper\"><ul><li><strong><a href=\"https:\/\/koxka.com\/wp-content\/uploads\/2019\/04\/CHN-CAH_ES-ENG-.pdf\" target=\"_blank\" rel=\"noopener\">Axial Capacitors Catalog<\/a><\/strong><\/li><\/ul><\/div><\/div><\/div><\/div><\/div><\/div><\/div><\/div><\/li><\/ul><\/div>\n\t\t\t\t\t\t\t<\/div>\n\t\t<\/div>\n\t\t\t\t\t\t<\/div>\n\t\t\t\t<\/div>\n\t\t\t\t\t<\/div>\n\t\t<\/div>\n\t\t\t\t\t<\/div>\n\t\t<\/section>\n\t\t\t\t<\/div>","protected":false},"excerpt":{"rendered":"<p><strong>REMOTE INSTALLATIONS<\/strong><\/p>\n<p>The\u00a0<strong>Koxka Axial Capacitors<\/strong>\u00a0present a\u00a0<strong>low noise level and minimal energy consumption<\/strong>. The speed of all its fans can be electronically controlled for greater energy savings and to adjust the condensing capacity when necessary.\u00a0<strong>316 models available<\/strong>\u00a0for different types of refrigeration applications.<\/p>\n<p>The\u00a0<strong>CHN range<\/strong>\u00a0It has capacitors with\u00a0<strong>capacities between 13 kW and 285 kW<\/strong>. For their part, the capacitors of<strong>\u00a0CAH range<\/strong>\u00a0offer\u00a0<strong>capacities between 30 kW and 1,100 kW and 4 different speeds:<\/strong>\u00a0large capacity, low noise, quiet operation and extra quiet operation.<\/p>","protected":false},"featured_media":10016,"template":"","meta":{"inline_featured_image":false},"product_brand":[],"product_cat":[70],"product_tag":[],"class_list":{"0":"post-10015","1":"product","2":"type-product","3":"status-publish","4":"has-post-thumbnail","6":"product_cat-condensadores","8":"first","9":"instock","10":"virtual","11":"product-type-simple"},"yoast_head":"<!-- This site is optimized with the Yoast SEO plugin v25.3 - https:\/\/yoast.com\/wordpress\/plugins\/seo\/ -->\n<title>AXIALES (CHN-CAH) - Manuel Hamu Servicios<\/title>\n<meta name=\"robots\" content=\"index, follow, max-snippet:-1, max-image-preview:large, max-video-preview:-1\" \/>\n<link rel=\"canonical\" href=\"https:\/\/manuelhamuservicios.com\/en\/product\/axial-chn-cah\/\" \/>\n<meta property=\"og:locale\" content=\"en_GB\" \/>\n<meta property=\"og:type\" content=\"article\" \/>\n<meta property=\"og:title\" content=\"AXIALES (CHN-CAH) - Manuel Hamu Servicios\" \/>\n<meta property=\"og:description\" content=\"INSTALACIONES REMOTAS  Los\u00a0condensadores axiales de Koxka\u00a0presentan un\u00a0bajo nivel de ruido y un consumo m\u00ednimo de energ\u00eda. La velocidad de todos sus ventiladores puede controlarse electr\u00f3nicamente para obtener mayores ahorros de energ\u00eda y ajustar la capacidad de condensaci\u00f3n cuando sea necesario. Hay\u00a0316 modelos disponibles\u00a0para diferentes tipos de aplicaciones de refrigeraci\u00f3n.  La\u00a0gama CHN\u00a0cuenta con condensadores con\u00a0capacidades de entre 13 kW y 285 kW. Por su parte, los condensadores de\u00a0gama CAH\u00a0ofrecen\u00a0capacidades de entre 30 kW y 1.100 kW y 4 velocidades diferentes:\u00a0gran capacidad, bajo nivel sonoro, funcionamiento silencioso y funcionamiento extra silencioso.\" \/>\n<meta property=\"og:url\" content=\"https:\/\/manuelhamuservicios.com\/en\/product\/axial-chn-cah\/\" \/>\n<meta property=\"og:site_name\" content=\"Manuel Hamu Servicios\" \/>\n<meta property=\"article:modified_time\" content=\"2021-04-16T09:04:17+00:00\" \/>\n<meta property=\"og:image\" content=\"https:\/\/manuelhamuservicios.com\/wp-content\/uploads\/2021\/04\/axial-cah-sombra-blanca-kobol.png\" \/>\n\t<meta property=\"og:image:width\" content=\"1200\" \/>\n\t<meta property=\"og:image:height\" content=\"557\" \/>\n\t<meta property=\"og:image:type\" content=\"image\/png\" \/>\n<meta name=\"twitter:card\" content=\"summary_large_image\" \/>\n<meta name=\"twitter:label1\" content=\"Estimated reading time\" \/>\n\t<meta name=\"twitter:data1\" content=\"1 minute\" \/>\n<script type=\"application\/ld+json\" class=\"yoast-schema-graph\">{\"@context\":\"https:\/\/schema.org\",\"@graph\":[{\"@type\":\"WebPage\",\"@id\":\"https:\/\/manuelhamuservicios.com\/producto\/axiales-chn-cah\/\",\"url\":\"https:\/\/manuelhamuservicios.com\/producto\/axiales-chn-cah\/\",\"name\":\"AXIALES (CHN-CAH) - Manuel Hamu Servicios\",\"isPartOf\":{\"@id\":\"https:\/\/manuelhamuservicios.com\/#website\"},\"primaryImageOfPage\":{\"@id\":\"https:\/\/manuelhamuservicios.com\/producto\/axiales-chn-cah\/#primaryimage\"},\"image\":{\"@id\":\"https:\/\/manuelhamuservicios.com\/producto\/axiales-chn-cah\/#primaryimage\"},\"thumbnailUrl\":\"https:\/\/manuelhamuservicios.com\/wp-content\/uploads\/2021\/04\/axial-cah-sombra-blanca-kobol.png\",\"datePublished\":\"2021-04-16T08:57:33+00:00\",\"dateModified\":\"2021-04-16T09:04:17+00:00\",\"breadcrumb\":{\"@id\":\"https:\/\/manuelhamuservicios.com\/producto\/axiales-chn-cah\/#breadcrumb\"},\"inLanguage\":\"en-GB\",\"potentialAction\":[{\"@type\":\"ReadAction\",\"target\":[\"https:\/\/manuelhamuservicios.com\/producto\/axiales-chn-cah\/\"]}]},{\"@type\":\"ImageObject\",\"inLanguage\":\"en-GB\",\"@id\":\"https:\/\/manuelhamuservicios.com\/producto\/axiales-chn-cah\/#primaryimage\",\"url\":\"https:\/\/manuelhamuservicios.com\/wp-content\/uploads\/2021\/04\/axial-cah-sombra-blanca-kobol.png\",\"contentUrl\":\"https:\/\/manuelhamuservicios.com\/wp-content\/uploads\/2021\/04\/axial-cah-sombra-blanca-kobol.png\",\"width\":1200,\"height\":557},{\"@type\":\"BreadcrumbList\",\"@id\":\"https:\/\/manuelhamuservicios.com\/producto\/axiales-chn-cah\/#breadcrumb\",\"itemListElement\":[{\"@type\":\"ListItem\",\"position\":1,\"name\":\"Portada\",\"item\":\"https:\/\/manuelhamuservicios.com\/\"},{\"@type\":\"ListItem\",\"position\":2,\"name\":\"Productos\",\"item\":\"https:\/\/manuelhamuservicios.com\/en\/mhs-products\/\"},{\"@type\":\"ListItem\",\"position\":3,\"name\":\"AXIALES (CHN-CAH)\"}]},{\"@type\":\"WebSite\",\"@id\":\"https:\/\/manuelhamuservicios.com\/#website\",\"url\":\"https:\/\/manuelhamuservicios.com\/\",\"name\":\"Manuel Hamu Servicios\",\"description\":\"Mobiliario comercial, maquinaria alimentaria y balanzas comerciales.\",\"publisher\":{\"@id\":\"https:\/\/manuelhamuservicios.com\/#organization\"},\"potentialAction\":[{\"@type\":\"SearchAction\",\"target\":{\"@type\":\"EntryPoint\",\"urlTemplate\":\"https:\/\/manuelhamuservicios.com\/?s={search_term_string}\"},\"query-input\":{\"@type\":\"PropertyValueSpecification\",\"valueRequired\":true,\"valueName\":\"search_term_string\"}}],\"inLanguage\":\"en-GB\"},{\"@type\":\"Organization\",\"@id\":\"https:\/\/manuelhamuservicios.com\/#organization\",\"name\":\"Manuel Hamu Servicios\",\"url\":\"https:\/\/manuelhamuservicios.com\/\",\"logo\":{\"@type\":\"ImageObject\",\"inLanguage\":\"en-GB\",\"@id\":\"https:\/\/manuelhamuservicios.com\/#\/schema\/logo\/image\/\",\"url\":\"https:\/\/manuelhamuservicios.com\/wp-content\/uploads\/2023\/08\/cropped-WhatsApp-Image-2023-08-08-at-08.34.04.jpeg\",\"contentUrl\":\"https:\/\/manuelhamuservicios.com\/wp-content\/uploads\/2023\/08\/cropped-WhatsApp-Image-2023-08-08-at-08.34.04.jpeg\",\"width\":512,\"height\":512,\"caption\":\"Manuel Hamu Servicios\"},\"image\":{\"@id\":\"https:\/\/manuelhamuservicios.com\/#\/schema\/logo\/image\/\"}}]}<\/script>\n<!-- \/ Yoast SEO plugin. -->","yoast_head_json":{"title":"AXIAL (CHN-CAH) - Manuel Hamu Services","robots":{"index":"index","follow":"follow","max-snippet":"max-snippet:-1","max-image-preview":"max-image-preview:large","max-video-preview":"max-video-preview:-1"},"canonical":"https:\/\/manuelhamuservicios.com\/en\/product\/axial-chn-cah\/","og_locale":"en_GB","og_type":"article","og_title":"AXIALES (CHN-CAH) - Manuel Hamu Servicios","og_description":"INSTALACIONES REMOTAS  Los\u00a0condensadores axiales de Koxka\u00a0presentan un\u00a0bajo nivel de ruido y un consumo m\u00ednimo de energ\u00eda. La velocidad de todos sus ventiladores puede controlarse electr\u00f3nicamente para obtener mayores ahorros de energ\u00eda y ajustar la capacidad de condensaci\u00f3n cuando sea necesario. Hay\u00a0316 modelos disponibles\u00a0para diferentes tipos de aplicaciones de refrigeraci\u00f3n.  La\u00a0gama CHN\u00a0cuenta con condensadores con\u00a0capacidades de entre 13 kW y 285 kW. Por su parte, los condensadores de\u00a0gama CAH\u00a0ofrecen\u00a0capacidades de entre 30 kW y 1.100 kW y 4 velocidades diferentes:\u00a0gran capacidad, bajo nivel sonoro, funcionamiento silencioso y funcionamiento extra silencioso.","og_url":"https:\/\/manuelhamuservicios.com\/en\/product\/axial-chn-cah\/","og_site_name":"Manuel Hamu Servicios","article_modified_time":"2021-04-16T09:04:17+00:00","og_image":[{"width":1200,"height":557,"url":"https:\/\/manuelhamuservicios.com\/wp-content\/uploads\/2021\/04\/axial-cah-sombra-blanca-kobol.png","type":"image\/png"}],"twitter_card":"summary_large_image","twitter_misc":{"Estimated reading time":"1 minute"},"schema":{"@context":"https:\/\/schema.org","@graph":[{"@type":"WebPage","@id":"https:\/\/manuelhamuservicios.com\/producto\/axiales-chn-cah\/","url":"https:\/\/manuelhamuservicios.com\/producto\/axiales-chn-cah\/","name":"AXIAL (CHN-CAH) - Manuel Hamu Services","isPartOf":{"@id":"https:\/\/manuelhamuservicios.com\/#website"},"primaryImageOfPage":{"@id":"https:\/\/manuelhamuservicios.com\/producto\/axiales-chn-cah\/#primaryimage"},"image":{"@id":"https:\/\/manuelhamuservicios.com\/producto\/axiales-chn-cah\/#primaryimage"},"thumbnailUrl":"https:\/\/manuelhamuservicios.com\/wp-content\/uploads\/2021\/04\/axial-cah-sombra-blanca-kobol.png","datePublished":"2021-04-16T08:57:33+00:00","dateModified":"2021-04-16T09:04:17+00:00","breadcrumb":{"@id":"https:\/\/manuelhamuservicios.com\/producto\/axiales-chn-cah\/#breadcrumb"},"inLanguage":"en-GB","potentialAction":[{"@type":"ReadAction","target":["https:\/\/manuelhamuservicios.com\/producto\/axiales-chn-cah\/"]}]},{"@type":"ImageObject","inLanguage":"en-GB","@id":"https:\/\/manuelhamuservicios.com\/producto\/axiales-chn-cah\/#primaryimage","url":"https:\/\/manuelhamuservicios.com\/wp-content\/uploads\/2021\/04\/axial-cah-sombra-blanca-kobol.png","contentUrl":"https:\/\/manuelhamuservicios.com\/wp-content\/uploads\/2021\/04\/axial-cah-sombra-blanca-kobol.png","width":1200,"height":557},{"@type":"BreadcrumbList","@id":"https:\/\/manuelhamuservicios.com\/producto\/axiales-chn-cah\/#breadcrumb","itemListElement":[{"@type":"ListItem","position":1,"name":"Portada","item":"https:\/\/manuelhamuservicios.com\/"},{"@type":"ListItem","position":2,"name":"Productos","item":"https:\/\/manuelhamuservicios.com\/en\/mhs-products\/"},{"@type":"ListItem","position":3,"name":"AXIALES (CHN-CAH)"}]},{"@type":"WebSite","@id":"https:\/\/manuelhamuservicios.com\/#website","url":"https:\/\/manuelhamuservicios.com\/","name":"Manuel Hamu Services","description":"Commercial furniture, food machinery and commercial scales.","publisher":{"@id":"https:\/\/manuelhamuservicios.com\/#organization"},"potentialAction":[{"@type":"SearchAction","target":{"@type":"EntryPoint","urlTemplate":"https:\/\/manuelhamuservicios.com\/?s={search_term_string}"},"query-input":{"@type":"PropertyValueSpecification","valueRequired":true,"valueName":"search_term_string"}}],"inLanguage":"en-GB"},{"@type":"Organization","@id":"https:\/\/manuelhamuservicios.com\/#organization","name":"Manuel Hamu Services","url":"https:\/\/manuelhamuservicios.com\/","logo":{"@type":"ImageObject","inLanguage":"en-GB","@id":"https:\/\/manuelhamuservicios.com\/#\/schema\/logo\/image\/","url":"https:\/\/manuelhamuservicios.com\/wp-content\/uploads\/2023\/08\/cropped-WhatsApp-Image-2023-08-08-at-08.34.04.jpeg","contentUrl":"https:\/\/manuelhamuservicios.com\/wp-content\/uploads\/2023\/08\/cropped-WhatsApp-Image-2023-08-08-at-08.34.04.jpeg","width":512,"height":512,"caption":"Manuel Hamu Servicios"},"image":{"@id":"https:\/\/manuelhamuservicios.com\/#\/schema\/logo\/image\/"}}]}},"_links":{"self":[{"href":"https:\/\/manuelhamuservicios.com\/en\/wp-json\/wp\/v2\/product\/10015","targetHints":{"allow":["GET"]}}],"collection":[{"href":"https:\/\/manuelhamuservicios.com\/en\/wp-json\/wp\/v2\/product"}],"about":[{"href":"https:\/\/manuelhamuservicios.com\/en\/wp-json\/wp\/v2\/types\/product"}],"version-history":[{"count":4,"href":"https:\/\/manuelhamuservicios.com\/en\/wp-json\/wp\/v2\/product\/10015\/revisions"}],"predecessor-version":[{"id":10023,"href":"https:\/\/manuelhamuservicios.com\/en\/wp-json\/wp\/v2\/product\/10015\/revisions\/10023"}],"wp:featuredmedia":[{"embeddable":true,"href":"https:\/\/manuelhamuservicios.com\/en\/wp-json\/wp\/v2\/media\/10016"}],"wp:attachment":[{"href":"https:\/\/manuelhamuservicios.com\/en\/wp-json\/wp\/v2\/media?parent=10015"}],"wp:term":[{"taxonomy":"product_brand","embeddable":true,"href":"https:\/\/manuelhamuservicios.com\/en\/wp-json\/wp\/v2\/product_brand?post=10015"},{"taxonomy":"product_cat","embeddable":true,"href":"https:\/\/manuelhamuservicios.com\/en\/wp-json\/wp\/v2\/product_cat?post=10015"},{"taxonomy":"product_tag","embeddable":true,"href":"https:\/\/manuelhamuservicios.com\/en\/wp-json\/wp\/v2\/product_tag?post=10015"}],"curies":[{"name":"wp","href":"https:\/\/api.w.org\/{rel}","templated":true}]}}