{"id":10032,"date":"2021-04-16T09:08:33","date_gmt":"2021-04-16T09:08:33","guid":{"rendered":"https:\/\/mhservicios.athosonline.com\/?post_type=product&#038;p=10032"},"modified":"2021-04-26T11:35:25","modified_gmt":"2021-04-26T11:35:25","slug":"gpc-gmc-gsc-centrifuges","status":"publish","type":"product","link":"https:\/\/manuelhamuservicios.com\/en\/product\/gpc-gmc-gsc-centrifuges\/","title":{"rendered":"CENTRIFUGES (GPC-GMC-GSC)"},"content":{"rendered":"<div data-elementor-type=\"product-post\" data-elementor-id=\"10032\" class=\"elementor elementor-10032\" data-elementor-post-type=\"product\">\n\t\t\t\t\t\t<section data-particle_enable=\"false\" data-particle-mobile-disabled=\"false\" class=\"wd-negative-gap elementor-section elementor-top-section elementor-element elementor-element-b20244d elementor-section-boxed elementor-section-height-default elementor-section-height-default\" data-id=\"b20244d\" data-element_type=\"section\">\n\t\t\t\t\t\t<div class=\"elementor-container elementor-column-gap-default\">\n\t\t\t\t\t<div class=\"elementor-column elementor-col-100 elementor-top-column elementor-element elementor-element-fcab9b7\" data-id=\"fcab9b7\" data-element_type=\"column\">\n\t\t\t<div class=\"elementor-widget-wrap elementor-element-populated\">\n\t\t\t\t\t\t<div class=\"elementor-element elementor-element-08107e8 elementor-tabs-view-horizontal elementor-widget elementor-widget-tabs\" data-id=\"08107e8\" data-element_type=\"widget\" data-widget_type=\"tabs.default\">\n\t\t\t\t<div class=\"elementor-widget-container\">\n\t\t\t\t\t\t\t<div class=\"elementor-tabs\">\n\t\t\t<div class=\"elementor-tabs-wrapper\" role=\"tablist\" >\n\t\t\t\t\t\t\t\t\t<div id=\"elementor-tab-title-8451\" class=\"elementor-tab-title elementor-tab-desktop-title\" aria-selected=\"true\" data-tab=\"1\" role=\"tab\" tabindex=\"0\" aria-controls=\"elementor-tab-content-8451\" aria-expanded=\"false\">Characteristics<\/div>\n\t\t\t\t\t\t\t\t\t<div id=\"elementor-tab-title-8452\" class=\"elementor-tab-title elementor-tab-desktop-title\" aria-selected=\"false\" data-tab=\"2\" role=\"tab\" tabindex=\"-1\" aria-controls=\"elementor-tab-content-8452\" aria-expanded=\"false\">Options<\/div>\n\t\t\t\t\t\t\t\t\t<div id=\"elementor-tab-title-8453\" class=\"elementor-tab-title elementor-tab-desktop-title\" aria-selected=\"false\" data-tab=\"3\" role=\"tab\" tabindex=\"-1\" aria-controls=\"elementor-tab-content-8453\" aria-expanded=\"false\">Documentation<\/div>\n\t\t\t\t\t\t\t<\/div>\n\t\t\t<div class=\"elementor-tabs-content-wrapper\" role=\"tablist\" aria-orientation=\"vertical\">\n\t\t\t\t\t\t\t\t\t<div class=\"elementor-tab-title elementor-tab-mobile-title\" aria-selected=\"true\" data-tab=\"1\" role=\"tab\" tabindex=\"0\" aria-controls=\"elementor-tab-content-8451\" aria-expanded=\"false\">Characteristics<\/div>\n\t\t\t\t\t<div id=\"elementor-tab-content-8451\" class=\"elementor-tab-content elementor-clearfix\" data-tab=\"1\" role=\"tabpanel\" aria-labelledby=\"elementor-tab-title-8451\" tabindex=\"0\" hidden=\"false\"><ul><li><strong>Finned batteries:<\/strong><\/li><\/ul><p>Constructed with copper tubing manufactured according to CUPROCLIMA specifications and corrugated aluminum fins, they achieve high efficiency.<\/p><p>All batteries are leak tested at a test pressure of 3,923 kPa (40 kg\/cm2) and then pressurized with nitrogen to 147 kPa (1.5 kg\/cm2) to prevent corrosion of the inner surface of the copper tubes.<\/p><ul><li><b>Bodywork:<\/b><\/li><\/ul><p>The cooling unit&#039;s enclosure structure is made of galvanized steel; its external surface is painted with epoxy-polyester and then baked at 180\u00b0C, providing high corrosion protection, even in extreme environmental conditions. Metal protection is provided on connections and return bends.<\/p><ul><li><strong>Fans and motors:<\/strong><\/li><\/ul><p>Centrifugal fans: direct drive at 900 rpm (GPC and GMC series) and 1200 rpm (GPC series) with sealed, class B motors, with a very low noise level.<\/p><ul><li><strong>Mounting:<\/strong><\/li><\/ul><p>Vertical air inlet, vertical outlet (VV), right horizontal outlet (VD), left horizontal outlet (VI), in all ranges.<br \/>Horizontal air intake, vertical outlet (HV) and right horizontal outlet (HD), in GPC and GMC ranges.<\/p><\/div>\n\t\t\t\t\t\t\t\t\t<div class=\"elementor-tab-title elementor-tab-mobile-title\" aria-selected=\"false\" data-tab=\"2\" role=\"tab\" tabindex=\"-1\" aria-controls=\"elementor-tab-content-8452\" aria-expanded=\"false\">Options<\/div>\n\t\t\t\t\t<div id=\"elementor-tab-content-8452\" class=\"elementor-tab-content elementor-clearfix\" data-tab=\"2\" role=\"tabpanel\" aria-labelledby=\"elementor-tab-title-8452\" tabindex=\"0\" hidden=\"hidden\"><ul><li><strong>Fin Material<\/strong><ul><li>Copper Fin<\/li><li>Lacquered Fin<\/li><\/ul><\/li><\/ul><ul><li><strong>Housing<\/strong><ul><li>Legs (Horizontal option only)<\/li><li>Painted<\/li><li>Multi-circuit (2 to 44; 2 as standard)<\/li><li>Overpressure grilles<\/li><\/ul><\/li><\/ul><ul><li><strong>Electrical options<\/strong><ul><li>Shielded<\/li><li>Disconnector<\/li><li>60 Hz fans.<\/li><\/ul><\/li><\/ul><ul><li><strong>Others<\/strong><ul><li>Blygold Treatment<\/li><li>Acoustic Insulation<\/li><li>Box (GPC only)<\/li><\/ul><\/li><\/ul><ul><li><strong>Refrigerants<\/strong><ul><li>R134a, R404A, R407F, R448A, R449A, R507<\/li><\/ul><\/li><\/ul><\/div>\n\t\t\t\t\t\t\t\t\t<div class=\"elementor-tab-title elementor-tab-mobile-title\" aria-selected=\"false\" data-tab=\"3\" role=\"tab\" tabindex=\"-1\" aria-controls=\"elementor-tab-content-8453\" aria-expanded=\"false\">Documentation<\/div>\n\t\t\t\t\t<div id=\"elementor-tab-content-8453\" class=\"elementor-tab-content elementor-clearfix\" data-tab=\"3\" role=\"tabpanel\" aria-labelledby=\"elementor-tab-title-8453\" tabindex=\"0\" hidden=\"hidden\"><ul><li><strong><a href=\"https:\/\/koxka.com\/wp-content\/uploads\/2019\/04\/GPC-GMC-GSC_ES-ENG-.pdf\" target=\"_blank\" rel=\"noopener\">Centrifugal Condensers Catalog<\/a><\/strong><\/li><\/ul><\/div>\n\t\t\t\t\t\t\t<\/div>\n\t\t<\/div>\n\t\t\t\t\t\t<\/div>\n\t\t\t\t<\/div>\n\t\t\t\t\t<\/div>\n\t\t<\/div>\n\t\t\t\t\t<\/div>\n\t\t<\/section>\n\t\t\t\t<\/div>","protected":false},"excerpt":{"rendered":"<p><b>AIR DRIVEN BY<\/b><b>\u00a0HIGH POWER<\/b><\/p>\n<p>These capacitors of\u00a0<b>reduced noise level\u00a0<\/b>They are specially designed for\u00a0<b>indoor facilities,<\/b>\u00a0connected by air ducts.\u00a0<strong>When silence and minimal energy consumption are required.\u00a0<\/strong>It has\u00a0<b>120 models,\u00a0<\/b>with capacities ranging from\u00a0<strong>2.8 kW to 535 kW<\/strong>, where the range\u00a0<strong>GPC<\/strong>\u00a0is designed for small installations, the range\u00a0<strong>GMC<\/strong>\u00a0for medium-sized installations and the range\u00a0<strong>GSC<\/strong>\u00a0for upper installations.<\/p>","protected":false},"featured_media":10025,"template":"","meta":{"inline_featured_image":false},"product_brand":[],"product_cat":[70],"product_tag":[],"class_list":{"0":"post-10032","1":"product","2":"type-product","3":"status-publish","4":"has-post-thumbnail","6":"product_cat-condensadores","8":"first","9":"instock","10":"virtual","11":"product-type-simple"},"yoast_head":"<!-- This site is optimized with the Yoast SEO plugin v25.3 - https:\/\/yoast.com\/wordpress\/plugins\/seo\/ -->\n<title>CENTR\u00cdFUGOS (GPC-GMC-GSC) - Manuel Hamu Servicios<\/title>\n<meta name=\"robots\" content=\"index, follow, max-snippet:-1, max-image-preview:large, max-video-preview:-1\" \/>\n<link rel=\"canonical\" href=\"https:\/\/manuelhamuservicios.com\/en\/product\/gpc-gmc-gsc-centrifuges\/\" \/>\n<meta property=\"og:locale\" content=\"en_GB\" \/>\n<meta property=\"og:type\" content=\"article\" \/>\n<meta property=\"og:title\" content=\"CENTR\u00cdFUGOS (GPC-GMC-GSC) - Manuel Hamu Servicios\" \/>\n<meta property=\"og:description\" content=\"AIRE CONDUCIDO POR\u00a0ALTA POTENCIA  Estos condensadores de\u00a0nivel de ruido reducido\u00a0est\u00e1n dise\u00f1ados especialmente para\u00a0instalaciones de interior,\u00a0conectados por conductos de aire.\u00a0Cuando el silencio y un consumo minimo de energ\u00eda es requerida.\u00a0Cuenta con\u00a0120 modelos,\u00a0con capacidades que van de los\u00a02,8 kW a los 535 kW, donde la gama\u00a0GPC\u00a0est\u00e1 dise\u00f1ada para instalaciones peque\u00f1as, la gama\u00a0GMC\u00a0para instalaciones medianas y la gama\u00a0GSC\u00a0para instalaciones superiores.\" \/>\n<meta property=\"og:url\" content=\"https:\/\/manuelhamuservicios.com\/en\/product\/gpc-gmc-gsc-centrifuges\/\" \/>\n<meta property=\"og:site_name\" content=\"Manuel Hamu Servicios\" \/>\n<meta property=\"article:modified_time\" content=\"2021-04-26T11:35:25+00:00\" \/>\n<meta property=\"og:image\" content=\"https:\/\/manuelhamuservicios.com\/wp-content\/uploads\/2021\/04\/radial-sombra-blanca-kobol.png\" \/>\n\t<meta property=\"og:image:width\" content=\"1200\" \/>\n\t<meta property=\"og:image:height\" content=\"800\" \/>\n\t<meta property=\"og:image:type\" content=\"image\/png\" \/>\n<meta name=\"twitter:card\" content=\"summary_large_image\" \/>\n<meta name=\"twitter:label1\" content=\"Estimated reading time\" \/>\n\t<meta name=\"twitter:data1\" content=\"1 minute\" \/>\n<script type=\"application\/ld+json\" class=\"yoast-schema-graph\">{\"@context\":\"https:\/\/schema.org\",\"@graph\":[{\"@type\":\"WebPage\",\"@id\":\"https:\/\/manuelhamuservicios.com\/producto\/centrifugos-gpc-gmc-gsc\/\",\"url\":\"https:\/\/manuelhamuservicios.com\/producto\/centrifugos-gpc-gmc-gsc\/\",\"name\":\"CENTR\u00cdFUGOS (GPC-GMC-GSC) - Manuel Hamu Servicios\",\"isPartOf\":{\"@id\":\"https:\/\/manuelhamuservicios.com\/#website\"},\"primaryImageOfPage\":{\"@id\":\"https:\/\/manuelhamuservicios.com\/producto\/centrifugos-gpc-gmc-gsc\/#primaryimage\"},\"image\":{\"@id\":\"https:\/\/manuelhamuservicios.com\/producto\/centrifugos-gpc-gmc-gsc\/#primaryimage\"},\"thumbnailUrl\":\"https:\/\/manuelhamuservicios.com\/wp-content\/uploads\/2021\/04\/radial-sombra-blanca-kobol.png\",\"datePublished\":\"2021-04-16T09:08:33+00:00\",\"dateModified\":\"2021-04-26T11:35:25+00:00\",\"breadcrumb\":{\"@id\":\"https:\/\/manuelhamuservicios.com\/producto\/centrifugos-gpc-gmc-gsc\/#breadcrumb\"},\"inLanguage\":\"en-GB\",\"potentialAction\":[{\"@type\":\"ReadAction\",\"target\":[\"https:\/\/manuelhamuservicios.com\/producto\/centrifugos-gpc-gmc-gsc\/\"]}]},{\"@type\":\"ImageObject\",\"inLanguage\":\"en-GB\",\"@id\":\"https:\/\/manuelhamuservicios.com\/producto\/centrifugos-gpc-gmc-gsc\/#primaryimage\",\"url\":\"https:\/\/manuelhamuservicios.com\/wp-content\/uploads\/2021\/04\/radial-sombra-blanca-kobol.png\",\"contentUrl\":\"https:\/\/manuelhamuservicios.com\/wp-content\/uploads\/2021\/04\/radial-sombra-blanca-kobol.png\",\"width\":1200,\"height\":800},{\"@type\":\"BreadcrumbList\",\"@id\":\"https:\/\/manuelhamuservicios.com\/producto\/centrifugos-gpc-gmc-gsc\/#breadcrumb\",\"itemListElement\":[{\"@type\":\"ListItem\",\"position\":1,\"name\":\"Portada\",\"item\":\"https:\/\/manuelhamuservicios.com\/\"},{\"@type\":\"ListItem\",\"position\":2,\"name\":\"Productos\",\"item\":\"https:\/\/manuelhamuservicios.com\/en\/mhs-products\/\"},{\"@type\":\"ListItem\",\"position\":3,\"name\":\"CENTR\u00cdFUGOS (GPC-GMC-GSC)\"}]},{\"@type\":\"WebSite\",\"@id\":\"https:\/\/manuelhamuservicios.com\/#website\",\"url\":\"https:\/\/manuelhamuservicios.com\/\",\"name\":\"Manuel Hamu Servicios\",\"description\":\"Mobiliario comercial, maquinaria alimentaria y balanzas comerciales.\",\"publisher\":{\"@id\":\"https:\/\/manuelhamuservicios.com\/#organization\"},\"potentialAction\":[{\"@type\":\"SearchAction\",\"target\":{\"@type\":\"EntryPoint\",\"urlTemplate\":\"https:\/\/manuelhamuservicios.com\/?s={search_term_string}\"},\"query-input\":{\"@type\":\"PropertyValueSpecification\",\"valueRequired\":true,\"valueName\":\"search_term_string\"}}],\"inLanguage\":\"en-GB\"},{\"@type\":\"Organization\",\"@id\":\"https:\/\/manuelhamuservicios.com\/#organization\",\"name\":\"Manuel Hamu Servicios\",\"url\":\"https:\/\/manuelhamuservicios.com\/\",\"logo\":{\"@type\":\"ImageObject\",\"inLanguage\":\"en-GB\",\"@id\":\"https:\/\/manuelhamuservicios.com\/#\/schema\/logo\/image\/\",\"url\":\"https:\/\/manuelhamuservicios.com\/wp-content\/uploads\/2023\/08\/cropped-WhatsApp-Image-2023-08-08-at-08.34.04.jpeg\",\"contentUrl\":\"https:\/\/manuelhamuservicios.com\/wp-content\/uploads\/2023\/08\/cropped-WhatsApp-Image-2023-08-08-at-08.34.04.jpeg\",\"width\":512,\"height\":512,\"caption\":\"Manuel Hamu Servicios\"},\"image\":{\"@id\":\"https:\/\/manuelhamuservicios.com\/#\/schema\/logo\/image\/\"}}]}<\/script>\n<!-- \/ Yoast SEO plugin. -->","yoast_head_json":{"title":"Centrifugal (GPC-GMC-GSC) - Manuel Hamu Services","robots":{"index":"index","follow":"follow","max-snippet":"max-snippet:-1","max-image-preview":"max-image-preview:large","max-video-preview":"max-video-preview:-1"},"canonical":"https:\/\/manuelhamuservicios.com\/en\/product\/gpc-gmc-gsc-centrifuges\/","og_locale":"en_GB","og_type":"article","og_title":"CENTR\u00cdFUGOS (GPC-GMC-GSC) - Manuel Hamu Servicios","og_description":"AIRE CONDUCIDO POR\u00a0ALTA POTENCIA  Estos condensadores de\u00a0nivel de ruido reducido\u00a0est\u00e1n dise\u00f1ados especialmente para\u00a0instalaciones de interior,\u00a0conectados por conductos de aire.\u00a0Cuando el silencio y un consumo minimo de energ\u00eda es requerida.\u00a0Cuenta con\u00a0120 modelos,\u00a0con capacidades que van de los\u00a02,8 kW a los 535 kW, donde la gama\u00a0GPC\u00a0est\u00e1 dise\u00f1ada para instalaciones peque\u00f1as, la gama\u00a0GMC\u00a0para instalaciones medianas y la gama\u00a0GSC\u00a0para instalaciones superiores.","og_url":"https:\/\/manuelhamuservicios.com\/en\/product\/gpc-gmc-gsc-centrifuges\/","og_site_name":"Manuel Hamu Servicios","article_modified_time":"2021-04-26T11:35:25+00:00","og_image":[{"width":1200,"height":800,"url":"https:\/\/manuelhamuservicios.com\/wp-content\/uploads\/2021\/04\/radial-sombra-blanca-kobol.png","type":"image\/png"}],"twitter_card":"summary_large_image","twitter_misc":{"Estimated reading time":"1 minute"},"schema":{"@context":"https:\/\/schema.org","@graph":[{"@type":"WebPage","@id":"https:\/\/manuelhamuservicios.com\/producto\/centrifugos-gpc-gmc-gsc\/","url":"https:\/\/manuelhamuservicios.com\/producto\/centrifugos-gpc-gmc-gsc\/","name":"Centrifugal (GPC-GMC-GSC) - Manuel Hamu Services","isPartOf":{"@id":"https:\/\/manuelhamuservicios.com\/#website"},"primaryImageOfPage":{"@id":"https:\/\/manuelhamuservicios.com\/producto\/centrifugos-gpc-gmc-gsc\/#primaryimage"},"image":{"@id":"https:\/\/manuelhamuservicios.com\/producto\/centrifugos-gpc-gmc-gsc\/#primaryimage"},"thumbnailUrl":"https:\/\/manuelhamuservicios.com\/wp-content\/uploads\/2021\/04\/radial-sombra-blanca-kobol.png","datePublished":"2021-04-16T09:08:33+00:00","dateModified":"2021-04-26T11:35:25+00:00","breadcrumb":{"@id":"https:\/\/manuelhamuservicios.com\/producto\/centrifugos-gpc-gmc-gsc\/#breadcrumb"},"inLanguage":"en-GB","potentialAction":[{"@type":"ReadAction","target":["https:\/\/manuelhamuservicios.com\/producto\/centrifugos-gpc-gmc-gsc\/"]}]},{"@type":"ImageObject","inLanguage":"en-GB","@id":"https:\/\/manuelhamuservicios.com\/producto\/centrifugos-gpc-gmc-gsc\/#primaryimage","url":"https:\/\/manuelhamuservicios.com\/wp-content\/uploads\/2021\/04\/radial-sombra-blanca-kobol.png","contentUrl":"https:\/\/manuelhamuservicios.com\/wp-content\/uploads\/2021\/04\/radial-sombra-blanca-kobol.png","width":1200,"height":800},{"@type":"BreadcrumbList","@id":"https:\/\/manuelhamuservicios.com\/producto\/centrifugos-gpc-gmc-gsc\/#breadcrumb","itemListElement":[{"@type":"ListItem","position":1,"name":"Portada","item":"https:\/\/manuelhamuservicios.com\/"},{"@type":"ListItem","position":2,"name":"Productos","item":"https:\/\/manuelhamuservicios.com\/en\/mhs-products\/"},{"@type":"ListItem","position":3,"name":"CENTR\u00cdFUGOS (GPC-GMC-GSC)"}]},{"@type":"WebSite","@id":"https:\/\/manuelhamuservicios.com\/#website","url":"https:\/\/manuelhamuservicios.com\/","name":"Manuel Hamu Services","description":"Commercial furniture, food machinery and commercial scales.","publisher":{"@id":"https:\/\/manuelhamuservicios.com\/#organization"},"potentialAction":[{"@type":"SearchAction","target":{"@type":"EntryPoint","urlTemplate":"https:\/\/manuelhamuservicios.com\/?s={search_term_string}"},"query-input":{"@type":"PropertyValueSpecification","valueRequired":true,"valueName":"search_term_string"}}],"inLanguage":"en-GB"},{"@type":"Organization","@id":"https:\/\/manuelhamuservicios.com\/#organization","name":"Manuel Hamu Services","url":"https:\/\/manuelhamuservicios.com\/","logo":{"@type":"ImageObject","inLanguage":"en-GB","@id":"https:\/\/manuelhamuservicios.com\/#\/schema\/logo\/image\/","url":"https:\/\/manuelhamuservicios.com\/wp-content\/uploads\/2023\/08\/cropped-WhatsApp-Image-2023-08-08-at-08.34.04.jpeg","contentUrl":"https:\/\/manuelhamuservicios.com\/wp-content\/uploads\/2023\/08\/cropped-WhatsApp-Image-2023-08-08-at-08.34.04.jpeg","width":512,"height":512,"caption":"Manuel Hamu Servicios"},"image":{"@id":"https:\/\/manuelhamuservicios.com\/#\/schema\/logo\/image\/"}}]}},"_links":{"self":[{"href":"https:\/\/manuelhamuservicios.com\/en\/wp-json\/wp\/v2\/product\/10032","targetHints":{"allow":["GET"]}}],"collection":[{"href":"https:\/\/manuelhamuservicios.com\/en\/wp-json\/wp\/v2\/product"}],"about":[{"href":"https:\/\/manuelhamuservicios.com\/en\/wp-json\/wp\/v2\/types\/product"}],"version-history":[{"count":7,"href":"https:\/\/manuelhamuservicios.com\/en\/wp-json\/wp\/v2\/product\/10032\/revisions"}],"predecessor-version":[{"id":10560,"href":"https:\/\/manuelhamuservicios.com\/en\/wp-json\/wp\/v2\/product\/10032\/revisions\/10560"}],"wp:featuredmedia":[{"embeddable":true,"href":"https:\/\/manuelhamuservicios.com\/en\/wp-json\/wp\/v2\/media\/10025"}],"wp:attachment":[{"href":"https:\/\/manuelhamuservicios.com\/en\/wp-json\/wp\/v2\/media?parent=10032"}],"wp:term":[{"taxonomy":"product_brand","embeddable":true,"href":"https:\/\/manuelhamuservicios.com\/en\/wp-json\/wp\/v2\/product_brand?post=10032"},{"taxonomy":"product_cat","embeddable":true,"href":"https:\/\/manuelhamuservicios.com\/en\/wp-json\/wp\/v2\/product_cat?post=10032"},{"taxonomy":"product_tag","embeddable":true,"href":"https:\/\/manuelhamuservicios.com\/en\/wp-json\/wp\/v2\/product_tag?post=10032"}],"curies":[{"name":"wp","href":"https:\/\/api.w.org\/{rel}","templated":true}]}}