{"id":10082,"date":"2021-04-16T11:08:42","date_gmt":"2021-04-16T11:08:42","guid":{"rendered":"https:\/\/mhservicios.athosonline.com\/?post_type=product&#038;p=10082"},"modified":"2021-04-16T11:10:41","modified_gmt":"2021-04-16T11:10:41","slug":"subcritical-axial-kgx-450","status":"publish","type":"product","link":"https:\/\/manuelhamuservicios.com\/en\/product\/subcritical-axial-kgx-450\/","title":{"rendered":"SUBCRITICAL AXIAL (KGX 450)"},"content":{"rendered":"<div data-elementor-type=\"product-post\" data-elementor-id=\"10082\" class=\"elementor elementor-10082\" data-elementor-post-type=\"product\">\n\t\t\t\t\t\t<section data-particle_enable=\"false\" data-particle-mobile-disabled=\"false\" class=\"wd-negative-gap elementor-section elementor-top-section elementor-element elementor-element-b20244d elementor-section-boxed elementor-section-height-default elementor-section-height-default\" data-id=\"b20244d\" data-element_type=\"section\">\n\t\t\t\t\t\t<div class=\"elementor-container elementor-column-gap-default\">\n\t\t\t\t\t<div class=\"elementor-column elementor-col-100 elementor-top-column elementor-element elementor-element-fcab9b7\" data-id=\"fcab9b7\" data-element_type=\"column\">\n\t\t\t<div class=\"elementor-widget-wrap elementor-element-populated\">\n\t\t\t\t\t\t<div class=\"elementor-element elementor-element-08107e8 elementor-tabs-view-horizontal elementor-widget elementor-widget-tabs\" data-id=\"08107e8\" data-element_type=\"widget\" data-widget_type=\"tabs.default\">\n\t\t\t\t<div class=\"elementor-widget-container\">\n\t\t\t\t\t\t\t<div class=\"elementor-tabs\">\n\t\t\t<div class=\"elementor-tabs-wrapper\" role=\"tablist\" >\n\t\t\t\t\t\t\t\t\t<div id=\"elementor-tab-title-8451\" class=\"elementor-tab-title elementor-tab-desktop-title\" aria-selected=\"true\" data-tab=\"1\" role=\"tab\" tabindex=\"0\" aria-controls=\"elementor-tab-content-8451\" aria-expanded=\"false\">Characteristics<\/div>\n\t\t\t\t\t\t\t\t\t<div id=\"elementor-tab-title-8452\" class=\"elementor-tab-title elementor-tab-desktop-title\" aria-selected=\"false\" data-tab=\"2\" role=\"tab\" tabindex=\"-1\" aria-controls=\"elementor-tab-content-8452\" aria-expanded=\"false\">Options<\/div>\n\t\t\t\t\t\t\t\t\t<div id=\"elementor-tab-title-8453\" class=\"elementor-tab-title elementor-tab-desktop-title\" aria-selected=\"false\" data-tab=\"3\" role=\"tab\" tabindex=\"-1\" aria-controls=\"elementor-tab-content-8453\" aria-expanded=\"false\">Documentation<\/div>\n\t\t\t\t\t\t\t<\/div>\n\t\t\t<div class=\"elementor-tabs-content-wrapper\" role=\"tablist\" aria-orientation=\"vertical\">\n\t\t\t\t\t\t\t\t\t<div class=\"elementor-tab-title elementor-tab-mobile-title\" aria-selected=\"true\" data-tab=\"1\" role=\"tab\" tabindex=\"0\" aria-controls=\"elementor-tab-content-8451\" aria-expanded=\"false\">Characteristics<\/div>\n\t\t\t\t\t<div id=\"elementor-tab-content-8451\" class=\"elementor-tab-content elementor-clearfix\" data-tab=\"1\" role=\"tabpanel\" aria-labelledby=\"elementor-tab-title-8451\" tabindex=\"0\" hidden=\"false\"><ul><li><strong>Finned batteries<\/strong><\/li><\/ul><p>Constructed with 3\/8&quot; diameter copper tubes, manufactured according to CUPROCLIMA specifications. The staggered arrangement of copper tubes through self-spaced fins, the perfect fit between the two elements, and the use of corrugated fins allow our exchangers to achieve the highest cooling performance.<br \/>All batteries are subjected to a strength and leak test at a test pressure of 86 bar and subsequently pressurized with nitrogen at 1.5 bar to prevent corrosion of the inner surface of the copper tubes.<\/p><p>\u00a0<\/p><ul><li><strong>Bodywork<\/strong><\/li><\/ul><p>The structure of the cooling unit box is made of galvanized steel.<br \/>Its external surface is painted epoxy-polyester, and later baked at 180\u00baC, thus giving it high protection against corrosion, even in extreme environmental conditions.<br \/>Vertical position legs included (type 2).<\/p><p>\u00a0<\/p><ul><li><strong>Fans and motors<\/strong><\/li><\/ul><p>The diameter of the fans is \u00d8 450 mm.<br \/>External rotor axial fans (380-480V III @ 50Hz).<br \/>Equipped with AC fans as standard.<\/p><p>\u00a0<\/p><ul><li><strong>Mounting<\/strong><\/li><\/ul><p>Constructions with air versions, vertical (VV), horizontal air (HD).<\/p><\/div>\n\t\t\t\t\t\t\t\t\t<div class=\"elementor-tab-title elementor-tab-mobile-title\" aria-selected=\"false\" data-tab=\"2\" role=\"tab\" tabindex=\"-1\" aria-controls=\"elementor-tab-content-8452\" aria-expanded=\"false\">Options<\/div>\n\t\t\t\t\t<div id=\"elementor-tab-content-8452\" class=\"elementor-tab-content elementor-clearfix\" data-tab=\"2\" role=\"tabpanel\" aria-labelledby=\"elementor-tab-title-8452\" tabindex=\"0\" hidden=\"hidden\"><ul><li><strong>FIN MATERIAL<\/strong><ul><li>Copper Fin<\/li><li>Lacquered Fin<\/li><\/ul><\/li><\/ul><p>\u00a0<\/p><ul><li><strong>HOUSING<\/strong><ul><li>Horizontal legs<\/li><li>Stainless<\/li><\/ul><\/li><\/ul><p>\u00a0<\/p><ul><li><strong>ELECTRICAL OPTIONS<\/strong><ul><li>EC fans<\/li><li>60 Hz fans<\/li><li>Wiring through junction box<\/li><li>Shielded<\/li><li>Disconnector<\/li><\/ul><\/li><\/ul><p>\u00a0<\/p><ul><li><strong>OTHERS<\/strong><ul><li>Blygold Treatment<\/li><\/ul><\/li><\/ul><\/div>\n\t\t\t\t\t\t\t\t\t<div class=\"elementor-tab-title elementor-tab-mobile-title\" aria-selected=\"false\" data-tab=\"3\" role=\"tab\" tabindex=\"-1\" aria-controls=\"elementor-tab-content-8453\" aria-expanded=\"false\">Documentation<\/div>\n\t\t\t\t\t<div id=\"elementor-tab-content-8453\" class=\"elementor-tab-content elementor-clearfix\" data-tab=\"3\" role=\"tabpanel\" aria-labelledby=\"elementor-tab-title-8453\" tabindex=\"0\" hidden=\"hidden\"><ul><li><a href=\"https:\/\/koxka.com\/wp-content\/uploads\/2020\/05\/Koxka-Catalog_Gas-Coolers-CO2-1.pdf\" target=\"_blank\" rel=\"noopener\"><strong>Gas Coolers CO2 Catalog<\/strong><\/a><\/li><\/ul><\/div>\n\t\t\t\t\t\t\t<\/div>\n\t\t<\/div>\n\t\t\t\t\t\t<\/div>\n\t\t\t\t<\/div>\n\t\t\t\t\t<\/div>\n\t\t<\/div>\n\t\t\t\t\t<\/div>\n\t\t<\/section>\n\t\t\t\t<\/div>","protected":false},"excerpt":{"rendered":"<p><strong>REMOTE INSTALLATIONS<\/strong><\/p>\n<p>This product line, designed for<strong>\u00a0subcritical CO2 facilities<\/strong>, is composed of<strong>\u00a010 models of axial coolers for industrial applications<\/strong>, available in cooling capacities of<strong>\u00a0between 5 and 25 KW<\/strong>.<\/p>\n<p>Perfect for\u00a0<strong>cascade systems<\/strong>:<br \/>\nCO2 + HFC, CO2 + HFO, CO2 + AMMONIA<\/p>\n<p>Cascade systems that achieve excellent efficiency and performance values with low-temperature systems.<\/p>","protected":false},"featured_media":10083,"template":"","meta":{"inline_featured_image":false},"product_brand":[],"product_cat":[73],"product_tag":[],"class_list":{"0":"post-10082","1":"product","2":"type-product","3":"status-publish","4":"has-post-thumbnail","6":"product_cat-gas-coolers-co2","8":"first","9":"instock","10":"virtual","11":"product-type-simple"},"yoast_head":"<!-- This site is optimized with the Yoast SEO plugin v25.3 - https:\/\/yoast.com\/wordpress\/plugins\/seo\/ -->\n<title>AXIALES SUBCR\u00cdTICO (KGX 450) - Manuel Hamu Servicios<\/title>\n<meta name=\"robots\" content=\"index, follow, max-snippet:-1, max-image-preview:large, max-video-preview:-1\" \/>\n<link rel=\"canonical\" href=\"https:\/\/manuelhamuservicios.com\/en\/product\/subcritical-axial-kgx-450\/\" \/>\n<meta property=\"og:locale\" content=\"en_GB\" \/>\n<meta property=\"og:type\" content=\"article\" \/>\n<meta property=\"og:title\" content=\"AXIALES SUBCR\u00cdTICO (KGX 450) - Manuel Hamu Servicios\" \/>\n<meta property=\"og:description\" content=\"INSTALACIONES REMOTAS  Esta l\u00ednea de producto, dise\u00f1ada para\u00a0instalaciones de CO2 subcr\u00edtico, se compone de\u00a010 modelos de enfriadores axiales para aplicaciones industriales, disponibles en capacidades de refrigeraci\u00f3n de\u00a0entre 5 y 25 KW.  Perfectos para\u00a0sistemas en cascada: CO2 + HFC , CO2 + HFO , CO2 + AMONIACO  Sistemas en cascada que logran excelentes valores de eficiencia y rendimiento con sistemas de baja temperatura.\" \/>\n<meta property=\"og:url\" content=\"https:\/\/manuelhamuservicios.com\/en\/product\/subcritical-axial-kgx-450\/\" \/>\n<meta property=\"og:site_name\" content=\"Manuel Hamu Servicios\" \/>\n<meta property=\"article:modified_time\" content=\"2021-04-16T11:10:41+00:00\" \/>\n<meta property=\"og:image\" content=\"https:\/\/manuelhamuservicios.com\/wp-content\/uploads\/2021\/04\/PK_SOMBRA-BLANCA.png\" \/>\n\t<meta property=\"og:image:width\" content=\"800\" \/>\n\t<meta property=\"og:image:height\" content=\"533\" \/>\n\t<meta property=\"og:image:type\" content=\"image\/png\" \/>\n<meta name=\"twitter:card\" content=\"summary_large_image\" \/>\n<meta name=\"twitter:label1\" content=\"Estimated reading time\" \/>\n\t<meta name=\"twitter:data1\" content=\"1 minute\" \/>\n<script type=\"application\/ld+json\" class=\"yoast-schema-graph\">{\"@context\":\"https:\/\/schema.org\",\"@graph\":[{\"@type\":\"WebPage\",\"@id\":\"https:\/\/manuelhamuservicios.com\/en\/product\/subcritical-axial-kgx-450\/\",\"url\":\"https:\/\/manuelhamuservicios.com\/en\/product\/subcritical-axial-kgx-450\/\",\"name\":\"AXIALES SUBCR\u00cdTICO (KGX 450) - Manuel Hamu Servicios\",\"isPartOf\":{\"@id\":\"https:\/\/manuelhamuservicios.com\/#website\"},\"primaryImageOfPage\":{\"@id\":\"https:\/\/manuelhamuservicios.com\/en\/product\/subcritical-axial-kgx-450\/#primaryimage\"},\"image\":{\"@id\":\"https:\/\/manuelhamuservicios.com\/en\/product\/subcritical-axial-kgx-450\/#primaryimage\"},\"thumbnailUrl\":\"https:\/\/manuelhamuservicios.com\/wp-content\/uploads\/2021\/04\/PK_SOMBRA-BLANCA.png\",\"datePublished\":\"2021-04-16T11:08:42+00:00\",\"dateModified\":\"2021-04-16T11:10:41+00:00\",\"breadcrumb\":{\"@id\":\"https:\/\/manuelhamuservicios.com\/en\/product\/subcritical-axial-kgx-450\/#breadcrumb\"},\"inLanguage\":\"en-GB\",\"potentialAction\":[{\"@type\":\"ReadAction\",\"target\":[\"https:\/\/manuelhamuservicios.com\/en\/product\/subcritical-axial-kgx-450\/\"]}]},{\"@type\":\"ImageObject\",\"inLanguage\":\"en-GB\",\"@id\":\"https:\/\/manuelhamuservicios.com\/en\/product\/subcritical-axial-kgx-450\/#primaryimage\",\"url\":\"https:\/\/manuelhamuservicios.com\/wp-content\/uploads\/2021\/04\/PK_SOMBRA-BLANCA.png\",\"contentUrl\":\"https:\/\/manuelhamuservicios.com\/wp-content\/uploads\/2021\/04\/PK_SOMBRA-BLANCA.png\",\"width\":800,\"height\":533},{\"@type\":\"BreadcrumbList\",\"@id\":\"https:\/\/manuelhamuservicios.com\/en\/product\/subcritical-axial-kgx-450\/#breadcrumb\",\"itemListElement\":[{\"@type\":\"ListItem\",\"position\":1,\"name\":\"Portada\",\"item\":\"https:\/\/manuelhamuservicios.com\/\"},{\"@type\":\"ListItem\",\"position\":2,\"name\":\"Productos\",\"item\":\"https:\/\/manuelhamuservicios.com\/en\/mhs-products\/\"},{\"@type\":\"ListItem\",\"position\":3,\"name\":\"AXIALES SUBCR\u00cdTICO (KGX 450)\"}]},{\"@type\":\"WebSite\",\"@id\":\"https:\/\/manuelhamuservicios.com\/#website\",\"url\":\"https:\/\/manuelhamuservicios.com\/\",\"name\":\"Manuel Hamu Servicios\",\"description\":\"Mobiliario comercial, maquinaria alimentaria y balanzas comerciales.\",\"publisher\":{\"@id\":\"https:\/\/manuelhamuservicios.com\/#organization\"},\"potentialAction\":[{\"@type\":\"SearchAction\",\"target\":{\"@type\":\"EntryPoint\",\"urlTemplate\":\"https:\/\/manuelhamuservicios.com\/?s={search_term_string}\"},\"query-input\":{\"@type\":\"PropertyValueSpecification\",\"valueRequired\":true,\"valueName\":\"search_term_string\"}}],\"inLanguage\":\"en-GB\"},{\"@type\":\"Organization\",\"@id\":\"https:\/\/manuelhamuservicios.com\/#organization\",\"name\":\"Manuel Hamu Servicios\",\"url\":\"https:\/\/manuelhamuservicios.com\/\",\"logo\":{\"@type\":\"ImageObject\",\"inLanguage\":\"en-GB\",\"@id\":\"https:\/\/manuelhamuservicios.com\/#\/schema\/logo\/image\/\",\"url\":\"https:\/\/manuelhamuservicios.com\/wp-content\/uploads\/2023\/08\/cropped-WhatsApp-Image-2023-08-08-at-08.34.04.jpeg\",\"contentUrl\":\"https:\/\/manuelhamuservicios.com\/wp-content\/uploads\/2023\/08\/cropped-WhatsApp-Image-2023-08-08-at-08.34.04.jpeg\",\"width\":512,\"height\":512,\"caption\":\"Manuel Hamu Servicios\"},\"image\":{\"@id\":\"https:\/\/manuelhamuservicios.com\/#\/schema\/logo\/image\/\"}}]}<\/script>\n<!-- \/ Yoast SEO plugin. -->","yoast_head_json":{"title":"SUBCRITICAL AXIAL (KGX 450) - Manuel Hamu Services","robots":{"index":"index","follow":"follow","max-snippet":"max-snippet:-1","max-image-preview":"max-image-preview:large","max-video-preview":"max-video-preview:-1"},"canonical":"https:\/\/manuelhamuservicios.com\/en\/product\/subcritical-axial-kgx-450\/","og_locale":"en_GB","og_type":"article","og_title":"AXIALES SUBCR\u00cdTICO (KGX 450) - Manuel Hamu Servicios","og_description":"INSTALACIONES REMOTAS  Esta l\u00ednea de producto, dise\u00f1ada para\u00a0instalaciones de CO2 subcr\u00edtico, se compone de\u00a010 modelos de enfriadores axiales para aplicaciones industriales, disponibles en capacidades de refrigeraci\u00f3n de\u00a0entre 5 y 25 KW.  Perfectos para\u00a0sistemas en cascada: CO2 + HFC , CO2 + HFO , CO2 + AMONIACO  Sistemas en cascada que logran excelentes valores de eficiencia y rendimiento con sistemas de baja temperatura.","og_url":"https:\/\/manuelhamuservicios.com\/en\/product\/subcritical-axial-kgx-450\/","og_site_name":"Manuel Hamu Servicios","article_modified_time":"2021-04-16T11:10:41+00:00","og_image":[{"width":800,"height":533,"url":"https:\/\/manuelhamuservicios.com\/wp-content\/uploads\/2021\/04\/PK_SOMBRA-BLANCA.png","type":"image\/png"}],"twitter_card":"summary_large_image","twitter_misc":{"Estimated reading time":"1 minute"},"schema":{"@context":"https:\/\/schema.org","@graph":[{"@type":"WebPage","@id":"https:\/\/manuelhamuservicios.com\/en\/product\/subcritical-axial-kgx-450\/","url":"https:\/\/manuelhamuservicios.com\/en\/product\/subcritical-axial-kgx-450\/","name":"SUBCRITICAL AXIAL (KGX 450) - Manuel Hamu Services","isPartOf":{"@id":"https:\/\/manuelhamuservicios.com\/#website"},"primaryImageOfPage":{"@id":"https:\/\/manuelhamuservicios.com\/en\/product\/subcritical-axial-kgx-450\/#primaryimage"},"image":{"@id":"https:\/\/manuelhamuservicios.com\/en\/product\/subcritical-axial-kgx-450\/#primaryimage"},"thumbnailUrl":"https:\/\/manuelhamuservicios.com\/wp-content\/uploads\/2021\/04\/PK_SOMBRA-BLANCA.png","datePublished":"2021-04-16T11:08:42+00:00","dateModified":"2021-04-16T11:10:41+00:00","breadcrumb":{"@id":"https:\/\/manuelhamuservicios.com\/en\/product\/subcritical-axial-kgx-450\/#breadcrumb"},"inLanguage":"en-GB","potentialAction":[{"@type":"ReadAction","target":["https:\/\/manuelhamuservicios.com\/en\/product\/subcritical-axial-kgx-450\/"]}]},{"@type":"ImageObject","inLanguage":"en-GB","@id":"https:\/\/manuelhamuservicios.com\/en\/product\/subcritical-axial-kgx-450\/#primaryimage","url":"https:\/\/manuelhamuservicios.com\/wp-content\/uploads\/2021\/04\/PK_SOMBRA-BLANCA.png","contentUrl":"https:\/\/manuelhamuservicios.com\/wp-content\/uploads\/2021\/04\/PK_SOMBRA-BLANCA.png","width":800,"height":533},{"@type":"BreadcrumbList","@id":"https:\/\/manuelhamuservicios.com\/en\/product\/subcritical-axial-kgx-450\/#breadcrumb","itemListElement":[{"@type":"ListItem","position":1,"name":"Portada","item":"https:\/\/manuelhamuservicios.com\/"},{"@type":"ListItem","position":2,"name":"Productos","item":"https:\/\/manuelhamuservicios.com\/en\/mhs-products\/"},{"@type":"ListItem","position":3,"name":"AXIALES SUBCR\u00cdTICO (KGX 450)"}]},{"@type":"WebSite","@id":"https:\/\/manuelhamuservicios.com\/#website","url":"https:\/\/manuelhamuservicios.com\/","name":"Manuel Hamu Services","description":"Commercial furniture, food machinery and commercial scales.","publisher":{"@id":"https:\/\/manuelhamuservicios.com\/#organization"},"potentialAction":[{"@type":"SearchAction","target":{"@type":"EntryPoint","urlTemplate":"https:\/\/manuelhamuservicios.com\/?s={search_term_string}"},"query-input":{"@type":"PropertyValueSpecification","valueRequired":true,"valueName":"search_term_string"}}],"inLanguage":"en-GB"},{"@type":"Organization","@id":"https:\/\/manuelhamuservicios.com\/#organization","name":"Manuel Hamu Services","url":"https:\/\/manuelhamuservicios.com\/","logo":{"@type":"ImageObject","inLanguage":"en-GB","@id":"https:\/\/manuelhamuservicios.com\/#\/schema\/logo\/image\/","url":"https:\/\/manuelhamuservicios.com\/wp-content\/uploads\/2023\/08\/cropped-WhatsApp-Image-2023-08-08-at-08.34.04.jpeg","contentUrl":"https:\/\/manuelhamuservicios.com\/wp-content\/uploads\/2023\/08\/cropped-WhatsApp-Image-2023-08-08-at-08.34.04.jpeg","width":512,"height":512,"caption":"Manuel Hamu Servicios"},"image":{"@id":"https:\/\/manuelhamuservicios.com\/#\/schema\/logo\/image\/"}}]}},"_links":{"self":[{"href":"https:\/\/manuelhamuservicios.com\/en\/wp-json\/wp\/v2\/product\/10082","targetHints":{"allow":["GET"]}}],"collection":[{"href":"https:\/\/manuelhamuservicios.com\/en\/wp-json\/wp\/v2\/product"}],"about":[{"href":"https:\/\/manuelhamuservicios.com\/en\/wp-json\/wp\/v2\/types\/product"}],"version-history":[{"count":4,"href":"https:\/\/manuelhamuservicios.com\/en\/wp-json\/wp\/v2\/product\/10082\/revisions"}],"predecessor-version":[{"id":10088,"href":"https:\/\/manuelhamuservicios.com\/en\/wp-json\/wp\/v2\/product\/10082\/revisions\/10088"}],"wp:featuredmedia":[{"embeddable":true,"href":"https:\/\/manuelhamuservicios.com\/en\/wp-json\/wp\/v2\/media\/10083"}],"wp:attachment":[{"href":"https:\/\/manuelhamuservicios.com\/en\/wp-json\/wp\/v2\/media?parent=10082"}],"wp:term":[{"taxonomy":"product_brand","embeddable":true,"href":"https:\/\/manuelhamuservicios.com\/en\/wp-json\/wp\/v2\/product_brand?post=10082"},{"taxonomy":"product_cat","embeddable":true,"href":"https:\/\/manuelhamuservicios.com\/en\/wp-json\/wp\/v2\/product_cat?post=10082"},{"taxonomy":"product_tag","embeddable":true,"href":"https:\/\/manuelhamuservicios.com\/en\/wp-json\/wp\/v2\/product_tag?post=10082"}],"curies":[{"name":"wp","href":"https:\/\/api.w.org\/{rel}","templated":true}]}}