{"id":10101,"date":"2021-04-17T10:16:33","date_gmt":"2021-04-17T10:16:33","guid":{"rendered":"https:\/\/mhservicios.athosonline.com\/?post_type=product&#038;p=10101"},"modified":"2021-04-26T11:37:45","modified_gmt":"2021-04-26T11:37:45","slug":"artik-co2","status":"publish","type":"product","link":"https:\/\/manuelhamuservicios.com\/en\/product\/artik-co2\/","title":{"rendered":"ARTIK CO2"},"content":{"rendered":"<div data-elementor-type=\"product-post\" data-elementor-id=\"10101\" class=\"elementor elementor-10101\" data-elementor-post-type=\"product\">\n\t\t\t\t\t\t<section data-particle_enable=\"false\" data-particle-mobile-disabled=\"false\" class=\"wd-negative-gap elementor-section elementor-top-section elementor-element elementor-element-b20244d elementor-section-boxed elementor-section-height-default elementor-section-height-default\" data-id=\"b20244d\" data-element_type=\"section\">\n\t\t\t\t\t\t<div class=\"elementor-container elementor-column-gap-default\">\n\t\t\t\t\t<div class=\"elementor-column elementor-col-100 elementor-top-column elementor-element elementor-element-fcab9b7\" data-id=\"fcab9b7\" data-element_type=\"column\">\n\t\t\t<div class=\"elementor-widget-wrap elementor-element-populated\">\n\t\t\t\t\t\t<div class=\"elementor-element elementor-element-08107e8 elementor-tabs-view-horizontal elementor-widget elementor-widget-tabs\" data-id=\"08107e8\" data-element_type=\"widget\" data-widget_type=\"tabs.default\">\n\t\t\t\t<div class=\"elementor-widget-container\">\n\t\t\t\t\t\t\t<div class=\"elementor-tabs\">\n\t\t\t<div class=\"elementor-tabs-wrapper\" role=\"tablist\" >\n\t\t\t\t\t\t\t\t\t<div id=\"elementor-tab-title-8451\" class=\"elementor-tab-title elementor-tab-desktop-title\" aria-selected=\"true\" data-tab=\"1\" role=\"tab\" tabindex=\"0\" aria-controls=\"elementor-tab-content-8451\" aria-expanded=\"false\">Characteristics<\/div>\n\t\t\t\t\t\t\t\t\t<div id=\"elementor-tab-title-8452\" class=\"elementor-tab-title elementor-tab-desktop-title\" aria-selected=\"false\" data-tab=\"2\" role=\"tab\" tabindex=\"-1\" aria-controls=\"elementor-tab-content-8452\" aria-expanded=\"false\">Options<\/div>\n\t\t\t\t\t\t\t\t\t<div id=\"elementor-tab-title-8453\" class=\"elementor-tab-title elementor-tab-desktop-title\" aria-selected=\"false\" data-tab=\"3\" role=\"tab\" tabindex=\"-1\" aria-controls=\"elementor-tab-content-8453\" aria-expanded=\"false\">Documentation<\/div>\n\t\t\t\t\t\t\t<\/div>\n\t\t\t<div class=\"elementor-tabs-content-wrapper\" role=\"tablist\" aria-orientation=\"vertical\">\n\t\t\t\t\t\t\t\t\t<div class=\"elementor-tab-title elementor-tab-mobile-title\" aria-selected=\"true\" data-tab=\"1\" role=\"tab\" tabindex=\"0\" aria-controls=\"elementor-tab-content-8451\" aria-expanded=\"false\">Characteristics<\/div>\n\t\t\t\t\t<div id=\"elementor-tab-content-8451\" class=\"elementor-tab-content elementor-clearfix\" data-tab=\"1\" role=\"tabpanel\" aria-labelledby=\"elementor-tab-title-8451\" tabindex=\"0\" hidden=\"false\"><ul><li>kU ARTIK-5 CO2 MT<\/li><li>kU ARTIK-15 CO2 MT<\/li><li>kU ARTIK-8.5 CO2 LT<\/li><\/ul><\/div>\n\t\t\t\t\t\t\t\t\t<div class=\"elementor-tab-title elementor-tab-mobile-title\" aria-selected=\"false\" data-tab=\"2\" role=\"tab\" tabindex=\"-1\" aria-controls=\"elementor-tab-content-8452\" aria-expanded=\"false\">Options<\/div>\n\t\t\t\t\t<div id=\"elementor-tab-content-8452\" class=\"elementor-tab-content elementor-clearfix\" data-tab=\"2\" role=\"tabpanel\" aria-labelledby=\"elementor-tab-title-8452\" tabindex=\"0\" hidden=\"hidden\"><ul><li>NATURAL REFRIGERANT \u2013 CO2: Minimum environmental impact (GWP=1)<\/li><li>PLUG &amp; PLAY: The units are factory-installed as a guarantee for the entire ARTIK product range.<\/li><li>LOW REFRIGERANT CHARGE: Less refrigerant required thanks to the microchannel gas cooler.<\/li><li>WORKS AT HIGH ROOM TEMPERATURES: Approved up to 43\u00baC ambient temperature.<\/li><li>ADVANCED AND EASY CONTROL: Thanks to the PLC controller, it offers an accessible SD card configured for much finer and safer adjustments.<\/li><li>LOW NOISE LEVEL: EC fans and soundproof housing.<\/li><li>SERENITY AND COMFORT: Preventive maintenance thanks to diagnostics, data capture and remote adjustment (optional).<\/li><li>ECODESIGN 2018: High SEPR values.<\/li><\/ul><\/div>\n\t\t\t\t\t\t\t\t\t<div class=\"elementor-tab-title elementor-tab-mobile-title\" aria-selected=\"false\" data-tab=\"3\" role=\"tab\" tabindex=\"-1\" aria-controls=\"elementor-tab-content-8453\" aria-expanded=\"false\">Documentation<\/div>\n\t\t\t\t\t<div id=\"elementor-tab-content-8453\" class=\"elementor-tab-content elementor-clearfix\" data-tab=\"3\" role=\"tabpanel\" aria-labelledby=\"elementor-tab-title-8453\" tabindex=\"0\" hidden=\"hidden\"><ul><li><strong><a href=\"https:\/\/koxka.com\/wp-content\/uploads\/2020\/04\/Koxka-Catalog_Condensing-Units-ARTIK-1.pdf\" target=\"_blank\" rel=\"noopener\">Documentation<\/a><\/strong><\/li><\/ul><\/div>\n\t\t\t\t\t\t\t<\/div>\n\t\t<\/div>\n\t\t\t\t\t\t<\/div>\n\t\t\t\t<\/div>\n\t\t\t\t\t<\/div>\n\t\t<\/div>\n\t\t\t\t\t<\/div>\n\t\t<\/section>\n\t\t\t\t<\/div>","protected":false},"excerpt":{"rendered":"<p>The new ARTIK CO2 is a compact condensing unit designed for customers seeking an innovative and environmentally friendly solution for refrigeration in supermarkets, restaurants, gas stations, fishmongers, butchers, bakeries, convenience stores, milk refrigeration, and more.<\/p>\n<p>This unique and advanced solution has been developed in collaboration with ILK Dresden \u2013 Institut f\u00fcr Luft and K\u00e4ltetechnik (Dresden Institute for Air Treatment and Refrigeration, Germany).<\/p>\n<p>Refrigerant: CO2<br \/>\nCondensing units from 4.5 kW to 15 kW<\/p>","protected":false},"featured_media":10102,"template":"","meta":{"inline_featured_image":false},"product_brand":[],"product_cat":[75],"product_tag":[],"class_list":{"0":"post-10101","1":"product","2":"type-product","3":"status-publish","4":"has-post-thumbnail","6":"product_cat-unidades-condensadoras","8":"first","9":"instock","10":"virtual","11":"product-type-simple"},"yoast_head":"<!-- This site is optimized with the Yoast SEO plugin v25.3 - https:\/\/yoast.com\/wordpress\/plugins\/seo\/ -->\n<title>ARTIK CO2 - Manuel Hamu Servicios<\/title>\n<meta name=\"robots\" content=\"index, follow, max-snippet:-1, max-image-preview:large, max-video-preview:-1\" \/>\n<link rel=\"canonical\" href=\"https:\/\/manuelhamuservicios.com\/en\/product\/artik-co2\/\" \/>\n<meta property=\"og:locale\" content=\"en_GB\" \/>\n<meta property=\"og:type\" content=\"article\" \/>\n<meta property=\"og:title\" content=\"ARTIK CO2 - Manuel Hamu Servicios\" \/>\n<meta property=\"og:description\" content=\"La nueva ARTIK CO2 es una unidad condensadora compacta creada para clientes que buscan una soluci\u00f3n innovadora y ecol\u00f3gica para refrigeraci\u00f3n en supermercados, restaurantes, gasolineras, pescader\u00edas, carnicer\u00edas, panader\u00edas, tiendas de 24 horas, refrigeraci\u00f3n de leche\u2026  Esta soluci\u00f3n avanzada y \u00fanica se ha desarrollado en colaboraci\u00f3n con ILK Dresden \u2013 Institut f\u00fcr Luft and K\u00e4ltetechnik (Instituto de tratamiento del aire y refrigeraci\u00f3n de Dresde, en Alemania).  Refrigerante: CO2 Unidades condensadoras desde 4,5 kW hasta 15 kW\" \/>\n<meta property=\"og:url\" content=\"https:\/\/manuelhamuservicios.com\/en\/product\/artik-co2\/\" \/>\n<meta property=\"og:site_name\" content=\"Manuel Hamu Servicios\" \/>\n<meta property=\"article:modified_time\" content=\"2021-04-26T11:37:45+00:00\" \/>\n<meta property=\"og:image\" content=\"https:\/\/manuelhamuservicios.com\/wp-content\/uploads\/2021\/04\/ARTIK-CO2-.png\" \/>\n\t<meta property=\"og:image:width\" content=\"800\" \/>\n\t<meta property=\"og:image:height\" content=\"800\" \/>\n\t<meta property=\"og:image:type\" content=\"image\/png\" \/>\n<meta name=\"twitter:card\" content=\"summary_large_image\" \/>\n<meta name=\"twitter:label1\" content=\"Estimated reading time\" \/>\n\t<meta name=\"twitter:data1\" content=\"1 minute\" \/>\n<script type=\"application\/ld+json\" class=\"yoast-schema-graph\">{\"@context\":\"https:\/\/schema.org\",\"@graph\":[{\"@type\":\"WebPage\",\"@id\":\"https:\/\/manuelhamuservicios.com\/producto\/artik-co2\/\",\"url\":\"https:\/\/manuelhamuservicios.com\/producto\/artik-co2\/\",\"name\":\"ARTIK CO2 - Manuel Hamu Servicios\",\"isPartOf\":{\"@id\":\"https:\/\/manuelhamuservicios.com\/#website\"},\"primaryImageOfPage\":{\"@id\":\"https:\/\/manuelhamuservicios.com\/producto\/artik-co2\/#primaryimage\"},\"image\":{\"@id\":\"https:\/\/manuelhamuservicios.com\/producto\/artik-co2\/#primaryimage\"},\"thumbnailUrl\":\"https:\/\/manuelhamuservicios.com\/wp-content\/uploads\/2021\/04\/ARTIK-CO2-.png\",\"datePublished\":\"2021-04-17T10:16:33+00:00\",\"dateModified\":\"2021-04-26T11:37:45+00:00\",\"breadcrumb\":{\"@id\":\"https:\/\/manuelhamuservicios.com\/producto\/artik-co2\/#breadcrumb\"},\"inLanguage\":\"en-GB\",\"potentialAction\":[{\"@type\":\"ReadAction\",\"target\":[\"https:\/\/manuelhamuservicios.com\/producto\/artik-co2\/\"]}]},{\"@type\":\"ImageObject\",\"inLanguage\":\"en-GB\",\"@id\":\"https:\/\/manuelhamuservicios.com\/producto\/artik-co2\/#primaryimage\",\"url\":\"https:\/\/manuelhamuservicios.com\/wp-content\/uploads\/2021\/04\/ARTIK-CO2-.png\",\"contentUrl\":\"https:\/\/manuelhamuservicios.com\/wp-content\/uploads\/2021\/04\/ARTIK-CO2-.png\",\"width\":800,\"height\":800},{\"@type\":\"BreadcrumbList\",\"@id\":\"https:\/\/manuelhamuservicios.com\/producto\/artik-co2\/#breadcrumb\",\"itemListElement\":[{\"@type\":\"ListItem\",\"position\":1,\"name\":\"Portada\",\"item\":\"https:\/\/manuelhamuservicios.com\/\"},{\"@type\":\"ListItem\",\"position\":2,\"name\":\"Productos\",\"item\":\"https:\/\/manuelhamuservicios.com\/en\/mhs-products\/\"},{\"@type\":\"ListItem\",\"position\":3,\"name\":\"ARTIK CO2\"}]},{\"@type\":\"WebSite\",\"@id\":\"https:\/\/manuelhamuservicios.com\/#website\",\"url\":\"https:\/\/manuelhamuservicios.com\/\",\"name\":\"Manuel Hamu Servicios\",\"description\":\"Mobiliario comercial, maquinaria alimentaria y balanzas comerciales.\",\"publisher\":{\"@id\":\"https:\/\/manuelhamuservicios.com\/#organization\"},\"potentialAction\":[{\"@type\":\"SearchAction\",\"target\":{\"@type\":\"EntryPoint\",\"urlTemplate\":\"https:\/\/manuelhamuservicios.com\/?s={search_term_string}\"},\"query-input\":{\"@type\":\"PropertyValueSpecification\",\"valueRequired\":true,\"valueName\":\"search_term_string\"}}],\"inLanguage\":\"en-GB\"},{\"@type\":\"Organization\",\"@id\":\"https:\/\/manuelhamuservicios.com\/#organization\",\"name\":\"Manuel Hamu Servicios\",\"url\":\"https:\/\/manuelhamuservicios.com\/\",\"logo\":{\"@type\":\"ImageObject\",\"inLanguage\":\"en-GB\",\"@id\":\"https:\/\/manuelhamuservicios.com\/#\/schema\/logo\/image\/\",\"url\":\"https:\/\/manuelhamuservicios.com\/wp-content\/uploads\/2023\/08\/cropped-WhatsApp-Image-2023-08-08-at-08.34.04.jpeg\",\"contentUrl\":\"https:\/\/manuelhamuservicios.com\/wp-content\/uploads\/2023\/08\/cropped-WhatsApp-Image-2023-08-08-at-08.34.04.jpeg\",\"width\":512,\"height\":512,\"caption\":\"Manuel Hamu Servicios\"},\"image\":{\"@id\":\"https:\/\/manuelhamuservicios.com\/#\/schema\/logo\/image\/\"}}]}<\/script>\n<!-- \/ Yoast SEO plugin. -->","yoast_head_json":{"title":"ARTIK CO2 - Manuel Hamu Services","robots":{"index":"index","follow":"follow","max-snippet":"max-snippet:-1","max-image-preview":"max-image-preview:large","max-video-preview":"max-video-preview:-1"},"canonical":"https:\/\/manuelhamuservicios.com\/en\/product\/artik-co2\/","og_locale":"en_GB","og_type":"article","og_title":"ARTIK CO2 - Manuel Hamu Servicios","og_description":"La nueva ARTIK CO2 es una unidad condensadora compacta creada para clientes que buscan una soluci\u00f3n innovadora y ecol\u00f3gica para refrigeraci\u00f3n en supermercados, restaurantes, gasolineras, pescader\u00edas, carnicer\u00edas, panader\u00edas, tiendas de 24 horas, refrigeraci\u00f3n de leche\u2026  Esta soluci\u00f3n avanzada y \u00fanica se ha desarrollado en colaboraci\u00f3n con ILK Dresden \u2013 Institut f\u00fcr Luft and K\u00e4ltetechnik (Instituto de tratamiento del aire y refrigeraci\u00f3n de Dresde, en Alemania).  Refrigerante: CO2 Unidades condensadoras desde 4,5 kW hasta 15 kW","og_url":"https:\/\/manuelhamuservicios.com\/en\/product\/artik-co2\/","og_site_name":"Manuel Hamu Servicios","article_modified_time":"2021-04-26T11:37:45+00:00","og_image":[{"width":800,"height":800,"url":"https:\/\/manuelhamuservicios.com\/wp-content\/uploads\/2021\/04\/ARTIK-CO2-.png","type":"image\/png"}],"twitter_card":"summary_large_image","twitter_misc":{"Estimated reading time":"1 minute"},"schema":{"@context":"https:\/\/schema.org","@graph":[{"@type":"WebPage","@id":"https:\/\/manuelhamuservicios.com\/producto\/artik-co2\/","url":"https:\/\/manuelhamuservicios.com\/producto\/artik-co2\/","name":"ARTIK CO2 - Manuel Hamu Services","isPartOf":{"@id":"https:\/\/manuelhamuservicios.com\/#website"},"primaryImageOfPage":{"@id":"https:\/\/manuelhamuservicios.com\/producto\/artik-co2\/#primaryimage"},"image":{"@id":"https:\/\/manuelhamuservicios.com\/producto\/artik-co2\/#primaryimage"},"thumbnailUrl":"https:\/\/manuelhamuservicios.com\/wp-content\/uploads\/2021\/04\/ARTIK-CO2-.png","datePublished":"2021-04-17T10:16:33+00:00","dateModified":"2021-04-26T11:37:45+00:00","breadcrumb":{"@id":"https:\/\/manuelhamuservicios.com\/producto\/artik-co2\/#breadcrumb"},"inLanguage":"en-GB","potentialAction":[{"@type":"ReadAction","target":["https:\/\/manuelhamuservicios.com\/producto\/artik-co2\/"]}]},{"@type":"ImageObject","inLanguage":"en-GB","@id":"https:\/\/manuelhamuservicios.com\/producto\/artik-co2\/#primaryimage","url":"https:\/\/manuelhamuservicios.com\/wp-content\/uploads\/2021\/04\/ARTIK-CO2-.png","contentUrl":"https:\/\/manuelhamuservicios.com\/wp-content\/uploads\/2021\/04\/ARTIK-CO2-.png","width":800,"height":800},{"@type":"BreadcrumbList","@id":"https:\/\/manuelhamuservicios.com\/producto\/artik-co2\/#breadcrumb","itemListElement":[{"@type":"ListItem","position":1,"name":"Portada","item":"https:\/\/manuelhamuservicios.com\/"},{"@type":"ListItem","position":2,"name":"Productos","item":"https:\/\/manuelhamuservicios.com\/en\/mhs-products\/"},{"@type":"ListItem","position":3,"name":"ARTIK CO2"}]},{"@type":"WebSite","@id":"https:\/\/manuelhamuservicios.com\/#website","url":"https:\/\/manuelhamuservicios.com\/","name":"Manuel Hamu Services","description":"Commercial furniture, food machinery and commercial scales.","publisher":{"@id":"https:\/\/manuelhamuservicios.com\/#organization"},"potentialAction":[{"@type":"SearchAction","target":{"@type":"EntryPoint","urlTemplate":"https:\/\/manuelhamuservicios.com\/?s={search_term_string}"},"query-input":{"@type":"PropertyValueSpecification","valueRequired":true,"valueName":"search_term_string"}}],"inLanguage":"en-GB"},{"@type":"Organization","@id":"https:\/\/manuelhamuservicios.com\/#organization","name":"Manuel Hamu Services","url":"https:\/\/manuelhamuservicios.com\/","logo":{"@type":"ImageObject","inLanguage":"en-GB","@id":"https:\/\/manuelhamuservicios.com\/#\/schema\/logo\/image\/","url":"https:\/\/manuelhamuservicios.com\/wp-content\/uploads\/2023\/08\/cropped-WhatsApp-Image-2023-08-08-at-08.34.04.jpeg","contentUrl":"https:\/\/manuelhamuservicios.com\/wp-content\/uploads\/2023\/08\/cropped-WhatsApp-Image-2023-08-08-at-08.34.04.jpeg","width":512,"height":512,"caption":"Manuel Hamu Servicios"},"image":{"@id":"https:\/\/manuelhamuservicios.com\/#\/schema\/logo\/image\/"}}]}},"_links":{"self":[{"href":"https:\/\/manuelhamuservicios.com\/en\/wp-json\/wp\/v2\/product\/10101","targetHints":{"allow":["GET"]}}],"collection":[{"href":"https:\/\/manuelhamuservicios.com\/en\/wp-json\/wp\/v2\/product"}],"about":[{"href":"https:\/\/manuelhamuservicios.com\/en\/wp-json\/wp\/v2\/types\/product"}],"version-history":[{"count":7,"href":"https:\/\/manuelhamuservicios.com\/en\/wp-json\/wp\/v2\/product\/10101\/revisions"}],"predecessor-version":[{"id":10587,"href":"https:\/\/manuelhamuservicios.com\/en\/wp-json\/wp\/v2\/product\/10101\/revisions\/10587"}],"wp:featuredmedia":[{"embeddable":true,"href":"https:\/\/manuelhamuservicios.com\/en\/wp-json\/wp\/v2\/media\/10102"}],"wp:attachment":[{"href":"https:\/\/manuelhamuservicios.com\/en\/wp-json\/wp\/v2\/media?parent=10101"}],"wp:term":[{"taxonomy":"product_brand","embeddable":true,"href":"https:\/\/manuelhamuservicios.com\/en\/wp-json\/wp\/v2\/product_brand?post=10101"},{"taxonomy":"product_cat","embeddable":true,"href":"https:\/\/manuelhamuservicios.com\/en\/wp-json\/wp\/v2\/product_cat?post=10101"},{"taxonomy":"product_tag","embeddable":true,"href":"https:\/\/manuelhamuservicios.com\/en\/wp-json\/wp\/v2\/product_tag?post=10101"}],"curies":[{"name":"wp","href":"https:\/\/api.w.org\/{rel}","templated":true}]}}