{"id":10267,"date":"2021-04-19T09:04:38","date_gmt":"2021-04-19T09:04:38","guid":{"rendered":"https:\/\/mhservicios.athosonline.com\/?post_type=product&#038;p=10267"},"modified":"2021-04-19T09:23:32","modified_gmt":"2021-04-19T09:23:32","slug":"horizontal-conservative-smr-classica-1900","status":"publish","type":"product","link":"https:\/\/manuelhamuservicios.com\/en\/product\/horizontal-conservative-smr-classica-1900\/","title":{"rendered":"SMR CLASSICA 1900 Horizontal Conservator"},"content":{"rendered":"<div id=\"products\" class=\"fusion-table table-1\">\n<table width=\"100%\">\n<thead>\n<tr>\n<th>TECHNICAL DATA<\/th>\n<th>Manual Defrost (MD)<\/th>\n<th>Automatic Defrost (AD)<\/th>\n<th>Variable Speed Compressor (ADVS)<\/th>\n<th>Variable Speed Compressor (VCC)<\/p>\n<p>2 Versions: Chiller (+)* and Freezer (-)<\/th>\n<\/tr>\n<\/thead>\n<tbody>\n<tr>\n<td>Exterior Length<\/td>\n<td>1940 mm<\/td>\n<td>1940 mm<\/td>\n<td>1940 mm<\/td>\n<td>1940 mm<\/td>\n<\/tr>\n<tr>\n<td>Exterior Height<\/td>\n<td>880 mm<\/td>\n<td>880 mm<\/td>\n<td>880 mm<\/td>\n<td>880 mm<\/td>\n<\/tr>\n<tr>\n<td>Foreign Fund<\/td>\n<td>850 mm<\/td>\n<td>850 mm<\/td>\n<td>850 mm<\/td>\n<td>850 mm<\/td>\n<\/tr>\n<tr>\n<td>Gross Volume<\/td>\n<td>689 L<\/td>\n<td>689 L<\/td>\n<td>689 L<\/td>\n<td>689 L<\/td>\n<\/tr>\n<tr>\n<td>Liquid Capacity<\/td>\n<td>619 L<\/td>\n<td>619 L<\/td>\n<td>619 L<\/td>\n<td>619 L<\/td>\n<\/tr>\n<tr>\n<td>Total Display Area<\/td>\n<td>0.98 m\u00b2<\/td>\n<td>0.98 m\u00b2<\/td>\n<td>0.98 m\u00b2<\/td>\n<td>0.98 m\u00b2<\/td>\n<\/tr>\n<tr>\n<td>Refrigerant<\/td>\n<td>R290<\/td>\n<td>\u00a0R290<\/td>\n<td>\u00a0R290<\/td>\n<td>R290<\/td>\n<\/tr>\n<tr>\n<td>Climate Class<\/td>\n<td>\u00a04L1<\/td>\n<td>\u00a03L1<\/td>\n<td>\u00a03L1<\/td>\n<td>\u00a04M1 (+)*<\/p>\n<p>3L1 (-)*<\/td>\n<\/tr>\n<tr>\n<td>Energy Characteristics<\/td>\n<td>220-240V \/ 50Hz 2.33 A 396 W<\/td>\n<td>220-240V \/ 50Hz 2.71 A 365 W<\/td>\n<td>220-240V\/ 50-60Hz 2.45 A 540 W<\/td>\n<td>220-240V \/ 50-60Hz 2.71 A 345 W (+)*<\/p>\n<p>220-240V \/ 50-60Hz 3.02 A 515 W (-)*<\/td>\n<\/tr>\n<tr>\n<td>Energy Consumption<\/td>\n<td>*<\/td>\n<td>*<\/td>\n<td>*<\/td>\n<td>*<\/td>\n<\/tr>\n<tr>\n<td>Insulation Thickness<\/td>\n<td>70 mm<\/td>\n<td>70 mm<\/td>\n<td>70 mm<\/td>\n<td>70 mm<\/td>\n<\/tr>\n<tr>\n<td>Lid\/Door Type<\/td>\n<td>Lid \u2013 Glass<\/td>\n<td>Lid \u2013 Glass<\/td>\n<td>Lid \u2013 Glass<\/td>\n<td>Lid \u2013 Glass<\/td>\n<\/tr>\n<tr>\n<td>Application Tempera<\/td>\n<td>-24\u00baC to -16\u00baC<\/td>\n<td>-24\u00baC to -16\u00baC<\/td>\n<td>-24\u00baC to -16\u00baC<\/td>\n<td>0\u00baC to 8\u00baC (+)*<\/p>\n<p>-24\u00baC to -16\u00baC (-)*<\/td>\n<\/tr>\n<\/tbody>\n<\/table>\n<\/div>\n<p>* The information is for informational purposes only and is subject to technical changes and cannot be used as a contractual document.<\/p>","protected":false},"excerpt":{"rendered":"<p>The cooling technology is environmentally friendly combined with high performance.<\/p>\n<p>The SMR CLASSICA 1900 Horizontal Conserver serves as a conserver chest for frozen\/refrigerated products.<\/p>\n<p>The retro design with high product visibility, the galvanized steel structure makes this solution robust and corrosion resistant.<\/p>\n<p>It features low-emissivity, anti-condensation tempered glass, which allows for energy savings.<\/p>\n<p>The SMR CLASSIC 1900 Horizontal Refrigerator is highly resistant, with quality finishes and an adjustable thermostat.<\/p>\n<p>The SMR CLASSIC 1900 Horizontal Cabinet has LED lighting, a 70 mm wall thickness, and highly customizable POS layout.<\/p>","protected":false},"featured_media":10273,"template":"","meta":{"inline_featured_image":false},"product_brand":[],"product_cat":[77,79],"product_tag":[],"class_list":{"0":"post-10267","1":"product","2":"type-product","3":"status-publish","4":"has-post-thumbnail","6":"product_cat-refrigeracion","7":"product_cat-arcon-congelador","9":"first","10":"instock","11":"shipping-taxable","12":"product-type-simple"},"yoast_head":"<!-- This site is optimized with the Yoast SEO plugin v25.3 - https:\/\/yoast.com\/wordpress\/plugins\/seo\/ -->\n<title>Conservador Horizontal SMR CL\u00c1SSICA 1900 - Manuel Hamu Servicios<\/title>\n<meta name=\"robots\" content=\"index, follow, max-snippet:-1, max-image-preview:large, max-video-preview:-1\" \/>\n<link rel=\"canonical\" href=\"https:\/\/manuelhamuservicios.com\/en\/product\/horizontal-conservative-smr-classica-1900\/\" \/>\n<meta property=\"og:locale\" content=\"en_GB\" \/>\n<meta property=\"og:type\" content=\"article\" \/>\n<meta property=\"og:title\" content=\"Conservador Horizontal SMR CL\u00c1SSICA 1900 - Manuel Hamu Servicios\" \/>\n<meta property=\"og:description\" content=\"La tecnolog\u00eda de refrigeraci\u00f3n es ecol\u00f3gica combinada con un alto rendimiento.  El Conservador Horizontal SMR CL\u00c1SSICA 1900 sirve como un cofre conservador de productos congelados\/refrigerados.  El dise\u00f1o retro con alta visibilidad del producto, la estructura de acero galvanizado hace que esta soluci\u00f3n sea robusta y resistente a la corrosi\u00f3n.  Cuenta con vidrio templado de baja emisividad y anticondensaci\u00f3n, lo que permite ahorrar energ\u00eda.  El Conservador Horizontal SMR CL\u00c1SSICA 1900 es altamente resistente, con acabados de calidad y el termostato es regulable.  El Conservador Horizontal SMR CL\u00c1SSICA 1900 tiene Iluminaci\u00f3n LED, espesor de pared de 70 mm y alta personalizaci\u00f3n de la distribuci\u00f3n del TPV.\" \/>\n<meta property=\"og:url\" content=\"https:\/\/manuelhamuservicios.com\/en\/product\/horizontal-conservative-smr-classica-1900\/\" \/>\n<meta property=\"og:site_name\" content=\"Manuel Hamu Servicios\" \/>\n<meta property=\"article:modified_time\" content=\"2021-04-19T09:23:32+00:00\" \/>\n<meta property=\"og:image\" content=\"https:\/\/manuelhamuservicios.com\/wp-content\/uploads\/2021\/04\/fricon-congelador-horizontal-smr-1900-smr-190-cl.jpeg\" \/>\n\t<meta property=\"og:image:width\" content=\"1080\" \/>\n\t<meta property=\"og:image:height\" content=\"1200\" \/>\n\t<meta property=\"og:image:type\" content=\"image\/jpeg\" \/>\n<meta name=\"twitter:card\" content=\"summary_large_image\" \/>\n<meta name=\"twitter:label1\" content=\"Estimated reading time\" \/>\n\t<meta name=\"twitter:data1\" content=\"1 minute\" \/>\n<script type=\"application\/ld+json\" class=\"yoast-schema-graph\">{\"@context\":\"https:\/\/schema.org\",\"@graph\":[{\"@type\":\"WebPage\",\"@id\":\"https:\/\/manuelhamuservicios.com\/producto\/conservador-horizontal-smr-classica-1900\/\",\"url\":\"https:\/\/manuelhamuservicios.com\/producto\/conservador-horizontal-smr-classica-1900\/\",\"name\":\"Conservador Horizontal SMR CL\u00c1SSICA 1900 - Manuel Hamu Servicios\",\"isPartOf\":{\"@id\":\"https:\/\/manuelhamuservicios.com\/#website\"},\"primaryImageOfPage\":{\"@id\":\"https:\/\/manuelhamuservicios.com\/producto\/conservador-horizontal-smr-classica-1900\/#primaryimage\"},\"image\":{\"@id\":\"https:\/\/manuelhamuservicios.com\/producto\/conservador-horizontal-smr-classica-1900\/#primaryimage\"},\"thumbnailUrl\":\"https:\/\/manuelhamuservicios.com\/wp-content\/uploads\/2021\/04\/fricon-congelador-horizontal-smr-1900-smr-190-cl.jpeg\",\"datePublished\":\"2021-04-19T09:04:38+00:00\",\"dateModified\":\"2021-04-19T09:23:32+00:00\",\"breadcrumb\":{\"@id\":\"https:\/\/manuelhamuservicios.com\/producto\/conservador-horizontal-smr-classica-1900\/#breadcrumb\"},\"inLanguage\":\"en-GB\",\"potentialAction\":[{\"@type\":\"ReadAction\",\"target\":[\"https:\/\/manuelhamuservicios.com\/producto\/conservador-horizontal-smr-classica-1900\/\"]}]},{\"@type\":\"ImageObject\",\"inLanguage\":\"en-GB\",\"@id\":\"https:\/\/manuelhamuservicios.com\/producto\/conservador-horizontal-smr-classica-1900\/#primaryimage\",\"url\":\"https:\/\/manuelhamuservicios.com\/wp-content\/uploads\/2021\/04\/fricon-congelador-horizontal-smr-1900-smr-190-cl.jpeg\",\"contentUrl\":\"https:\/\/manuelhamuservicios.com\/wp-content\/uploads\/2021\/04\/fricon-congelador-horizontal-smr-1900-smr-190-cl.jpeg\",\"width\":1080,\"height\":1200},{\"@type\":\"BreadcrumbList\",\"@id\":\"https:\/\/manuelhamuservicios.com\/producto\/conservador-horizontal-smr-classica-1900\/#breadcrumb\",\"itemListElement\":[{\"@type\":\"ListItem\",\"position\":1,\"name\":\"Portada\",\"item\":\"https:\/\/manuelhamuservicios.com\/\"},{\"@type\":\"ListItem\",\"position\":2,\"name\":\"Productos\",\"item\":\"https:\/\/manuelhamuservicios.com\/en\/mhs-products\/\"},{\"@type\":\"ListItem\",\"position\":3,\"name\":\"Conservador Horizontal SMR CL\u00c1SSICA 1900\"}]},{\"@type\":\"WebSite\",\"@id\":\"https:\/\/manuelhamuservicios.com\/#website\",\"url\":\"https:\/\/manuelhamuservicios.com\/\",\"name\":\"Manuel Hamu Servicios\",\"description\":\"Mobiliario comercial, maquinaria alimentaria y balanzas comerciales.\",\"publisher\":{\"@id\":\"https:\/\/manuelhamuservicios.com\/#organization\"},\"potentialAction\":[{\"@type\":\"SearchAction\",\"target\":{\"@type\":\"EntryPoint\",\"urlTemplate\":\"https:\/\/manuelhamuservicios.com\/?s={search_term_string}\"},\"query-input\":{\"@type\":\"PropertyValueSpecification\",\"valueRequired\":true,\"valueName\":\"search_term_string\"}}],\"inLanguage\":\"en-GB\"},{\"@type\":\"Organization\",\"@id\":\"https:\/\/manuelhamuservicios.com\/#organization\",\"name\":\"Manuel Hamu Servicios\",\"url\":\"https:\/\/manuelhamuservicios.com\/\",\"logo\":{\"@type\":\"ImageObject\",\"inLanguage\":\"en-GB\",\"@id\":\"https:\/\/manuelhamuservicios.com\/#\/schema\/logo\/image\/\",\"url\":\"https:\/\/manuelhamuservicios.com\/wp-content\/uploads\/2023\/08\/cropped-WhatsApp-Image-2023-08-08-at-08.34.04.jpeg\",\"contentUrl\":\"https:\/\/manuelhamuservicios.com\/wp-content\/uploads\/2023\/08\/cropped-WhatsApp-Image-2023-08-08-at-08.34.04.jpeg\",\"width\":512,\"height\":512,\"caption\":\"Manuel Hamu Servicios\"},\"image\":{\"@id\":\"https:\/\/manuelhamuservicios.com\/#\/schema\/logo\/image\/\"}}]}<\/script>\n<!-- \/ Yoast SEO plugin. -->","yoast_head_json":{"title":"Horizontal Conservator SMR CLASSICA 1900 - Manuel Hamu Services","robots":{"index":"index","follow":"follow","max-snippet":"max-snippet:-1","max-image-preview":"max-image-preview:large","max-video-preview":"max-video-preview:-1"},"canonical":"https:\/\/manuelhamuservicios.com\/en\/product\/horizontal-conservative-smr-classica-1900\/","og_locale":"en_GB","og_type":"article","og_title":"Conservador Horizontal SMR CL\u00c1SSICA 1900 - Manuel Hamu Servicios","og_description":"La tecnolog\u00eda de refrigeraci\u00f3n es ecol\u00f3gica combinada con un alto rendimiento.  El Conservador Horizontal SMR CL\u00c1SSICA 1900 sirve como un cofre conservador de productos congelados\/refrigerados.  El dise\u00f1o retro con alta visibilidad del producto, la estructura de acero galvanizado hace que esta soluci\u00f3n sea robusta y resistente a la corrosi\u00f3n.  Cuenta con vidrio templado de baja emisividad y anticondensaci\u00f3n, lo que permite ahorrar energ\u00eda.  El Conservador Horizontal SMR CL\u00c1SSICA 1900 es altamente resistente, con acabados de calidad y el termostato es regulable.  El Conservador Horizontal SMR CL\u00c1SSICA 1900 tiene Iluminaci\u00f3n LED, espesor de pared de 70 mm y alta personalizaci\u00f3n de la distribuci\u00f3n del TPV.","og_url":"https:\/\/manuelhamuservicios.com\/en\/product\/horizontal-conservative-smr-classica-1900\/","og_site_name":"Manuel Hamu Servicios","article_modified_time":"2021-04-19T09:23:32+00:00","og_image":[{"width":1080,"height":1200,"url":"https:\/\/manuelhamuservicios.com\/wp-content\/uploads\/2021\/04\/fricon-congelador-horizontal-smr-1900-smr-190-cl.jpeg","type":"image\/jpeg"}],"twitter_card":"summary_large_image","twitter_misc":{"Estimated reading time":"1 minute"},"schema":{"@context":"https:\/\/schema.org","@graph":[{"@type":"WebPage","@id":"https:\/\/manuelhamuservicios.com\/producto\/conservador-horizontal-smr-classica-1900\/","url":"https:\/\/manuelhamuservicios.com\/producto\/conservador-horizontal-smr-classica-1900\/","name":"Horizontal Conservator SMR CLASSICA 1900 - Manuel Hamu Services","isPartOf":{"@id":"https:\/\/manuelhamuservicios.com\/#website"},"primaryImageOfPage":{"@id":"https:\/\/manuelhamuservicios.com\/producto\/conservador-horizontal-smr-classica-1900\/#primaryimage"},"image":{"@id":"https:\/\/manuelhamuservicios.com\/producto\/conservador-horizontal-smr-classica-1900\/#primaryimage"},"thumbnailUrl":"https:\/\/manuelhamuservicios.com\/wp-content\/uploads\/2021\/04\/fricon-congelador-horizontal-smr-1900-smr-190-cl.jpeg","datePublished":"2021-04-19T09:04:38+00:00","dateModified":"2021-04-19T09:23:32+00:00","breadcrumb":{"@id":"https:\/\/manuelhamuservicios.com\/producto\/conservador-horizontal-smr-classica-1900\/#breadcrumb"},"inLanguage":"en-GB","potentialAction":[{"@type":"ReadAction","target":["https:\/\/manuelhamuservicios.com\/producto\/conservador-horizontal-smr-classica-1900\/"]}]},{"@type":"ImageObject","inLanguage":"en-GB","@id":"https:\/\/manuelhamuservicios.com\/producto\/conservador-horizontal-smr-classica-1900\/#primaryimage","url":"https:\/\/manuelhamuservicios.com\/wp-content\/uploads\/2021\/04\/fricon-congelador-horizontal-smr-1900-smr-190-cl.jpeg","contentUrl":"https:\/\/manuelhamuservicios.com\/wp-content\/uploads\/2021\/04\/fricon-congelador-horizontal-smr-1900-smr-190-cl.jpeg","width":1080,"height":1200},{"@type":"BreadcrumbList","@id":"https:\/\/manuelhamuservicios.com\/producto\/conservador-horizontal-smr-classica-1900\/#breadcrumb","itemListElement":[{"@type":"ListItem","position":1,"name":"Portada","item":"https:\/\/manuelhamuservicios.com\/"},{"@type":"ListItem","position":2,"name":"Productos","item":"https:\/\/manuelhamuservicios.com\/en\/mhs-products\/"},{"@type":"ListItem","position":3,"name":"Conservador Horizontal SMR CL\u00c1SSICA 1900"}]},{"@type":"WebSite","@id":"https:\/\/manuelhamuservicios.com\/#website","url":"https:\/\/manuelhamuservicios.com\/","name":"Manuel Hamu Services","description":"Commercial furniture, food machinery and commercial scales.","publisher":{"@id":"https:\/\/manuelhamuservicios.com\/#organization"},"potentialAction":[{"@type":"SearchAction","target":{"@type":"EntryPoint","urlTemplate":"https:\/\/manuelhamuservicios.com\/?s={search_term_string}"},"query-input":{"@type":"PropertyValueSpecification","valueRequired":true,"valueName":"search_term_string"}}],"inLanguage":"en-GB"},{"@type":"Organization","@id":"https:\/\/manuelhamuservicios.com\/#organization","name":"Manuel Hamu Services","url":"https:\/\/manuelhamuservicios.com\/","logo":{"@type":"ImageObject","inLanguage":"en-GB","@id":"https:\/\/manuelhamuservicios.com\/#\/schema\/logo\/image\/","url":"https:\/\/manuelhamuservicios.com\/wp-content\/uploads\/2023\/08\/cropped-WhatsApp-Image-2023-08-08-at-08.34.04.jpeg","contentUrl":"https:\/\/manuelhamuservicios.com\/wp-content\/uploads\/2023\/08\/cropped-WhatsApp-Image-2023-08-08-at-08.34.04.jpeg","width":512,"height":512,"caption":"Manuel Hamu Servicios"},"image":{"@id":"https:\/\/manuelhamuservicios.com\/#\/schema\/logo\/image\/"}}]}},"_links":{"self":[{"href":"https:\/\/manuelhamuservicios.com\/en\/wp-json\/wp\/v2\/product\/10267","targetHints":{"allow":["GET"]}}],"collection":[{"href":"https:\/\/manuelhamuservicios.com\/en\/wp-json\/wp\/v2\/product"}],"about":[{"href":"https:\/\/manuelhamuservicios.com\/en\/wp-json\/wp\/v2\/types\/product"}],"version-history":[{"count":3,"href":"https:\/\/manuelhamuservicios.com\/en\/wp-json\/wp\/v2\/product\/10267\/revisions"}],"predecessor-version":[{"id":10295,"href":"https:\/\/manuelhamuservicios.com\/en\/wp-json\/wp\/v2\/product\/10267\/revisions\/10295"}],"wp:featuredmedia":[{"embeddable":true,"href":"https:\/\/manuelhamuservicios.com\/en\/wp-json\/wp\/v2\/media\/10273"}],"wp:attachment":[{"href":"https:\/\/manuelhamuservicios.com\/en\/wp-json\/wp\/v2\/media?parent=10267"}],"wp:term":[{"taxonomy":"product_brand","embeddable":true,"href":"https:\/\/manuelhamuservicios.com\/en\/wp-json\/wp\/v2\/product_brand?post=10267"},{"taxonomy":"product_cat","embeddable":true,"href":"https:\/\/manuelhamuservicios.com\/en\/wp-json\/wp\/v2\/product_cat?post=10267"},{"taxonomy":"product_tag","embeddable":true,"href":"https:\/\/manuelhamuservicios.com\/en\/wp-json\/wp\/v2\/product_tag?post=10267"}],"curies":[{"name":"wp","href":"https:\/\/api.w.org\/{rel}","templated":true}]}}