{"id":10276,"date":"2021-04-19T09:14:07","date_gmt":"2021-04-19T09:14:07","guid":{"rendered":"https:\/\/mhservicios.athosonline.com\/?post_type=product&#038;p=10276"},"modified":"2021-04-19T09:22:06","modified_gmt":"2021-04-19T09:22:06","slug":"horizontal-conservator-smr-da-2200","status":"publish","type":"product","link":"https:\/\/manuelhamuservicios.com\/en\/product\/horizontal-conservator-smr-da-2200\/","title":{"rendered":"SMR DA 2200 Horizontal Conservator"},"content":{"rendered":"<div id=\"products\" class=\"fusion-table table-1\">\n<table width=\"100%\">\n<thead>\n<tr>\n<th>TECHNICAL DATA<\/th>\n<th>Manual Defrost (MD)<\/th>\n<th>Automatic Defrost (AD)<\/th>\n<th>Variable Speed Compressor (ADVS)<\/th>\n<th>Variable Speed Compressor (VCC)<\/th>\n<\/tr>\n<\/thead>\n<tbody>\n<tr>\n<td>Exterior Length<\/td>\n<td>2200 mm<\/td>\n<td>2200 mm<\/td>\n<td>2200 mm<\/td>\n<td>2200 mm<\/td>\n<\/tr>\n<tr>\n<td>Exterior Height<\/td>\n<td>863 mm<\/td>\n<td>863 mm<\/td>\n<td>863 mm<\/td>\n<td>863 mm<\/td>\n<\/tr>\n<tr>\n<td>Foreign Fund<\/td>\n<td>1000 mm<\/td>\n<td>1000 mm<\/td>\n<td>1000 mm<\/td>\n<td>1000 mm<\/td>\n<\/tr>\n<tr>\n<td>Gross Volume<\/td>\n<td>934 L<\/td>\n<td>934 L<\/td>\n<td>934 L<\/td>\n<td>934 L<\/td>\n<\/tr>\n<tr>\n<td>Net Volume<\/td>\n<td>833 L<\/td>\n<td>833 L<\/td>\n<td>833 L<\/td>\n<td>833 L<\/td>\n<\/tr>\n<tr>\n<td>Total Display Area<\/td>\n<td>1.59 m\u00b2<\/td>\n<td>1.59 m\u00b2<\/td>\n<td>1.59 m\u00b2<\/td>\n<td>1.59 m\u00b2<\/td>\n<\/tr>\n<tr>\n<td>Refrigerant<\/td>\n<td>R290<\/td>\n<td>R290<\/td>\n<td>\u00a0R290<\/td>\n<td>R290<\/td>\n<\/tr>\n<tr>\n<td>Climate Class<\/td>\n<td>\u00a04L1<\/td>\n<td>3L1<\/td>\n<td>3L1<\/td>\n<td>3L1<\/td>\n<\/tr>\n<tr>\n<td>Energy Characteristics<\/td>\n<td>220-240V \/ 50Hz 2.2 A 430 W<\/td>\n<td>220-240V \/ 50Hz 3.1A 515W<\/td>\n<td>220-240V\/ 50Hz 2.1 A 420 W<\/td>\n<td>220-240V \/ 50Hz 1.45 A 334 W<\/td>\n<\/tr>\n<tr>\n<td>Energy Consumption<\/td>\n<td>*<\/td>\n<td>*<\/td>\n<td>*<\/td>\n<td>*<\/td>\n<\/tr>\n<tr>\n<td>Insulation Thickness<\/td>\n<td>70 mm<\/td>\n<td>70 mm<\/td>\n<td>70 mm<\/td>\n<td>70 mm<\/td>\n<\/tr>\n<tr>\n<td>Lid\/Door Type<\/td>\n<td>Lid \u2013 Glass<\/td>\n<td>Lid \u2013 Glass<\/td>\n<td>Lid \u2013 Glass<\/td>\n<td>Lid \u2013 Glass<\/td>\n<\/tr>\n<tr>\n<td>Application Tempera<\/td>\n<td>-24\u00baC to -16\u00baC<\/td>\n<td>-24\u00baC to -16\u00baC<\/td>\n<td>-24\u00baC to -16\u00baC<\/td>\n<td>-24\u00baC to -16\u00baC<\/td>\n<\/tr>\n<\/tbody>\n<\/table>\n<\/div>\n<p>* The information is for informational purposes only and is subject to technical changes and cannot be used as a contractual document.<\/p>","protected":false},"excerpt":{"rendered":"<p>This SMR DA 2200 Horizontal Refrigerator maintains high performance combined with low consumption, due to its environmentally friendly refrigeration technology.<\/p>\n<p>It is a frozen product preservative made of galvanized steel, thus providing high corrosion resistance and robustness.<\/p>\n<p>This SMR DA 2200 Horizontal Refrigeration Unit also features an innovative, elegant design and wide product visibility, in addition to the possibility of customizing the POS layout.<\/p>\n<p>The SMR DA 2200 Horizontal Conservator contains LED lighting, 70 mm wall thickness, double glass, low emissivity and anti-condensation.<\/p>\n<p>The standard version of the horizontal refrigerator includes these accessories: dividers, water drainage system, water trimmer, different colors.<\/p>","protected":false},"featured_media":10285,"template":"","meta":{"inline_featured_image":false},"product_brand":[],"product_cat":[77,79],"product_tag":[],"class_list":{"0":"post-10276","1":"product","2":"type-product","3":"status-publish","4":"has-post-thumbnail","6":"product_cat-refrigeracion","7":"product_cat-arcon-congelador","9":"first","10":"instock","11":"shipping-taxable","12":"product-type-simple"},"yoast_head":"<!-- This site is optimized with the Yoast SEO plugin v25.3 - https:\/\/yoast.com\/wordpress\/plugins\/seo\/ -->\n<title>Conservador Horizontal SMR DA 2200 - Manuel Hamu Servicios<\/title>\n<meta name=\"robots\" content=\"index, follow, max-snippet:-1, max-image-preview:large, max-video-preview:-1\" \/>\n<link rel=\"canonical\" href=\"https:\/\/manuelhamuservicios.com\/en\/product\/horizontal-conservator-smr-da-2200\/\" \/>\n<meta property=\"og:locale\" content=\"en_GB\" \/>\n<meta property=\"og:type\" content=\"article\" \/>\n<meta property=\"og:title\" content=\"Conservador Horizontal SMR DA 2200 - Manuel Hamu Servicios\" \/>\n<meta property=\"og:description\" content=\"Este Conservador Horizontal SMR DA 2200 mantiene un alto rendimiento asociado a un bajo consumo, debido a la tecnolog\u00eda de refrigeraci\u00f3n ecol\u00f3gica.  Es un conservador de productos congelados en acero galvanizado, proporcionando as\u00ed una alta resistencia a la corrosi\u00f3n y robustez.  Este Conservador Horizontal SMR DA 2200 tambi\u00e9n cuenta con un dise\u00f1o innovador, elegante y una amplia visibilidad del producto, adem\u00e1s de la posibilidad de personalizar la disposici\u00f3n del TPV.  El Conservador Horizontal SMR DA 2200 contiene iluminaci\u00f3n LED, espesor de pared de 70 mm, doble vidrio, baja emisividad y anticondensaci\u00f3n.  La versi\u00f3n est\u00e1ndar del refrigerador horizontal incluye estos accesorios: divisores, sistema de drenaje de agua, recortador de agua, diferentes colores.\" \/>\n<meta property=\"og:url\" content=\"https:\/\/manuelhamuservicios.com\/en\/product\/horizontal-conservator-smr-da-2200\/\" \/>\n<meta property=\"og:site_name\" content=\"Manuel Hamu Servicios\" \/>\n<meta property=\"article:modified_time\" content=\"2021-04-19T09:22:06+00:00\" \/>\n<meta property=\"og:image\" content=\"https:\/\/manuelhamuservicios.com\/wp-content\/uploads\/2021\/04\/fricon-congelador-horizontal-smr-2200-da-smr-220-da.jpeg\" \/>\n\t<meta property=\"og:image:width\" content=\"1080\" \/>\n\t<meta property=\"og:image:height\" content=\"1200\" \/>\n\t<meta property=\"og:image:type\" content=\"image\/jpeg\" \/>\n<meta name=\"twitter:card\" content=\"summary_large_image\" \/>\n<meta name=\"twitter:label1\" content=\"Estimated reading time\" \/>\n\t<meta name=\"twitter:data1\" content=\"1 minute\" \/>\n<script type=\"application\/ld+json\" class=\"yoast-schema-graph\">{\"@context\":\"https:\/\/schema.org\",\"@graph\":[{\"@type\":\"WebPage\",\"@id\":\"https:\/\/manuelhamuservicios.com\/producto\/conservador-horizontal-smr-da-2200\/\",\"url\":\"https:\/\/manuelhamuservicios.com\/producto\/conservador-horizontal-smr-da-2200\/\",\"name\":\"Conservador Horizontal SMR DA 2200 - Manuel Hamu Servicios\",\"isPartOf\":{\"@id\":\"https:\/\/manuelhamuservicios.com\/#website\"},\"primaryImageOfPage\":{\"@id\":\"https:\/\/manuelhamuservicios.com\/producto\/conservador-horizontal-smr-da-2200\/#primaryimage\"},\"image\":{\"@id\":\"https:\/\/manuelhamuservicios.com\/producto\/conservador-horizontal-smr-da-2200\/#primaryimage\"},\"thumbnailUrl\":\"https:\/\/manuelhamuservicios.com\/wp-content\/uploads\/2021\/04\/fricon-congelador-horizontal-smr-2200-da-smr-220-da.jpeg\",\"datePublished\":\"2021-04-19T09:14:07+00:00\",\"dateModified\":\"2021-04-19T09:22:06+00:00\",\"breadcrumb\":{\"@id\":\"https:\/\/manuelhamuservicios.com\/producto\/conservador-horizontal-smr-da-2200\/#breadcrumb\"},\"inLanguage\":\"en-GB\",\"potentialAction\":[{\"@type\":\"ReadAction\",\"target\":[\"https:\/\/manuelhamuservicios.com\/producto\/conservador-horizontal-smr-da-2200\/\"]}]},{\"@type\":\"ImageObject\",\"inLanguage\":\"en-GB\",\"@id\":\"https:\/\/manuelhamuservicios.com\/producto\/conservador-horizontal-smr-da-2200\/#primaryimage\",\"url\":\"https:\/\/manuelhamuservicios.com\/wp-content\/uploads\/2021\/04\/fricon-congelador-horizontal-smr-2200-da-smr-220-da.jpeg\",\"contentUrl\":\"https:\/\/manuelhamuservicios.com\/wp-content\/uploads\/2021\/04\/fricon-congelador-horizontal-smr-2200-da-smr-220-da.jpeg\",\"width\":1080,\"height\":1200},{\"@type\":\"BreadcrumbList\",\"@id\":\"https:\/\/manuelhamuservicios.com\/producto\/conservador-horizontal-smr-da-2200\/#breadcrumb\",\"itemListElement\":[{\"@type\":\"ListItem\",\"position\":1,\"name\":\"Portada\",\"item\":\"https:\/\/manuelhamuservicios.com\/\"},{\"@type\":\"ListItem\",\"position\":2,\"name\":\"Productos\",\"item\":\"https:\/\/manuelhamuservicios.com\/en\/mhs-products\/\"},{\"@type\":\"ListItem\",\"position\":3,\"name\":\"Conservador Horizontal SMR DA 2200\"}]},{\"@type\":\"WebSite\",\"@id\":\"https:\/\/manuelhamuservicios.com\/#website\",\"url\":\"https:\/\/manuelhamuservicios.com\/\",\"name\":\"Manuel Hamu Servicios\",\"description\":\"Mobiliario comercial, maquinaria alimentaria y balanzas comerciales.\",\"publisher\":{\"@id\":\"https:\/\/manuelhamuservicios.com\/#organization\"},\"potentialAction\":[{\"@type\":\"SearchAction\",\"target\":{\"@type\":\"EntryPoint\",\"urlTemplate\":\"https:\/\/manuelhamuservicios.com\/?s={search_term_string}\"},\"query-input\":{\"@type\":\"PropertyValueSpecification\",\"valueRequired\":true,\"valueName\":\"search_term_string\"}}],\"inLanguage\":\"en-GB\"},{\"@type\":\"Organization\",\"@id\":\"https:\/\/manuelhamuservicios.com\/#organization\",\"name\":\"Manuel Hamu Servicios\",\"url\":\"https:\/\/manuelhamuservicios.com\/\",\"logo\":{\"@type\":\"ImageObject\",\"inLanguage\":\"en-GB\",\"@id\":\"https:\/\/manuelhamuservicios.com\/#\/schema\/logo\/image\/\",\"url\":\"https:\/\/manuelhamuservicios.com\/wp-content\/uploads\/2023\/08\/cropped-WhatsApp-Image-2023-08-08-at-08.34.04.jpeg\",\"contentUrl\":\"https:\/\/manuelhamuservicios.com\/wp-content\/uploads\/2023\/08\/cropped-WhatsApp-Image-2023-08-08-at-08.34.04.jpeg\",\"width\":512,\"height\":512,\"caption\":\"Manuel Hamu Servicios\"},\"image\":{\"@id\":\"https:\/\/manuelhamuservicios.com\/#\/schema\/logo\/image\/\"}}]}<\/script>\n<!-- \/ Yoast SEO plugin. -->","yoast_head_json":{"title":"SMR DA 2200 Horizontal Conservator - Manuel Hamu Services","robots":{"index":"index","follow":"follow","max-snippet":"max-snippet:-1","max-image-preview":"max-image-preview:large","max-video-preview":"max-video-preview:-1"},"canonical":"https:\/\/manuelhamuservicios.com\/en\/product\/horizontal-conservator-smr-da-2200\/","og_locale":"en_GB","og_type":"article","og_title":"Conservador Horizontal SMR DA 2200 - Manuel Hamu Servicios","og_description":"Este Conservador Horizontal SMR DA 2200 mantiene un alto rendimiento asociado a un bajo consumo, debido a la tecnolog\u00eda de refrigeraci\u00f3n ecol\u00f3gica.  Es un conservador de productos congelados en acero galvanizado, proporcionando as\u00ed una alta resistencia a la corrosi\u00f3n y robustez.  Este Conservador Horizontal SMR DA 2200 tambi\u00e9n cuenta con un dise\u00f1o innovador, elegante y una amplia visibilidad del producto, adem\u00e1s de la posibilidad de personalizar la disposici\u00f3n del TPV.  El Conservador Horizontal SMR DA 2200 contiene iluminaci\u00f3n LED, espesor de pared de 70 mm, doble vidrio, baja emisividad y anticondensaci\u00f3n.  La versi\u00f3n est\u00e1ndar del refrigerador horizontal incluye estos accesorios: divisores, sistema de drenaje de agua, recortador de agua, diferentes colores.","og_url":"https:\/\/manuelhamuservicios.com\/en\/product\/horizontal-conservator-smr-da-2200\/","og_site_name":"Manuel Hamu Servicios","article_modified_time":"2021-04-19T09:22:06+00:00","og_image":[{"width":1080,"height":1200,"url":"https:\/\/manuelhamuservicios.com\/wp-content\/uploads\/2021\/04\/fricon-congelador-horizontal-smr-2200-da-smr-220-da.jpeg","type":"image\/jpeg"}],"twitter_card":"summary_large_image","twitter_misc":{"Estimated reading time":"1 minute"},"schema":{"@context":"https:\/\/schema.org","@graph":[{"@type":"WebPage","@id":"https:\/\/manuelhamuservicios.com\/producto\/conservador-horizontal-smr-da-2200\/","url":"https:\/\/manuelhamuservicios.com\/producto\/conservador-horizontal-smr-da-2200\/","name":"SMR DA 2200 Horizontal Conservator - Manuel Hamu Services","isPartOf":{"@id":"https:\/\/manuelhamuservicios.com\/#website"},"primaryImageOfPage":{"@id":"https:\/\/manuelhamuservicios.com\/producto\/conservador-horizontal-smr-da-2200\/#primaryimage"},"image":{"@id":"https:\/\/manuelhamuservicios.com\/producto\/conservador-horizontal-smr-da-2200\/#primaryimage"},"thumbnailUrl":"https:\/\/manuelhamuservicios.com\/wp-content\/uploads\/2021\/04\/fricon-congelador-horizontal-smr-2200-da-smr-220-da.jpeg","datePublished":"2021-04-19T09:14:07+00:00","dateModified":"2021-04-19T09:22:06+00:00","breadcrumb":{"@id":"https:\/\/manuelhamuservicios.com\/producto\/conservador-horizontal-smr-da-2200\/#breadcrumb"},"inLanguage":"en-GB","potentialAction":[{"@type":"ReadAction","target":["https:\/\/manuelhamuservicios.com\/producto\/conservador-horizontal-smr-da-2200\/"]}]},{"@type":"ImageObject","inLanguage":"en-GB","@id":"https:\/\/manuelhamuservicios.com\/producto\/conservador-horizontal-smr-da-2200\/#primaryimage","url":"https:\/\/manuelhamuservicios.com\/wp-content\/uploads\/2021\/04\/fricon-congelador-horizontal-smr-2200-da-smr-220-da.jpeg","contentUrl":"https:\/\/manuelhamuservicios.com\/wp-content\/uploads\/2021\/04\/fricon-congelador-horizontal-smr-2200-da-smr-220-da.jpeg","width":1080,"height":1200},{"@type":"BreadcrumbList","@id":"https:\/\/manuelhamuservicios.com\/producto\/conservador-horizontal-smr-da-2200\/#breadcrumb","itemListElement":[{"@type":"ListItem","position":1,"name":"Portada","item":"https:\/\/manuelhamuservicios.com\/"},{"@type":"ListItem","position":2,"name":"Productos","item":"https:\/\/manuelhamuservicios.com\/en\/mhs-products\/"},{"@type":"ListItem","position":3,"name":"Conservador Horizontal SMR DA 2200"}]},{"@type":"WebSite","@id":"https:\/\/manuelhamuservicios.com\/#website","url":"https:\/\/manuelhamuservicios.com\/","name":"Manuel Hamu Services","description":"Commercial furniture, food machinery and commercial scales.","publisher":{"@id":"https:\/\/manuelhamuservicios.com\/#organization"},"potentialAction":[{"@type":"SearchAction","target":{"@type":"EntryPoint","urlTemplate":"https:\/\/manuelhamuservicios.com\/?s={search_term_string}"},"query-input":{"@type":"PropertyValueSpecification","valueRequired":true,"valueName":"search_term_string"}}],"inLanguage":"en-GB"},{"@type":"Organization","@id":"https:\/\/manuelhamuservicios.com\/#organization","name":"Manuel Hamu Services","url":"https:\/\/manuelhamuservicios.com\/","logo":{"@type":"ImageObject","inLanguage":"en-GB","@id":"https:\/\/manuelhamuservicios.com\/#\/schema\/logo\/image\/","url":"https:\/\/manuelhamuservicios.com\/wp-content\/uploads\/2023\/08\/cropped-WhatsApp-Image-2023-08-08-at-08.34.04.jpeg","contentUrl":"https:\/\/manuelhamuservicios.com\/wp-content\/uploads\/2023\/08\/cropped-WhatsApp-Image-2023-08-08-at-08.34.04.jpeg","width":512,"height":512,"caption":"Manuel Hamu Servicios"},"image":{"@id":"https:\/\/manuelhamuservicios.com\/#\/schema\/logo\/image\/"}}]}},"_links":{"self":[{"href":"https:\/\/manuelhamuservicios.com\/en\/wp-json\/wp\/v2\/product\/10276","targetHints":{"allow":["GET"]}}],"collection":[{"href":"https:\/\/manuelhamuservicios.com\/en\/wp-json\/wp\/v2\/product"}],"about":[{"href":"https:\/\/manuelhamuservicios.com\/en\/wp-json\/wp\/v2\/types\/product"}],"version-history":[{"count":3,"href":"https:\/\/manuelhamuservicios.com\/en\/wp-json\/wp\/v2\/product\/10276\/revisions"}],"predecessor-version":[{"id":10293,"href":"https:\/\/manuelhamuservicios.com\/en\/wp-json\/wp\/v2\/product\/10276\/revisions\/10293"}],"wp:featuredmedia":[{"embeddable":true,"href":"https:\/\/manuelhamuservicios.com\/en\/wp-json\/wp\/v2\/media\/10285"}],"wp:attachment":[{"href":"https:\/\/manuelhamuservicios.com\/en\/wp-json\/wp\/v2\/media?parent=10276"}],"wp:term":[{"taxonomy":"product_brand","embeddable":true,"href":"https:\/\/manuelhamuservicios.com\/en\/wp-json\/wp\/v2\/product_brand?post=10276"},{"taxonomy":"product_cat","embeddable":true,"href":"https:\/\/manuelhamuservicios.com\/en\/wp-json\/wp\/v2\/product_cat?post=10276"},{"taxonomy":"product_tag","embeddable":true,"href":"https:\/\/manuelhamuservicios.com\/en\/wp-json\/wp\/v2\/product_tag?post=10276"}],"curies":[{"name":"wp","href":"https:\/\/api.w.org\/{rel}","templated":true}]}}