{"id":10296,"date":"2021-04-19T09:24:10","date_gmt":"2021-04-19T09:24:10","guid":{"rendered":"https:\/\/mhservicios.athosonline.com\/?post_type=product&#038;p=10296"},"modified":"2021-04-19T09:26:39","modified_gmt":"2021-04-19T09:26:39","slug":"horizontal-conservator-smr-classica-2200","status":"publish","type":"product","link":"https:\/\/manuelhamuservicios.com\/en\/product\/horizontal-conservator-smr-classica-2200\/","title":{"rendered":"SMR CLASSICA 2200 Horizontal Conservator"},"content":{"rendered":"<div id=\"products\" class=\"fusion-table table-1\">\n<table width=\"100%\">\n<thead>\n<tr>\n<th>TECHNICAL DATA<\/th>\n<th>Manual Defrost (MD)<\/th>\n<th>Automatic Defrost (AD)<\/th>\n<th>Variable Speed Compressor (ADVS)<\/th>\n<th>Variable Speed Compressor (VCC)&nbsp;<\/p>\n<p>2 Versions: Chiller (+)* and Freezer (-)*<\/th>\n<\/tr>\n<\/thead>\n<tbody>\n<tr>\n<td>Exterior Length<\/td>\n<td>2200 mm<\/td>\n<td>2200 mm<\/td>\n<td>2200 mm<\/td>\n<td>2200 mm<\/td>\n<\/tr>\n<tr>\n<td>Exterior Height<\/td>\n<td>980 mm<\/td>\n<td>980 mm<\/td>\n<td>980 mm<\/td>\n<td>980 mm<\/td>\n<\/tr>\n<tr>\n<td>Foreign Fund<\/td>\n<td>850 mm<\/td>\n<td>850 mm<\/td>\n<td>850 mm<\/td>\n<td>850 mm<\/td>\n<\/tr>\n<tr>\n<td>Gross Volume<\/td>\n<td>863 L<\/td>\n<td>863 L<\/td>\n<td>863 L<\/td>\n<td>863 L<\/td>\n<\/tr>\n<tr>\n<td>Net Volume<\/td>\n<td>725 L<\/td>\n<td>725 L<\/td>\n<td>725 L<\/td>\n<td>454 L (+)*&nbsp;<\/p>\n<p>725 L (-)*<\/td>\n<\/tr>\n<tr>\n<td>Refrigerant<\/td>\n<td>\u00a0R290<\/td>\n<td>R290<\/td>\n<td>R290<\/td>\n<td>R290<\/td>\n<\/tr>\n<tr>\n<td>Climate Class<\/td>\n<td>\u00a04L1<\/td>\n<td>\u00a03L1<\/td>\n<td>\u00a03L1<\/td>\n<td>\u00a04M1 (+)*&nbsp;<\/p>\n<p>3L1 (-)*<\/td>\n<\/tr>\n<tr>\n<td>Energy Characteristics<\/td>\n<td>220-240V \/ 50Hz 2.95 A 410 W<\/td>\n<td>220-240V \/ 50Hz 4.22 A 385 W<\/td>\n<td>220-240V\/ 50-60Hz 2.52 A 555 W<\/td>\n<td>220-240V \/ 50-60Hz 2.87 A 372 W (+)*&nbsp;<\/p>\n<p>220-240V \/ 50-60Hz 3.11 A 536 W (-)*<\/td>\n<\/tr>\n<tr>\n<td>Energy Consumption<\/td>\n<td>*<\/td>\n<td>*<\/td>\n<td>*<\/td>\n<td>*<\/td>\n<\/tr>\n<tr>\n<td>Insulation Thickness<\/td>\n<td>70 mm<\/td>\n<td>70 mm<\/td>\n<td>70 mm<\/td>\n<td>70 mm<\/td>\n<\/tr>\n<tr>\n<td>Lid\/Door Type<\/td>\n<td>Lid \u2013 Glass<\/td>\n<td>Lid \u2013 Glass<\/td>\n<td>Lid \u2013 Glass<\/td>\n<td>Lid \u2013 Glass<\/td>\n<\/tr>\n<tr>\n<td>Application Tempera<\/td>\n<td>-24\u00baC to -16\u00baC<\/td>\n<td>-24\u00baC to -16\u00baC<\/td>\n<td>-24\u00baC to -16\u00baC<\/td>\n<td>0\u00baC to 8\u00baC (+)*&nbsp;<\/p>\n<p>-24\u00baC to -16\u00baC (-)*<\/td>\n<\/tr>\n<\/tbody>\n<\/table>\n<\/div>\n<p>* The information is for informational purposes only and is subject to technical changes and cannot be used as a contractual document.<\/p>","protected":false},"excerpt":{"rendered":"<p>The cooling technology is environmentally friendly combined with high performance.<\/p>\n<p>The SMR CLASSICA 2200 Fricon Horizontal Conservative serves as a conservative chest for frozen\/refrigerated products.<\/p>\n<p>The retro design with high product visibility, the galvanized steel structure makes this solution robust and corrosion resistant.<\/p>\n<p>It features low-emissivity, anti-condensation tempered glass, which allows for energy savings.<\/p>\n<p>The structure of the SMR CL\u00c1SSICA 2200 Horizontal Refrigeration Unit is highly resistant, with quality finishes and the thermostat is adjustable.<\/p>\n<p>The Fricon SMR CLASSIC 2200 Horizontal Refrigeration Unit has LED lighting, a 70 mm wall thickness, and highly customizable POS layout.<\/p>\n<p>In harmony with this large-capacity chest freezer, we also present our Classic SMR 1700 and 1900.<\/p>","protected":false},"featured_media":10277,"template":"","meta":{"inline_featured_image":false},"product_brand":[],"product_cat":[77,79],"product_tag":[],"class_list":{"0":"post-10296","1":"product","2":"type-product","3":"status-publish","4":"has-post-thumbnail","6":"product_cat-refrigeracion","7":"product_cat-arcon-congelador","9":"first","10":"instock","11":"shipping-taxable","12":"product-type-simple"},"yoast_head":"<!-- This site is optimized with the Yoast SEO plugin v25.3 - https:\/\/yoast.com\/wordpress\/plugins\/seo\/ -->\n<title>Conservador Horizontal SMR CL\u00c1SSICA 2200 - Manuel Hamu Servicios<\/title>\n<meta name=\"robots\" content=\"index, follow, max-snippet:-1, max-image-preview:large, max-video-preview:-1\" \/>\n<link rel=\"canonical\" href=\"https:\/\/manuelhamuservicios.com\/en\/product\/horizontal-conservator-smr-classica-2200\/\" \/>\n<meta property=\"og:locale\" content=\"en_GB\" \/>\n<meta property=\"og:type\" content=\"article\" \/>\n<meta property=\"og:title\" content=\"Conservador Horizontal SMR CL\u00c1SSICA 2200 - Manuel Hamu Servicios\" \/>\n<meta property=\"og:description\" content=\"La tecnolog\u00eda de refrigeraci\u00f3n es ecol\u00f3gica combinada con un alto rendimiento.  El Conservador Horizontal SMR CL\u00c1SSICA 2200 Fricon sirve como un cofre conservador de productos congelados\/refrigerados.  El dise\u00f1o retro con alta visibilidad del producto, la estructura de acero galvanizado hace que esta soluci\u00f3n sea robusta y resistente a la corrosi\u00f3n.  Cuenta con vidrio templado de baja emisividad y anticondensaci\u00f3n, lo que permite ahorrar energ\u00eda.  La estructura del Conservador Horizontal SMR CL\u00c1SSICA 2200 es altamente resistente, con acabados de calidad y el termostato es regulable.  El Conservador Horizontal SMR CL\u00c1SSICA 2200 Fricon tiene iluminaci\u00f3n LED, espesor de pared de 70 mm y alta personalizaci\u00f3n de la distribuci\u00f3n del TPV.  En armon\u00eda con este arc\u00f3n congelador gran capacidad tambi\u00e9n presentamos nuestras Classic SMR\u00a01700\u00a0y\u00a01900.\" \/>\n<meta property=\"og:url\" content=\"https:\/\/manuelhamuservicios.com\/en\/product\/horizontal-conservator-smr-classica-2200\/\" \/>\n<meta property=\"og:site_name\" content=\"Manuel Hamu Servicios\" \/>\n<meta property=\"article:modified_time\" content=\"2021-04-19T09:26:39+00:00\" \/>\n<meta property=\"og:image\" content=\"https:\/\/manuelhamuservicios.com\/wp-content\/uploads\/2021\/04\/fricon-congelador-horizontal-smr-2200-smr-220-cl.jpeg\" \/>\n\t<meta property=\"og:image:width\" content=\"1080\" \/>\n\t<meta property=\"og:image:height\" content=\"1200\" \/>\n\t<meta property=\"og:image:type\" content=\"image\/jpeg\" \/>\n<meta name=\"twitter:card\" content=\"summary_large_image\" \/>\n<meta name=\"twitter:label1\" content=\"Estimated reading time\" \/>\n\t<meta name=\"twitter:data1\" content=\"1 minute\" \/>\n<script type=\"application\/ld+json\" class=\"yoast-schema-graph\">{\"@context\":\"https:\/\/schema.org\",\"@graph\":[{\"@type\":\"WebPage\",\"@id\":\"https:\/\/manuelhamuservicios.com\/producto\/conservador-horizontal-smr-classica-2200\/\",\"url\":\"https:\/\/manuelhamuservicios.com\/producto\/conservador-horizontal-smr-classica-2200\/\",\"name\":\"Conservador Horizontal SMR CL\u00c1SSICA 2200 - Manuel Hamu Servicios\",\"isPartOf\":{\"@id\":\"https:\/\/manuelhamuservicios.com\/#website\"},\"primaryImageOfPage\":{\"@id\":\"https:\/\/manuelhamuservicios.com\/producto\/conservador-horizontal-smr-classica-2200\/#primaryimage\"},\"image\":{\"@id\":\"https:\/\/manuelhamuservicios.com\/producto\/conservador-horizontal-smr-classica-2200\/#primaryimage\"},\"thumbnailUrl\":\"https:\/\/manuelhamuservicios.com\/wp-content\/uploads\/2021\/04\/fricon-congelador-horizontal-smr-2200-smr-220-cl.jpeg\",\"datePublished\":\"2021-04-19T09:24:10+00:00\",\"dateModified\":\"2021-04-19T09:26:39+00:00\",\"breadcrumb\":{\"@id\":\"https:\/\/manuelhamuservicios.com\/producto\/conservador-horizontal-smr-classica-2200\/#breadcrumb\"},\"inLanguage\":\"en-GB\",\"potentialAction\":[{\"@type\":\"ReadAction\",\"target\":[\"https:\/\/manuelhamuservicios.com\/producto\/conservador-horizontal-smr-classica-2200\/\"]}]},{\"@type\":\"ImageObject\",\"inLanguage\":\"en-GB\",\"@id\":\"https:\/\/manuelhamuservicios.com\/producto\/conservador-horizontal-smr-classica-2200\/#primaryimage\",\"url\":\"https:\/\/manuelhamuservicios.com\/wp-content\/uploads\/2021\/04\/fricon-congelador-horizontal-smr-2200-smr-220-cl.jpeg\",\"contentUrl\":\"https:\/\/manuelhamuservicios.com\/wp-content\/uploads\/2021\/04\/fricon-congelador-horizontal-smr-2200-smr-220-cl.jpeg\",\"width\":1080,\"height\":1200},{\"@type\":\"BreadcrumbList\",\"@id\":\"https:\/\/manuelhamuservicios.com\/producto\/conservador-horizontal-smr-classica-2200\/#breadcrumb\",\"itemListElement\":[{\"@type\":\"ListItem\",\"position\":1,\"name\":\"Portada\",\"item\":\"https:\/\/manuelhamuservicios.com\/\"},{\"@type\":\"ListItem\",\"position\":2,\"name\":\"Productos\",\"item\":\"https:\/\/manuelhamuservicios.com\/en\/mhs-products\/\"},{\"@type\":\"ListItem\",\"position\":3,\"name\":\"Conservador Horizontal SMR CL\u00c1SSICA 2200\"}]},{\"@type\":\"WebSite\",\"@id\":\"https:\/\/manuelhamuservicios.com\/#website\",\"url\":\"https:\/\/manuelhamuservicios.com\/\",\"name\":\"Manuel Hamu Servicios\",\"description\":\"Mobiliario comercial, maquinaria alimentaria y balanzas comerciales.\",\"publisher\":{\"@id\":\"https:\/\/manuelhamuservicios.com\/#organization\"},\"potentialAction\":[{\"@type\":\"SearchAction\",\"target\":{\"@type\":\"EntryPoint\",\"urlTemplate\":\"https:\/\/manuelhamuservicios.com\/?s={search_term_string}\"},\"query-input\":{\"@type\":\"PropertyValueSpecification\",\"valueRequired\":true,\"valueName\":\"search_term_string\"}}],\"inLanguage\":\"en-GB\"},{\"@type\":\"Organization\",\"@id\":\"https:\/\/manuelhamuservicios.com\/#organization\",\"name\":\"Manuel Hamu Servicios\",\"url\":\"https:\/\/manuelhamuservicios.com\/\",\"logo\":{\"@type\":\"ImageObject\",\"inLanguage\":\"en-GB\",\"@id\":\"https:\/\/manuelhamuservicios.com\/#\/schema\/logo\/image\/\",\"url\":\"https:\/\/manuelhamuservicios.com\/wp-content\/uploads\/2023\/08\/cropped-WhatsApp-Image-2023-08-08-at-08.34.04.jpeg\",\"contentUrl\":\"https:\/\/manuelhamuservicios.com\/wp-content\/uploads\/2023\/08\/cropped-WhatsApp-Image-2023-08-08-at-08.34.04.jpeg\",\"width\":512,\"height\":512,\"caption\":\"Manuel Hamu Servicios\"},\"image\":{\"@id\":\"https:\/\/manuelhamuservicios.com\/#\/schema\/logo\/image\/\"}}]}<\/script>\n<!-- \/ Yoast SEO plugin. -->","yoast_head_json":{"title":"SMR CLASSICA 2200 Horizontal Conservator - Manuel Hamu Servicios","robots":{"index":"index","follow":"follow","max-snippet":"max-snippet:-1","max-image-preview":"max-image-preview:large","max-video-preview":"max-video-preview:-1"},"canonical":"https:\/\/manuelhamuservicios.com\/en\/product\/horizontal-conservator-smr-classica-2200\/","og_locale":"en_GB","og_type":"article","og_title":"Conservador Horizontal SMR CL\u00c1SSICA 2200 - Manuel Hamu Servicios","og_description":"La tecnolog\u00eda de refrigeraci\u00f3n es ecol\u00f3gica combinada con un alto rendimiento.  El Conservador Horizontal SMR CL\u00c1SSICA 2200 Fricon sirve como un cofre conservador de productos congelados\/refrigerados.  El dise\u00f1o retro con alta visibilidad del producto, la estructura de acero galvanizado hace que esta soluci\u00f3n sea robusta y resistente a la corrosi\u00f3n.  Cuenta con vidrio templado de baja emisividad y anticondensaci\u00f3n, lo que permite ahorrar energ\u00eda.  La estructura del Conservador Horizontal SMR CL\u00c1SSICA 2200 es altamente resistente, con acabados de calidad y el termostato es regulable.  El Conservador Horizontal SMR CL\u00c1SSICA 2200 Fricon tiene iluminaci\u00f3n LED, espesor de pared de 70 mm y alta personalizaci\u00f3n de la distribuci\u00f3n del TPV.  En armon\u00eda con este arc\u00f3n congelador gran capacidad tambi\u00e9n presentamos nuestras Classic SMR\u00a01700\u00a0y\u00a01900.","og_url":"https:\/\/manuelhamuservicios.com\/en\/product\/horizontal-conservator-smr-classica-2200\/","og_site_name":"Manuel Hamu Servicios","article_modified_time":"2021-04-19T09:26:39+00:00","og_image":[{"width":1080,"height":1200,"url":"https:\/\/manuelhamuservicios.com\/wp-content\/uploads\/2021\/04\/fricon-congelador-horizontal-smr-2200-smr-220-cl.jpeg","type":"image\/jpeg"}],"twitter_card":"summary_large_image","twitter_misc":{"Estimated reading time":"1 minute"},"schema":{"@context":"https:\/\/schema.org","@graph":[{"@type":"WebPage","@id":"https:\/\/manuelhamuservicios.com\/producto\/conservador-horizontal-smr-classica-2200\/","url":"https:\/\/manuelhamuservicios.com\/producto\/conservador-horizontal-smr-classica-2200\/","name":"SMR CLASSICA 2200 Horizontal Conservator - Manuel Hamu Servicios","isPartOf":{"@id":"https:\/\/manuelhamuservicios.com\/#website"},"primaryImageOfPage":{"@id":"https:\/\/manuelhamuservicios.com\/producto\/conservador-horizontal-smr-classica-2200\/#primaryimage"},"image":{"@id":"https:\/\/manuelhamuservicios.com\/producto\/conservador-horizontal-smr-classica-2200\/#primaryimage"},"thumbnailUrl":"https:\/\/manuelhamuservicios.com\/wp-content\/uploads\/2021\/04\/fricon-congelador-horizontal-smr-2200-smr-220-cl.jpeg","datePublished":"2021-04-19T09:24:10+00:00","dateModified":"2021-04-19T09:26:39+00:00","breadcrumb":{"@id":"https:\/\/manuelhamuservicios.com\/producto\/conservador-horizontal-smr-classica-2200\/#breadcrumb"},"inLanguage":"en-GB","potentialAction":[{"@type":"ReadAction","target":["https:\/\/manuelhamuservicios.com\/producto\/conservador-horizontal-smr-classica-2200\/"]}]},{"@type":"ImageObject","inLanguage":"en-GB","@id":"https:\/\/manuelhamuservicios.com\/producto\/conservador-horizontal-smr-classica-2200\/#primaryimage","url":"https:\/\/manuelhamuservicios.com\/wp-content\/uploads\/2021\/04\/fricon-congelador-horizontal-smr-2200-smr-220-cl.jpeg","contentUrl":"https:\/\/manuelhamuservicios.com\/wp-content\/uploads\/2021\/04\/fricon-congelador-horizontal-smr-2200-smr-220-cl.jpeg","width":1080,"height":1200},{"@type":"BreadcrumbList","@id":"https:\/\/manuelhamuservicios.com\/producto\/conservador-horizontal-smr-classica-2200\/#breadcrumb","itemListElement":[{"@type":"ListItem","position":1,"name":"Portada","item":"https:\/\/manuelhamuservicios.com\/"},{"@type":"ListItem","position":2,"name":"Productos","item":"https:\/\/manuelhamuservicios.com\/en\/mhs-products\/"},{"@type":"ListItem","position":3,"name":"Conservador Horizontal SMR CL\u00c1SSICA 2200"}]},{"@type":"WebSite","@id":"https:\/\/manuelhamuservicios.com\/#website","url":"https:\/\/manuelhamuservicios.com\/","name":"Manuel Hamu Services","description":"Commercial furniture, food machinery and commercial scales.","publisher":{"@id":"https:\/\/manuelhamuservicios.com\/#organization"},"potentialAction":[{"@type":"SearchAction","target":{"@type":"EntryPoint","urlTemplate":"https:\/\/manuelhamuservicios.com\/?s={search_term_string}"},"query-input":{"@type":"PropertyValueSpecification","valueRequired":true,"valueName":"search_term_string"}}],"inLanguage":"en-GB"},{"@type":"Organization","@id":"https:\/\/manuelhamuservicios.com\/#organization","name":"Manuel Hamu Services","url":"https:\/\/manuelhamuservicios.com\/","logo":{"@type":"ImageObject","inLanguage":"en-GB","@id":"https:\/\/manuelhamuservicios.com\/#\/schema\/logo\/image\/","url":"https:\/\/manuelhamuservicios.com\/wp-content\/uploads\/2023\/08\/cropped-WhatsApp-Image-2023-08-08-at-08.34.04.jpeg","contentUrl":"https:\/\/manuelhamuservicios.com\/wp-content\/uploads\/2023\/08\/cropped-WhatsApp-Image-2023-08-08-at-08.34.04.jpeg","width":512,"height":512,"caption":"Manuel Hamu Servicios"},"image":{"@id":"https:\/\/manuelhamuservicios.com\/#\/schema\/logo\/image\/"}}]}},"_links":{"self":[{"href":"https:\/\/manuelhamuservicios.com\/en\/wp-json\/wp\/v2\/product\/10296","targetHints":{"allow":["GET"]}}],"collection":[{"href":"https:\/\/manuelhamuservicios.com\/en\/wp-json\/wp\/v2\/product"}],"about":[{"href":"https:\/\/manuelhamuservicios.com\/en\/wp-json\/wp\/v2\/types\/product"}],"version-history":[{"count":1,"href":"https:\/\/manuelhamuservicios.com\/en\/wp-json\/wp\/v2\/product\/10296\/revisions"}],"predecessor-version":[{"id":10298,"href":"https:\/\/manuelhamuservicios.com\/en\/wp-json\/wp\/v2\/product\/10296\/revisions\/10298"}],"wp:featuredmedia":[{"embeddable":true,"href":"https:\/\/manuelhamuservicios.com\/en\/wp-json\/wp\/v2\/media\/10277"}],"wp:attachment":[{"href":"https:\/\/manuelhamuservicios.com\/en\/wp-json\/wp\/v2\/media?parent=10296"}],"wp:term":[{"taxonomy":"product_brand","embeddable":true,"href":"https:\/\/manuelhamuservicios.com\/en\/wp-json\/wp\/v2\/product_brand?post=10296"},{"taxonomy":"product_cat","embeddable":true,"href":"https:\/\/manuelhamuservicios.com\/en\/wp-json\/wp\/v2\/product_cat?post=10296"},{"taxonomy":"product_tag","embeddable":true,"href":"https:\/\/manuelhamuservicios.com\/en\/wp-json\/wp\/v2\/product_tag?post=10296"}],"curies":[{"name":"wp","href":"https:\/\/api.w.org\/{rel}","templated":true}]}}