{"id":10307,"date":"2021-04-19T09:32:45","date_gmt":"2021-04-19T09:32:45","guid":{"rendered":"https:\/\/mhservicios.athosonline.com\/?post_type=product&#038;p=10307"},"modified":"2021-04-26T07:40:53","modified_gmt":"2021-04-26T07:40:53","slug":"smr-lsl-1940-horizontal-freezer-display-case","status":"publish","type":"product","link":"https:\/\/manuelhamuservicios.com\/en\/product\/smr-lsl-1940-horizontal-freezer-display-case\/","title":{"rendered":"SMR LSL 1940 Chest Freezer"},"content":{"rendered":"<div id=\"products\" class=\"fusion-table table-1\">\n<table width=\"100%\">\n<thead>\n<tr>\n<th>TECHNICAL DATA<\/th>\n<th>Manual Defrost (MD)<\/th>\n<th>Automatic Defrost (AD)<\/th>\n<th>Variable Speed Compressor (ADVS)<\/th>\n<th>Variable Speed Compressor (VCC)<\/th>\n<\/tr>\n<\/thead>\n<tbody>\n<tr>\n<td>Exterior Length<\/td>\n<td>1970 mm<\/td>\n<td>1970 mm<\/td>\n<td>1970 mm<\/td>\n<td>1970 mm<\/td>\n<\/tr>\n<tr>\n<td>Exterior Height<\/td>\n<td>905 mm<\/td>\n<td>905 mm<\/td>\n<td>905 mm<\/td>\n<td>905 mm<\/td>\n<\/tr>\n<tr>\n<td>Foreign Fund<\/td>\n<td>870 mm<\/td>\n<td>870 mm<\/td>\n<td>870 mm<\/td>\n<td>870 mm<\/td>\n<\/tr>\n<tr>\n<td>Gross Volume<\/td>\n<td>623 L<\/td>\n<td>623 L<\/td>\n<td>623 L<\/td>\n<td>623 L<\/td>\n<\/tr>\n<tr>\n<td>Net Volume<\/td>\n<td>574 L<\/td>\n<td>574 L<\/td>\n<td>574 L<\/td>\n<td>574 L<\/td>\n<\/tr>\n<tr>\n<td>\n<table width=\"100%\">\n<tbody>\n<tr>\n<td>Total Display Area<\/td>\n<\/tr>\n<\/tbody>\n<\/table>\n<\/td>\n<td>1.16 m\u00b2<\/td>\n<td>1.16 m\u00b2<\/td>\n<td>1.16 m\u00b2<\/td>\n<td>1.16 m\u00b2<\/td>\n<\/tr>\n<tr>\n<td>Refrigerant<\/td>\n<td>\u00a0R290<\/td>\n<td>\u00a0\u00a0R290<\/td>\n<td>\u00a0R290<\/td>\n<td>\u00a0R290<\/td>\n<\/tr>\n<tr>\n<td>Climate Class<\/td>\n<td>\u00a03L1<\/td>\n<td>\u00a0 3L1<\/td>\n<td>\u00a0 3L1<\/td>\n<td>\u00a0 3L1<\/td>\n<\/tr>\n<tr>\n<td>Energy Characteristics<\/td>\n<td>220-240V \/ 50Hz 2.83 A 334 W<\/td>\n<td>220-240V \/ 50Hz 2.96 A 352 W<\/td>\n<td>220-240V \/ 50-60Hz 2.2 A 510 W<\/td>\n<td>220-240V \/ 50-60Hz 2.19 A 502 W<\/td>\n<\/tr>\n<tr>\n<td>Energy Consumption<\/td>\n<td>\u00a0*<\/td>\n<td>\u00a0*<\/td>\n<td>*<\/td>\n<td>*<\/td>\n<\/tr>\n<tr>\n<td>Insulation Thickness<\/td>\n<td>\u00a070 mm<\/td>\n<td>\u00a070 mm<\/td>\n<td>\u00a070 mm<\/td>\n<td>\u00a070 mm<\/td>\n<\/tr>\n<tr>\n<td>Lid\/Door Type<\/td>\n<td>Lid \u2013 glass<\/td>\n<td>Lid \u2013 glass<\/td>\n<td>Lid \u2013 glass<\/td>\n<td>Lid \u2013 glass<\/td>\n<\/tr>\n<tr>\n<td>Application Tempera<\/td>\n<td>-24\u00baC to -16\u00baC<\/td>\n<td>-24\u00baC to -16\u00baC<\/td>\n<td>-24\u00baC to -16\u00baC<\/td>\n<td>-24\u00baC to -16\u00baC<\/td>\n<\/tr>\n<\/tbody>\n<\/table>\n<\/div>\n<p>* The information is for informational purposes only and is subject to technical changes and cannot be used as a contractual document.<\/p>","protected":false},"excerpt":{"rendered":"<p>It is a plug-in device, which allows high speed and ease of installation, with reduced maintenance costs.<\/p>\n<p>The Fricon SMR LSL 1940 Horizontal Freezer Display Case is a frozen product preservative, made of galvanized steel that makes it robust and corrosion-resistant.<\/p>\n<p>Contemporary design with straight lines.<\/p>\n<p>Broad product visibility and high customization of the POS design.<\/p>\n<p>The Fricon SMR LSL 1940 Horizontal Freezer Display Case has LED lighting, 70mm wall thickness, adjustable thermostat, with low-emissivity tempered glass and a cooling system that maintains the cold.<\/p>\n<p>In harmony with this Fricon SMR LSL 1940 Horizontal Freezer Display Case, we also present our SMR LSL 1700, 2200 and 2500.<\/p>","protected":false},"featured_media":10308,"template":"","meta":{"inline_featured_image":false},"product_brand":[],"product_cat":[77,79],"product_tag":[],"class_list":{"0":"post-10307","1":"product","2":"type-product","3":"status-publish","4":"has-post-thumbnail","6":"product_cat-refrigeracion","7":"product_cat-arcon-congelador","9":"first","10":"instock","11":"shipping-taxable","12":"product-type-simple"},"yoast_head":"<!-- This site is optimized with the Yoast SEO plugin v25.3 - https:\/\/yoast.com\/wordpress\/plugins\/seo\/ -->\n<title>Congeladora Horizontal SMR LSL 1940 - Manuel Hamu Servicios<\/title>\n<meta name=\"robots\" content=\"index, follow, max-snippet:-1, max-image-preview:large, max-video-preview:-1\" \/>\n<link rel=\"canonical\" href=\"https:\/\/manuelhamuservicios.com\/en\/product\/smr-lsl-1940-horizontal-freezer-display-case\/\" \/>\n<meta property=\"og:locale\" content=\"en_GB\" \/>\n<meta property=\"og:type\" content=\"article\" \/>\n<meta property=\"og:title\" content=\"Congeladora Horizontal SMR LSL 1940 - Manuel Hamu Servicios\" \/>\n<meta property=\"og:description\" content=\"Es un dispositivo enchufable, que permite alta velocidad y facilidad de instalaci\u00f3n, con costos de mantenimiento reducidos.  La Vitrina Congeladora Horizontal SMR LSL 1940 Fricon es un conservador de productos congelados, en acero galvanizado que lo hace robusto y resistente a la corrosi\u00f3n.  Dise\u00f1o contempor\u00e1neo con l\u00edneas rectas.  Amplia visibilidad del producto y alta personalizaci\u00f3n del dise\u00f1o del POS.  La Vitrina Congeladora Horizontal SMR LSL 1940 Fricon tiene iluminaci\u00f3n LED, espesor de pared 70mm, termostato regulable, con cristal templado de baja emisividad y sistema de sedaci\u00f3n del equipo que mantiene el fr\u00edo.  En armon\u00eda con esta Vitrina Congeladora Horizontal SMR LSL 1940 Fricon tambi\u00e9n presentamos nuestro SMR LSL\u00a01700,\u00a02200\u00a0y\u00a02500.\" \/>\n<meta property=\"og:url\" content=\"https:\/\/manuelhamuservicios.com\/en\/product\/smr-lsl-1940-horizontal-freezer-display-case\/\" \/>\n<meta property=\"og:site_name\" content=\"Manuel Hamu Servicios\" \/>\n<meta property=\"article:modified_time\" content=\"2021-04-26T07:40:53+00:00\" \/>\n<meta property=\"og:image\" content=\"https:\/\/manuelhamuservicios.com\/wp-content\/uploads\/2021\/04\/fricon-vitrina-congeladora-horizontal-smr-1940-lsl-smr-194-lsl.jpeg\" \/>\n\t<meta property=\"og:image:width\" content=\"1080\" \/>\n\t<meta property=\"og:image:height\" content=\"1200\" \/>\n\t<meta property=\"og:image:type\" content=\"image\/jpeg\" \/>\n<meta name=\"twitter:card\" content=\"summary_large_image\" \/>\n<meta name=\"twitter:label1\" content=\"Estimated reading time\" \/>\n\t<meta name=\"twitter:data1\" content=\"1 minute\" \/>\n<script type=\"application\/ld+json\" class=\"yoast-schema-graph\">{\"@context\":\"https:\/\/schema.org\",\"@graph\":[{\"@type\":\"WebPage\",\"@id\":\"https:\/\/manuelhamuservicios.com\/producto\/vitrina-congeladora-horizontal-smr-lsl-1940\/\",\"url\":\"https:\/\/manuelhamuservicios.com\/producto\/vitrina-congeladora-horizontal-smr-lsl-1940\/\",\"name\":\"Congeladora Horizontal SMR LSL 1940 - Manuel Hamu Servicios\",\"isPartOf\":{\"@id\":\"https:\/\/manuelhamuservicios.com\/#website\"},\"primaryImageOfPage\":{\"@id\":\"https:\/\/manuelhamuservicios.com\/producto\/vitrina-congeladora-horizontal-smr-lsl-1940\/#primaryimage\"},\"image\":{\"@id\":\"https:\/\/manuelhamuservicios.com\/producto\/vitrina-congeladora-horizontal-smr-lsl-1940\/#primaryimage\"},\"thumbnailUrl\":\"https:\/\/manuelhamuservicios.com\/wp-content\/uploads\/2021\/04\/fricon-vitrina-congeladora-horizontal-smr-1940-lsl-smr-194-lsl.jpeg\",\"datePublished\":\"2021-04-19T09:32:45+00:00\",\"dateModified\":\"2021-04-26T07:40:53+00:00\",\"breadcrumb\":{\"@id\":\"https:\/\/manuelhamuservicios.com\/producto\/vitrina-congeladora-horizontal-smr-lsl-1940\/#breadcrumb\"},\"inLanguage\":\"en-GB\",\"potentialAction\":[{\"@type\":\"ReadAction\",\"target\":[\"https:\/\/manuelhamuservicios.com\/producto\/vitrina-congeladora-horizontal-smr-lsl-1940\/\"]}]},{\"@type\":\"ImageObject\",\"inLanguage\":\"en-GB\",\"@id\":\"https:\/\/manuelhamuservicios.com\/producto\/vitrina-congeladora-horizontal-smr-lsl-1940\/#primaryimage\",\"url\":\"https:\/\/manuelhamuservicios.com\/wp-content\/uploads\/2021\/04\/fricon-vitrina-congeladora-horizontal-smr-1940-lsl-smr-194-lsl.jpeg\",\"contentUrl\":\"https:\/\/manuelhamuservicios.com\/wp-content\/uploads\/2021\/04\/fricon-vitrina-congeladora-horizontal-smr-1940-lsl-smr-194-lsl.jpeg\",\"width\":1080,\"height\":1200},{\"@type\":\"BreadcrumbList\",\"@id\":\"https:\/\/manuelhamuservicios.com\/producto\/vitrina-congeladora-horizontal-smr-lsl-1940\/#breadcrumb\",\"itemListElement\":[{\"@type\":\"ListItem\",\"position\":1,\"name\":\"Portada\",\"item\":\"https:\/\/manuelhamuservicios.com\/\"},{\"@type\":\"ListItem\",\"position\":2,\"name\":\"Productos\",\"item\":\"https:\/\/manuelhamuservicios.com\/en\/mhs-products\/\"},{\"@type\":\"ListItem\",\"position\":3,\"name\":\"Congeladora Horizontal SMR LSL 1940\"}]},{\"@type\":\"WebSite\",\"@id\":\"https:\/\/manuelhamuservicios.com\/#website\",\"url\":\"https:\/\/manuelhamuservicios.com\/\",\"name\":\"Manuel Hamu Servicios\",\"description\":\"Mobiliario comercial, maquinaria alimentaria y balanzas comerciales.\",\"publisher\":{\"@id\":\"https:\/\/manuelhamuservicios.com\/#organization\"},\"potentialAction\":[{\"@type\":\"SearchAction\",\"target\":{\"@type\":\"EntryPoint\",\"urlTemplate\":\"https:\/\/manuelhamuservicios.com\/?s={search_term_string}\"},\"query-input\":{\"@type\":\"PropertyValueSpecification\",\"valueRequired\":true,\"valueName\":\"search_term_string\"}}],\"inLanguage\":\"en-GB\"},{\"@type\":\"Organization\",\"@id\":\"https:\/\/manuelhamuservicios.com\/#organization\",\"name\":\"Manuel Hamu Servicios\",\"url\":\"https:\/\/manuelhamuservicios.com\/\",\"logo\":{\"@type\":\"ImageObject\",\"inLanguage\":\"en-GB\",\"@id\":\"https:\/\/manuelhamuservicios.com\/#\/schema\/logo\/image\/\",\"url\":\"https:\/\/manuelhamuservicios.com\/wp-content\/uploads\/2023\/08\/cropped-WhatsApp-Image-2023-08-08-at-08.34.04.jpeg\",\"contentUrl\":\"https:\/\/manuelhamuservicios.com\/wp-content\/uploads\/2023\/08\/cropped-WhatsApp-Image-2023-08-08-at-08.34.04.jpeg\",\"width\":512,\"height\":512,\"caption\":\"Manuel Hamu Servicios\"},\"image\":{\"@id\":\"https:\/\/manuelhamuservicios.com\/#\/schema\/logo\/image\/\"}}]}<\/script>\n<!-- \/ Yoast SEO plugin. -->","yoast_head_json":{"title":"SMR LSL 1940 Chest Freezer - Manuel Hamu Services","robots":{"index":"index","follow":"follow","max-snippet":"max-snippet:-1","max-image-preview":"max-image-preview:large","max-video-preview":"max-video-preview:-1"},"canonical":"https:\/\/manuelhamuservicios.com\/en\/product\/smr-lsl-1940-horizontal-freezer-display-case\/","og_locale":"en_GB","og_type":"article","og_title":"Congeladora Horizontal SMR LSL 1940 - Manuel Hamu Servicios","og_description":"Es un dispositivo enchufable, que permite alta velocidad y facilidad de instalaci\u00f3n, con costos de mantenimiento reducidos.  La Vitrina Congeladora Horizontal SMR LSL 1940 Fricon es un conservador de productos congelados, en acero galvanizado que lo hace robusto y resistente a la corrosi\u00f3n.  Dise\u00f1o contempor\u00e1neo con l\u00edneas rectas.  Amplia visibilidad del producto y alta personalizaci\u00f3n del dise\u00f1o del POS.  La Vitrina Congeladora Horizontal SMR LSL 1940 Fricon tiene iluminaci\u00f3n LED, espesor de pared 70mm, termostato regulable, con cristal templado de baja emisividad y sistema de sedaci\u00f3n del equipo que mantiene el fr\u00edo.  En armon\u00eda con esta Vitrina Congeladora Horizontal SMR LSL 1940 Fricon tambi\u00e9n presentamos nuestro SMR LSL\u00a01700,\u00a02200\u00a0y\u00a02500.","og_url":"https:\/\/manuelhamuservicios.com\/en\/product\/smr-lsl-1940-horizontal-freezer-display-case\/","og_site_name":"Manuel Hamu Servicios","article_modified_time":"2021-04-26T07:40:53+00:00","og_image":[{"width":1080,"height":1200,"url":"https:\/\/manuelhamuservicios.com\/wp-content\/uploads\/2021\/04\/fricon-vitrina-congeladora-horizontal-smr-1940-lsl-smr-194-lsl.jpeg","type":"image\/jpeg"}],"twitter_card":"summary_large_image","twitter_misc":{"Estimated reading time":"1 minute"},"schema":{"@context":"https:\/\/schema.org","@graph":[{"@type":"WebPage","@id":"https:\/\/manuelhamuservicios.com\/producto\/vitrina-congeladora-horizontal-smr-lsl-1940\/","url":"https:\/\/manuelhamuservicios.com\/producto\/vitrina-congeladora-horizontal-smr-lsl-1940\/","name":"SMR LSL 1940 Chest Freezer - Manuel Hamu Services","isPartOf":{"@id":"https:\/\/manuelhamuservicios.com\/#website"},"primaryImageOfPage":{"@id":"https:\/\/manuelhamuservicios.com\/producto\/vitrina-congeladora-horizontal-smr-lsl-1940\/#primaryimage"},"image":{"@id":"https:\/\/manuelhamuservicios.com\/producto\/vitrina-congeladora-horizontal-smr-lsl-1940\/#primaryimage"},"thumbnailUrl":"https:\/\/manuelhamuservicios.com\/wp-content\/uploads\/2021\/04\/fricon-vitrina-congeladora-horizontal-smr-1940-lsl-smr-194-lsl.jpeg","datePublished":"2021-04-19T09:32:45+00:00","dateModified":"2021-04-26T07:40:53+00:00","breadcrumb":{"@id":"https:\/\/manuelhamuservicios.com\/producto\/vitrina-congeladora-horizontal-smr-lsl-1940\/#breadcrumb"},"inLanguage":"en-GB","potentialAction":[{"@type":"ReadAction","target":["https:\/\/manuelhamuservicios.com\/producto\/vitrina-congeladora-horizontal-smr-lsl-1940\/"]}]},{"@type":"ImageObject","inLanguage":"en-GB","@id":"https:\/\/manuelhamuservicios.com\/producto\/vitrina-congeladora-horizontal-smr-lsl-1940\/#primaryimage","url":"https:\/\/manuelhamuservicios.com\/wp-content\/uploads\/2021\/04\/fricon-vitrina-congeladora-horizontal-smr-1940-lsl-smr-194-lsl.jpeg","contentUrl":"https:\/\/manuelhamuservicios.com\/wp-content\/uploads\/2021\/04\/fricon-vitrina-congeladora-horizontal-smr-1940-lsl-smr-194-lsl.jpeg","width":1080,"height":1200},{"@type":"BreadcrumbList","@id":"https:\/\/manuelhamuservicios.com\/producto\/vitrina-congeladora-horizontal-smr-lsl-1940\/#breadcrumb","itemListElement":[{"@type":"ListItem","position":1,"name":"Portada","item":"https:\/\/manuelhamuservicios.com\/"},{"@type":"ListItem","position":2,"name":"Productos","item":"https:\/\/manuelhamuservicios.com\/en\/mhs-products\/"},{"@type":"ListItem","position":3,"name":"Congeladora Horizontal SMR LSL 1940"}]},{"@type":"WebSite","@id":"https:\/\/manuelhamuservicios.com\/#website","url":"https:\/\/manuelhamuservicios.com\/","name":"Manuel Hamu Services","description":"Commercial furniture, food machinery and commercial scales.","publisher":{"@id":"https:\/\/manuelhamuservicios.com\/#organization"},"potentialAction":[{"@type":"SearchAction","target":{"@type":"EntryPoint","urlTemplate":"https:\/\/manuelhamuservicios.com\/?s={search_term_string}"},"query-input":{"@type":"PropertyValueSpecification","valueRequired":true,"valueName":"search_term_string"}}],"inLanguage":"en-GB"},{"@type":"Organization","@id":"https:\/\/manuelhamuservicios.com\/#organization","name":"Manuel Hamu Services","url":"https:\/\/manuelhamuservicios.com\/","logo":{"@type":"ImageObject","inLanguage":"en-GB","@id":"https:\/\/manuelhamuservicios.com\/#\/schema\/logo\/image\/","url":"https:\/\/manuelhamuservicios.com\/wp-content\/uploads\/2023\/08\/cropped-WhatsApp-Image-2023-08-08-at-08.34.04.jpeg","contentUrl":"https:\/\/manuelhamuservicios.com\/wp-content\/uploads\/2023\/08\/cropped-WhatsApp-Image-2023-08-08-at-08.34.04.jpeg","width":512,"height":512,"caption":"Manuel Hamu Servicios"},"image":{"@id":"https:\/\/manuelhamuservicios.com\/#\/schema\/logo\/image\/"}}]}},"_links":{"self":[{"href":"https:\/\/manuelhamuservicios.com\/en\/wp-json\/wp\/v2\/product\/10307","targetHints":{"allow":["GET"]}}],"collection":[{"href":"https:\/\/manuelhamuservicios.com\/en\/wp-json\/wp\/v2\/product"}],"about":[{"href":"https:\/\/manuelhamuservicios.com\/en\/wp-json\/wp\/v2\/types\/product"}],"version-history":[{"count":2,"href":"https:\/\/manuelhamuservicios.com\/en\/wp-json\/wp\/v2\/product\/10307\/revisions"}],"predecessor-version":[{"id":10389,"href":"https:\/\/manuelhamuservicios.com\/en\/wp-json\/wp\/v2\/product\/10307\/revisions\/10389"}],"wp:featuredmedia":[{"embeddable":true,"href":"https:\/\/manuelhamuservicios.com\/en\/wp-json\/wp\/v2\/media\/10308"}],"wp:attachment":[{"href":"https:\/\/manuelhamuservicios.com\/en\/wp-json\/wp\/v2\/media?parent=10307"}],"wp:term":[{"taxonomy":"product_brand","embeddable":true,"href":"https:\/\/manuelhamuservicios.com\/en\/wp-json\/wp\/v2\/product_brand?post=10307"},{"taxonomy":"product_cat","embeddable":true,"href":"https:\/\/manuelhamuservicios.com\/en\/wp-json\/wp\/v2\/product_cat?post=10307"},{"taxonomy":"product_tag","embeddable":true,"href":"https:\/\/manuelhamuservicios.com\/en\/wp-json\/wp\/v2\/product_tag?post=10307"}],"curies":[{"name":"wp","href":"https:\/\/api.w.org\/{rel}","templated":true}]}}