{"id":10407,"date":"2021-04-26T09:06:23","date_gmt":"2021-04-26T09:06:23","guid":{"rendered":"https:\/\/mhservicios.es\/?post_type=product&#038;p=10407"},"modified":"2021-04-26T09:14:25","modified_gmt":"2021-04-26T09:14:25","slug":"bc-1800-band-saw","status":"publish","type":"product","link":"https:\/\/manuelhamuservicios.com\/en\/product\/bc-1800-band-saw\/","title":{"rendered":"BC-1800 band saw"},"content":{"rendered":"<div data-elementor-type=\"product-post\" data-elementor-id=\"10407\" class=\"elementor elementor-10407\" data-elementor-post-type=\"product\">\n\t\t\t\t\t\t<section data-particle_enable=\"false\" data-particle-mobile-disabled=\"false\" class=\"wd-negative-gap elementor-section elementor-top-section elementor-element elementor-element-b20244d elementor-section-boxed elementor-section-height-default elementor-section-height-default\" data-id=\"b20244d\" data-element_type=\"section\">\n\t\t\t\t\t\t<div class=\"elementor-container elementor-column-gap-default\">\n\t\t\t\t\t<div class=\"elementor-column elementor-col-100 elementor-top-column elementor-element elementor-element-fcab9b7\" data-id=\"fcab9b7\" data-element_type=\"column\">\n\t\t\t<div class=\"elementor-widget-wrap elementor-element-populated\">\n\t\t\t\t\t\t<div class=\"elementor-element elementor-element-08107e8 elementor-tabs-view-horizontal elementor-widget elementor-widget-tabs\" data-id=\"08107e8\" data-element_type=\"widget\" data-widget_type=\"tabs.default\">\n\t\t\t\t<div class=\"elementor-widget-container\">\n\t\t\t\t\t\t\t<div class=\"elementor-tabs\">\n\t\t\t<div class=\"elementor-tabs-wrapper\" role=\"tablist\" >\n\t\t\t\t\t\t\t\t\t<div id=\"elementor-tab-title-8451\" class=\"elementor-tab-title elementor-tab-desktop-title\" aria-selected=\"true\" data-tab=\"1\" role=\"tab\" tabindex=\"0\" aria-controls=\"elementor-tab-content-8451\" aria-expanded=\"false\">Technical data<\/div>\n\t\t\t\t\t\t\t\t\t<div id=\"elementor-tab-title-8452\" class=\"elementor-tab-title elementor-tab-desktop-title\" aria-selected=\"false\" data-tab=\"2\" role=\"tab\" tabindex=\"-1\" aria-controls=\"elementor-tab-content-8452\" aria-expanded=\"false\">Characteristics<\/div>\n\t\t\t\t\t\t\t\t\t<div id=\"elementor-tab-title-8453\" class=\"elementor-tab-title elementor-tab-desktop-title\" aria-selected=\"false\" data-tab=\"3\" role=\"tab\" tabindex=\"-1\" aria-controls=\"elementor-tab-content-8453\" aria-expanded=\"false\">Documentation<\/div>\n\t\t\t\t\t\t\t<\/div>\n\t\t\t<div class=\"elementor-tabs-content-wrapper\" role=\"tablist\" aria-orientation=\"vertical\">\n\t\t\t\t\t\t\t\t\t<div class=\"elementor-tab-title elementor-tab-mobile-title\" aria-selected=\"true\" data-tab=\"1\" role=\"tab\" tabindex=\"0\" aria-controls=\"elementor-tab-content-8451\" aria-expanded=\"false\">Technical data<\/div>\n\t\t\t\t\t<div id=\"elementor-tab-content-8451\" class=\"elementor-tab-content elementor-clearfix\" data-tab=\"1\" role=\"tabpanel\" aria-labelledby=\"elementor-tab-title-8451\" tabindex=\"0\" hidden=\"false\"><p><img fetchpriority=\"high\" decoding=\"async\" class=\"alignnone wp-image-10412 size-full\" src=\"https:\/\/equipamientosmh.com\/wp-content\/uploads\/2021\/04\/BCmides-1.jpeg\" alt=\"\" width=\"770\" height=\"300\" srcset=\"https:\/\/manuelhamuservicios.com\/wp-content\/uploads\/2021\/04\/BCmides-1.jpeg 770w, https:\/\/manuelhamuservicios.com\/wp-content\/uploads\/2021\/04\/BCmides-1-150x58.jpeg 150w, https:\/\/manuelhamuservicios.com\/wp-content\/uploads\/2021\/04\/BCmides-1-300x117.jpeg 300w, https:\/\/manuelhamuservicios.com\/wp-content\/uploads\/2021\/04\/BCmides-1-768x299.jpeg 768w\" sizes=\"(max-width: 770px) 100vw, 770px\" \/><\/p><\/div>\n\t\t\t\t\t\t\t\t\t<div class=\"elementor-tab-title elementor-tab-mobile-title\" aria-selected=\"false\" data-tab=\"2\" role=\"tab\" tabindex=\"-1\" aria-controls=\"elementor-tab-content-8452\" aria-expanded=\"false\">Characteristics<\/div>\n\t\t\t\t\t<div id=\"elementor-tab-content-8452\" class=\"elementor-tab-content elementor-clearfix\" data-tab=\"2\" role=\"tabpanel\" aria-labelledby=\"elementor-tab-title-8452\" tabindex=\"0\" hidden=\"hidden\"><p>This model has just replaced (December 2013) the veteran and successful BM-1800.<br \/>It maintains the same 230 mm wheel diameter and 1750 mm belt length. The lines of its elegant exterior design have been rounded off to match the rest of the models in the new generation of BC saws.<\/p><\/div>\n\t\t\t\t\t\t\t\t\t<div class=\"elementor-tab-title elementor-tab-mobile-title\" aria-selected=\"false\" data-tab=\"3\" role=\"tab\" tabindex=\"-1\" aria-controls=\"elementor-tab-content-8453\" aria-expanded=\"false\">Documentation<\/div>\n\t\t\t\t\t<div id=\"elementor-tab-content-8453\" class=\"elementor-tab-content elementor-clearfix\" data-tab=\"3\" role=\"tabpanel\" aria-labelledby=\"elementor-tab-title-8453\" tabindex=\"0\" hidden=\"hidden\"><ul><li><a class=\"link\" href=\"https:\/\/files.mainca.com\/Catalogues\/BC.pdf\" target=\"_blank\" rel=\"noopener\"><img decoding=\"async\" src=\"https:\/\/mainca.com\/\/img\/ico-pdf.jpg\" \/>Catalogs<\/a><\/li><\/ul><\/div>\n\t\t\t\t\t\t\t<\/div>\n\t\t<\/div>\n\t\t\t\t\t\t<\/div>\n\t\t\t\t<\/div>\n\t\t\t\t\t<\/div>\n\t\t<\/div>\n\t\t\t\t\t<\/div>\n\t\t<\/section>\n\t\t\t\t<\/div>","protected":false},"excerpt":{"rendered":"<p>Construction: Completely in 18\/10 stainless steel except for anodized aluminum wheels.<br \/>\nWheel diameter: 230 mm<br \/>\nTape length: 1750 mm<br \/>\nCutting Height: 175 mm<br \/>\nCutting Thickness: 200 mm<\/p>\n<p>Engines:<br \/>\nThree-phase 1.25 or 1.5HP \/ 0.92 or 1.10 kW (230-400V 50Hz \/ 220V 60Hz)<br \/>\nSingle-phase 1.5 HP \/ 1.10 kW (230V 50Hz \/ 220V 60Hz)<\/p>\n<p>The basic model includes a manual belt tensioner, a thickness adjustment stop, and a tilting clamp with a fixed intermediate belt support.<\/p>\n<p><strong>OPTIONS:<\/strong><br \/>\nAutomatic tape tensioner.<br \/>\nWaste collection box.<br \/>\nMobile half cutting table with adjustable intermediate belt support.<br \/>\nStainless steel floor support foot.<br \/>\nForced ventilation kit.<\/p>","protected":false},"featured_media":10408,"template":"","meta":{"inline_featured_image":false},"product_brand":[],"product_cat":[83,86],"product_tag":[],"class_list":{"0":"post-10407","1":"product","2":"type-product","3":"status-publish","4":"has-post-thumbnail","6":"product_cat-maquinaria-alimentacion","7":"product_cat-sierras","9":"first","10":"instock","11":"virtual","12":"product-type-simple"},"yoast_head":"<!-- This site is optimized with the Yoast SEO plugin v25.3 - https:\/\/yoast.com\/wordpress\/plugins\/seo\/ -->\n<title>Sierra de cinta BC-1800 - Manuel Hamu Servicios<\/title>\n<meta name=\"robots\" content=\"index, follow, max-snippet:-1, max-image-preview:large, max-video-preview:-1\" \/>\n<link rel=\"canonical\" href=\"https:\/\/manuelhamuservicios.com\/en\/product\/bc-1800-band-saw\/\" \/>\n<meta property=\"og:locale\" content=\"en_GB\" \/>\n<meta property=\"og:type\" content=\"article\" \/>\n<meta property=\"og:title\" content=\"Sierra de cinta BC-1800 - Manuel Hamu Servicios\" \/>\n<meta property=\"og:description\" content=\"Construcci\u00f3n: Totalmente en acero inoxidable 18\/10 excepto ruedas en aluminio anodizado. Di\u00e1metro rueda: 230 mm Longitud cinta: 1750 mm Altura de Corte: 175 mm Espesor de Corte: 200 mm  Motores: Trif\u00e1sicos de 1.25 o 1.5HP \/ 0,92 o 1,10 kW (230-400V 50Hz \/ 220V 60Hz) Monof\u00e1sicos de 1.5 HP \/ 1,10 kW (230V 50Hz \/ 220V 60Hz)  El modelo b\u00e1sico incluye tensor manual de la cinta, tope regulador de gruesos y apretador basculante con apoyo intermedio de la cinta fijo.  OPCIONES: Tensor autom\u00e1tico de la cinta. Cajet\u00edn recolector de merma. Media mesa de corte m\u00f3vil con apoyo intermedio de la cinta graduable. Pie soporte al suelo en acero inox. Kit de ventilaci\u00f3n forzada.\" \/>\n<meta property=\"og:url\" content=\"https:\/\/manuelhamuservicios.com\/en\/product\/bc-1800-band-saw\/\" \/>\n<meta property=\"og:site_name\" content=\"Manuel Hamu Servicios\" \/>\n<meta property=\"article:modified_time\" content=\"2021-04-26T09:14:25+00:00\" \/>\n<meta property=\"og:image\" content=\"https:\/\/manuelhamuservicios.com\/wp-content\/uploads\/2021\/04\/1BC19_det1.jpeg\" \/>\n\t<meta property=\"og:image:width\" content=\"600\" \/>\n\t<meta property=\"og:image:height\" content=\"750\" \/>\n\t<meta property=\"og:image:type\" content=\"image\/jpeg\" \/>\n<meta name=\"twitter:card\" content=\"summary_large_image\" \/>\n<script type=\"application\/ld+json\" class=\"yoast-schema-graph\">{\"@context\":\"https:\/\/schema.org\",\"@graph\":[{\"@type\":\"WebPage\",\"@id\":\"https:\/\/manuelhamuservicios.com\/producto\/sierra-de-cinta-bc-1800\/\",\"url\":\"https:\/\/manuelhamuservicios.com\/producto\/sierra-de-cinta-bc-1800\/\",\"name\":\"Sierra de cinta BC-1800 - Manuel Hamu Servicios\",\"isPartOf\":{\"@id\":\"https:\/\/manuelhamuservicios.com\/#website\"},\"primaryImageOfPage\":{\"@id\":\"https:\/\/manuelhamuservicios.com\/producto\/sierra-de-cinta-bc-1800\/#primaryimage\"},\"image\":{\"@id\":\"https:\/\/manuelhamuservicios.com\/producto\/sierra-de-cinta-bc-1800\/#primaryimage\"},\"thumbnailUrl\":\"https:\/\/manuelhamuservicios.com\/wp-content\/uploads\/2021\/04\/1BC19_det1.jpeg\",\"datePublished\":\"2021-04-26T09:06:23+00:00\",\"dateModified\":\"2021-04-26T09:14:25+00:00\",\"breadcrumb\":{\"@id\":\"https:\/\/manuelhamuservicios.com\/producto\/sierra-de-cinta-bc-1800\/#breadcrumb\"},\"inLanguage\":\"en-GB\",\"potentialAction\":[{\"@type\":\"ReadAction\",\"target\":[\"https:\/\/manuelhamuservicios.com\/producto\/sierra-de-cinta-bc-1800\/\"]}]},{\"@type\":\"ImageObject\",\"inLanguage\":\"en-GB\",\"@id\":\"https:\/\/manuelhamuservicios.com\/producto\/sierra-de-cinta-bc-1800\/#primaryimage\",\"url\":\"https:\/\/manuelhamuservicios.com\/wp-content\/uploads\/2021\/04\/1BC19_det1.jpeg\",\"contentUrl\":\"https:\/\/manuelhamuservicios.com\/wp-content\/uploads\/2021\/04\/1BC19_det1.jpeg\",\"width\":600,\"height\":750},{\"@type\":\"BreadcrumbList\",\"@id\":\"https:\/\/manuelhamuservicios.com\/producto\/sierra-de-cinta-bc-1800\/#breadcrumb\",\"itemListElement\":[{\"@type\":\"ListItem\",\"position\":1,\"name\":\"Portada\",\"item\":\"https:\/\/manuelhamuservicios.com\/\"},{\"@type\":\"ListItem\",\"position\":2,\"name\":\"Productos\",\"item\":\"https:\/\/manuelhamuservicios.com\/en\/mhs-products\/\"},{\"@type\":\"ListItem\",\"position\":3,\"name\":\"Sierra de cinta BC-1800\"}]},{\"@type\":\"WebSite\",\"@id\":\"https:\/\/manuelhamuservicios.com\/#website\",\"url\":\"https:\/\/manuelhamuservicios.com\/\",\"name\":\"Manuel Hamu Servicios\",\"description\":\"Mobiliario comercial, maquinaria alimentaria y balanzas comerciales.\",\"publisher\":{\"@id\":\"https:\/\/manuelhamuservicios.com\/#organization\"},\"potentialAction\":[{\"@type\":\"SearchAction\",\"target\":{\"@type\":\"EntryPoint\",\"urlTemplate\":\"https:\/\/manuelhamuservicios.com\/?s={search_term_string}\"},\"query-input\":{\"@type\":\"PropertyValueSpecification\",\"valueRequired\":true,\"valueName\":\"search_term_string\"}}],\"inLanguage\":\"en-GB\"},{\"@type\":\"Organization\",\"@id\":\"https:\/\/manuelhamuservicios.com\/#organization\",\"name\":\"Manuel Hamu Servicios\",\"url\":\"https:\/\/manuelhamuservicios.com\/\",\"logo\":{\"@type\":\"ImageObject\",\"inLanguage\":\"en-GB\",\"@id\":\"https:\/\/manuelhamuservicios.com\/#\/schema\/logo\/image\/\",\"url\":\"https:\/\/manuelhamuservicios.com\/wp-content\/uploads\/2023\/08\/cropped-WhatsApp-Image-2023-08-08-at-08.34.04.jpeg\",\"contentUrl\":\"https:\/\/manuelhamuservicios.com\/wp-content\/uploads\/2023\/08\/cropped-WhatsApp-Image-2023-08-08-at-08.34.04.jpeg\",\"width\":512,\"height\":512,\"caption\":\"Manuel Hamu Servicios\"},\"image\":{\"@id\":\"https:\/\/manuelhamuservicios.com\/#\/schema\/logo\/image\/\"}}]}<\/script>\n<!-- \/ Yoast SEO plugin. -->","yoast_head_json":{"title":"BC-1800 Band Saw - Manuel Hamu Services","robots":{"index":"index","follow":"follow","max-snippet":"max-snippet:-1","max-image-preview":"max-image-preview:large","max-video-preview":"max-video-preview:-1"},"canonical":"https:\/\/manuelhamuservicios.com\/en\/product\/bc-1800-band-saw\/","og_locale":"en_GB","og_type":"article","og_title":"Sierra de cinta BC-1800 - Manuel Hamu Servicios","og_description":"Construcci\u00f3n: Totalmente en acero inoxidable 18\/10 excepto ruedas en aluminio anodizado. Di\u00e1metro rueda: 230 mm Longitud cinta: 1750 mm Altura de Corte: 175 mm Espesor de Corte: 200 mm  Motores: Trif\u00e1sicos de 1.25 o 1.5HP \/ 0,92 o 1,10 kW (230-400V 50Hz \/ 220V 60Hz) Monof\u00e1sicos de 1.5 HP \/ 1,10 kW (230V 50Hz \/ 220V 60Hz)  El modelo b\u00e1sico incluye tensor manual de la cinta, tope regulador de gruesos y apretador basculante con apoyo intermedio de la cinta fijo.  OPCIONES: Tensor autom\u00e1tico de la cinta. Cajet\u00edn recolector de merma. Media mesa de corte m\u00f3vil con apoyo intermedio de la cinta graduable. Pie soporte al suelo en acero inox. Kit de ventilaci\u00f3n forzada.","og_url":"https:\/\/manuelhamuservicios.com\/en\/product\/bc-1800-band-saw\/","og_site_name":"Manuel Hamu Servicios","article_modified_time":"2021-04-26T09:14:25+00:00","og_image":[{"width":600,"height":750,"url":"https:\/\/manuelhamuservicios.com\/wp-content\/uploads\/2021\/04\/1BC19_det1.jpeg","type":"image\/jpeg"}],"twitter_card":"summary_large_image","schema":{"@context":"https:\/\/schema.org","@graph":[{"@type":"WebPage","@id":"https:\/\/manuelhamuservicios.com\/producto\/sierra-de-cinta-bc-1800\/","url":"https:\/\/manuelhamuservicios.com\/producto\/sierra-de-cinta-bc-1800\/","name":"BC-1800 Band Saw - Manuel Hamu Services","isPartOf":{"@id":"https:\/\/manuelhamuservicios.com\/#website"},"primaryImageOfPage":{"@id":"https:\/\/manuelhamuservicios.com\/producto\/sierra-de-cinta-bc-1800\/#primaryimage"},"image":{"@id":"https:\/\/manuelhamuservicios.com\/producto\/sierra-de-cinta-bc-1800\/#primaryimage"},"thumbnailUrl":"https:\/\/manuelhamuservicios.com\/wp-content\/uploads\/2021\/04\/1BC19_det1.jpeg","datePublished":"2021-04-26T09:06:23+00:00","dateModified":"2021-04-26T09:14:25+00:00","breadcrumb":{"@id":"https:\/\/manuelhamuservicios.com\/producto\/sierra-de-cinta-bc-1800\/#breadcrumb"},"inLanguage":"en-GB","potentialAction":[{"@type":"ReadAction","target":["https:\/\/manuelhamuservicios.com\/producto\/sierra-de-cinta-bc-1800\/"]}]},{"@type":"ImageObject","inLanguage":"en-GB","@id":"https:\/\/manuelhamuservicios.com\/producto\/sierra-de-cinta-bc-1800\/#primaryimage","url":"https:\/\/manuelhamuservicios.com\/wp-content\/uploads\/2021\/04\/1BC19_det1.jpeg","contentUrl":"https:\/\/manuelhamuservicios.com\/wp-content\/uploads\/2021\/04\/1BC19_det1.jpeg","width":600,"height":750},{"@type":"BreadcrumbList","@id":"https:\/\/manuelhamuservicios.com\/producto\/sierra-de-cinta-bc-1800\/#breadcrumb","itemListElement":[{"@type":"ListItem","position":1,"name":"Portada","item":"https:\/\/manuelhamuservicios.com\/"},{"@type":"ListItem","position":2,"name":"Productos","item":"https:\/\/manuelhamuservicios.com\/en\/mhs-products\/"},{"@type":"ListItem","position":3,"name":"Sierra de cinta BC-1800"}]},{"@type":"WebSite","@id":"https:\/\/manuelhamuservicios.com\/#website","url":"https:\/\/manuelhamuservicios.com\/","name":"Manuel Hamu Services","description":"Commercial furniture, food machinery and commercial scales.","publisher":{"@id":"https:\/\/manuelhamuservicios.com\/#organization"},"potentialAction":[{"@type":"SearchAction","target":{"@type":"EntryPoint","urlTemplate":"https:\/\/manuelhamuservicios.com\/?s={search_term_string}"},"query-input":{"@type":"PropertyValueSpecification","valueRequired":true,"valueName":"search_term_string"}}],"inLanguage":"en-GB"},{"@type":"Organization","@id":"https:\/\/manuelhamuservicios.com\/#organization","name":"Manuel Hamu Services","url":"https:\/\/manuelhamuservicios.com\/","logo":{"@type":"ImageObject","inLanguage":"en-GB","@id":"https:\/\/manuelhamuservicios.com\/#\/schema\/logo\/image\/","url":"https:\/\/manuelhamuservicios.com\/wp-content\/uploads\/2023\/08\/cropped-WhatsApp-Image-2023-08-08-at-08.34.04.jpeg","contentUrl":"https:\/\/manuelhamuservicios.com\/wp-content\/uploads\/2023\/08\/cropped-WhatsApp-Image-2023-08-08-at-08.34.04.jpeg","width":512,"height":512,"caption":"Manuel Hamu Servicios"},"image":{"@id":"https:\/\/manuelhamuservicios.com\/#\/schema\/logo\/image\/"}}]}},"_links":{"self":[{"href":"https:\/\/manuelhamuservicios.com\/en\/wp-json\/wp\/v2\/product\/10407","targetHints":{"allow":["GET"]}}],"collection":[{"href":"https:\/\/manuelhamuservicios.com\/en\/wp-json\/wp\/v2\/product"}],"about":[{"href":"https:\/\/manuelhamuservicios.com\/en\/wp-json\/wp\/v2\/types\/product"}],"version-history":[{"count":4,"href":"https:\/\/manuelhamuservicios.com\/en\/wp-json\/wp\/v2\/product\/10407\/revisions"}],"predecessor-version":[{"id":10415,"href":"https:\/\/manuelhamuservicios.com\/en\/wp-json\/wp\/v2\/product\/10407\/revisions\/10415"}],"wp:featuredmedia":[{"embeddable":true,"href":"https:\/\/manuelhamuservicios.com\/en\/wp-json\/wp\/v2\/media\/10408"}],"wp:attachment":[{"href":"https:\/\/manuelhamuservicios.com\/en\/wp-json\/wp\/v2\/media?parent=10407"}],"wp:term":[{"taxonomy":"product_brand","embeddable":true,"href":"https:\/\/manuelhamuservicios.com\/en\/wp-json\/wp\/v2\/product_brand?post=10407"},{"taxonomy":"product_cat","embeddable":true,"href":"https:\/\/manuelhamuservicios.com\/en\/wp-json\/wp\/v2\/product_cat?post=10407"},{"taxonomy":"product_tag","embeddable":true,"href":"https:\/\/manuelhamuservicios.com\/en\/wp-json\/wp\/v2\/product_tag?post=10407"}],"curies":[{"name":"wp","href":"https:\/\/api.w.org\/{rel}","templated":true}]}}