{"id":10430,"date":"2021-04-26T09:29:43","date_gmt":"2021-04-26T09:29:43","guid":{"rendered":"https:\/\/mhservicios.es\/?post_type=product&#038;p=10430"},"modified":"2021-04-26T09:33:37","modified_gmt":"2021-04-26T09:33:37","slug":"fc-20-stuffer","status":"publish","type":"product","link":"https:\/\/manuelhamuservicios.com\/en\/product\/fc-20-stuffer\/","title":{"rendered":"FC-20 stuffer"},"content":{"rendered":"<div data-elementor-type=\"product-post\" data-elementor-id=\"10430\" class=\"elementor elementor-10430\" data-elementor-post-type=\"product\">\n\t\t\t\t\t\t<section data-particle_enable=\"false\" data-particle-mobile-disabled=\"false\" class=\"wd-negative-gap elementor-section elementor-top-section elementor-element elementor-element-b20244d elementor-section-boxed elementor-section-height-default elementor-section-height-default\" data-id=\"b20244d\" data-element_type=\"section\">\n\t\t\t\t\t\t<div class=\"elementor-container elementor-column-gap-default\">\n\t\t\t\t\t<div class=\"elementor-column elementor-col-100 elementor-top-column elementor-element elementor-element-fcab9b7\" data-id=\"fcab9b7\" data-element_type=\"column\">\n\t\t\t<div class=\"elementor-widget-wrap elementor-element-populated\">\n\t\t\t\t\t\t<div class=\"elementor-element elementor-element-08107e8 elementor-tabs-view-horizontal elementor-widget elementor-widget-tabs\" data-id=\"08107e8\" data-element_type=\"widget\" data-widget_type=\"tabs.default\">\n\t\t\t\t<div class=\"elementor-widget-container\">\n\t\t\t\t\t\t\t<div class=\"elementor-tabs\">\n\t\t\t<div class=\"elementor-tabs-wrapper\" role=\"tablist\" >\n\t\t\t\t\t\t\t\t\t<div id=\"elementor-tab-title-8451\" class=\"elementor-tab-title elementor-tab-desktop-title\" aria-selected=\"true\" data-tab=\"1\" role=\"tab\" tabindex=\"0\" aria-controls=\"elementor-tab-content-8451\" aria-expanded=\"false\">Technical data<\/div>\n\t\t\t\t\t\t\t\t\t<div id=\"elementor-tab-title-8452\" class=\"elementor-tab-title elementor-tab-desktop-title\" aria-selected=\"false\" data-tab=\"2\" role=\"tab\" tabindex=\"-1\" aria-controls=\"elementor-tab-content-8452\" aria-expanded=\"false\">Options<\/div>\n\t\t\t\t\t\t\t\t\t<div id=\"elementor-tab-title-8453\" class=\"elementor-tab-title elementor-tab-desktop-title\" aria-selected=\"false\" data-tab=\"3\" role=\"tab\" tabindex=\"-1\" aria-controls=\"elementor-tab-content-8453\" aria-expanded=\"false\">Documentation<\/div>\n\t\t\t\t\t\t\t<\/div>\n\t\t\t<div class=\"elementor-tabs-content-wrapper\" role=\"tablist\" aria-orientation=\"vertical\">\n\t\t\t\t\t\t\t\t\t<div class=\"elementor-tab-title elementor-tab-mobile-title\" aria-selected=\"true\" data-tab=\"1\" role=\"tab\" tabindex=\"0\" aria-controls=\"elementor-tab-content-8451\" aria-expanded=\"false\">Technical data<\/div>\n\t\t\t\t\t<div id=\"elementor-tab-content-8451\" class=\"elementor-tab-content elementor-clearfix\" data-tab=\"1\" role=\"tabpanel\" aria-labelledby=\"elementor-tab-title-8451\" tabindex=\"0\" hidden=\"false\"><p><img fetchpriority=\"high\" decoding=\"async\" class=\"alignnone wp-image-10435 size-full\" src=\"https:\/\/equipamientosmh.com\/wp-content\/uploads\/2021\/04\/FCmides.jpeg\" alt=\"\" width=\"770\" height=\"300\" srcset=\"https:\/\/manuelhamuservicios.com\/wp-content\/uploads\/2021\/04\/FCmides.jpeg 770w, https:\/\/manuelhamuservicios.com\/wp-content\/uploads\/2021\/04\/FCmides-150x58.jpeg 150w, https:\/\/manuelhamuservicios.com\/wp-content\/uploads\/2021\/04\/FCmides-300x117.jpeg 300w, https:\/\/manuelhamuservicios.com\/wp-content\/uploads\/2021\/04\/FCmides-768x299.jpeg 768w\" sizes=\"(max-width: 770px) 100vw, 770px\" \/><\/p><\/div>\n\t\t\t\t\t\t\t\t\t<div class=\"elementor-tab-title elementor-tab-mobile-title\" aria-selected=\"false\" data-tab=\"2\" role=\"tab\" tabindex=\"-1\" aria-controls=\"elementor-tab-content-8452\" aria-expanded=\"false\">Options<\/div>\n\t\t\t\t\t<div id=\"elementor-tab-content-8452\" class=\"elementor-tab-content elementor-clearfix\" data-tab=\"2\" role=\"tabpanel\" aria-labelledby=\"elementor-tab-title-8452\" tabindex=\"0\" hidden=\"hidden\"><p>Cap and piston in 18\/10 stainless steel.<br \/>Automatic stop and start of the motor when the knee pad is released (only for three-phase motors).<br \/>Automatic piston return.<br \/>Forced ventilation kit for three-phase motors.<br \/>Wheels or anti-roll support with wheels.<br \/>Manual Portioner. Optional dosing valve, ideal for dispensing sauces, creams, or p\u00e2t\u00e9s.<br \/>PR-360 Portioner-Twister.<\/p><\/div>\n\t\t\t\t\t\t\t\t\t<div class=\"elementor-tab-title elementor-tab-mobile-title\" aria-selected=\"false\" data-tab=\"3\" role=\"tab\" tabindex=\"-1\" aria-controls=\"elementor-tab-content-8453\" aria-expanded=\"false\">Documentation<\/div>\n\t\t\t\t\t<div id=\"elementor-tab-content-8453\" class=\"elementor-tab-content elementor-clearfix\" data-tab=\"3\" role=\"tabpanel\" aria-labelledby=\"elementor-tab-title-8453\" tabindex=\"0\" hidden=\"hidden\"><p><a class=\"link\" href=\"https:\/\/files.mainca.com\/Catalogues\/EM.pdf\" target=\"_blank\" rel=\"noopener\"><img decoding=\"async\" src=\"https:\/\/mainca.com\/\/img\/ico-pdf.jpg\" \/>Catalogs<\/a><\/p><\/div>\n\t\t\t\t\t\t\t<\/div>\n\t\t<\/div>\n\t\t\t\t\t\t<\/div>\n\t\t\t\t<\/div>\n\t\t\t\t\t<\/div>\n\t\t<\/div>\n\t\t\t\t\t<\/div>\n\t\t<\/section>\n\t\t\t\t<\/div>","protected":false},"excerpt":{"rendered":"<p>Robust and reliable model ideal for small productions.<\/p>\n<p>Cylinder capacity in liters: 20 l.<br \/>\nCylinder capacity in Kg: \u00b1 18 Kg.<\/p>\n<p>Engines:<br \/>\n1.25 HP \/ 0.92 kW three-phase (230-400V 50Hz \/ 220V 60Hz)<br \/>\nSingle-phase 1.5 HP \/ 1.10 kW (230V 50Hz \/ 110-220V 60Hz)<\/p>\n<p>All single-phase models come standard with a forced ventilation kit for increased motor performance.<br \/>\nThree-phase models can also incorporate it as an option.<\/p>\n<p>Base dimensions: 41 x 47 cm<\/p>\n<p>Construction: Entirely made of 18\/10 stainless steel except for the anodized aluminum cap and piston. Optional: cap and piston made of 18\/10 stainless steel.<\/p>\n<p>The versions\u00a0<strong>EI-20 INT<\/strong>\u00a0&amp;\u00a0<strong>EM-20 INT<\/strong>\u00a0have the health certification\u00a0<a href=\"http:\/\/info.nsf.org\/Certified\/Food\/Listings.asp?Company=0E160&amp;Standard=008\" target=\"_blank\" rel=\"noopener\">NSF \/ ANSI 8<\/a>.<\/p>","protected":false},"featured_media":10431,"template":"","meta":{"inline_featured_image":false},"product_brand":[],"product_cat":[83,85],"product_tag":[],"class_list":{"0":"post-10430","1":"product","2":"type-product","3":"status-publish","4":"has-post-thumbnail","6":"product_cat-maquinaria-alimentacion","7":"product_cat-embutidoras","9":"first","10":"instock","11":"virtual","12":"product-type-simple"},"yoast_head":"<!-- This site is optimized with the Yoast SEO plugin v25.3 - https:\/\/yoast.com\/wordpress\/plugins\/seo\/ -->\n<title>Embutidora FC-20 - Manuel Hamu Servicios<\/title>\n<meta name=\"robots\" content=\"index, follow, max-snippet:-1, max-image-preview:large, max-video-preview:-1\" \/>\n<link rel=\"canonical\" href=\"https:\/\/manuelhamuservicios.com\/en\/product\/fc-20-stuffer\/\" \/>\n<meta property=\"og:locale\" content=\"en_GB\" \/>\n<meta property=\"og:type\" content=\"article\" \/>\n<meta property=\"og:title\" content=\"Embutidora FC-20 - Manuel Hamu Servicios\" \/>\n<meta property=\"og:description\" content=\"Modelo robusto y fiable ideal para peque\u00f1as producciones.  Capacidad del cilindro en litros: 20 l. Capacidad del cilindro en Kg:\u00a0 \u00b1 18 Kg.  Motores: Trif\u00e1sicos de 1,25 HP \/ 0,92 kW (230-400V 50Hz \/ 220V 60Hz) Monof\u00e1sicos de 1,5 HP \/ 1,10 kW (230V 50Hz \/ 110-220V 60Hz)  Todos los modelos monof\u00e1sicos incorporan de serie un kit de ventilaci\u00f3n forzada para un mayor rendimiento del motor. Los modelos trif\u00e1sicos tambi\u00e9n lo pueden incorporar como opci\u00f3n.  Dimensiones base:\u00a0 41 x 47 cm  Construcci\u00f3n: Totalmente en acero inoxidable 18\/10 excepto tapa y pist\u00f3n en aluminio anodizado. En opci\u00f3n: tapa y pist\u00f3n en acero inoxidable 18\/10.  Las versiones\u00a0EI-20 INT\u00a0&amp;\u00a0EM-20 INT\u00a0tienen la certificaci\u00f3n sanitaria\u00a0NSF \/ ANSI 8.\" \/>\n<meta property=\"og:url\" content=\"https:\/\/manuelhamuservicios.com\/en\/product\/fc-20-stuffer\/\" \/>\n<meta property=\"og:site_name\" content=\"Manuel Hamu Servicios\" \/>\n<meta property=\"article:modified_time\" content=\"2021-04-26T09:33:37+00:00\" \/>\n<meta property=\"og:image\" content=\"https:\/\/manuelhamuservicios.com\/wp-content\/uploads\/2021\/04\/FC20.jpeg\" \/>\n\t<meta property=\"og:image:width\" content=\"300\" \/>\n\t<meta property=\"og:image:height\" content=\"375\" \/>\n\t<meta property=\"og:image:type\" content=\"image\/jpeg\" \/>\n<meta name=\"twitter:card\" content=\"summary_large_image\" \/>\n<script type=\"application\/ld+json\" class=\"yoast-schema-graph\">{\"@context\":\"https:\/\/schema.org\",\"@graph\":[{\"@type\":\"WebPage\",\"@id\":\"https:\/\/manuelhamuservicios.com\/producto\/embutidora-fc-20\/\",\"url\":\"https:\/\/manuelhamuservicios.com\/producto\/embutidora-fc-20\/\",\"name\":\"Embutidora FC-20 - Manuel Hamu Servicios\",\"isPartOf\":{\"@id\":\"https:\/\/manuelhamuservicios.com\/#website\"},\"primaryImageOfPage\":{\"@id\":\"https:\/\/manuelhamuservicios.com\/producto\/embutidora-fc-20\/#primaryimage\"},\"image\":{\"@id\":\"https:\/\/manuelhamuservicios.com\/producto\/embutidora-fc-20\/#primaryimage\"},\"thumbnailUrl\":\"https:\/\/manuelhamuservicios.com\/wp-content\/uploads\/2021\/04\/FC20.jpeg\",\"datePublished\":\"2021-04-26T09:29:43+00:00\",\"dateModified\":\"2021-04-26T09:33:37+00:00\",\"breadcrumb\":{\"@id\":\"https:\/\/manuelhamuservicios.com\/producto\/embutidora-fc-20\/#breadcrumb\"},\"inLanguage\":\"en-GB\",\"potentialAction\":[{\"@type\":\"ReadAction\",\"target\":[\"https:\/\/manuelhamuservicios.com\/producto\/embutidora-fc-20\/\"]}]},{\"@type\":\"ImageObject\",\"inLanguage\":\"en-GB\",\"@id\":\"https:\/\/manuelhamuservicios.com\/producto\/embutidora-fc-20\/#primaryimage\",\"url\":\"https:\/\/manuelhamuservicios.com\/wp-content\/uploads\/2021\/04\/FC20.jpeg\",\"contentUrl\":\"https:\/\/manuelhamuservicios.com\/wp-content\/uploads\/2021\/04\/FC20.jpeg\",\"width\":300,\"height\":375},{\"@type\":\"BreadcrumbList\",\"@id\":\"https:\/\/manuelhamuservicios.com\/producto\/embutidora-fc-20\/#breadcrumb\",\"itemListElement\":[{\"@type\":\"ListItem\",\"position\":1,\"name\":\"Portada\",\"item\":\"https:\/\/manuelhamuservicios.com\/\"},{\"@type\":\"ListItem\",\"position\":2,\"name\":\"Productos\",\"item\":\"https:\/\/manuelhamuservicios.com\/en\/mhs-products\/\"},{\"@type\":\"ListItem\",\"position\":3,\"name\":\"Embutidora FC-20\"}]},{\"@type\":\"WebSite\",\"@id\":\"https:\/\/manuelhamuservicios.com\/#website\",\"url\":\"https:\/\/manuelhamuservicios.com\/\",\"name\":\"Manuel Hamu Servicios\",\"description\":\"Mobiliario comercial, maquinaria alimentaria y balanzas comerciales.\",\"publisher\":{\"@id\":\"https:\/\/manuelhamuservicios.com\/#organization\"},\"potentialAction\":[{\"@type\":\"SearchAction\",\"target\":{\"@type\":\"EntryPoint\",\"urlTemplate\":\"https:\/\/manuelhamuservicios.com\/?s={search_term_string}\"},\"query-input\":{\"@type\":\"PropertyValueSpecification\",\"valueRequired\":true,\"valueName\":\"search_term_string\"}}],\"inLanguage\":\"en-GB\"},{\"@type\":\"Organization\",\"@id\":\"https:\/\/manuelhamuservicios.com\/#organization\",\"name\":\"Manuel Hamu Servicios\",\"url\":\"https:\/\/manuelhamuservicios.com\/\",\"logo\":{\"@type\":\"ImageObject\",\"inLanguage\":\"en-GB\",\"@id\":\"https:\/\/manuelhamuservicios.com\/#\/schema\/logo\/image\/\",\"url\":\"https:\/\/manuelhamuservicios.com\/wp-content\/uploads\/2023\/08\/cropped-WhatsApp-Image-2023-08-08-at-08.34.04.jpeg\",\"contentUrl\":\"https:\/\/manuelhamuservicios.com\/wp-content\/uploads\/2023\/08\/cropped-WhatsApp-Image-2023-08-08-at-08.34.04.jpeg\",\"width\":512,\"height\":512,\"caption\":\"Manuel Hamu Servicios\"},\"image\":{\"@id\":\"https:\/\/manuelhamuservicios.com\/#\/schema\/logo\/image\/\"}}]}<\/script>\n<!-- \/ Yoast SEO plugin. -->","yoast_head_json":{"title":"FC-20 Stuffer - Manuel Hamu Services","robots":{"index":"index","follow":"follow","max-snippet":"max-snippet:-1","max-image-preview":"max-image-preview:large","max-video-preview":"max-video-preview:-1"},"canonical":"https:\/\/manuelhamuservicios.com\/en\/product\/fc-20-stuffer\/","og_locale":"en_GB","og_type":"article","og_title":"Embutidora FC-20 - Manuel Hamu Servicios","og_description":"Modelo robusto y fiable ideal para peque\u00f1as producciones.  Capacidad del cilindro en litros: 20 l. Capacidad del cilindro en Kg:\u00a0 \u00b1 18 Kg.  Motores: Trif\u00e1sicos de 1,25 HP \/ 0,92 kW (230-400V 50Hz \/ 220V 60Hz) Monof\u00e1sicos de 1,5 HP \/ 1,10 kW (230V 50Hz \/ 110-220V 60Hz)  Todos los modelos monof\u00e1sicos incorporan de serie un kit de ventilaci\u00f3n forzada para un mayor rendimiento del motor. Los modelos trif\u00e1sicos tambi\u00e9n lo pueden incorporar como opci\u00f3n.  Dimensiones base:\u00a0 41 x 47 cm  Construcci\u00f3n: Totalmente en acero inoxidable 18\/10 excepto tapa y pist\u00f3n en aluminio anodizado. En opci\u00f3n: tapa y pist\u00f3n en acero inoxidable 18\/10.  Las versiones\u00a0EI-20 INT\u00a0&amp;\u00a0EM-20 INT\u00a0tienen la certificaci\u00f3n sanitaria\u00a0NSF \/ ANSI 8.","og_url":"https:\/\/manuelhamuservicios.com\/en\/product\/fc-20-stuffer\/","og_site_name":"Manuel Hamu Servicios","article_modified_time":"2021-04-26T09:33:37+00:00","og_image":[{"width":300,"height":375,"url":"https:\/\/manuelhamuservicios.com\/wp-content\/uploads\/2021\/04\/FC20.jpeg","type":"image\/jpeg"}],"twitter_card":"summary_large_image","schema":{"@context":"https:\/\/schema.org","@graph":[{"@type":"WebPage","@id":"https:\/\/manuelhamuservicios.com\/producto\/embutidora-fc-20\/","url":"https:\/\/manuelhamuservicios.com\/producto\/embutidora-fc-20\/","name":"FC-20 Stuffer - Manuel Hamu Services","isPartOf":{"@id":"https:\/\/manuelhamuservicios.com\/#website"},"primaryImageOfPage":{"@id":"https:\/\/manuelhamuservicios.com\/producto\/embutidora-fc-20\/#primaryimage"},"image":{"@id":"https:\/\/manuelhamuservicios.com\/producto\/embutidora-fc-20\/#primaryimage"},"thumbnailUrl":"https:\/\/manuelhamuservicios.com\/wp-content\/uploads\/2021\/04\/FC20.jpeg","datePublished":"2021-04-26T09:29:43+00:00","dateModified":"2021-04-26T09:33:37+00:00","breadcrumb":{"@id":"https:\/\/manuelhamuservicios.com\/producto\/embutidora-fc-20\/#breadcrumb"},"inLanguage":"en-GB","potentialAction":[{"@type":"ReadAction","target":["https:\/\/manuelhamuservicios.com\/producto\/embutidora-fc-20\/"]}]},{"@type":"ImageObject","inLanguage":"en-GB","@id":"https:\/\/manuelhamuservicios.com\/producto\/embutidora-fc-20\/#primaryimage","url":"https:\/\/manuelhamuservicios.com\/wp-content\/uploads\/2021\/04\/FC20.jpeg","contentUrl":"https:\/\/manuelhamuservicios.com\/wp-content\/uploads\/2021\/04\/FC20.jpeg","width":300,"height":375},{"@type":"BreadcrumbList","@id":"https:\/\/manuelhamuservicios.com\/producto\/embutidora-fc-20\/#breadcrumb","itemListElement":[{"@type":"ListItem","position":1,"name":"Portada","item":"https:\/\/manuelhamuservicios.com\/"},{"@type":"ListItem","position":2,"name":"Productos","item":"https:\/\/manuelhamuservicios.com\/en\/mhs-products\/"},{"@type":"ListItem","position":3,"name":"Embutidora FC-20"}]},{"@type":"WebSite","@id":"https:\/\/manuelhamuservicios.com\/#website","url":"https:\/\/manuelhamuservicios.com\/","name":"Manuel Hamu Services","description":"Commercial furniture, food machinery and commercial scales.","publisher":{"@id":"https:\/\/manuelhamuservicios.com\/#organization"},"potentialAction":[{"@type":"SearchAction","target":{"@type":"EntryPoint","urlTemplate":"https:\/\/manuelhamuservicios.com\/?s={search_term_string}"},"query-input":{"@type":"PropertyValueSpecification","valueRequired":true,"valueName":"search_term_string"}}],"inLanguage":"en-GB"},{"@type":"Organization","@id":"https:\/\/manuelhamuservicios.com\/#organization","name":"Manuel Hamu Services","url":"https:\/\/manuelhamuservicios.com\/","logo":{"@type":"ImageObject","inLanguage":"en-GB","@id":"https:\/\/manuelhamuservicios.com\/#\/schema\/logo\/image\/","url":"https:\/\/manuelhamuservicios.com\/wp-content\/uploads\/2023\/08\/cropped-WhatsApp-Image-2023-08-08-at-08.34.04.jpeg","contentUrl":"https:\/\/manuelhamuservicios.com\/wp-content\/uploads\/2023\/08\/cropped-WhatsApp-Image-2023-08-08-at-08.34.04.jpeg","width":512,"height":512,"caption":"Manuel Hamu Servicios"},"image":{"@id":"https:\/\/manuelhamuservicios.com\/#\/schema\/logo\/image\/"}}]}},"_links":{"self":[{"href":"https:\/\/manuelhamuservicios.com\/en\/wp-json\/wp\/v2\/product\/10430","targetHints":{"allow":["GET"]}}],"collection":[{"href":"https:\/\/manuelhamuservicios.com\/en\/wp-json\/wp\/v2\/product"}],"about":[{"href":"https:\/\/manuelhamuservicios.com\/en\/wp-json\/wp\/v2\/types\/product"}],"version-history":[{"count":4,"href":"https:\/\/manuelhamuservicios.com\/en\/wp-json\/wp\/v2\/product\/10430\/revisions"}],"predecessor-version":[{"id":10438,"href":"https:\/\/manuelhamuservicios.com\/en\/wp-json\/wp\/v2\/product\/10430\/revisions\/10438"}],"wp:featuredmedia":[{"embeddable":true,"href":"https:\/\/manuelhamuservicios.com\/en\/wp-json\/wp\/v2\/media\/10431"}],"wp:attachment":[{"href":"https:\/\/manuelhamuservicios.com\/en\/wp-json\/wp\/v2\/media?parent=10430"}],"wp:term":[{"taxonomy":"product_brand","embeddable":true,"href":"https:\/\/manuelhamuservicios.com\/en\/wp-json\/wp\/v2\/product_brand?post=10430"},{"taxonomy":"product_cat","embeddable":true,"href":"https:\/\/manuelhamuservicios.com\/en\/wp-json\/wp\/v2\/product_cat?post=10430"},{"taxonomy":"product_tag","embeddable":true,"href":"https:\/\/manuelhamuservicios.com\/en\/wp-json\/wp\/v2\/product_tag?post=10430"}],"curies":[{"name":"wp","href":"https:\/\/api.w.org\/{rel}","templated":true}]}}