{"id":10457,"date":"2021-04-26T10:09:45","date_gmt":"2021-04-26T10:09:45","guid":{"rendered":"https:\/\/mhservicios.es\/?post_type=product&#038;p=10457"},"modified":"2021-04-26T10:46:35","modified_gmt":"2021-04-26T10:46:35","slug":"mg-300-cutter","status":"publish","type":"product","link":"https:\/\/manuelhamuservicios.com\/en\/product\/mg-300-cutter\/","title":{"rendered":"MG-300 cutter"},"content":{"rendered":"<div data-elementor-type=\"product-post\" data-elementor-id=\"10457\" class=\"elementor elementor-10457\" data-elementor-post-type=\"product\">\n\t\t\t\t\t\t<section data-particle_enable=\"false\" data-particle-mobile-disabled=\"false\" class=\"wd-negative-gap elementor-section elementor-top-section elementor-element elementor-element-b20244d elementor-section-boxed elementor-section-height-default elementor-section-height-default\" data-id=\"b20244d\" data-element_type=\"section\">\n\t\t\t\t\t\t<div class=\"elementor-container elementor-column-gap-default\">\n\t\t\t\t\t<div class=\"elementor-column elementor-col-100 elementor-top-column elementor-element elementor-element-fcab9b7\" data-id=\"fcab9b7\" data-element_type=\"column\">\n\t\t\t<div class=\"elementor-widget-wrap elementor-element-populated\">\n\t\t\t\t\t\t<div class=\"elementor-element elementor-element-08107e8 elementor-tabs-view-horizontal elementor-widget elementor-widget-tabs\" data-id=\"08107e8\" data-element_type=\"widget\" data-widget_type=\"tabs.default\">\n\t\t\t\t<div class=\"elementor-widget-container\">\n\t\t\t\t\t\t\t<div class=\"elementor-tabs\">\n\t\t\t<div class=\"elementor-tabs-wrapper\" role=\"tablist\" >\n\t\t\t\t\t\t\t\t\t<div id=\"elementor-tab-title-8451\" class=\"elementor-tab-title elementor-tab-desktop-title\" aria-selected=\"true\" data-tab=\"1\" role=\"tab\" tabindex=\"0\" aria-controls=\"elementor-tab-content-8451\" aria-expanded=\"false\">Technical data<\/div>\n\t\t\t\t\t\t\t\t\t<div id=\"elementor-tab-title-8452\" class=\"elementor-tab-title elementor-tab-desktop-title\" aria-selected=\"false\" data-tab=\"2\" role=\"tab\" tabindex=\"-1\" aria-controls=\"elementor-tab-content-8452\" aria-expanded=\"false\">Documentation<\/div>\n\t\t\t\t\t\t\t<\/div>\n\t\t\t<div class=\"elementor-tabs-content-wrapper\" role=\"tablist\" aria-orientation=\"vertical\">\n\t\t\t\t\t\t\t\t\t<div class=\"elementor-tab-title elementor-tab-mobile-title\" aria-selected=\"true\" data-tab=\"1\" role=\"tab\" tabindex=\"0\" aria-controls=\"elementor-tab-content-8451\" aria-expanded=\"false\">Technical data<\/div>\n\t\t\t\t\t<div id=\"elementor-tab-content-8451\" class=\"elementor-tab-content elementor-clearfix\" data-tab=\"1\" role=\"tabpanel\" aria-labelledby=\"elementor-tab-title-8451\" tabindex=\"0\" hidden=\"false\"><div class=\"wpb_row vc_row vc_row-fluid  mk-fullwidth-false  attched-false fila_descripcion_producto    js-master-row  mk-in-viewport\"><div class=\"vc_col-sm-6 wpb_column column_container  _ height-full\"><div id=\"text-block-2\" class=\"mk-text-block\"><p>A mm. 530<br \/>B mm. 710<br \/>C mm. 725<br \/>D mm. 420<br \/>E mm. 570<br \/>F mm. 735<br \/>G mm. 435<br \/>Blade \u00d8 mm.292<br \/>Kg. 62<br \/>HP \/ CV. 0.4<br \/>Cutting capacity Max. \u00d8 mm.195<br \/>Cutting capacity Max. \u00d8 mm.265X160<\/p><div class=\"clearboth\">\u00a0<\/div><\/div><\/div><div class=\"vc_col-sm-6 wpb_column column_container  _ height-full\"><div class=\"wpb_single_image wpb_content_element vc_align_left\"><figure class=\"wpb_wrapper vc_figure\"><div class=\"vc_single_image-wrapper   vc_box_border_grey\"><img fetchpriority=\"high\" decoding=\"async\" class=\"vc_single_image-img attachment-full\" src=\"https:\/\/www.braher.com\/wp-content\/uploads\/2017\/05\/esquema_mg1.jpg\" alt=\"\" width=\"400\" height=\"179\" \/><\/div><\/figure><\/div><\/div><\/div><div class=\"wpb_row vc_row vc_row-fluid  mk-fullwidth-false  attched-false fila_relacionados    js-master-row  mk-in-viewport\"><div class=\"vc_col-sm-6 wpb_column column_container  _ height-full\"><div id=\"text-block-3\" class=\"mk-text-block   relacionado\"><p><strong>Series:<\/strong>\u00a0<a href=\"https:\/\/www.braher.com\/es\/productos\/cortadoras-de-fiambre\/cortadoras-mg\">MG CUTTERS<\/a><br \/><strong>Model:\u00a0<\/strong><a href=\"https:\/\/www.braher.com\/es\/productos\/cortadoras-de-fiambre\/cortadoras-mg-300\">MG-300<\/a><br \/><strong>Characteristics:<\/strong><br \/>MG-300 CE PD II 230V cutters<br \/><strong>Reference:<\/strong>\u00a0MG300-12<br \/><strong>Diameter:<\/strong>\u00a0292 (mm)<\/p><div class=\"clearboth\">\u00a0<\/div><\/div><\/div><div class=\"vc_col-sm-6 wpb_column column_container  _ height-full\"><div id=\"text-block-4\" class=\"mk-text-block   relacionado\"><p><strong>Series:<\/strong>\u00a0<a href=\"https:\/\/www.braher.com\/es\/productos\/cortadoras-de-fiambre\/cortadoras-mg\">MG CUTTERS<\/a><br \/><strong>Model:\u00a0<\/strong><a href=\"https:\/\/www.braher.com\/es\/productos\/cortadoras-de-fiambre\/cortadoras-mg-300\">MG-300<\/a><br \/><strong>Characteristics:<\/strong><br \/>MG-300 CE PD III 400V cutters<br \/><strong>Reference:<\/strong>\u00a0MG300-11<br \/><strong>Diameter:<\/strong>\u00a0292 (mm)<\/p><\/div><\/div><\/div><\/div>\n\t\t\t\t\t\t\t\t\t<div class=\"elementor-tab-title elementor-tab-mobile-title\" aria-selected=\"false\" data-tab=\"2\" role=\"tab\" tabindex=\"-1\" aria-controls=\"elementor-tab-content-8452\" aria-expanded=\"false\">Documentation<\/div>\n\t\t\t\t\t<div id=\"elementor-tab-content-8452\" class=\"elementor-tab-content elementor-clearfix\" data-tab=\"2\" role=\"tabpanel\" aria-labelledby=\"elementor-tab-title-8452\" tabindex=\"0\" hidden=\"hidden\"><p><a class=\"link\" href=\"https:\/\/www.braher.com\/wp-content\/uploads\/2017\/05\/mg_300_350.pdf\" target=\"_blank\" rel=\"noopener\"><img decoding=\"async\" src=\"https:\/\/mainca.com\/\/img\/ico-pdf.jpg\" \/>Catalogs<\/a><\/p><\/div>\n\t\t\t\t\t\t\t<\/div>\n\t\t<\/div>\n\t\t\t\t\t\t<\/div>\n\t\t\t\t<\/div>\n\t\t\t\t\t<\/div>\n\t\t<\/div>\n\t\t\t\t\t<\/div>\n\t\t<\/section>\n\t\t\t\t<\/div>","protected":false},"excerpt":{"rendered":"<ul>\n<li>Blade protected by ring.<\/li>\n<li>Blade cover with safety device.<\/li>\n<li>Low voltage electrical system 24 V.<\/li>\n<li>Worm gear transmission.<\/li>\n<li>IP65 protection index.<\/li>\n<li>Integrated 18\/8 stainless steel slicer.<\/li>\n<li>German G+B blade.<\/li>\n<li>Automatic built-in sharpener.<\/li>\n<li>Cutting thickness: 0-25 mm.<\/li>\n<\/ul>","protected":false},"featured_media":10458,"template":"","meta":{"inline_featured_image":false},"product_brand":[],"product_cat":[83,80],"product_tag":[],"class_list":{"0":"post-10457","1":"product","2":"type-product","3":"status-publish","4":"has-post-thumbnail","6":"product_cat-maquinaria-alimentacion","7":"product_cat-cortadoras","9":"first","10":"instock","11":"virtual","12":"product-type-simple"},"yoast_head":"<!-- This site is optimized with the Yoast SEO plugin v25.3 - https:\/\/yoast.com\/wordpress\/plugins\/seo\/ -->\n<title>Cortadora MG-300 - Manuel Hamu Servicios<\/title>\n<meta name=\"robots\" content=\"index, follow, max-snippet:-1, max-image-preview:large, max-video-preview:-1\" \/>\n<link rel=\"canonical\" href=\"https:\/\/manuelhamuservicios.com\/en\/product\/mg-300-cutter\/\" \/>\n<meta property=\"og:locale\" content=\"en_GB\" \/>\n<meta property=\"og:type\" content=\"article\" \/>\n<meta property=\"og:title\" content=\"Cortadora MG-300 - Manuel Hamu Servicios\" \/>\n<meta property=\"og:description\" content=\"Cuchilla protegida por aro.  Cubre-cuchilla con dispositivo de seguridad.  Sistema el\u00e9ctrico baja tensi\u00f3n 24 V.  Transmisi\u00f3n sin fin corona.  \u00cdndice de protecci\u00f3n IP65.  Cortadora integrada de acero inoxidable 18\/8.  Cuchilla alemana G+B.  Afilador incorporado autom\u00e1tico.  Espesor de corte: 0-25 mm.\" \/>\n<meta property=\"og:url\" content=\"https:\/\/manuelhamuservicios.com\/en\/product\/mg-300-cutter\/\" \/>\n<meta property=\"og:site_name\" content=\"Manuel Hamu Servicios\" \/>\n<meta property=\"article:modified_time\" content=\"2021-04-26T10:46:35+00:00\" \/>\n<meta property=\"og:image\" content=\"https:\/\/manuelhamuservicios.com\/wp-content\/uploads\/2021\/04\/cortadoras_mg-1000x1278-1.jpeg\" \/>\n\t<meta property=\"og:image:width\" content=\"1000\" \/>\n\t<meta property=\"og:image:height\" content=\"1278\" \/>\n\t<meta property=\"og:image:type\" content=\"image\/jpeg\" \/>\n<meta name=\"twitter:card\" content=\"summary_large_image\" \/>\n<script type=\"application\/ld+json\" class=\"yoast-schema-graph\">{\"@context\":\"https:\/\/schema.org\",\"@graph\":[{\"@type\":\"WebPage\",\"@id\":\"https:\/\/manuelhamuservicios.com\/producto\/cortadora-mg-300\/\",\"url\":\"https:\/\/manuelhamuservicios.com\/producto\/cortadora-mg-300\/\",\"name\":\"Cortadora MG-300 - Manuel Hamu Servicios\",\"isPartOf\":{\"@id\":\"https:\/\/manuelhamuservicios.com\/#website\"},\"primaryImageOfPage\":{\"@id\":\"https:\/\/manuelhamuservicios.com\/producto\/cortadora-mg-300\/#primaryimage\"},\"image\":{\"@id\":\"https:\/\/manuelhamuservicios.com\/producto\/cortadora-mg-300\/#primaryimage\"},\"thumbnailUrl\":\"https:\/\/manuelhamuservicios.com\/wp-content\/uploads\/2021\/04\/cortadoras_mg-1000x1278-1.jpeg\",\"datePublished\":\"2021-04-26T10:09:45+00:00\",\"dateModified\":\"2021-04-26T10:46:35+00:00\",\"breadcrumb\":{\"@id\":\"https:\/\/manuelhamuservicios.com\/producto\/cortadora-mg-300\/#breadcrumb\"},\"inLanguage\":\"en-GB\",\"potentialAction\":[{\"@type\":\"ReadAction\",\"target\":[\"https:\/\/manuelhamuservicios.com\/producto\/cortadora-mg-300\/\"]}]},{\"@type\":\"ImageObject\",\"inLanguage\":\"en-GB\",\"@id\":\"https:\/\/manuelhamuservicios.com\/producto\/cortadora-mg-300\/#primaryimage\",\"url\":\"https:\/\/manuelhamuservicios.com\/wp-content\/uploads\/2021\/04\/cortadoras_mg-1000x1278-1.jpeg\",\"contentUrl\":\"https:\/\/manuelhamuservicios.com\/wp-content\/uploads\/2021\/04\/cortadoras_mg-1000x1278-1.jpeg\",\"width\":1000,\"height\":1278},{\"@type\":\"BreadcrumbList\",\"@id\":\"https:\/\/manuelhamuservicios.com\/producto\/cortadora-mg-300\/#breadcrumb\",\"itemListElement\":[{\"@type\":\"ListItem\",\"position\":1,\"name\":\"Portada\",\"item\":\"https:\/\/manuelhamuservicios.com\/\"},{\"@type\":\"ListItem\",\"position\":2,\"name\":\"Productos\",\"item\":\"https:\/\/manuelhamuservicios.com\/en\/mhs-products\/\"},{\"@type\":\"ListItem\",\"position\":3,\"name\":\"Cortadora MG-300\"}]},{\"@type\":\"WebSite\",\"@id\":\"https:\/\/manuelhamuservicios.com\/#website\",\"url\":\"https:\/\/manuelhamuservicios.com\/\",\"name\":\"Manuel Hamu Servicios\",\"description\":\"Mobiliario comercial, maquinaria alimentaria y balanzas comerciales.\",\"publisher\":{\"@id\":\"https:\/\/manuelhamuservicios.com\/#organization\"},\"potentialAction\":[{\"@type\":\"SearchAction\",\"target\":{\"@type\":\"EntryPoint\",\"urlTemplate\":\"https:\/\/manuelhamuservicios.com\/?s={search_term_string}\"},\"query-input\":{\"@type\":\"PropertyValueSpecification\",\"valueRequired\":true,\"valueName\":\"search_term_string\"}}],\"inLanguage\":\"en-GB\"},{\"@type\":\"Organization\",\"@id\":\"https:\/\/manuelhamuservicios.com\/#organization\",\"name\":\"Manuel Hamu Servicios\",\"url\":\"https:\/\/manuelhamuservicios.com\/\",\"logo\":{\"@type\":\"ImageObject\",\"inLanguage\":\"en-GB\",\"@id\":\"https:\/\/manuelhamuservicios.com\/#\/schema\/logo\/image\/\",\"url\":\"https:\/\/manuelhamuservicios.com\/wp-content\/uploads\/2023\/08\/cropped-WhatsApp-Image-2023-08-08-at-08.34.04.jpeg\",\"contentUrl\":\"https:\/\/manuelhamuservicios.com\/wp-content\/uploads\/2023\/08\/cropped-WhatsApp-Image-2023-08-08-at-08.34.04.jpeg\",\"width\":512,\"height\":512,\"caption\":\"Manuel Hamu Servicios\"},\"image\":{\"@id\":\"https:\/\/manuelhamuservicios.com\/#\/schema\/logo\/image\/\"}}]}<\/script>\n<!-- \/ Yoast SEO plugin. -->","yoast_head_json":{"title":"MG-300 Cutter - Manuel Hamu Services","robots":{"index":"index","follow":"follow","max-snippet":"max-snippet:-1","max-image-preview":"max-image-preview:large","max-video-preview":"max-video-preview:-1"},"canonical":"https:\/\/manuelhamuservicios.com\/en\/product\/mg-300-cutter\/","og_locale":"en_GB","og_type":"article","og_title":"Cortadora MG-300 - Manuel Hamu Servicios","og_description":"Cuchilla protegida por aro.  Cubre-cuchilla con dispositivo de seguridad.  Sistema el\u00e9ctrico baja tensi\u00f3n 24 V.  Transmisi\u00f3n sin fin corona.  \u00cdndice de protecci\u00f3n IP65.  Cortadora integrada de acero inoxidable 18\/8.  Cuchilla alemana G+B.  Afilador incorporado autom\u00e1tico.  Espesor de corte: 0-25 mm.","og_url":"https:\/\/manuelhamuservicios.com\/en\/product\/mg-300-cutter\/","og_site_name":"Manuel Hamu Servicios","article_modified_time":"2021-04-26T10:46:35+00:00","og_image":[{"width":1000,"height":1278,"url":"https:\/\/manuelhamuservicios.com\/wp-content\/uploads\/2021\/04\/cortadoras_mg-1000x1278-1.jpeg","type":"image\/jpeg"}],"twitter_card":"summary_large_image","schema":{"@context":"https:\/\/schema.org","@graph":[{"@type":"WebPage","@id":"https:\/\/manuelhamuservicios.com\/producto\/cortadora-mg-300\/","url":"https:\/\/manuelhamuservicios.com\/producto\/cortadora-mg-300\/","name":"MG-300 Cutter - Manuel Hamu Services","isPartOf":{"@id":"https:\/\/manuelhamuservicios.com\/#website"},"primaryImageOfPage":{"@id":"https:\/\/manuelhamuservicios.com\/producto\/cortadora-mg-300\/#primaryimage"},"image":{"@id":"https:\/\/manuelhamuservicios.com\/producto\/cortadora-mg-300\/#primaryimage"},"thumbnailUrl":"https:\/\/manuelhamuservicios.com\/wp-content\/uploads\/2021\/04\/cortadoras_mg-1000x1278-1.jpeg","datePublished":"2021-04-26T10:09:45+00:00","dateModified":"2021-04-26T10:46:35+00:00","breadcrumb":{"@id":"https:\/\/manuelhamuservicios.com\/producto\/cortadora-mg-300\/#breadcrumb"},"inLanguage":"en-GB","potentialAction":[{"@type":"ReadAction","target":["https:\/\/manuelhamuservicios.com\/producto\/cortadora-mg-300\/"]}]},{"@type":"ImageObject","inLanguage":"en-GB","@id":"https:\/\/manuelhamuservicios.com\/producto\/cortadora-mg-300\/#primaryimage","url":"https:\/\/manuelhamuservicios.com\/wp-content\/uploads\/2021\/04\/cortadoras_mg-1000x1278-1.jpeg","contentUrl":"https:\/\/manuelhamuservicios.com\/wp-content\/uploads\/2021\/04\/cortadoras_mg-1000x1278-1.jpeg","width":1000,"height":1278},{"@type":"BreadcrumbList","@id":"https:\/\/manuelhamuservicios.com\/producto\/cortadora-mg-300\/#breadcrumb","itemListElement":[{"@type":"ListItem","position":1,"name":"Portada","item":"https:\/\/manuelhamuservicios.com\/"},{"@type":"ListItem","position":2,"name":"Productos","item":"https:\/\/manuelhamuservicios.com\/en\/mhs-products\/"},{"@type":"ListItem","position":3,"name":"Cortadora MG-300"}]},{"@type":"WebSite","@id":"https:\/\/manuelhamuservicios.com\/#website","url":"https:\/\/manuelhamuservicios.com\/","name":"Manuel Hamu Services","description":"Commercial furniture, food machinery and commercial scales.","publisher":{"@id":"https:\/\/manuelhamuservicios.com\/#organization"},"potentialAction":[{"@type":"SearchAction","target":{"@type":"EntryPoint","urlTemplate":"https:\/\/manuelhamuservicios.com\/?s={search_term_string}"},"query-input":{"@type":"PropertyValueSpecification","valueRequired":true,"valueName":"search_term_string"}}],"inLanguage":"en-GB"},{"@type":"Organization","@id":"https:\/\/manuelhamuservicios.com\/#organization","name":"Manuel Hamu Services","url":"https:\/\/manuelhamuservicios.com\/","logo":{"@type":"ImageObject","inLanguage":"en-GB","@id":"https:\/\/manuelhamuservicios.com\/#\/schema\/logo\/image\/","url":"https:\/\/manuelhamuservicios.com\/wp-content\/uploads\/2023\/08\/cropped-WhatsApp-Image-2023-08-08-at-08.34.04.jpeg","contentUrl":"https:\/\/manuelhamuservicios.com\/wp-content\/uploads\/2023\/08\/cropped-WhatsApp-Image-2023-08-08-at-08.34.04.jpeg","width":512,"height":512,"caption":"Manuel Hamu Servicios"},"image":{"@id":"https:\/\/manuelhamuservicios.com\/#\/schema\/logo\/image\/"}}]}},"_links":{"self":[{"href":"https:\/\/manuelhamuservicios.com\/en\/wp-json\/wp\/v2\/product\/10457","targetHints":{"allow":["GET"]}}],"collection":[{"href":"https:\/\/manuelhamuservicios.com\/en\/wp-json\/wp\/v2\/product"}],"about":[{"href":"https:\/\/manuelhamuservicios.com\/en\/wp-json\/wp\/v2\/types\/product"}],"version-history":[{"count":5,"href":"https:\/\/manuelhamuservicios.com\/en\/wp-json\/wp\/v2\/product\/10457\/revisions"}],"predecessor-version":[{"id":10466,"href":"https:\/\/manuelhamuservicios.com\/en\/wp-json\/wp\/v2\/product\/10457\/revisions\/10466"}],"wp:featuredmedia":[{"embeddable":true,"href":"https:\/\/manuelhamuservicios.com\/en\/wp-json\/wp\/v2\/media\/10458"}],"wp:attachment":[{"href":"https:\/\/manuelhamuservicios.com\/en\/wp-json\/wp\/v2\/media?parent=10457"}],"wp:term":[{"taxonomy":"product_brand","embeddable":true,"href":"https:\/\/manuelhamuservicios.com\/en\/wp-json\/wp\/v2\/product_brand?post=10457"},{"taxonomy":"product_cat","embeddable":true,"href":"https:\/\/manuelhamuservicios.com\/en\/wp-json\/wp\/v2\/product_cat?post=10457"},{"taxonomy":"product_tag","embeddable":true,"href":"https:\/\/manuelhamuservicios.com\/en\/wp-json\/wp\/v2\/product_tag?post=10457"}],"curies":[{"name":"wp","href":"https:\/\/api.w.org\/{rel}","templated":true}]}}