{"id":10622,"date":"2021-04-29T08:03:50","date_gmt":"2021-04-29T08:03:50","guid":{"rendered":"https:\/\/mhservicios.es\/?post_type=product&#038;p=10622"},"modified":"2024-01-29T11:30:32","modified_gmt":"2024-01-29T11:30:32","slug":"mychef-isensor-vacuum-sealer","status":"publish","type":"product","link":"https:\/\/manuelhamuservicios.com\/en\/product\/mychef-isensor-vacuum-sealer\/","title":{"rendered":"Mychef iSENSOR S (Pump 8)"},"content":{"rendered":"<div data-elementor-type=\"product-post\" data-elementor-id=\"10622\" class=\"elementor elementor-10622\" data-elementor-post-type=\"product\">\n\t\t\t\t\t\t<section data-particle_enable=\"false\" data-particle-mobile-disabled=\"false\" class=\"wd-negative-gap elementor-section elementor-top-section elementor-element elementor-element-34cc02bb elementor-section-boxed elementor-section-height-default elementor-section-height-default\" data-id=\"34cc02bb\" data-element_type=\"section\">\n\t\t\t\t\t\t<div class=\"elementor-container elementor-column-gap-default\">\n\t\t\t\t\t<div class=\"elementor-column elementor-col-100 elementor-top-column elementor-element elementor-element-1f85f63f\" data-id=\"1f85f63f\" data-element_type=\"column\">\n\t\t\t<div class=\"elementor-widget-wrap elementor-element-populated\">\n\t\t\t\t\t\t<div class=\"elementor-element elementor-element-2c76cf1 elementor-tabs-view-horizontal elementor-widget elementor-widget-tabs\" data-id=\"2c76cf1\" data-element_type=\"widget\" data-widget_type=\"tabs.default\">\n\t\t\t\t<div class=\"elementor-widget-container\">\n\t\t\t\t\t\t\t<div class=\"elementor-tabs\">\n\t\t\t<div class=\"elementor-tabs-wrapper\" role=\"tablist\" >\n\t\t\t\t\t\t\t\t\t<div id=\"elementor-tab-title-4661\" class=\"elementor-tab-title elementor-tab-desktop-title\" aria-selected=\"true\" data-tab=\"1\" role=\"tab\" tabindex=\"0\" aria-controls=\"elementor-tab-content-4661\" aria-expanded=\"false\">Description<\/div>\n\t\t\t\t\t\t\t\t\t<div id=\"elementor-tab-title-4662\" class=\"elementor-tab-title elementor-tab-desktop-title\" aria-selected=\"false\" data-tab=\"2\" role=\"tab\" tabindex=\"-1\" aria-controls=\"elementor-tab-content-4662\" aria-expanded=\"false\">Video<\/div>\n\t\t\t\t\t\t\t<\/div>\n\t\t\t<div class=\"elementor-tabs-content-wrapper\" role=\"tablist\" aria-orientation=\"vertical\">\n\t\t\t\t\t\t\t\t\t<div class=\"elementor-tab-title elementor-tab-mobile-title\" aria-selected=\"true\" data-tab=\"1\" role=\"tab\" tabindex=\"0\" aria-controls=\"elementor-tab-content-4661\" aria-expanded=\"false\">Description<\/div>\n\t\t\t\t\t<div id=\"elementor-tab-content-4661\" class=\"elementor-tab-content elementor-clearfix\" data-tab=\"1\" role=\"tabpanel\" aria-labelledby=\"elementor-tab-title-4661\" tabindex=\"0\" hidden=\"false\"><h1 class=\"text text--hero text-medium wow fadeIn\" data-wow-duration=\"2s\" data-wow-delay=\"1s\"><strong>Packaging has never been so easy<\/strong><\/h1><div class=\"text text--info text-medium wow fadeIn\" data-wow-duration=\"2s\" data-wow-delay=\"0.7s\"><div class=\"mt-20\"><strong><span class=\"text text--badge\">AUTOMATIC MODE<\/span><\/strong><\/div><\/div><p class=\"text text--info text-medium\">With iSensor&#039;s automatic mode, vacuum sealing is as simple as two: simply place the food inside the bag and close the lid. iSensor takes care of the rest: it calculates the perfect vacuum, even taking into account bag thickness and atmospheric conditions.\u00a0<strong>Perfect packaging without any supervision.<\/strong><\/p><p class=\"text text--info text-medium\">iSensor vacuum sealers represent a revolution in the world of vacuum packaging. Their intelligent technology combines maximum ease of use with the best results, all without any supervision. Save time. Save energy. Packaging has never been easier.<\/p><h1 class=\"text text--hero text-medium mb-40\">Unleash your creativity<\/h1><div class=\"mt-20\"><strong><span class=\"text text--badge\">MANUAL MODE<\/span><\/strong><\/div><p class=\"text text--info text-medium\">Control is in your hands. Choose the packaging parameters, vacuum percentage, cycle repetition, sealing times, and inert gas percentage based on your needs. Create and organize your own packaging programs and save them for later. Or unleash your creativity and experiment with techniques such as impregnations, foams, marinades, coloring and flavoring foods, deaerating sauces... All the options you can imagine, at your fingertips.<\/p><h1 class=\"text text--hero text-medium\">More control in your kitchen with the iSensor app<\/h1><p>\u00a0 \u00a0 \u00a0 \u00a0 \u00a0 \u00a0 \u00a0 \u00a0 \u00a0 \u00a0 \u00a0 \u00a0 \u00a0 \u00a0 \u00a0 \u00a0 \u00a0 \u00a0 \u00a0 \u00a0 \u00a0 \u00a0 \u00a0 \u00a0 \u00a0 \u00a0 \u00a0 \u00a0 \u00a0 \u00a0 \u00a0 \u00a0 \u00a0 \u00a0 \u00a0 \u00a0 \u00a0 \u00a0 \u00a0 \u00a0 \u00a0 \u00a0 \u00a0 \u00a0 \u00a0 \u00a0 \u00a0 \u00a0 \u00a0 \u00a0 \u00a0 \u00a0 \u00a0 \u00a0 <img fetchpriority=\"high\" decoding=\"async\" class=\"alignnone size-medium wp-image-10629\" src=\"https:\/\/equipamientosmh.com\/wp-content\/uploads\/2021\/04\/montaje-impresoraapp-300x215.jpg\" alt=\"\" width=\"300\" height=\"215\" srcset=\"https:\/\/manuelhamuservicios.com\/wp-content\/uploads\/2021\/04\/montaje-impresoraapp-300x215.jpg 300w, https:\/\/manuelhamuservicios.com\/wp-content\/uploads\/2021\/04\/montaje-impresoraapp-150x108.jpg 150w, https:\/\/manuelhamuservicios.com\/wp-content\/uploads\/2021\/04\/montaje-impresoraapp-768x551.jpg 768w, https:\/\/manuelhamuservicios.com\/wp-content\/uploads\/2021\/04\/montaje-impresoraapp.jpg 800w\" sizes=\"(max-width: 300px) 100vw, 300px\" \/>\u00a0\u00a0<\/p><p class=\"text text--info text-medium\">With the free Mychef iSensor app, you can connect your mobile phone to your vacuum sealer via Bluetooth. Conveniently and effortlessly operate your equipment remotely. Plus, thanks to the printer (optional accessory), you can\u00a0<strong>generate adhesive labels with relevant information and stick them on the vacuum bags.<\/strong><\/p><p class=\"text text--info text-medium\">Document the name of your products, packaging and expiration dates, storage temperatures, and even create a barcode so you have a complete record of your production. Achieve better organization and control of your food stock in your kitchen!<\/p><\/div>\n\t\t\t\t\t\t\t\t\t<div class=\"elementor-tab-title elementor-tab-mobile-title\" aria-selected=\"false\" data-tab=\"2\" role=\"tab\" tabindex=\"-1\" aria-controls=\"elementor-tab-content-4662\" aria-expanded=\"false\">Video<\/div>\n\t\t\t\t\t<div id=\"elementor-tab-content-4662\" class=\"elementor-tab-content elementor-clearfix\" data-tab=\"2\" role=\"tabpanel\" aria-labelledby=\"elementor-tab-title-4662\" tabindex=\"0\" hidden=\"hidden\"><p><iframe title=\"YouTube video player\" src=\"https:\/\/www.youtube.com\/embed\/3A89O8pX3oo\" width=\"1192\" height=\"671\" frameborder=\"0\" allowfullscreen=\"allowfullscreen\"><\/iframe><\/p><\/div>\n\t\t\t\t\t\t\t<\/div>\n\t\t<\/div>\n\t\t\t\t\t\t<\/div>\n\t\t\t\t<\/div>\n\t\t\t\t\t<\/div>\n\t\t<\/div>\n\t\t\t\t\t<\/div>\n\t\t<\/section>\n\t\t\t\t<\/div>","protected":false},"excerpt":{"rendered":"<p>Vacuum packing in the easiest and most convenient way is within your reach with Mychef iSensor:\u00a0<strong>a professional vacuum sealer that has revolutionized the world of vacuum packaging.<\/strong>\u00a0iSensor is especially recommended for restaurants, hotels and supermarkets.<\/p>\n<p><img decoding=\"async\" class=\"alignleft wp-image-12733 size-full\" src=\"https:\/\/manuelhamuservicios.com\/wp-content\/uploads\/2021\/04\/Captura.jpg\" alt=\"\" width=\"1555\" height=\"376\" srcset=\"https:\/\/manuelhamuservicios.com\/wp-content\/uploads\/2021\/04\/Captura.jpg 1555w, https:\/\/manuelhamuservicios.com\/wp-content\/uploads\/2021\/04\/Captura-300x73.jpg 300w, https:\/\/manuelhamuservicios.com\/wp-content\/uploads\/2021\/04\/Captura-1024x248.jpg 1024w, https:\/\/manuelhamuservicios.com\/wp-content\/uploads\/2021\/04\/Captura-768x186.jpg 768w, https:\/\/manuelhamuservicios.com\/wp-content\/uploads\/2021\/04\/Captura-1536x371.jpg 1536w, https:\/\/manuelhamuservicios.com\/wp-content\/uploads\/2021\/04\/Captura-1200x290.jpg 1200w, https:\/\/manuelhamuservicios.com\/wp-content\/uploads\/2021\/04\/Captura-150x36.jpg 150w\" sizes=\"(max-width: 1555px) 100vw, 1555px\" \/><\/p>","protected":false},"featured_media":10616,"template":"","meta":{"inline_featured_image":false},"product_brand":[],"product_cat":[83,82,127],"product_tag":[],"class_list":{"0":"post-10622","1":"product","2":"type-product","3":"status-publish","4":"has-post-thumbnail","6":"product_cat-maquinaria-alimentacion","7":"product_cat-envasadoras","8":"product_cat-envasadoras-automaticas-isensor","10":"first","11":"instock","12":"shipping-taxable","13":"product-type-simple"},"yoast_head":"<!-- This site is optimized with the Yoast SEO plugin v25.3 - https:\/\/yoast.com\/wordpress\/plugins\/seo\/ -->\n<title>Mychef iSENSOR S (Bomba 8) - Manuel Hamu Servicios<\/title>\n<meta name=\"robots\" content=\"index, follow, max-snippet:-1, max-image-preview:large, max-video-preview:-1\" \/>\n<link rel=\"canonical\" href=\"https:\/\/manuelhamuservicios.com\/en\/product\/mychef-isensor-vacuum-sealer\/\" \/>\n<meta property=\"og:locale\" content=\"en_GB\" \/>\n<meta property=\"og:type\" content=\"article\" \/>\n<meta property=\"og:title\" content=\"Mychef iSENSOR S (Bomba 8) - Manuel Hamu Servicios\" \/>\n<meta property=\"og:description\" content=\"Envasar al vac\u00edo de la forma m\u00e1s f\u00e1cil y c\u00f3moda est\u00e1 a tu alcance con Mychef iSensor:\u00a0una envasadora al vac\u00edo profesional que ha revolucionado el mundo del envasado al vac\u00edo.\u00a0iSensor est\u00e1 especialmente recomendada para restaurantes, hoteles y supermercados.\" \/>\n<meta property=\"og:url\" content=\"https:\/\/manuelhamuservicios.com\/en\/product\/mychef-isensor-vacuum-sealer\/\" \/>\n<meta property=\"og:site_name\" content=\"Manuel Hamu Servicios\" \/>\n<meta property=\"article:modified_time\" content=\"2024-01-29T11:30:32+00:00\" \/>\n<meta property=\"og:image\" content=\"https:\/\/manuelhamuservicios.com\/wp-content\/uploads\/2021\/04\/iSensor-hero-min.png\" \/>\n\t<meta property=\"og:image:width\" content=\"1500\" \/>\n\t<meta property=\"og:image:height\" content=\"1121\" \/>\n\t<meta property=\"og:image:type\" content=\"image\/png\" \/>\n<meta name=\"twitter:card\" content=\"summary_large_image\" \/>\n<meta name=\"twitter:label1\" content=\"Estimated reading time\" \/>\n\t<meta name=\"twitter:data1\" content=\"2 minutes\" \/>\n<script type=\"application\/ld+json\" class=\"yoast-schema-graph\">{\"@context\":\"https:\/\/schema.org\",\"@graph\":[{\"@type\":\"WebPage\",\"@id\":\"https:\/\/manuelhamuservicios.com\/en\/product\/mychef-isensor-vacuum-sealer\/\",\"url\":\"https:\/\/manuelhamuservicios.com\/en\/product\/mychef-isensor-vacuum-sealer\/\",\"name\":\"Mychef iSENSOR S (Bomba 8) - Manuel Hamu Servicios\",\"isPartOf\":{\"@id\":\"https:\/\/manuelhamuservicios.com\/#website\"},\"primaryImageOfPage\":{\"@id\":\"https:\/\/manuelhamuservicios.com\/en\/product\/mychef-isensor-vacuum-sealer\/#primaryimage\"},\"image\":{\"@id\":\"https:\/\/manuelhamuservicios.com\/en\/product\/mychef-isensor-vacuum-sealer\/#primaryimage\"},\"thumbnailUrl\":\"https:\/\/manuelhamuservicios.com\/wp-content\/uploads\/2021\/04\/iSensor-hero-min.png\",\"datePublished\":\"2021-04-29T08:03:50+00:00\",\"dateModified\":\"2024-01-29T11:30:32+00:00\",\"breadcrumb\":{\"@id\":\"https:\/\/manuelhamuservicios.com\/en\/product\/mychef-isensor-vacuum-sealer\/#breadcrumb\"},\"inLanguage\":\"en-GB\",\"potentialAction\":[{\"@type\":\"ReadAction\",\"target\":[\"https:\/\/manuelhamuservicios.com\/en\/product\/mychef-isensor-vacuum-sealer\/\"]}]},{\"@type\":\"ImageObject\",\"inLanguage\":\"en-GB\",\"@id\":\"https:\/\/manuelhamuservicios.com\/en\/product\/mychef-isensor-vacuum-sealer\/#primaryimage\",\"url\":\"https:\/\/manuelhamuservicios.com\/wp-content\/uploads\/2021\/04\/iSensor-hero-min.png\",\"contentUrl\":\"https:\/\/manuelhamuservicios.com\/wp-content\/uploads\/2021\/04\/iSensor-hero-min.png\",\"width\":1500,\"height\":1121},{\"@type\":\"BreadcrumbList\",\"@id\":\"https:\/\/manuelhamuservicios.com\/en\/product\/mychef-isensor-vacuum-sealer\/#breadcrumb\",\"itemListElement\":[{\"@type\":\"ListItem\",\"position\":1,\"name\":\"Portada\",\"item\":\"https:\/\/manuelhamuservicios.com\/\"},{\"@type\":\"ListItem\",\"position\":2,\"name\":\"Productos\",\"item\":\"https:\/\/manuelhamuservicios.com\/en\/mhs-products\/\"},{\"@type\":\"ListItem\",\"position\":3,\"name\":\"Mychef iSENSOR S (Bomba 8)\"}]},{\"@type\":\"WebSite\",\"@id\":\"https:\/\/manuelhamuservicios.com\/#website\",\"url\":\"https:\/\/manuelhamuservicios.com\/\",\"name\":\"Manuel Hamu Servicios\",\"description\":\"Mobiliario comercial, maquinaria alimentaria y balanzas comerciales.\",\"publisher\":{\"@id\":\"https:\/\/manuelhamuservicios.com\/#organization\"},\"potentialAction\":[{\"@type\":\"SearchAction\",\"target\":{\"@type\":\"EntryPoint\",\"urlTemplate\":\"https:\/\/manuelhamuservicios.com\/?s={search_term_string}\"},\"query-input\":{\"@type\":\"PropertyValueSpecification\",\"valueRequired\":true,\"valueName\":\"search_term_string\"}}],\"inLanguage\":\"en-GB\"},{\"@type\":\"Organization\",\"@id\":\"https:\/\/manuelhamuservicios.com\/#organization\",\"name\":\"Manuel Hamu Servicios\",\"url\":\"https:\/\/manuelhamuservicios.com\/\",\"logo\":{\"@type\":\"ImageObject\",\"inLanguage\":\"en-GB\",\"@id\":\"https:\/\/manuelhamuservicios.com\/#\/schema\/logo\/image\/\",\"url\":\"https:\/\/manuelhamuservicios.com\/wp-content\/uploads\/2023\/08\/cropped-WhatsApp-Image-2023-08-08-at-08.34.04.jpeg\",\"contentUrl\":\"https:\/\/manuelhamuservicios.com\/wp-content\/uploads\/2023\/08\/cropped-WhatsApp-Image-2023-08-08-at-08.34.04.jpeg\",\"width\":512,\"height\":512,\"caption\":\"Manuel Hamu Servicios\"},\"image\":{\"@id\":\"https:\/\/manuelhamuservicios.com\/#\/schema\/logo\/image\/\"}}]}<\/script>\n<!-- \/ Yoast SEO plugin. -->","yoast_head_json":{"title":"Mychef iSENSOR S (Pump 8) - Manuel Hamu Services","robots":{"index":"index","follow":"follow","max-snippet":"max-snippet:-1","max-image-preview":"max-image-preview:large","max-video-preview":"max-video-preview:-1"},"canonical":"https:\/\/manuelhamuservicios.com\/en\/product\/mychef-isensor-vacuum-sealer\/","og_locale":"en_GB","og_type":"article","og_title":"Mychef iSENSOR S (Bomba 8) - Manuel Hamu Servicios","og_description":"Envasar al vac\u00edo de la forma m\u00e1s f\u00e1cil y c\u00f3moda est\u00e1 a tu alcance con Mychef iSensor:\u00a0una envasadora al vac\u00edo profesional que ha revolucionado el mundo del envasado al vac\u00edo.\u00a0iSensor est\u00e1 especialmente recomendada para restaurantes, hoteles y supermercados.","og_url":"https:\/\/manuelhamuservicios.com\/en\/product\/mychef-isensor-vacuum-sealer\/","og_site_name":"Manuel Hamu Servicios","article_modified_time":"2024-01-29T11:30:32+00:00","og_image":[{"width":1500,"height":1121,"url":"https:\/\/manuelhamuservicios.com\/wp-content\/uploads\/2021\/04\/iSensor-hero-min.png","type":"image\/png"}],"twitter_card":"summary_large_image","twitter_misc":{"Estimated reading time":"2 minutes"},"schema":{"@context":"https:\/\/schema.org","@graph":[{"@type":"WebPage","@id":"https:\/\/manuelhamuservicios.com\/en\/product\/mychef-isensor-vacuum-sealer\/","url":"https:\/\/manuelhamuservicios.com\/en\/product\/mychef-isensor-vacuum-sealer\/","name":"Mychef iSENSOR S (Pump 8) - Manuel Hamu Services","isPartOf":{"@id":"https:\/\/manuelhamuservicios.com\/#website"},"primaryImageOfPage":{"@id":"https:\/\/manuelhamuservicios.com\/en\/product\/mychef-isensor-vacuum-sealer\/#primaryimage"},"image":{"@id":"https:\/\/manuelhamuservicios.com\/en\/product\/mychef-isensor-vacuum-sealer\/#primaryimage"},"thumbnailUrl":"https:\/\/manuelhamuservicios.com\/wp-content\/uploads\/2021\/04\/iSensor-hero-min.png","datePublished":"2021-04-29T08:03:50+00:00","dateModified":"2024-01-29T11:30:32+00:00","breadcrumb":{"@id":"https:\/\/manuelhamuservicios.com\/en\/product\/mychef-isensor-vacuum-sealer\/#breadcrumb"},"inLanguage":"en-GB","potentialAction":[{"@type":"ReadAction","target":["https:\/\/manuelhamuservicios.com\/en\/product\/mychef-isensor-vacuum-sealer\/"]}]},{"@type":"ImageObject","inLanguage":"en-GB","@id":"https:\/\/manuelhamuservicios.com\/en\/product\/mychef-isensor-vacuum-sealer\/#primaryimage","url":"https:\/\/manuelhamuservicios.com\/wp-content\/uploads\/2021\/04\/iSensor-hero-min.png","contentUrl":"https:\/\/manuelhamuservicios.com\/wp-content\/uploads\/2021\/04\/iSensor-hero-min.png","width":1500,"height":1121},{"@type":"BreadcrumbList","@id":"https:\/\/manuelhamuservicios.com\/en\/product\/mychef-isensor-vacuum-sealer\/#breadcrumb","itemListElement":[{"@type":"ListItem","position":1,"name":"Portada","item":"https:\/\/manuelhamuservicios.com\/"},{"@type":"ListItem","position":2,"name":"Productos","item":"https:\/\/manuelhamuservicios.com\/en\/mhs-products\/"},{"@type":"ListItem","position":3,"name":"Mychef iSENSOR S (Bomba 8)"}]},{"@type":"WebSite","@id":"https:\/\/manuelhamuservicios.com\/#website","url":"https:\/\/manuelhamuservicios.com\/","name":"Manuel Hamu Services","description":"Commercial furniture, food machinery and commercial scales.","publisher":{"@id":"https:\/\/manuelhamuservicios.com\/#organization"},"potentialAction":[{"@type":"SearchAction","target":{"@type":"EntryPoint","urlTemplate":"https:\/\/manuelhamuservicios.com\/?s={search_term_string}"},"query-input":{"@type":"PropertyValueSpecification","valueRequired":true,"valueName":"search_term_string"}}],"inLanguage":"en-GB"},{"@type":"Organization","@id":"https:\/\/manuelhamuservicios.com\/#organization","name":"Manuel Hamu Services","url":"https:\/\/manuelhamuservicios.com\/","logo":{"@type":"ImageObject","inLanguage":"en-GB","@id":"https:\/\/manuelhamuservicios.com\/#\/schema\/logo\/image\/","url":"https:\/\/manuelhamuservicios.com\/wp-content\/uploads\/2023\/08\/cropped-WhatsApp-Image-2023-08-08-at-08.34.04.jpeg","contentUrl":"https:\/\/manuelhamuservicios.com\/wp-content\/uploads\/2023\/08\/cropped-WhatsApp-Image-2023-08-08-at-08.34.04.jpeg","width":512,"height":512,"caption":"Manuel Hamu Servicios"},"image":{"@id":"https:\/\/manuelhamuservicios.com\/#\/schema\/logo\/image\/"}}]}},"_links":{"self":[{"href":"https:\/\/manuelhamuservicios.com\/en\/wp-json\/wp\/v2\/product\/10622","targetHints":{"allow":["GET"]}}],"collection":[{"href":"https:\/\/manuelhamuservicios.com\/en\/wp-json\/wp\/v2\/product"}],"about":[{"href":"https:\/\/manuelhamuservicios.com\/en\/wp-json\/wp\/v2\/types\/product"}],"version-history":[{"count":20,"href":"https:\/\/manuelhamuservicios.com\/en\/wp-json\/wp\/v2\/product\/10622\/revisions"}],"predecessor-version":[{"id":12743,"href":"https:\/\/manuelhamuservicios.com\/en\/wp-json\/wp\/v2\/product\/10622\/revisions\/12743"}],"wp:featuredmedia":[{"embeddable":true,"href":"https:\/\/manuelhamuservicios.com\/en\/wp-json\/wp\/v2\/media\/10616"}],"wp:attachment":[{"href":"https:\/\/manuelhamuservicios.com\/en\/wp-json\/wp\/v2\/media?parent=10622"}],"wp:term":[{"taxonomy":"product_brand","embeddable":true,"href":"https:\/\/manuelhamuservicios.com\/en\/wp-json\/wp\/v2\/product_brand?post=10622"},{"taxonomy":"product_cat","embeddable":true,"href":"https:\/\/manuelhamuservicios.com\/en\/wp-json\/wp\/v2\/product_cat?post=10622"},{"taxonomy":"product_tag","embeddable":true,"href":"https:\/\/manuelhamuservicios.com\/en\/wp-json\/wp\/v2\/product_tag?post=10622"}],"curies":[{"name":"wp","href":"https:\/\/api.w.org\/{rel}","templated":true}]}}