{"id":10892,"date":"2021-05-19T15:28:17","date_gmt":"2021-05-19T15:28:17","guid":{"rendered":"https:\/\/mhservicios.es\/?post_type=product&#038;p=10892"},"modified":"2021-05-19T15:51:54","modified_gmt":"2021-05-19T15:51:54","slug":"used-cutters","status":"publish","type":"product","link":"https:\/\/manuelhamuservicios.com\/en\/product\/used-cutters\/","title":{"rendered":"USA 300 Cutter"},"content":{"rendered":"<div data-elementor-type=\"product-post\" data-elementor-id=\"10892\" class=\"elementor elementor-10892\" data-elementor-post-type=\"product\">\n\t\t\t\t\t\t<section data-particle_enable=\"false\" data-particle-mobile-disabled=\"false\" class=\"wd-negative-gap elementor-section elementor-top-section elementor-element elementor-element-b20244d elementor-section-boxed elementor-section-height-default elementor-section-height-default\" data-id=\"b20244d\" data-element_type=\"section\">\n\t\t\t\t\t\t<div class=\"elementor-container elementor-column-gap-default\">\n\t\t\t\t\t<div class=\"elementor-column elementor-col-100 elementor-top-column elementor-element elementor-element-fcab9b7\" data-id=\"fcab9b7\" data-element_type=\"column\">\n\t\t\t<div class=\"elementor-widget-wrap elementor-element-populated\">\n\t\t\t\t\t\t<div class=\"elementor-element elementor-element-08107e8 elementor-tabs-view-horizontal elementor-widget elementor-widget-tabs\" data-id=\"08107e8\" data-element_type=\"widget\" data-widget_type=\"tabs.default\">\n\t\t\t\t<div class=\"elementor-widget-container\">\n\t\t\t\t\t\t\t<div class=\"elementor-tabs\">\n\t\t\t<div class=\"elementor-tabs-wrapper\" role=\"tablist\" >\n\t\t\t\t\t\t\t\t\t<div id=\"elementor-tab-title-8451\" class=\"elementor-tab-title elementor-tab-desktop-title\" aria-selected=\"true\" data-tab=\"1\" role=\"tab\" tabindex=\"0\" aria-controls=\"elementor-tab-content-8451\" aria-expanded=\"false\">Technical data<\/div>\n\t\t\t\t\t\t\t\t\t<div id=\"elementor-tab-title-8452\" class=\"elementor-tab-title elementor-tab-desktop-title\" aria-selected=\"false\" data-tab=\"2\" role=\"tab\" tabindex=\"-1\" aria-controls=\"elementor-tab-content-8452\" aria-expanded=\"false\">Documentation<\/div>\n\t\t\t\t\t\t\t<\/div>\n\t\t\t<div class=\"elementor-tabs-content-wrapper\" role=\"tablist\" aria-orientation=\"vertical\">\n\t\t\t\t\t\t\t\t\t<div class=\"elementor-tab-title elementor-tab-mobile-title\" aria-selected=\"true\" data-tab=\"1\" role=\"tab\" tabindex=\"0\" aria-controls=\"elementor-tab-content-8451\" aria-expanded=\"false\">Technical data<\/div>\n\t\t\t\t\t<div id=\"elementor-tab-content-8451\" class=\"elementor-tab-content elementor-clearfix\" data-tab=\"1\" role=\"tabpanel\" aria-labelledby=\"elementor-tab-title-8451\" tabindex=\"0\" hidden=\"false\"><p style=\"text-align: center;\">A mm. 535<br \/>B mm. 630<br \/>C mm. 440 Blade \u00d8 mm. 292<br \/>Kg. 32<br \/>CV\/HP. 0.33Max cutting capacity \u00d8 mm.270X155<br \/>Cutting capacity Max. \u00d8 mm.200<\/p><p><img fetchpriority=\"high\" decoding=\"async\" class=\"aligncenter\" src=\"https:\/\/www.braher.com\/wp-content\/uploads\/2017\/05\/plano_01.jpg\" alt=\"\" width=\"451\" height=\"231\" \/><\/p><\/div>\n\t\t\t\t\t\t\t\t\t<div class=\"elementor-tab-title elementor-tab-mobile-title\" aria-selected=\"false\" data-tab=\"2\" role=\"tab\" tabindex=\"-1\" aria-controls=\"elementor-tab-content-8452\" aria-expanded=\"false\">Documentation<\/div>\n\t\t\t\t\t<div id=\"elementor-tab-content-8452\" class=\"elementor-tab-content elementor-clearfix\" data-tab=\"2\" role=\"tabpanel\" aria-labelledby=\"elementor-tab-title-8452\" tabindex=\"0\" hidden=\"hidden\"><p><a href=\"https:\/\/www.braher.com\/wp-content\/uploads\/2017\/05\/usa_250_280_300_350_ce.pdf\" target=\"_blank\" rel=\"noopener\">Catalog<\/a><\/p><\/div>\n\t\t\t\t\t\t\t<\/div>\n\t\t<\/div>\n\t\t\t\t\t\t<\/div>\n\t\t\t\t<\/div>\n\t\t\t\t\t<\/div>\n\t\t<\/div>\n\t\t\t\t\t<\/div>\n\t\t<\/section>\n\t\t\t\t<\/div>","protected":false},"excerpt":{"rendered":"<ul>\n<li>Integrated 18\/8 stainless steel slicer with anodized aluminum frame.<\/li>\n<li>German blade, 65 Hrc hardness, 14 micron hard chrome plating.<\/li>\n<li>Built-in sharpener automatic system.<\/li>\n<li>Engine with forced ventilation, achieving a low operating temperature.<\/li>\n<li>Blade guard ring.<\/li>\n<li>Cutting thickness: 0-16 mm.<\/li>\n<\/ul>","protected":false},"featured_media":10893,"template":"","meta":{"inline_featured_image":false},"product_brand":[],"product_cat":[83,80],"product_tag":[],"class_list":{"0":"post-10892","1":"product","2":"type-product","3":"status-publish","4":"has-post-thumbnail","6":"product_cat-maquinaria-alimentacion","7":"product_cat-cortadoras","9":"first","10":"instock","11":"virtual","12":"product-type-simple"},"yoast_head":"<!-- This site is optimized with the Yoast SEO plugin v25.3 - https:\/\/yoast.com\/wordpress\/plugins\/seo\/ -->\n<title>Cortadora USA 300 - Manuel Hamu Servicios<\/title>\n<meta name=\"robots\" content=\"index, follow, max-snippet:-1, max-image-preview:large, max-video-preview:-1\" \/>\n<link rel=\"canonical\" href=\"https:\/\/manuelhamuservicios.com\/en\/product\/used-cutters\/\" \/>\n<meta property=\"og:locale\" content=\"en_GB\" \/>\n<meta property=\"og:type\" content=\"article\" \/>\n<meta property=\"og:title\" content=\"Cortadora USA 300 - Manuel Hamu Servicios\" \/>\n<meta property=\"og:description\" content=\"Cortadora integrada de acero inoxidable 18\/8 con bastidor de aluminio anodizado.  Cuchilla alemana, dureza 65 Hrc, ba\u00f1o de cromo duro de 14 micras.  Afilador incorporado sistema autom\u00e1tico.  Motor con ventilaci\u00f3n forzada, logrando una temperatura baja de funcionamiento.  Aro protector cuchilla.  Espesor de corte: 0-16 mm.\" \/>\n<meta property=\"og:url\" content=\"https:\/\/manuelhamuservicios.com\/en\/product\/used-cutters\/\" \/>\n<meta property=\"og:site_name\" content=\"Manuel Hamu Servicios\" \/>\n<meta property=\"article:modified_time\" content=\"2021-05-19T15:51:54+00:00\" \/>\n<meta property=\"og:image\" content=\"https:\/\/manuelhamuservicios.com\/wp-content\/uploads\/2021\/05\/USA1.jpg\" \/>\n\t<meta property=\"og:image:width\" content=\"369\" \/>\n\t<meta property=\"og:image:height\" content=\"445\" \/>\n\t<meta property=\"og:image:type\" content=\"image\/jpeg\" \/>\n<meta name=\"twitter:card\" content=\"summary_large_image\" \/>\n<script type=\"application\/ld+json\" class=\"yoast-schema-graph\">{\"@context\":\"https:\/\/schema.org\",\"@graph\":[{\"@type\":\"WebPage\",\"@id\":\"https:\/\/manuelhamuservicios.com\/en\/product\/used-cutters\/\",\"url\":\"https:\/\/manuelhamuservicios.com\/en\/product\/used-cutters\/\",\"name\":\"Cortadora USA 300 - Manuel Hamu Servicios\",\"isPartOf\":{\"@id\":\"https:\/\/manuelhamuservicios.com\/#website\"},\"primaryImageOfPage\":{\"@id\":\"https:\/\/manuelhamuservicios.com\/en\/product\/used-cutters\/#primaryimage\"},\"image\":{\"@id\":\"https:\/\/manuelhamuservicios.com\/en\/product\/used-cutters\/#primaryimage\"},\"thumbnailUrl\":\"https:\/\/manuelhamuservicios.com\/wp-content\/uploads\/2021\/05\/USA1.jpg\",\"datePublished\":\"2021-05-19T15:28:17+00:00\",\"dateModified\":\"2021-05-19T15:51:54+00:00\",\"breadcrumb\":{\"@id\":\"https:\/\/manuelhamuservicios.com\/en\/product\/used-cutters\/#breadcrumb\"},\"inLanguage\":\"en-GB\",\"potentialAction\":[{\"@type\":\"ReadAction\",\"target\":[\"https:\/\/manuelhamuservicios.com\/en\/product\/used-cutters\/\"]}]},{\"@type\":\"ImageObject\",\"inLanguage\":\"en-GB\",\"@id\":\"https:\/\/manuelhamuservicios.com\/en\/product\/used-cutters\/#primaryimage\",\"url\":\"https:\/\/manuelhamuservicios.com\/wp-content\/uploads\/2021\/05\/USA1.jpg\",\"contentUrl\":\"https:\/\/manuelhamuservicios.com\/wp-content\/uploads\/2021\/05\/USA1.jpg\",\"width\":369,\"height\":445},{\"@type\":\"BreadcrumbList\",\"@id\":\"https:\/\/manuelhamuservicios.com\/en\/product\/used-cutters\/#breadcrumb\",\"itemListElement\":[{\"@type\":\"ListItem\",\"position\":1,\"name\":\"Portada\",\"item\":\"https:\/\/manuelhamuservicios.com\/\"},{\"@type\":\"ListItem\",\"position\":2,\"name\":\"Productos\",\"item\":\"https:\/\/manuelhamuservicios.com\/en\/mhs-products\/\"},{\"@type\":\"ListItem\",\"position\":3,\"name\":\"Cortadora USA 300\"}]},{\"@type\":\"WebSite\",\"@id\":\"https:\/\/manuelhamuservicios.com\/#website\",\"url\":\"https:\/\/manuelhamuservicios.com\/\",\"name\":\"Manuel Hamu Servicios\",\"description\":\"Mobiliario comercial, maquinaria alimentaria y balanzas comerciales.\",\"publisher\":{\"@id\":\"https:\/\/manuelhamuservicios.com\/#organization\"},\"potentialAction\":[{\"@type\":\"SearchAction\",\"target\":{\"@type\":\"EntryPoint\",\"urlTemplate\":\"https:\/\/manuelhamuservicios.com\/?s={search_term_string}\"},\"query-input\":{\"@type\":\"PropertyValueSpecification\",\"valueRequired\":true,\"valueName\":\"search_term_string\"}}],\"inLanguage\":\"en-GB\"},{\"@type\":\"Organization\",\"@id\":\"https:\/\/manuelhamuservicios.com\/#organization\",\"name\":\"Manuel Hamu Servicios\",\"url\":\"https:\/\/manuelhamuservicios.com\/\",\"logo\":{\"@type\":\"ImageObject\",\"inLanguage\":\"en-GB\",\"@id\":\"https:\/\/manuelhamuservicios.com\/#\/schema\/logo\/image\/\",\"url\":\"https:\/\/manuelhamuservicios.com\/wp-content\/uploads\/2023\/08\/cropped-WhatsApp-Image-2023-08-08-at-08.34.04.jpeg\",\"contentUrl\":\"https:\/\/manuelhamuservicios.com\/wp-content\/uploads\/2023\/08\/cropped-WhatsApp-Image-2023-08-08-at-08.34.04.jpeg\",\"width\":512,\"height\":512,\"caption\":\"Manuel Hamu Servicios\"},\"image\":{\"@id\":\"https:\/\/manuelhamuservicios.com\/#\/schema\/logo\/image\/\"}}]}<\/script>\n<!-- \/ Yoast SEO plugin. -->","yoast_head_json":{"title":"USA 300 Cutter - Manuel Hamu Services","robots":{"index":"index","follow":"follow","max-snippet":"max-snippet:-1","max-image-preview":"max-image-preview:large","max-video-preview":"max-video-preview:-1"},"canonical":"https:\/\/manuelhamuservicios.com\/en\/product\/used-cutters\/","og_locale":"en_GB","og_type":"article","og_title":"Cortadora USA 300 - Manuel Hamu Servicios","og_description":"Cortadora integrada de acero inoxidable 18\/8 con bastidor de aluminio anodizado.  Cuchilla alemana, dureza 65 Hrc, ba\u00f1o de cromo duro de 14 micras.  Afilador incorporado sistema autom\u00e1tico.  Motor con ventilaci\u00f3n forzada, logrando una temperatura baja de funcionamiento.  Aro protector cuchilla.  Espesor de corte: 0-16 mm.","og_url":"https:\/\/manuelhamuservicios.com\/en\/product\/used-cutters\/","og_site_name":"Manuel Hamu Servicios","article_modified_time":"2021-05-19T15:51:54+00:00","og_image":[{"width":369,"height":445,"url":"https:\/\/manuelhamuservicios.com\/wp-content\/uploads\/2021\/05\/USA1.jpg","type":"image\/jpeg"}],"twitter_card":"summary_large_image","schema":{"@context":"https:\/\/schema.org","@graph":[{"@type":"WebPage","@id":"https:\/\/manuelhamuservicios.com\/en\/product\/used-cutters\/","url":"https:\/\/manuelhamuservicios.com\/en\/product\/used-cutters\/","name":"USA 300 Cutter - Manuel Hamu Services","isPartOf":{"@id":"https:\/\/manuelhamuservicios.com\/#website"},"primaryImageOfPage":{"@id":"https:\/\/manuelhamuservicios.com\/en\/product\/used-cutters\/#primaryimage"},"image":{"@id":"https:\/\/manuelhamuservicios.com\/en\/product\/used-cutters\/#primaryimage"},"thumbnailUrl":"https:\/\/manuelhamuservicios.com\/wp-content\/uploads\/2021\/05\/USA1.jpg","datePublished":"2021-05-19T15:28:17+00:00","dateModified":"2021-05-19T15:51:54+00:00","breadcrumb":{"@id":"https:\/\/manuelhamuservicios.com\/en\/product\/used-cutters\/#breadcrumb"},"inLanguage":"en-GB","potentialAction":[{"@type":"ReadAction","target":["https:\/\/manuelhamuservicios.com\/en\/product\/used-cutters\/"]}]},{"@type":"ImageObject","inLanguage":"en-GB","@id":"https:\/\/manuelhamuservicios.com\/en\/product\/used-cutters\/#primaryimage","url":"https:\/\/manuelhamuservicios.com\/wp-content\/uploads\/2021\/05\/USA1.jpg","contentUrl":"https:\/\/manuelhamuservicios.com\/wp-content\/uploads\/2021\/05\/USA1.jpg","width":369,"height":445},{"@type":"BreadcrumbList","@id":"https:\/\/manuelhamuservicios.com\/en\/product\/used-cutters\/#breadcrumb","itemListElement":[{"@type":"ListItem","position":1,"name":"Portada","item":"https:\/\/manuelhamuservicios.com\/"},{"@type":"ListItem","position":2,"name":"Productos","item":"https:\/\/manuelhamuservicios.com\/en\/mhs-products\/"},{"@type":"ListItem","position":3,"name":"Cortadora USA 300"}]},{"@type":"WebSite","@id":"https:\/\/manuelhamuservicios.com\/#website","url":"https:\/\/manuelhamuservicios.com\/","name":"Manuel Hamu Services","description":"Commercial furniture, food machinery and commercial scales.","publisher":{"@id":"https:\/\/manuelhamuservicios.com\/#organization"},"potentialAction":[{"@type":"SearchAction","target":{"@type":"EntryPoint","urlTemplate":"https:\/\/manuelhamuservicios.com\/?s={search_term_string}"},"query-input":{"@type":"PropertyValueSpecification","valueRequired":true,"valueName":"search_term_string"}}],"inLanguage":"en-GB"},{"@type":"Organization","@id":"https:\/\/manuelhamuservicios.com\/#organization","name":"Manuel Hamu Services","url":"https:\/\/manuelhamuservicios.com\/","logo":{"@type":"ImageObject","inLanguage":"en-GB","@id":"https:\/\/manuelhamuservicios.com\/#\/schema\/logo\/image\/","url":"https:\/\/manuelhamuservicios.com\/wp-content\/uploads\/2023\/08\/cropped-WhatsApp-Image-2023-08-08-at-08.34.04.jpeg","contentUrl":"https:\/\/manuelhamuservicios.com\/wp-content\/uploads\/2023\/08\/cropped-WhatsApp-Image-2023-08-08-at-08.34.04.jpeg","width":512,"height":512,"caption":"Manuel Hamu Servicios"},"image":{"@id":"https:\/\/manuelhamuservicios.com\/#\/schema\/logo\/image\/"}}]}},"_links":{"self":[{"href":"https:\/\/manuelhamuservicios.com\/en\/wp-json\/wp\/v2\/product\/10892","targetHints":{"allow":["GET"]}}],"collection":[{"href":"https:\/\/manuelhamuservicios.com\/en\/wp-json\/wp\/v2\/product"}],"about":[{"href":"https:\/\/manuelhamuservicios.com\/en\/wp-json\/wp\/v2\/types\/product"}],"version-history":[{"count":15,"href":"https:\/\/manuelhamuservicios.com\/en\/wp-json\/wp\/v2\/product\/10892\/revisions"}],"predecessor-version":[{"id":10913,"href":"https:\/\/manuelhamuservicios.com\/en\/wp-json\/wp\/v2\/product\/10892\/revisions\/10913"}],"wp:featuredmedia":[{"embeddable":true,"href":"https:\/\/manuelhamuservicios.com\/en\/wp-json\/wp\/v2\/media\/10893"}],"wp:attachment":[{"href":"https:\/\/manuelhamuservicios.com\/en\/wp-json\/wp\/v2\/media?parent=10892"}],"wp:term":[{"taxonomy":"product_brand","embeddable":true,"href":"https:\/\/manuelhamuservicios.com\/en\/wp-json\/wp\/v2\/product_brand?post=10892"},{"taxonomy":"product_cat","embeddable":true,"href":"https:\/\/manuelhamuservicios.com\/en\/wp-json\/wp\/v2\/product_cat?post=10892"},{"taxonomy":"product_tag","embeddable":true,"href":"https:\/\/manuelhamuservicios.com\/en\/wp-json\/wp\/v2\/product_tag?post=10892"}],"curies":[{"name":"wp","href":"https:\/\/api.w.org\/{rel}","templated":true}]}}