{"id":11814,"date":"2021-11-03T08:12:55","date_gmt":"2021-11-03T08:12:55","guid":{"rendered":"https:\/\/mhservicios.es\/?post_type=product&#038;p=11814"},"modified":"2021-11-03T08:15:18","modified_gmt":"2021-11-03T08:15:18","slug":"essential-pro","status":"publish","type":"product","link":"https:\/\/manuelhamuservicios.com\/en\/product\/essential-pro\/","title":{"rendered":"Essential Pro"},"content":{"rendered":"<div data-elementor-type=\"product-post\" data-elementor-id=\"11814\" class=\"elementor elementor-11814\" data-elementor-post-type=\"product\">\n\t\t\t\t\t\t<section data-particle_enable=\"false\" data-particle-mobile-disabled=\"false\" class=\"wd-negative-gap elementor-section elementor-top-section elementor-element elementor-element-b20244d elementor-section-boxed elementor-section-height-default elementor-section-height-default\" data-id=\"b20244d\" data-element_type=\"section\">\n\t\t\t\t\t\t<div class=\"elementor-container elementor-column-gap-default\">\n\t\t\t\t\t<div class=\"elementor-column elementor-col-100 elementor-top-column elementor-element elementor-element-fcab9b7\" data-id=\"fcab9b7\" data-element_type=\"column\">\n\t\t\t<div class=\"elementor-widget-wrap elementor-element-populated\">\n\t\t\t\t\t\t<div class=\"elementor-element elementor-element-08107e8 elementor-tabs-view-horizontal elementor-widget elementor-widget-tabs\" data-id=\"08107e8\" data-element_type=\"widget\" data-widget_type=\"tabs.default\">\n\t\t\t\t<div class=\"elementor-widget-container\">\n\t\t\t\t\t\t\t<div class=\"elementor-tabs\">\n\t\t\t<div class=\"elementor-tabs-wrapper\" role=\"tablist\" >\n\t\t\t\t\t\t\t\t\t<div id=\"elementor-tab-title-8451\" class=\"elementor-tab-title elementor-tab-desktop-title\" aria-selected=\"true\" data-tab=\"1\" role=\"tab\" tabindex=\"0\" aria-controls=\"elementor-tab-content-8451\" aria-expanded=\"false\">Technical data<\/div>\n\t\t\t\t\t\t\t\t\t<div id=\"elementor-tab-title-8452\" class=\"elementor-tab-title elementor-tab-desktop-title\" aria-selected=\"false\" data-tab=\"2\" role=\"tab\" tabindex=\"-1\" aria-controls=\"elementor-tab-content-8452\" aria-expanded=\"false\">Documentation<\/div>\n\t\t\t\t\t\t\t\t\t<div id=\"elementor-tab-title-8453\" class=\"elementor-tab-title elementor-tab-desktop-title\" aria-selected=\"false\" data-tab=\"3\" role=\"tab\" tabindex=\"-1\" aria-controls=\"elementor-tab-content-8453\" aria-expanded=\"false\">Video<\/div>\n\t\t\t\t\t\t\t<\/div>\n\t\t\t<div class=\"elementor-tabs-content-wrapper\" role=\"tablist\" aria-orientation=\"vertical\">\n\t\t\t\t\t\t\t\t\t<div class=\"elementor-tab-title elementor-tab-mobile-title\" aria-selected=\"true\" data-tab=\"1\" role=\"tab\" tabindex=\"0\" aria-controls=\"elementor-tab-content-8451\" aria-expanded=\"false\">Technical data<\/div>\n\t\t\t\t\t<div id=\"elementor-tab-content-8451\" class=\"elementor-tab-content elementor-clearfix\" data-tab=\"1\" role=\"tabpanel\" aria-labelledby=\"elementor-tab-title-8451\" tabindex=\"0\" hidden=\"false\"><div class=\"content-heading\"><h3 class=\"title\">Technical Specifications<\/h3><\/div><div class=\"custom-wrapper\"><div class=\"cell type01 col-md-4 cell-0\"><div class=\"atr-label\">Fruits per minute<\/div><div class=\"atr-value\">22<\/div><\/div><div class=\"cell type01 col-md-4 cell-1\"><div class=\"atr-label\">Feeder capacity<\/div><div class=\"atr-value\">4 \/ 5 fruits<\/div><\/div><div class=\"cell type01 col-md-4 cell-2\"><div class=\"atr-label\">Fruit diameter<\/div><div class=\"atr-value\">65 \u2013 81 mm<\/div><\/div><div class=\"col-md-12 line\">\u00a0<\/div><div class=\"cell type02 col-md-12 nopad cell-3\"><div class=\"col-md-4\"><div class=\"atr-label\">Push&amp;Juice<\/div><\/div><div class=\"col-md-8\">To juice, simply touch the front button. You&#039;ll see the button automatically change color from white to orange. The juice outlet will light up: you&#039;re making the most delicious juice.<\/div><\/div><div class=\"col-md-12 line\">\u00a0<\/div><div class=\"col-md-4\"><img decoding=\"async\" src=\"https:\/\/www.zumexstore.com\/media\/wysiwyg\/atributos\/ico-consumo-2.png\" alt=\"Type of consumption: Medium\" \/><\/div><div class=\"cell col-md-4 type01 cell-4\"><div class=\"atr-label\">Type of consumption<\/div><div class=\"atr-value\">Half<\/div><\/div><div class=\"cell type01 col-md-4 cell-5\"><div class=\"atr-label\">Consumption<\/div><div class=\"atr-value\">2.7 A<\/div><\/div><div class=\"col-md-12 line\">\u00a0<\/div><div class=\"cell type01 col-md-4 cell-6\"><div class=\"atr-label\">Power<\/div><div class=\"atr-value\">300 W \u0131 0.40 HP \/ 320 W \u0131 0.43 HP<\/div><\/div><div class=\"cell type01 col-md-4 cell-7\"><div class=\"atr-label\">Voltage<\/div><div class=\"atr-value\">220-240 V \u0131 50-60 Hz \/ 115 V \u0131 60 Hz<\/div><\/div><div class=\"cell type01 col-md-4 cell-8\"><div class=\"atr-label\">Security<\/div><div class=\"atr-value\">Two safety devices and motor seizure sensor.<\/div><\/div><div class=\"col-md-12 line\">\u00a0<\/div><div class=\"cell type01 col-md-4 cell-9\"><div class=\"atr-label\">Anti-humidity protection<\/div><div class=\"atr-value\">IPX4<\/div><\/div><div class=\"cell col-md-4 type01 cell-10\"><div class=\"atr-label\">Waste management<\/div><div class=\"atr-value\">Integrated bucket<\/div><\/div><div class=\"col-md-12 line\">\u00a0<\/div><div class=\"cell type01 col-md-4 cell-11\"><div class=\"atr-label\">Business<\/div><div class=\"atr-value\">Foodservice, Hotels, Juice Bars, Communities, Large Spaces<\/div><\/div><div class=\"col-md-12 line\">\u00a0<\/div><div class=\"cell type01 col-md-4 cell-12\"><div class=\"atr-label\">Type of machine<\/div><div class=\"atr-value\">Juicer<\/div><\/div><div class=\"cell type01 col-md-4 cell-13\"><div class=\"atr-label\">Dimensions<\/div><div class=\"atr-value\">47 x 50 x 75 cm \/ 18.5\u201d x 19.7\u201d x 29.5\u201d<\/div><\/div><div class=\"cell type01 col-md-4 cell-14\"><div class=\"atr-label\">Net weight<\/div><div class=\"atr-value\">45.5 kg (100 lb)<\/div><\/div><\/div><\/div>\n\t\t\t\t\t\t\t\t\t<div class=\"elementor-tab-title elementor-tab-mobile-title\" aria-selected=\"false\" data-tab=\"2\" role=\"tab\" tabindex=\"-1\" aria-controls=\"elementor-tab-content-8452\" aria-expanded=\"false\">Documentation<\/div>\n\t\t\t\t\t<div id=\"elementor-tab-content-8452\" class=\"elementor-tab-content elementor-clearfix\" data-tab=\"2\" role=\"tabpanel\" aria-labelledby=\"elementor-tab-title-8452\" tabindex=\"0\" hidden=\"hidden\"><ul><li><span style=\"text-decoration: underline;\"><strong><span style=\"color: #000000;\"><a style=\"color: #000000; text-decoration: underline;\" href=\"https:\/\/www.zumexstore.com\/iberia\/amfile\/file\/download\/file\/99\/product\/81\/\">Technical Sheet<\/a><\/span><\/strong><\/span><\/li><\/ul><\/div>\n\t\t\t\t\t\t\t\t\t<div class=\"elementor-tab-title elementor-tab-mobile-title\" aria-selected=\"false\" data-tab=\"3\" role=\"tab\" tabindex=\"-1\" aria-controls=\"elementor-tab-content-8453\" aria-expanded=\"false\">Video<\/div>\n\t\t\t\t\t<div id=\"elementor-tab-content-8453\" class=\"elementor-tab-content elementor-clearfix\" data-tab=\"3\" role=\"tabpanel\" aria-labelledby=\"elementor-tab-title-8453\" tabindex=\"0\" hidden=\"hidden\"><ul><li><span style=\"text-decoration: underline;\"><strong><a href=\"https:\/\/youtu.be\/d2NOKmXXJOQ\" target=\"_blank\" rel=\"noopener\">How does it work?<\/a><\/strong><\/span><\/li><\/ul><\/div>\n\t\t\t\t\t\t\t<\/div>\n\t\t<\/div>\n\t\t\t\t\t\t<\/div>\n\t\t\t\t<\/div>\n\t\t\t\t\t<\/div>\n\t\t<\/div>\n\t\t\t\t\t<\/div>\n\t\t<\/section>\n\t\t\t\t<\/div>","protected":false},"excerpt":{"rendered":"<p>Simplicity for your everyday life. The simplest and most functional automatic juicer in the Zumex range. Ideal for cafes or bars where simplicity of operation is key without sacrificing top-quality juice service.<\/p>","protected":false},"featured_media":11815,"template":"","meta":{"inline_featured_image":false},"product_brand":[],"product_cat":[106,111],"product_tag":[],"class_list":{"0":"post-11814","1":"product","2":"type-product","3":"status-publish","4":"has-post-thumbnail","6":"product_cat-zumex","7":"product_cat-essential-pro","9":"first","10":"instock","11":"virtual","12":"product-type-simple"},"yoast_head":"<!-- This site is optimized with the Yoast SEO plugin v25.3 - https:\/\/yoast.com\/wordpress\/plugins\/seo\/ -->\n<title>Essential Pro - Manuel Hamu Servicios<\/title>\n<meta name=\"robots\" content=\"index, follow, max-snippet:-1, max-image-preview:large, max-video-preview:-1\" \/>\n<link rel=\"canonical\" href=\"https:\/\/manuelhamuservicios.com\/en\/product\/essential-pro\/\" \/>\n<meta property=\"og:locale\" content=\"en_GB\" \/>\n<meta property=\"og:type\" content=\"article\" \/>\n<meta property=\"og:title\" content=\"Essential Pro - Manuel Hamu Servicios\" \/>\n<meta property=\"og:description\" content=\"Simplicidad para tu d\u00eda a d\u00eda. El exprimidor autom\u00e1tico m\u00e1s sencillo y funcional de la gama de exprimidoras Zumex. Ideal para cafeter\u00edas o bares donde lo que importa es la simplicidad del funcionamiento sin renunciar a la m\u00e1xima calidad en el servicio de zumo.\" \/>\n<meta property=\"og:url\" content=\"https:\/\/manuelhamuservicios.com\/en\/product\/essential-pro\/\" \/>\n<meta property=\"og:site_name\" content=\"Manuel Hamu Servicios\" \/>\n<meta property=\"article:modified_time\" content=\"2021-11-03T08:15:18+00:00\" \/>\n<meta property=\"og:image\" content=\"https:\/\/manuelhamuservicios.com\/wp-content\/uploads\/2021\/11\/101zumex-essential-pro-grafito-frontal-cmyk_3.jpg\" \/>\n\t<meta property=\"og:image:width\" content=\"850\" \/>\n\t<meta property=\"og:image:height\" content=\"850\" \/>\n\t<meta property=\"og:image:type\" content=\"image\/jpeg\" \/>\n<meta name=\"twitter:card\" content=\"summary_large_image\" \/>\n<meta name=\"twitter:label1\" content=\"Estimated reading time\" \/>\n\t<meta name=\"twitter:data1\" content=\"1 minute\" \/>\n<script type=\"application\/ld+json\" class=\"yoast-schema-graph\">{\"@context\":\"https:\/\/schema.org\",\"@graph\":[{\"@type\":\"WebPage\",\"@id\":\"https:\/\/manuelhamuservicios.com\/producto\/essential-pro\/\",\"url\":\"https:\/\/manuelhamuservicios.com\/producto\/essential-pro\/\",\"name\":\"Essential Pro - Manuel Hamu Servicios\",\"isPartOf\":{\"@id\":\"https:\/\/manuelhamuservicios.com\/#website\"},\"primaryImageOfPage\":{\"@id\":\"https:\/\/manuelhamuservicios.com\/producto\/essential-pro\/#primaryimage\"},\"image\":{\"@id\":\"https:\/\/manuelhamuservicios.com\/producto\/essential-pro\/#primaryimage\"},\"thumbnailUrl\":\"https:\/\/manuelhamuservicios.com\/wp-content\/uploads\/2021\/11\/101zumex-essential-pro-grafito-frontal-cmyk_3.jpg\",\"datePublished\":\"2021-11-03T08:12:55+00:00\",\"dateModified\":\"2021-11-03T08:15:18+00:00\",\"breadcrumb\":{\"@id\":\"https:\/\/manuelhamuservicios.com\/producto\/essential-pro\/#breadcrumb\"},\"inLanguage\":\"en-GB\",\"potentialAction\":[{\"@type\":\"ReadAction\",\"target\":[\"https:\/\/manuelhamuservicios.com\/producto\/essential-pro\/\"]}]},{\"@type\":\"ImageObject\",\"inLanguage\":\"en-GB\",\"@id\":\"https:\/\/manuelhamuservicios.com\/producto\/essential-pro\/#primaryimage\",\"url\":\"https:\/\/manuelhamuservicios.com\/wp-content\/uploads\/2021\/11\/101zumex-essential-pro-grafito-frontal-cmyk_3.jpg\",\"contentUrl\":\"https:\/\/manuelhamuservicios.com\/wp-content\/uploads\/2021\/11\/101zumex-essential-pro-grafito-frontal-cmyk_3.jpg\",\"width\":850,\"height\":850},{\"@type\":\"BreadcrumbList\",\"@id\":\"https:\/\/manuelhamuservicios.com\/producto\/essential-pro\/#breadcrumb\",\"itemListElement\":[{\"@type\":\"ListItem\",\"position\":1,\"name\":\"Portada\",\"item\":\"https:\/\/manuelhamuservicios.com\/\"},{\"@type\":\"ListItem\",\"position\":2,\"name\":\"Productos\",\"item\":\"https:\/\/manuelhamuservicios.com\/en\/mhs-products\/\"},{\"@type\":\"ListItem\",\"position\":3,\"name\":\"Essential Pro\"}]},{\"@type\":\"WebSite\",\"@id\":\"https:\/\/manuelhamuservicios.com\/#website\",\"url\":\"https:\/\/manuelhamuservicios.com\/\",\"name\":\"Manuel Hamu Servicios\",\"description\":\"Mobiliario comercial, maquinaria alimentaria y balanzas comerciales.\",\"publisher\":{\"@id\":\"https:\/\/manuelhamuservicios.com\/#organization\"},\"potentialAction\":[{\"@type\":\"SearchAction\",\"target\":{\"@type\":\"EntryPoint\",\"urlTemplate\":\"https:\/\/manuelhamuservicios.com\/?s={search_term_string}\"},\"query-input\":{\"@type\":\"PropertyValueSpecification\",\"valueRequired\":true,\"valueName\":\"search_term_string\"}}],\"inLanguage\":\"en-GB\"},{\"@type\":\"Organization\",\"@id\":\"https:\/\/manuelhamuservicios.com\/#organization\",\"name\":\"Manuel Hamu Servicios\",\"url\":\"https:\/\/manuelhamuservicios.com\/\",\"logo\":{\"@type\":\"ImageObject\",\"inLanguage\":\"en-GB\",\"@id\":\"https:\/\/manuelhamuservicios.com\/#\/schema\/logo\/image\/\",\"url\":\"https:\/\/manuelhamuservicios.com\/wp-content\/uploads\/2023\/08\/cropped-WhatsApp-Image-2023-08-08-at-08.34.04.jpeg\",\"contentUrl\":\"https:\/\/manuelhamuservicios.com\/wp-content\/uploads\/2023\/08\/cropped-WhatsApp-Image-2023-08-08-at-08.34.04.jpeg\",\"width\":512,\"height\":512,\"caption\":\"Manuel Hamu Servicios\"},\"image\":{\"@id\":\"https:\/\/manuelhamuservicios.com\/#\/schema\/logo\/image\/\"}}]}<\/script>\n<!-- \/ Yoast SEO plugin. -->","yoast_head_json":{"title":"Essential Pro - Manuel Hamu Services","robots":{"index":"index","follow":"follow","max-snippet":"max-snippet:-1","max-image-preview":"max-image-preview:large","max-video-preview":"max-video-preview:-1"},"canonical":"https:\/\/manuelhamuservicios.com\/en\/product\/essential-pro\/","og_locale":"en_GB","og_type":"article","og_title":"Essential Pro - Manuel Hamu Servicios","og_description":"Simplicidad para tu d\u00eda a d\u00eda. El exprimidor autom\u00e1tico m\u00e1s sencillo y funcional de la gama de exprimidoras Zumex. Ideal para cafeter\u00edas o bares donde lo que importa es la simplicidad del funcionamiento sin renunciar a la m\u00e1xima calidad en el servicio de zumo.","og_url":"https:\/\/manuelhamuservicios.com\/en\/product\/essential-pro\/","og_site_name":"Manuel Hamu Servicios","article_modified_time":"2021-11-03T08:15:18+00:00","og_image":[{"width":850,"height":850,"url":"https:\/\/manuelhamuservicios.com\/wp-content\/uploads\/2021\/11\/101zumex-essential-pro-grafito-frontal-cmyk_3.jpg","type":"image\/jpeg"}],"twitter_card":"summary_large_image","twitter_misc":{"Estimated reading time":"1 minute"},"schema":{"@context":"https:\/\/schema.org","@graph":[{"@type":"WebPage","@id":"https:\/\/manuelhamuservicios.com\/producto\/essential-pro\/","url":"https:\/\/manuelhamuservicios.com\/producto\/essential-pro\/","name":"Essential Pro - Manuel Hamu Services","isPartOf":{"@id":"https:\/\/manuelhamuservicios.com\/#website"},"primaryImageOfPage":{"@id":"https:\/\/manuelhamuservicios.com\/producto\/essential-pro\/#primaryimage"},"image":{"@id":"https:\/\/manuelhamuservicios.com\/producto\/essential-pro\/#primaryimage"},"thumbnailUrl":"https:\/\/manuelhamuservicios.com\/wp-content\/uploads\/2021\/11\/101zumex-essential-pro-grafito-frontal-cmyk_3.jpg","datePublished":"2021-11-03T08:12:55+00:00","dateModified":"2021-11-03T08:15:18+00:00","breadcrumb":{"@id":"https:\/\/manuelhamuservicios.com\/producto\/essential-pro\/#breadcrumb"},"inLanguage":"en-GB","potentialAction":[{"@type":"ReadAction","target":["https:\/\/manuelhamuservicios.com\/producto\/essential-pro\/"]}]},{"@type":"ImageObject","inLanguage":"en-GB","@id":"https:\/\/manuelhamuservicios.com\/producto\/essential-pro\/#primaryimage","url":"https:\/\/manuelhamuservicios.com\/wp-content\/uploads\/2021\/11\/101zumex-essential-pro-grafito-frontal-cmyk_3.jpg","contentUrl":"https:\/\/manuelhamuservicios.com\/wp-content\/uploads\/2021\/11\/101zumex-essential-pro-grafito-frontal-cmyk_3.jpg","width":850,"height":850},{"@type":"BreadcrumbList","@id":"https:\/\/manuelhamuservicios.com\/producto\/essential-pro\/#breadcrumb","itemListElement":[{"@type":"ListItem","position":1,"name":"Portada","item":"https:\/\/manuelhamuservicios.com\/"},{"@type":"ListItem","position":2,"name":"Productos","item":"https:\/\/manuelhamuservicios.com\/en\/mhs-products\/"},{"@type":"ListItem","position":3,"name":"Essential Pro"}]},{"@type":"WebSite","@id":"https:\/\/manuelhamuservicios.com\/#website","url":"https:\/\/manuelhamuservicios.com\/","name":"Manuel Hamu Services","description":"Commercial furniture, food machinery and commercial scales.","publisher":{"@id":"https:\/\/manuelhamuservicios.com\/#organization"},"potentialAction":[{"@type":"SearchAction","target":{"@type":"EntryPoint","urlTemplate":"https:\/\/manuelhamuservicios.com\/?s={search_term_string}"},"query-input":{"@type":"PropertyValueSpecification","valueRequired":true,"valueName":"search_term_string"}}],"inLanguage":"en-GB"},{"@type":"Organization","@id":"https:\/\/manuelhamuservicios.com\/#organization","name":"Manuel Hamu Services","url":"https:\/\/manuelhamuservicios.com\/","logo":{"@type":"ImageObject","inLanguage":"en-GB","@id":"https:\/\/manuelhamuservicios.com\/#\/schema\/logo\/image\/","url":"https:\/\/manuelhamuservicios.com\/wp-content\/uploads\/2023\/08\/cropped-WhatsApp-Image-2023-08-08-at-08.34.04.jpeg","contentUrl":"https:\/\/manuelhamuservicios.com\/wp-content\/uploads\/2023\/08\/cropped-WhatsApp-Image-2023-08-08-at-08.34.04.jpeg","width":512,"height":512,"caption":"Manuel Hamu Servicios"},"image":{"@id":"https:\/\/manuelhamuservicios.com\/#\/schema\/logo\/image\/"}}]}},"_links":{"self":[{"href":"https:\/\/manuelhamuservicios.com\/en\/wp-json\/wp\/v2\/product\/11814","targetHints":{"allow":["GET"]}}],"collection":[{"href":"https:\/\/manuelhamuservicios.com\/en\/wp-json\/wp\/v2\/product"}],"about":[{"href":"https:\/\/manuelhamuservicios.com\/en\/wp-json\/wp\/v2\/types\/product"}],"version-history":[{"count":4,"href":"https:\/\/manuelhamuservicios.com\/en\/wp-json\/wp\/v2\/product\/11814\/revisions"}],"predecessor-version":[{"id":11822,"href":"https:\/\/manuelhamuservicios.com\/en\/wp-json\/wp\/v2\/product\/11814\/revisions\/11822"}],"wp:featuredmedia":[{"embeddable":true,"href":"https:\/\/manuelhamuservicios.com\/en\/wp-json\/wp\/v2\/media\/11815"}],"wp:attachment":[{"href":"https:\/\/manuelhamuservicios.com\/en\/wp-json\/wp\/v2\/media?parent=11814"}],"wp:term":[{"taxonomy":"product_brand","embeddable":true,"href":"https:\/\/manuelhamuservicios.com\/en\/wp-json\/wp\/v2\/product_brand?post=11814"},{"taxonomy":"product_cat","embeddable":true,"href":"https:\/\/manuelhamuservicios.com\/en\/wp-json\/wp\/v2\/product_cat?post=11814"},{"taxonomy":"product_tag","embeddable":true,"href":"https:\/\/manuelhamuservicios.com\/en\/wp-json\/wp\/v2\/product_tag?post=11814"}],"curies":[{"name":"wp","href":"https:\/\/api.w.org\/{rel}","templated":true}]}}