{"id":12699,"date":"2024-01-29T09:48:38","date_gmt":"2024-01-29T09:48:38","guid":{"rendered":"https:\/\/manuelhamuservicios.com\/?post_type=product&#038;p=12699"},"modified":"2024-01-29T09:48:41","modified_gmt":"2024-01-29T09:48:41","slug":"cf-330-cf-350-cutter","status":"publish","type":"product","link":"https:\/\/manuelhamuservicios.com\/en\/product\/cf-330-cf-350-cutter\/","title":{"rendered":"CF-330 \/ CF-350 Cutter"},"content":{"rendered":"","protected":false},"excerpt":{"rendered":"<p>Slicers and fillets<\/p>\n<p>Sausage and cold cut slicers.<br \/>\nTransmission by oil-bathed gears.<br \/>\nMotor with additional ventilation for continuous use.<br \/>\nProfessional range for high-end delicatessen and supermarkets.<br \/>\nCutting disc diameter:<br \/>\n<strong>CF-330<\/strong>: 330 mm \/\u00a0<strong>CF-350<\/strong>: 350 mm<br \/>\nCutting Thickness: up to 15 mm<\/p>\n<p>Engines:<br \/>\n0.5 HP \/ 0.37 kW three-phase (230-400V 50Hz \/ 220V 60Hz)<br \/>\nSingle-phase 0.5 HP \/ 0.37 kW (230V 50Hz \/ 110-220V 60Hz)<\/p>\n<p>Base dimensions: 58 x 45 cm<\/p>\n<p>With built-in dual-action sharpener: sharpen and polish the cut.<br \/>\nSmooth sliding of the cars.<br \/>\nAnodized aluminum construction.<br \/>\nComplies with CE regulations.<\/p>\n<p><img fetchpriority=\"high\" decoding=\"async\" class=\"aligncenter wp-image-12701 size-full\" src=\"https:\/\/manuelhamuservicios.com\/wp-content\/uploads\/2024\/01\/CFmides.jpg\" alt=\"\" width=\"700\" height=\"300\" srcset=\"https:\/\/manuelhamuservicios.com\/wp-content\/uploads\/2024\/01\/CFmides.jpg 700w, https:\/\/manuelhamuservicios.com\/wp-content\/uploads\/2024\/01\/CFmides-300x129.jpg 300w, https:\/\/manuelhamuservicios.com\/wp-content\/uploads\/2024\/01\/CFmides-150x64.jpg 150w\" sizes=\"(max-width: 700px) 100vw, 700px\" \/><\/p>","protected":false},"featured_media":12700,"template":"","meta":{"inline_featured_image":false},"product_brand":[],"product_cat":[83,80],"product_tag":[119,120,113],"class_list":{"0":"post-12699","1":"product","2":"type-product","3":"status-publish","4":"has-post-thumbnail","6":"product_cat-maquinaria-alimentacion","7":"product_cat-cortadoras","8":"product_tag-cortadora","9":"product_tag-maquinaria","10":"product_tag-murcia","12":"first","13":"instock","14":"shipping-taxable","15":"product-type-simple"},"yoast_head":"<!-- This site is optimized with the Yoast SEO plugin v25.3 - https:\/\/yoast.com\/wordpress\/plugins\/seo\/ -->\n<title>Cortadora CF-330 \/ CF-350 - Manuel Hamu Servicios<\/title>\n<meta name=\"robots\" content=\"index, follow, max-snippet:-1, max-image-preview:large, max-video-preview:-1\" \/>\n<link rel=\"canonical\" href=\"https:\/\/manuelhamuservicios.com\/en\/product\/cf-330-cf-350-cutter\/\" \/>\n<meta property=\"og:locale\" content=\"en_GB\" \/>\n<meta property=\"og:type\" content=\"article\" \/>\n<meta property=\"og:title\" content=\"Cortadora CF-330 \/ CF-350 - Manuel Hamu Servicios\" \/>\n<meta property=\"og:description\" content=\"Cortadoras de fiambres y filetes  Cortadoras de embutidos y fiambres. Transmisi\u00f3n por engranajes ba\u00f1ados en aceite. Motor con ventilaci\u00f3n adicional para uso continuo. Gama profesional para alta charcuter\u00eda y supermercados. Di\u00e1metro del disco de corte: CF-330: 330 mm \/\u00a0CF-350: 350 mm Espesor de Corte: hasta 15 mm  Motores: Trif\u00e1sicos de 0,5 HP \/ 0,37 kW (230-400V 50Hz \/ 220V 60Hz) Monof\u00e1sicos de 0,5 HP \/ 0,37 kW (230V 50Hz \/ 110-220V 60Hz)  Dimensiones base: 58 x 45 cm  Con afilador incorporado de doble acci\u00f3n: afilar y pulir el corte. Suave deslizamiento de los carros. Construcci\u00f3n en aluminio anodizado. Cumple con la normativa CE.\" \/>\n<meta property=\"og:url\" content=\"https:\/\/manuelhamuservicios.com\/en\/product\/cf-330-cf-350-cutter\/\" \/>\n<meta property=\"og:site_name\" content=\"Manuel Hamu Servicios\" \/>\n<meta property=\"article:modified_time\" content=\"2024-01-29T09:48:41+00:00\" \/>\n<meta property=\"og:image\" content=\"https:\/\/manuelhamuservicios.com\/wp-content\/uploads\/2024\/01\/CF350.jpg\" \/>\n\t<meta property=\"og:image:width\" content=\"300\" \/>\n\t<meta property=\"og:image:height\" content=\"375\" \/>\n\t<meta property=\"og:image:type\" content=\"image\/jpeg\" \/>\n<meta name=\"twitter:card\" content=\"summary_large_image\" \/>\n<script type=\"application\/ld+json\" class=\"yoast-schema-graph\">{\"@context\":\"https:\/\/schema.org\",\"@graph\":[{\"@type\":\"WebPage\",\"@id\":\"https:\/\/manuelhamuservicios.com\/producto\/cortadora-cf-330-cf-350\/\",\"url\":\"https:\/\/manuelhamuservicios.com\/producto\/cortadora-cf-330-cf-350\/\",\"name\":\"Cortadora CF-330 \/ CF-350 - Manuel Hamu Servicios\",\"isPartOf\":{\"@id\":\"https:\/\/manuelhamuservicios.com\/#website\"},\"primaryImageOfPage\":{\"@id\":\"https:\/\/manuelhamuservicios.com\/producto\/cortadora-cf-330-cf-350\/#primaryimage\"},\"image\":{\"@id\":\"https:\/\/manuelhamuservicios.com\/producto\/cortadora-cf-330-cf-350\/#primaryimage\"},\"thumbnailUrl\":\"https:\/\/manuelhamuservicios.com\/wp-content\/uploads\/2024\/01\/CF350.jpg\",\"datePublished\":\"2024-01-29T09:48:38+00:00\",\"dateModified\":\"2024-01-29T09:48:41+00:00\",\"breadcrumb\":{\"@id\":\"https:\/\/manuelhamuservicios.com\/producto\/cortadora-cf-330-cf-350\/#breadcrumb\"},\"inLanguage\":\"en-GB\",\"potentialAction\":[{\"@type\":\"ReadAction\",\"target\":[\"https:\/\/manuelhamuservicios.com\/producto\/cortadora-cf-330-cf-350\/\"]}]},{\"@type\":\"ImageObject\",\"inLanguage\":\"en-GB\",\"@id\":\"https:\/\/manuelhamuservicios.com\/producto\/cortadora-cf-330-cf-350\/#primaryimage\",\"url\":\"https:\/\/manuelhamuservicios.com\/wp-content\/uploads\/2024\/01\/CF350.jpg\",\"contentUrl\":\"https:\/\/manuelhamuservicios.com\/wp-content\/uploads\/2024\/01\/CF350.jpg\",\"width\":300,\"height\":375},{\"@type\":\"BreadcrumbList\",\"@id\":\"https:\/\/manuelhamuservicios.com\/producto\/cortadora-cf-330-cf-350\/#breadcrumb\",\"itemListElement\":[{\"@type\":\"ListItem\",\"position\":1,\"name\":\"Portada\",\"item\":\"https:\/\/manuelhamuservicios.com\/\"},{\"@type\":\"ListItem\",\"position\":2,\"name\":\"Productos\",\"item\":\"https:\/\/manuelhamuservicios.com\/en\/mhs-products\/\"},{\"@type\":\"ListItem\",\"position\":3,\"name\":\"Cortadora CF-330 \/ CF-350\"}]},{\"@type\":\"WebSite\",\"@id\":\"https:\/\/manuelhamuservicios.com\/#website\",\"url\":\"https:\/\/manuelhamuservicios.com\/\",\"name\":\"Manuel Hamu Servicios\",\"description\":\"Mobiliario comercial, maquinaria alimentaria y balanzas comerciales.\",\"publisher\":{\"@id\":\"https:\/\/manuelhamuservicios.com\/#organization\"},\"potentialAction\":[{\"@type\":\"SearchAction\",\"target\":{\"@type\":\"EntryPoint\",\"urlTemplate\":\"https:\/\/manuelhamuservicios.com\/?s={search_term_string}\"},\"query-input\":{\"@type\":\"PropertyValueSpecification\",\"valueRequired\":true,\"valueName\":\"search_term_string\"}}],\"inLanguage\":\"en-GB\"},{\"@type\":\"Organization\",\"@id\":\"https:\/\/manuelhamuservicios.com\/#organization\",\"name\":\"Manuel Hamu Servicios\",\"url\":\"https:\/\/manuelhamuservicios.com\/\",\"logo\":{\"@type\":\"ImageObject\",\"inLanguage\":\"en-GB\",\"@id\":\"https:\/\/manuelhamuservicios.com\/#\/schema\/logo\/image\/\",\"url\":\"https:\/\/manuelhamuservicios.com\/wp-content\/uploads\/2023\/08\/cropped-WhatsApp-Image-2023-08-08-at-08.34.04.jpeg\",\"contentUrl\":\"https:\/\/manuelhamuservicios.com\/wp-content\/uploads\/2023\/08\/cropped-WhatsApp-Image-2023-08-08-at-08.34.04.jpeg\",\"width\":512,\"height\":512,\"caption\":\"Manuel Hamu Servicios\"},\"image\":{\"@id\":\"https:\/\/manuelhamuservicios.com\/#\/schema\/logo\/image\/\"}}]}<\/script>\n<!-- \/ Yoast SEO plugin. -->","yoast_head_json":{"title":"CF-330 \/ CF-350 Cutter - Manuel Hamu Services","robots":{"index":"index","follow":"follow","max-snippet":"max-snippet:-1","max-image-preview":"max-image-preview:large","max-video-preview":"max-video-preview:-1"},"canonical":"https:\/\/manuelhamuservicios.com\/en\/product\/cf-330-cf-350-cutter\/","og_locale":"en_GB","og_type":"article","og_title":"Cortadora CF-330 \/ CF-350 - Manuel Hamu Servicios","og_description":"Cortadoras de fiambres y filetes  Cortadoras de embutidos y fiambres. Transmisi\u00f3n por engranajes ba\u00f1ados en aceite. Motor con ventilaci\u00f3n adicional para uso continuo. Gama profesional para alta charcuter\u00eda y supermercados. Di\u00e1metro del disco de corte: CF-330: 330 mm \/\u00a0CF-350: 350 mm Espesor de Corte: hasta 15 mm  Motores: Trif\u00e1sicos de 0,5 HP \/ 0,37 kW (230-400V 50Hz \/ 220V 60Hz) Monof\u00e1sicos de 0,5 HP \/ 0,37 kW (230V 50Hz \/ 110-220V 60Hz)  Dimensiones base: 58 x 45 cm  Con afilador incorporado de doble acci\u00f3n: afilar y pulir el corte. Suave deslizamiento de los carros. Construcci\u00f3n en aluminio anodizado. Cumple con la normativa CE.","og_url":"https:\/\/manuelhamuservicios.com\/en\/product\/cf-330-cf-350-cutter\/","og_site_name":"Manuel Hamu Servicios","article_modified_time":"2024-01-29T09:48:41+00:00","og_image":[{"width":300,"height":375,"url":"https:\/\/manuelhamuservicios.com\/wp-content\/uploads\/2024\/01\/CF350.jpg","type":"image\/jpeg"}],"twitter_card":"summary_large_image","schema":{"@context":"https:\/\/schema.org","@graph":[{"@type":"WebPage","@id":"https:\/\/manuelhamuservicios.com\/producto\/cortadora-cf-330-cf-350\/","url":"https:\/\/manuelhamuservicios.com\/producto\/cortadora-cf-330-cf-350\/","name":"CF-330 \/ CF-350 Cutter - Manuel Hamu Services","isPartOf":{"@id":"https:\/\/manuelhamuservicios.com\/#website"},"primaryImageOfPage":{"@id":"https:\/\/manuelhamuservicios.com\/producto\/cortadora-cf-330-cf-350\/#primaryimage"},"image":{"@id":"https:\/\/manuelhamuservicios.com\/producto\/cortadora-cf-330-cf-350\/#primaryimage"},"thumbnailUrl":"https:\/\/manuelhamuservicios.com\/wp-content\/uploads\/2024\/01\/CF350.jpg","datePublished":"2024-01-29T09:48:38+00:00","dateModified":"2024-01-29T09:48:41+00:00","breadcrumb":{"@id":"https:\/\/manuelhamuservicios.com\/producto\/cortadora-cf-330-cf-350\/#breadcrumb"},"inLanguage":"en-GB","potentialAction":[{"@type":"ReadAction","target":["https:\/\/manuelhamuservicios.com\/producto\/cortadora-cf-330-cf-350\/"]}]},{"@type":"ImageObject","inLanguage":"en-GB","@id":"https:\/\/manuelhamuservicios.com\/producto\/cortadora-cf-330-cf-350\/#primaryimage","url":"https:\/\/manuelhamuservicios.com\/wp-content\/uploads\/2024\/01\/CF350.jpg","contentUrl":"https:\/\/manuelhamuservicios.com\/wp-content\/uploads\/2024\/01\/CF350.jpg","width":300,"height":375},{"@type":"BreadcrumbList","@id":"https:\/\/manuelhamuservicios.com\/producto\/cortadora-cf-330-cf-350\/#breadcrumb","itemListElement":[{"@type":"ListItem","position":1,"name":"Portada","item":"https:\/\/manuelhamuservicios.com\/"},{"@type":"ListItem","position":2,"name":"Productos","item":"https:\/\/manuelhamuservicios.com\/en\/mhs-products\/"},{"@type":"ListItem","position":3,"name":"Cortadora CF-330 \/ CF-350"}]},{"@type":"WebSite","@id":"https:\/\/manuelhamuservicios.com\/#website","url":"https:\/\/manuelhamuservicios.com\/","name":"Manuel Hamu Services","description":"Commercial furniture, food machinery and commercial scales.","publisher":{"@id":"https:\/\/manuelhamuservicios.com\/#organization"},"potentialAction":[{"@type":"SearchAction","target":{"@type":"EntryPoint","urlTemplate":"https:\/\/manuelhamuservicios.com\/?s={search_term_string}"},"query-input":{"@type":"PropertyValueSpecification","valueRequired":true,"valueName":"search_term_string"}}],"inLanguage":"en-GB"},{"@type":"Organization","@id":"https:\/\/manuelhamuservicios.com\/#organization","name":"Manuel Hamu Services","url":"https:\/\/manuelhamuservicios.com\/","logo":{"@type":"ImageObject","inLanguage":"en-GB","@id":"https:\/\/manuelhamuservicios.com\/#\/schema\/logo\/image\/","url":"https:\/\/manuelhamuservicios.com\/wp-content\/uploads\/2023\/08\/cropped-WhatsApp-Image-2023-08-08-at-08.34.04.jpeg","contentUrl":"https:\/\/manuelhamuservicios.com\/wp-content\/uploads\/2023\/08\/cropped-WhatsApp-Image-2023-08-08-at-08.34.04.jpeg","width":512,"height":512,"caption":"Manuel Hamu Servicios"},"image":{"@id":"https:\/\/manuelhamuservicios.com\/#\/schema\/logo\/image\/"}}]}},"_links":{"self":[{"href":"https:\/\/manuelhamuservicios.com\/en\/wp-json\/wp\/v2\/product\/12699","targetHints":{"allow":["GET"]}}],"collection":[{"href":"https:\/\/manuelhamuservicios.com\/en\/wp-json\/wp\/v2\/product"}],"about":[{"href":"https:\/\/manuelhamuservicios.com\/en\/wp-json\/wp\/v2\/types\/product"}],"version-history":[{"count":2,"href":"https:\/\/manuelhamuservicios.com\/en\/wp-json\/wp\/v2\/product\/12699\/revisions"}],"predecessor-version":[{"id":12703,"href":"https:\/\/manuelhamuservicios.com\/en\/wp-json\/wp\/v2\/product\/12699\/revisions\/12703"}],"wp:featuredmedia":[{"embeddable":true,"href":"https:\/\/manuelhamuservicios.com\/en\/wp-json\/wp\/v2\/media\/12700"}],"wp:attachment":[{"href":"https:\/\/manuelhamuservicios.com\/en\/wp-json\/wp\/v2\/media?parent=12699"}],"wp:term":[{"taxonomy":"product_brand","embeddable":true,"href":"https:\/\/manuelhamuservicios.com\/en\/wp-json\/wp\/v2\/product_brand?post=12699"},{"taxonomy":"product_cat","embeddable":true,"href":"https:\/\/manuelhamuservicios.com\/en\/wp-json\/wp\/v2\/product_cat?post=12699"},{"taxonomy":"product_tag","embeddable":true,"href":"https:\/\/manuelhamuservicios.com\/en\/wp-json\/wp\/v2\/product_tag?post=12699"}],"curies":[{"name":"wp","href":"https:\/\/api.w.org\/{rel}","templated":true}]}}