{"id":12704,"date":"2024-01-29T10:01:02","date_gmt":"2024-01-29T10:01:02","guid":{"rendered":"https:\/\/manuelhamuservicios.com\/?post_type=product&#038;p=12704"},"modified":"2024-01-29T10:01:05","modified_gmt":"2024-01-29T10:01:05","slug":"fc-12-stuffer","status":"publish","type":"product","link":"https:\/\/manuelhamuservicios.com\/en\/product\/fc-12-stuffer\/","title":{"rendered":"FC-12 stuffer"},"content":{"rendered":"","protected":false},"excerpt":{"rendered":"<p>Robust and reliable model ideal for pilot plants and artisanal productions.<\/p>\n<p>Cylinder capacity in liters: 12 l.<br \/>\nCylinder capacity in Kg: \u00b1 10 Kg.<\/p>\n<p>Engines:<br \/>\n0.75 HP \/ 0.55 kW three-phase (230-400V 50Hz \/ 220V 60Hz)<br \/>\nSingle-phase 1.25 HP \/ 0.92 kW (230V 50Hz \/ 110-220V 60Hz)<\/p>\n<p>All single-phase models come standard with a forced ventilation kit for increased motor performance. Three-phase models can also be equipped with this kit as an option.<\/p>\n<p>Base dimensions: 41 x 47 cm<\/p>\n<p>Construction: Completely made of 18\/10 stainless steel except for the anodized aluminum cover and polyethylene piston.<br \/>\nOptional: 18\/10 stainless steel lid.<\/p>\n<p><img fetchpriority=\"high\" decoding=\"async\" class=\"aligncenter wp-image-12709 size-full\" src=\"https:\/\/manuelhamuservicios.com\/wp-content\/uploads\/2024\/01\/FCmides.jpg\" alt=\"\" width=\"770\" height=\"300\" srcset=\"https:\/\/manuelhamuservicios.com\/wp-content\/uploads\/2024\/01\/FCmides.jpg 770w, https:\/\/manuelhamuservicios.com\/wp-content\/uploads\/2024\/01\/FCmides-300x117.jpg 300w, https:\/\/manuelhamuservicios.com\/wp-content\/uploads\/2024\/01\/FCmides-768x299.jpg 768w, https:\/\/manuelhamuservicios.com\/wp-content\/uploads\/2024\/01\/FCmides-150x58.jpg 150w\" sizes=\"(max-width: 770px) 100vw, 770px\" \/><\/p>","protected":false},"featured_media":12705,"template":"","meta":{"inline_featured_image":false},"product_brand":[],"product_cat":[83,85],"product_tag":[124,125,121,113,123,122],"class_list":{"0":"post-12704","1":"product","2":"type-product","3":"status-publish","4":"has-post-thumbnail","6":"product_cat-maquinaria-alimentacion","7":"product_cat-embutidoras","8":"product_tag-carniceria","9":"product_tag-charcuteria","10":"product_tag-embutidora","11":"product_tag-murcia","12":"product_tag-supermercado","13":"product_tag-venta","15":"first","16":"instock","17":"shipping-taxable","18":"product-type-simple"},"yoast_head":"<!-- This site is optimized with the Yoast SEO plugin v25.3 - https:\/\/yoast.com\/wordpress\/plugins\/seo\/ -->\n<title>Embutidora FC-12 - Manuel Hamu Servicios<\/title>\n<meta name=\"robots\" content=\"index, follow, max-snippet:-1, max-image-preview:large, max-video-preview:-1\" \/>\n<link rel=\"canonical\" href=\"https:\/\/manuelhamuservicios.com\/en\/product\/fc-12-stuffer\/\" \/>\n<meta property=\"og:locale\" content=\"en_GB\" \/>\n<meta property=\"og:type\" content=\"article\" \/>\n<meta property=\"og:title\" content=\"Embutidora FC-12 - Manuel Hamu Servicios\" \/>\n<meta property=\"og:description\" content=\"Modelo robusto y fiable ideal para plantas piloto y producciones artesanales.  Capacidad del cilindro en litros: 12 l. Capacidad del cilindro en Kg:\u00a0 \u00b1 10 Kg.  Motores: Trif\u00e1sicos de\u00a00.75 HP \/ 0.55 kW (230-400V 50Hz \/ 220V 60Hz) Monof\u00e1sicos de\u00a01.25 HP \/ 0.92 kW (230V 50Hz \/ 110-220V 60Hz)  Todos los modelos monof\u00e1sicos incorporan de serie un kit de ventilaci\u00f3n forzada para un mayor rendimiento del motor. Los modelos trif\u00e1sicos tambi\u00e9n lo pueden incorporar como opci\u00f3n.  Dimensiones base:\u00a0 41 x 47 cm  Construcci\u00f3n: Totalmente en acero inoxidable 18\/10 excepto tapa en aluminio anodizado y pist\u00f3n en polietileno. En opci\u00f3n: tapa en acero inoxidable 18\/10.\" \/>\n<meta property=\"og:url\" content=\"https:\/\/manuelhamuservicios.com\/en\/product\/fc-12-stuffer\/\" \/>\n<meta property=\"og:site_name\" content=\"Manuel Hamu Servicios\" \/>\n<meta property=\"article:modified_time\" content=\"2024-01-29T10:01:05+00:00\" \/>\n<meta property=\"og:image\" content=\"https:\/\/manuelhamuservicios.com\/wp-content\/uploads\/2024\/01\/FC12.jpg\" \/>\n\t<meta property=\"og:image:width\" content=\"300\" \/>\n\t<meta property=\"og:image:height\" content=\"375\" \/>\n\t<meta property=\"og:image:type\" content=\"image\/jpeg\" \/>\n<meta name=\"twitter:card\" content=\"summary_large_image\" \/>\n<script type=\"application\/ld+json\" class=\"yoast-schema-graph\">{\"@context\":\"https:\/\/schema.org\",\"@graph\":[{\"@type\":\"WebPage\",\"@id\":\"https:\/\/manuelhamuservicios.com\/producto\/embutidora-fc-12\/\",\"url\":\"https:\/\/manuelhamuservicios.com\/producto\/embutidora-fc-12\/\",\"name\":\"Embutidora FC-12 - Manuel Hamu Servicios\",\"isPartOf\":{\"@id\":\"https:\/\/manuelhamuservicios.com\/#website\"},\"primaryImageOfPage\":{\"@id\":\"https:\/\/manuelhamuservicios.com\/producto\/embutidora-fc-12\/#primaryimage\"},\"image\":{\"@id\":\"https:\/\/manuelhamuservicios.com\/producto\/embutidora-fc-12\/#primaryimage\"},\"thumbnailUrl\":\"https:\/\/manuelhamuservicios.com\/wp-content\/uploads\/2024\/01\/FC12.jpg\",\"datePublished\":\"2024-01-29T10:01:02+00:00\",\"dateModified\":\"2024-01-29T10:01:05+00:00\",\"breadcrumb\":{\"@id\":\"https:\/\/manuelhamuservicios.com\/producto\/embutidora-fc-12\/#breadcrumb\"},\"inLanguage\":\"en-GB\",\"potentialAction\":[{\"@type\":\"ReadAction\",\"target\":[\"https:\/\/manuelhamuservicios.com\/producto\/embutidora-fc-12\/\"]}]},{\"@type\":\"ImageObject\",\"inLanguage\":\"en-GB\",\"@id\":\"https:\/\/manuelhamuservicios.com\/producto\/embutidora-fc-12\/#primaryimage\",\"url\":\"https:\/\/manuelhamuservicios.com\/wp-content\/uploads\/2024\/01\/FC12.jpg\",\"contentUrl\":\"https:\/\/manuelhamuservicios.com\/wp-content\/uploads\/2024\/01\/FC12.jpg\",\"width\":300,\"height\":375},{\"@type\":\"BreadcrumbList\",\"@id\":\"https:\/\/manuelhamuservicios.com\/producto\/embutidora-fc-12\/#breadcrumb\",\"itemListElement\":[{\"@type\":\"ListItem\",\"position\":1,\"name\":\"Portada\",\"item\":\"https:\/\/manuelhamuservicios.com\/\"},{\"@type\":\"ListItem\",\"position\":2,\"name\":\"Productos\",\"item\":\"https:\/\/manuelhamuservicios.com\/en\/mhs-products\/\"},{\"@type\":\"ListItem\",\"position\":3,\"name\":\"Embutidora FC-12\"}]},{\"@type\":\"WebSite\",\"@id\":\"https:\/\/manuelhamuservicios.com\/#website\",\"url\":\"https:\/\/manuelhamuservicios.com\/\",\"name\":\"Manuel Hamu Servicios\",\"description\":\"Mobiliario comercial, maquinaria alimentaria y balanzas comerciales.\",\"publisher\":{\"@id\":\"https:\/\/manuelhamuservicios.com\/#organization\"},\"potentialAction\":[{\"@type\":\"SearchAction\",\"target\":{\"@type\":\"EntryPoint\",\"urlTemplate\":\"https:\/\/manuelhamuservicios.com\/?s={search_term_string}\"},\"query-input\":{\"@type\":\"PropertyValueSpecification\",\"valueRequired\":true,\"valueName\":\"search_term_string\"}}],\"inLanguage\":\"en-GB\"},{\"@type\":\"Organization\",\"@id\":\"https:\/\/manuelhamuservicios.com\/#organization\",\"name\":\"Manuel Hamu Servicios\",\"url\":\"https:\/\/manuelhamuservicios.com\/\",\"logo\":{\"@type\":\"ImageObject\",\"inLanguage\":\"en-GB\",\"@id\":\"https:\/\/manuelhamuservicios.com\/#\/schema\/logo\/image\/\",\"url\":\"https:\/\/manuelhamuservicios.com\/wp-content\/uploads\/2023\/08\/cropped-WhatsApp-Image-2023-08-08-at-08.34.04.jpeg\",\"contentUrl\":\"https:\/\/manuelhamuservicios.com\/wp-content\/uploads\/2023\/08\/cropped-WhatsApp-Image-2023-08-08-at-08.34.04.jpeg\",\"width\":512,\"height\":512,\"caption\":\"Manuel Hamu Servicios\"},\"image\":{\"@id\":\"https:\/\/manuelhamuservicios.com\/#\/schema\/logo\/image\/\"}}]}<\/script>\n<!-- \/ Yoast SEO plugin. -->","yoast_head_json":{"title":"FC-12 Stuffer - Manuel Hamu Services","robots":{"index":"index","follow":"follow","max-snippet":"max-snippet:-1","max-image-preview":"max-image-preview:large","max-video-preview":"max-video-preview:-1"},"canonical":"https:\/\/manuelhamuservicios.com\/en\/product\/fc-12-stuffer\/","og_locale":"en_GB","og_type":"article","og_title":"Embutidora FC-12 - Manuel Hamu Servicios","og_description":"Modelo robusto y fiable ideal para plantas piloto y producciones artesanales.  Capacidad del cilindro en litros: 12 l. Capacidad del cilindro en Kg:\u00a0 \u00b1 10 Kg.  Motores: Trif\u00e1sicos de\u00a00.75 HP \/ 0.55 kW (230-400V 50Hz \/ 220V 60Hz) Monof\u00e1sicos de\u00a01.25 HP \/ 0.92 kW (230V 50Hz \/ 110-220V 60Hz)  Todos los modelos monof\u00e1sicos incorporan de serie un kit de ventilaci\u00f3n forzada para un mayor rendimiento del motor. Los modelos trif\u00e1sicos tambi\u00e9n lo pueden incorporar como opci\u00f3n.  Dimensiones base:\u00a0 41 x 47 cm  Construcci\u00f3n: Totalmente en acero inoxidable 18\/10 excepto tapa en aluminio anodizado y pist\u00f3n en polietileno. En opci\u00f3n: tapa en acero inoxidable 18\/10.","og_url":"https:\/\/manuelhamuservicios.com\/en\/product\/fc-12-stuffer\/","og_site_name":"Manuel Hamu Servicios","article_modified_time":"2024-01-29T10:01:05+00:00","og_image":[{"width":300,"height":375,"url":"https:\/\/manuelhamuservicios.com\/wp-content\/uploads\/2024\/01\/FC12.jpg","type":"image\/jpeg"}],"twitter_card":"summary_large_image","schema":{"@context":"https:\/\/schema.org","@graph":[{"@type":"WebPage","@id":"https:\/\/manuelhamuservicios.com\/producto\/embutidora-fc-12\/","url":"https:\/\/manuelhamuservicios.com\/producto\/embutidora-fc-12\/","name":"FC-12 Stuffer - Manuel Hamu Services","isPartOf":{"@id":"https:\/\/manuelhamuservicios.com\/#website"},"primaryImageOfPage":{"@id":"https:\/\/manuelhamuservicios.com\/producto\/embutidora-fc-12\/#primaryimage"},"image":{"@id":"https:\/\/manuelhamuservicios.com\/producto\/embutidora-fc-12\/#primaryimage"},"thumbnailUrl":"https:\/\/manuelhamuservicios.com\/wp-content\/uploads\/2024\/01\/FC12.jpg","datePublished":"2024-01-29T10:01:02+00:00","dateModified":"2024-01-29T10:01:05+00:00","breadcrumb":{"@id":"https:\/\/manuelhamuservicios.com\/producto\/embutidora-fc-12\/#breadcrumb"},"inLanguage":"en-GB","potentialAction":[{"@type":"ReadAction","target":["https:\/\/manuelhamuservicios.com\/producto\/embutidora-fc-12\/"]}]},{"@type":"ImageObject","inLanguage":"en-GB","@id":"https:\/\/manuelhamuservicios.com\/producto\/embutidora-fc-12\/#primaryimage","url":"https:\/\/manuelhamuservicios.com\/wp-content\/uploads\/2024\/01\/FC12.jpg","contentUrl":"https:\/\/manuelhamuservicios.com\/wp-content\/uploads\/2024\/01\/FC12.jpg","width":300,"height":375},{"@type":"BreadcrumbList","@id":"https:\/\/manuelhamuservicios.com\/producto\/embutidora-fc-12\/#breadcrumb","itemListElement":[{"@type":"ListItem","position":1,"name":"Portada","item":"https:\/\/manuelhamuservicios.com\/"},{"@type":"ListItem","position":2,"name":"Productos","item":"https:\/\/manuelhamuservicios.com\/en\/mhs-products\/"},{"@type":"ListItem","position":3,"name":"Embutidora FC-12"}]},{"@type":"WebSite","@id":"https:\/\/manuelhamuservicios.com\/#website","url":"https:\/\/manuelhamuservicios.com\/","name":"Manuel Hamu Services","description":"Commercial furniture, food machinery and commercial scales.","publisher":{"@id":"https:\/\/manuelhamuservicios.com\/#organization"},"potentialAction":[{"@type":"SearchAction","target":{"@type":"EntryPoint","urlTemplate":"https:\/\/manuelhamuservicios.com\/?s={search_term_string}"},"query-input":{"@type":"PropertyValueSpecification","valueRequired":true,"valueName":"search_term_string"}}],"inLanguage":"en-GB"},{"@type":"Organization","@id":"https:\/\/manuelhamuservicios.com\/#organization","name":"Manuel Hamu Services","url":"https:\/\/manuelhamuservicios.com\/","logo":{"@type":"ImageObject","inLanguage":"en-GB","@id":"https:\/\/manuelhamuservicios.com\/#\/schema\/logo\/image\/","url":"https:\/\/manuelhamuservicios.com\/wp-content\/uploads\/2023\/08\/cropped-WhatsApp-Image-2023-08-08-at-08.34.04.jpeg","contentUrl":"https:\/\/manuelhamuservicios.com\/wp-content\/uploads\/2023\/08\/cropped-WhatsApp-Image-2023-08-08-at-08.34.04.jpeg","width":512,"height":512,"caption":"Manuel Hamu Servicios"},"image":{"@id":"https:\/\/manuelhamuservicios.com\/#\/schema\/logo\/image\/"}}]}},"_links":{"self":[{"href":"https:\/\/manuelhamuservicios.com\/en\/wp-json\/wp\/v2\/product\/12704","targetHints":{"allow":["GET"]}}],"collection":[{"href":"https:\/\/manuelhamuservicios.com\/en\/wp-json\/wp\/v2\/product"}],"about":[{"href":"https:\/\/manuelhamuservicios.com\/en\/wp-json\/wp\/v2\/types\/product"}],"version-history":[{"count":1,"href":"https:\/\/manuelhamuservicios.com\/en\/wp-json\/wp\/v2\/product\/12704\/revisions"}],"predecessor-version":[{"id":12710,"href":"https:\/\/manuelhamuservicios.com\/en\/wp-json\/wp\/v2\/product\/12704\/revisions\/12710"}],"wp:featuredmedia":[{"embeddable":true,"href":"https:\/\/manuelhamuservicios.com\/en\/wp-json\/wp\/v2\/media\/12705"}],"wp:attachment":[{"href":"https:\/\/manuelhamuservicios.com\/en\/wp-json\/wp\/v2\/media?parent=12704"}],"wp:term":[{"taxonomy":"product_brand","embeddable":true,"href":"https:\/\/manuelhamuservicios.com\/en\/wp-json\/wp\/v2\/product_brand?post=12704"},{"taxonomy":"product_cat","embeddable":true,"href":"https:\/\/manuelhamuservicios.com\/en\/wp-json\/wp\/v2\/product_cat?post=12704"},{"taxonomy":"product_tag","embeddable":true,"href":"https:\/\/manuelhamuservicios.com\/en\/wp-json\/wp\/v2\/product_tag?post=12704"}],"curies":[{"name":"wp","href":"https:\/\/api.w.org\/{rel}","templated":true}]}}