{"id":12715,"date":"2024-01-29T10:22:06","date_gmt":"2024-01-29T10:22:06","guid":{"rendered":"https:\/\/manuelhamuservicios.com\/?post_type=product&#038;p=12715"},"modified":"2024-01-29T10:43:38","modified_gmt":"2024-01-29T10:43:38","slug":"mychef-gosensor-s-pump-8","status":"publish","type":"product","link":"https:\/\/manuelhamuservicios.com\/en\/product\/mychef-gosensor-s-pump-8\/","title":{"rendered":"Mychef goSENSOR S (Pump 8)"},"content":{"rendered":"<div data-elementor-type=\"product-post\" data-elementor-id=\"12715\" class=\"elementor elementor-12715\" data-elementor-post-type=\"product\">\n\t\t\t\t\t\t<section data-particle_enable=\"false\" data-particle-mobile-disabled=\"false\" class=\"wd-negative-gap elementor-section elementor-top-section elementor-element elementor-element-f3183c0 elementor-section-boxed elementor-section-height-default elementor-section-height-default\" data-id=\"f3183c0\" data-element_type=\"section\">\n\t\t\t\t\t\t<div class=\"elementor-container elementor-column-gap-default\">\n\t\t\t\t\t<div class=\"elementor-column elementor-col-100 elementor-top-column elementor-element elementor-element-b8abb62\" data-id=\"b8abb62\" data-element_type=\"column\">\n\t\t\t<div class=\"elementor-widget-wrap elementor-element-populated\">\n\t\t\t\t\t\t<div class=\"elementor-element elementor-element-c7d8357 elementor-widget elementor-widget-wd_image_or_svg\" data-id=\"c7d8357\" data-element_type=\"widget\" data-widget_type=\"wd_image_or_svg.default\">\n\t\t\t\t<div class=\"elementor-widget-container\">\n\t\t\t\t\t\n\t\t<div class=\"wd-image text-left\">\n\t\t\t\t\t\t\t\t<img fetchpriority=\"high\" decoding=\"async\" width=\"1509\" height=\"347\" src=\"https:\/\/manuelhamuservicios.com\/wp-content\/uploads\/2024\/01\/Captura.jpg\" class=\"attachment-full size-full\" alt=\"\" srcset=\"https:\/\/manuelhamuservicios.com\/wp-content\/uploads\/2024\/01\/Captura.jpg 1509w, https:\/\/manuelhamuservicios.com\/wp-content\/uploads\/2024\/01\/Captura-300x69.jpg 300w, https:\/\/manuelhamuservicios.com\/wp-content\/uploads\/2024\/01\/Captura-1024x235.jpg 1024w, https:\/\/manuelhamuservicios.com\/wp-content\/uploads\/2024\/01\/Captura-768x177.jpg 768w, https:\/\/manuelhamuservicios.com\/wp-content\/uploads\/2024\/01\/Captura-1200x276.jpg 1200w, https:\/\/manuelhamuservicios.com\/wp-content\/uploads\/2024\/01\/Captura-150x34.jpg 150w\" sizes=\"(max-width: 1509px) 100vw, 1509px\" \/>\t\t\t\t\t<\/div>\n\n\t\t\t\t\t\t<\/div>\n\t\t\t\t<\/div>\n\t\t\t\t\t<\/div>\n\t\t<\/div>\n\t\t\t\t\t<\/div>\n\t\t<\/section>\n\t\t\t\t<\/div>","protected":false},"excerpt":{"rendered":"<p>Practical three-button control with an LED display allows you to quickly and intuitively select the desired packaging parameters. For hassle-free daily packaging.<\/p>\n<p><img decoding=\"async\" class=\"alignleft wp-image-12722 size-full\" src=\"https:\/\/manuelhamuservicios.com\/wp-content\/uploads\/2024\/01\/12.jpg\" alt=\"\" width=\"796\" height=\"373\" srcset=\"https:\/\/manuelhamuservicios.com\/wp-content\/uploads\/2024\/01\/12.jpg 796w, https:\/\/manuelhamuservicios.com\/wp-content\/uploads\/2024\/01\/12-300x141.jpg 300w, https:\/\/manuelhamuservicios.com\/wp-content\/uploads\/2024\/01\/12-768x360.jpg 768w, https:\/\/manuelhamuservicios.com\/wp-content\/uploads\/2024\/01\/12-150x70.jpg 150w\" sizes=\"(max-width: 796px) 100vw, 796px\" \/><\/p>","protected":false},"featured_media":12732,"template":"","meta":{"inline_featured_image":false},"product_brand":[],"product_cat":[83,82,126],"product_tag":[],"class_list":{"0":"post-12715","1":"product","2":"type-product","3":"status-publish","4":"has-post-thumbnail","6":"product_cat-maquinaria-alimentacion","7":"product_cat-envasadoras","8":"product_cat-envasadoras-semi-automaticas-gosensor","10":"first","11":"instock","12":"shipping-taxable","13":"product-type-simple"},"yoast_head":"<!-- This site is optimized with the Yoast SEO plugin v25.3 - https:\/\/yoast.com\/wordpress\/plugins\/seo\/ -->\n<title>Mychef goSENSOR S (Bomba 8) - Manuel Hamu Servicios<\/title>\n<meta name=\"robots\" content=\"index, follow, max-snippet:-1, max-image-preview:large, max-video-preview:-1\" \/>\n<link rel=\"canonical\" href=\"https:\/\/manuelhamuservicios.com\/en\/product\/mychef-gosensor-s-pump-8\/\" \/>\n<meta property=\"og:locale\" content=\"en_GB\" \/>\n<meta property=\"og:type\" content=\"article\" \/>\n<meta property=\"og:title\" content=\"Mychef goSENSOR S (Bomba 8) - Manuel Hamu Servicios\" \/>\n<meta property=\"og:description\" content=\"Pr\u00e1ctico control con tres botones y pantalla LED que permite seleccionar de forma r\u00e1pida e intuitiva los par\u00e1metros de envasado deseados. Para realizar envasados diarios sin complicaciones.\" \/>\n<meta property=\"og:url\" content=\"https:\/\/manuelhamuservicios.com\/en\/product\/mychef-gosensor-s-pump-8\/\" \/>\n<meta property=\"og:site_name\" content=\"Manuel Hamu Servicios\" \/>\n<meta property=\"article:modified_time\" content=\"2024-01-29T10:43:38+00:00\" \/>\n<meta property=\"og:image\" content=\"https:\/\/manuelhamuservicios.com\/wp-content\/uploads\/2024\/01\/goSENSOR-M-10-w.jpg\" \/>\n\t<meta property=\"og:image:width\" content=\"500\" \/>\n\t<meta property=\"og:image:height\" content=\"300\" \/>\n\t<meta property=\"og:image:type\" content=\"image\/jpeg\" \/>\n<meta name=\"twitter:card\" content=\"summary_large_image\" \/>\n<script type=\"application\/ld+json\" class=\"yoast-schema-graph\">{\"@context\":\"https:\/\/schema.org\",\"@graph\":[{\"@type\":\"WebPage\",\"@id\":\"https:\/\/manuelhamuservicios.com\/producto\/mychef-gosensor-s-bomba-8\/\",\"url\":\"https:\/\/manuelhamuservicios.com\/producto\/mychef-gosensor-s-bomba-8\/\",\"name\":\"Mychef goSENSOR S (Bomba 8) - Manuel Hamu Servicios\",\"isPartOf\":{\"@id\":\"https:\/\/manuelhamuservicios.com\/#website\"},\"primaryImageOfPage\":{\"@id\":\"https:\/\/manuelhamuservicios.com\/producto\/mychef-gosensor-s-bomba-8\/#primaryimage\"},\"image\":{\"@id\":\"https:\/\/manuelhamuservicios.com\/producto\/mychef-gosensor-s-bomba-8\/#primaryimage\"},\"thumbnailUrl\":\"https:\/\/manuelhamuservicios.com\/wp-content\/uploads\/2024\/01\/goSENSOR-M-10-w.jpg\",\"datePublished\":\"2024-01-29T10:22:06+00:00\",\"dateModified\":\"2024-01-29T10:43:38+00:00\",\"breadcrumb\":{\"@id\":\"https:\/\/manuelhamuservicios.com\/producto\/mychef-gosensor-s-bomba-8\/#breadcrumb\"},\"inLanguage\":\"en-GB\",\"potentialAction\":[{\"@type\":\"ReadAction\",\"target\":[\"https:\/\/manuelhamuservicios.com\/producto\/mychef-gosensor-s-bomba-8\/\"]}]},{\"@type\":\"ImageObject\",\"inLanguage\":\"en-GB\",\"@id\":\"https:\/\/manuelhamuservicios.com\/producto\/mychef-gosensor-s-bomba-8\/#primaryimage\",\"url\":\"https:\/\/manuelhamuservicios.com\/wp-content\/uploads\/2024\/01\/goSENSOR-M-10-w.jpg\",\"contentUrl\":\"https:\/\/manuelhamuservicios.com\/wp-content\/uploads\/2024\/01\/goSENSOR-M-10-w.jpg\",\"width\":500,\"height\":300},{\"@type\":\"BreadcrumbList\",\"@id\":\"https:\/\/manuelhamuservicios.com\/producto\/mychef-gosensor-s-bomba-8\/#breadcrumb\",\"itemListElement\":[{\"@type\":\"ListItem\",\"position\":1,\"name\":\"Portada\",\"item\":\"https:\/\/manuelhamuservicios.com\/\"},{\"@type\":\"ListItem\",\"position\":2,\"name\":\"Productos\",\"item\":\"https:\/\/manuelhamuservicios.com\/en\/mhs-products\/\"},{\"@type\":\"ListItem\",\"position\":3,\"name\":\"Mychef goSENSOR S (Bomba 8)\"}]},{\"@type\":\"WebSite\",\"@id\":\"https:\/\/manuelhamuservicios.com\/#website\",\"url\":\"https:\/\/manuelhamuservicios.com\/\",\"name\":\"Manuel Hamu Servicios\",\"description\":\"Mobiliario comercial, maquinaria alimentaria y balanzas comerciales.\",\"publisher\":{\"@id\":\"https:\/\/manuelhamuservicios.com\/#organization\"},\"potentialAction\":[{\"@type\":\"SearchAction\",\"target\":{\"@type\":\"EntryPoint\",\"urlTemplate\":\"https:\/\/manuelhamuservicios.com\/?s={search_term_string}\"},\"query-input\":{\"@type\":\"PropertyValueSpecification\",\"valueRequired\":true,\"valueName\":\"search_term_string\"}}],\"inLanguage\":\"en-GB\"},{\"@type\":\"Organization\",\"@id\":\"https:\/\/manuelhamuservicios.com\/#organization\",\"name\":\"Manuel Hamu Servicios\",\"url\":\"https:\/\/manuelhamuservicios.com\/\",\"logo\":{\"@type\":\"ImageObject\",\"inLanguage\":\"en-GB\",\"@id\":\"https:\/\/manuelhamuservicios.com\/#\/schema\/logo\/image\/\",\"url\":\"https:\/\/manuelhamuservicios.com\/wp-content\/uploads\/2023\/08\/cropped-WhatsApp-Image-2023-08-08-at-08.34.04.jpeg\",\"contentUrl\":\"https:\/\/manuelhamuservicios.com\/wp-content\/uploads\/2023\/08\/cropped-WhatsApp-Image-2023-08-08-at-08.34.04.jpeg\",\"width\":512,\"height\":512,\"caption\":\"Manuel Hamu Servicios\"},\"image\":{\"@id\":\"https:\/\/manuelhamuservicios.com\/#\/schema\/logo\/image\/\"}}]}<\/script>\n<!-- \/ Yoast SEO plugin. -->","yoast_head_json":{"title":"Mychef goSENSOR S (Pump 8) - Manuel Hamu Services","robots":{"index":"index","follow":"follow","max-snippet":"max-snippet:-1","max-image-preview":"max-image-preview:large","max-video-preview":"max-video-preview:-1"},"canonical":"https:\/\/manuelhamuservicios.com\/en\/product\/mychef-gosensor-s-pump-8\/","og_locale":"en_GB","og_type":"article","og_title":"Mychef goSENSOR S (Bomba 8) - Manuel Hamu Servicios","og_description":"Pr\u00e1ctico control con tres botones y pantalla LED que permite seleccionar de forma r\u00e1pida e intuitiva los par\u00e1metros de envasado deseados. Para realizar envasados diarios sin complicaciones.","og_url":"https:\/\/manuelhamuservicios.com\/en\/product\/mychef-gosensor-s-pump-8\/","og_site_name":"Manuel Hamu Servicios","article_modified_time":"2024-01-29T10:43:38+00:00","og_image":[{"width":500,"height":300,"url":"https:\/\/manuelhamuservicios.com\/wp-content\/uploads\/2024\/01\/goSENSOR-M-10-w.jpg","type":"image\/jpeg"}],"twitter_card":"summary_large_image","schema":{"@context":"https:\/\/schema.org","@graph":[{"@type":"WebPage","@id":"https:\/\/manuelhamuservicios.com\/producto\/mychef-gosensor-s-bomba-8\/","url":"https:\/\/manuelhamuservicios.com\/producto\/mychef-gosensor-s-bomba-8\/","name":"Mychef goSENSOR S (Pump 8) - Manuel Hamu Services","isPartOf":{"@id":"https:\/\/manuelhamuservicios.com\/#website"},"primaryImageOfPage":{"@id":"https:\/\/manuelhamuservicios.com\/producto\/mychef-gosensor-s-bomba-8\/#primaryimage"},"image":{"@id":"https:\/\/manuelhamuservicios.com\/producto\/mychef-gosensor-s-bomba-8\/#primaryimage"},"thumbnailUrl":"https:\/\/manuelhamuservicios.com\/wp-content\/uploads\/2024\/01\/goSENSOR-M-10-w.jpg","datePublished":"2024-01-29T10:22:06+00:00","dateModified":"2024-01-29T10:43:38+00:00","breadcrumb":{"@id":"https:\/\/manuelhamuservicios.com\/producto\/mychef-gosensor-s-bomba-8\/#breadcrumb"},"inLanguage":"en-GB","potentialAction":[{"@type":"ReadAction","target":["https:\/\/manuelhamuservicios.com\/producto\/mychef-gosensor-s-bomba-8\/"]}]},{"@type":"ImageObject","inLanguage":"en-GB","@id":"https:\/\/manuelhamuservicios.com\/producto\/mychef-gosensor-s-bomba-8\/#primaryimage","url":"https:\/\/manuelhamuservicios.com\/wp-content\/uploads\/2024\/01\/goSENSOR-M-10-w.jpg","contentUrl":"https:\/\/manuelhamuservicios.com\/wp-content\/uploads\/2024\/01\/goSENSOR-M-10-w.jpg","width":500,"height":300},{"@type":"BreadcrumbList","@id":"https:\/\/manuelhamuservicios.com\/producto\/mychef-gosensor-s-bomba-8\/#breadcrumb","itemListElement":[{"@type":"ListItem","position":1,"name":"Portada","item":"https:\/\/manuelhamuservicios.com\/"},{"@type":"ListItem","position":2,"name":"Productos","item":"https:\/\/manuelhamuservicios.com\/en\/mhs-products\/"},{"@type":"ListItem","position":3,"name":"Mychef goSENSOR S (Bomba 8)"}]},{"@type":"WebSite","@id":"https:\/\/manuelhamuservicios.com\/#website","url":"https:\/\/manuelhamuservicios.com\/","name":"Manuel Hamu Services","description":"Commercial furniture, food machinery and commercial scales.","publisher":{"@id":"https:\/\/manuelhamuservicios.com\/#organization"},"potentialAction":[{"@type":"SearchAction","target":{"@type":"EntryPoint","urlTemplate":"https:\/\/manuelhamuservicios.com\/?s={search_term_string}"},"query-input":{"@type":"PropertyValueSpecification","valueRequired":true,"valueName":"search_term_string"}}],"inLanguage":"en-GB"},{"@type":"Organization","@id":"https:\/\/manuelhamuservicios.com\/#organization","name":"Manuel Hamu Services","url":"https:\/\/manuelhamuservicios.com\/","logo":{"@type":"ImageObject","inLanguage":"en-GB","@id":"https:\/\/manuelhamuservicios.com\/#\/schema\/logo\/image\/","url":"https:\/\/manuelhamuservicios.com\/wp-content\/uploads\/2023\/08\/cropped-WhatsApp-Image-2023-08-08-at-08.34.04.jpeg","contentUrl":"https:\/\/manuelhamuservicios.com\/wp-content\/uploads\/2023\/08\/cropped-WhatsApp-Image-2023-08-08-at-08.34.04.jpeg","width":512,"height":512,"caption":"Manuel Hamu Servicios"},"image":{"@id":"https:\/\/manuelhamuservicios.com\/#\/schema\/logo\/image\/"}}]}},"_links":{"self":[{"href":"https:\/\/manuelhamuservicios.com\/en\/wp-json\/wp\/v2\/product\/12715","targetHints":{"allow":["GET"]}}],"collection":[{"href":"https:\/\/manuelhamuservicios.com\/en\/wp-json\/wp\/v2\/product"}],"about":[{"href":"https:\/\/manuelhamuservicios.com\/en\/wp-json\/wp\/v2\/types\/product"}],"version-history":[{"count":6,"href":"https:\/\/manuelhamuservicios.com\/en\/wp-json\/wp\/v2\/product\/12715\/revisions"}],"predecessor-version":[{"id":12723,"href":"https:\/\/manuelhamuservicios.com\/en\/wp-json\/wp\/v2\/product\/12715\/revisions\/12723"}],"wp:featuredmedia":[{"embeddable":true,"href":"https:\/\/manuelhamuservicios.com\/en\/wp-json\/wp\/v2\/media\/12732"}],"wp:attachment":[{"href":"https:\/\/manuelhamuservicios.com\/en\/wp-json\/wp\/v2\/media?parent=12715"}],"wp:term":[{"taxonomy":"product_brand","embeddable":true,"href":"https:\/\/manuelhamuservicios.com\/en\/wp-json\/wp\/v2\/product_brand?post=12715"},{"taxonomy":"product_cat","embeddable":true,"href":"https:\/\/manuelhamuservicios.com\/en\/wp-json\/wp\/v2\/product_cat?post=12715"},{"taxonomy":"product_tag","embeddable":true,"href":"https:\/\/manuelhamuservicios.com\/en\/wp-json\/wp\/v2\/product_tag?post=12715"}],"curies":[{"name":"wp","href":"https:\/\/api.w.org\/{rel}","templated":true}]}}