{"id":12750,"date":"2024-01-29T11:39:14","date_gmt":"2024-01-29T11:39:14","guid":{"rendered":"https:\/\/manuelhamuservicios.com\/?post_type=product&#038;p=12750"},"modified":"2024-01-29T11:40:39","modified_gmt":"2024-01-29T11:40:39","slug":"mychef-isensor-m-pump-16","status":"publish","type":"product","link":"https:\/\/manuelhamuservicios.com\/en\/product\/mychef-isensor-m-pump-16\/","title":{"rendered":"Mychef iSENSOR M (Pump 16)"},"content":{"rendered":"<div data-elementor-type=\"product-post\" data-elementor-id=\"12750\" class=\"elementor elementor-12750\" data-elementor-post-type=\"product\">\n\t\t\t\t\t\t<section data-particle_enable=\"false\" data-particle-mobile-disabled=\"false\" class=\"wd-negative-gap elementor-section elementor-top-section elementor-element elementor-element-ee64411 elementor-section-boxed elementor-section-height-default elementor-section-height-default\" data-id=\"ee64411\" data-element_type=\"section\">\n\t\t\t\t\t\t<div class=\"elementor-container elementor-column-gap-default\">\n\t\t\t\t\t<div class=\"elementor-column elementor-col-100 elementor-top-column elementor-element elementor-element-27dcb41\" data-id=\"27dcb41\" data-element_type=\"column\">\n\t\t\t<div class=\"elementor-widget-wrap elementor-element-populated\">\n\t\t\t\t\t\t<div class=\"elementor-element elementor-element-c0c0912 elementor-widget elementor-widget-wd_image_or_svg\" data-id=\"c0c0912\" data-element_type=\"widget\" data-widget_type=\"wd_image_or_svg.default\">\n\t\t\t\t<div class=\"elementor-widget-container\">\n\t\t\t\t\t\n\t\t<div class=\"wd-image text-left\">\n\t\t\t\t\t\t\t\t<img fetchpriority=\"high\" decoding=\"async\" width=\"1510\" height=\"396\" src=\"https:\/\/manuelhamuservicios.com\/wp-content\/uploads\/2024\/01\/Captura-6.jpg\" class=\"attachment-full size-full\" alt=\"\" srcset=\"https:\/\/manuelhamuservicios.com\/wp-content\/uploads\/2024\/01\/Captura-6.jpg 1510w, https:\/\/manuelhamuservicios.com\/wp-content\/uploads\/2024\/01\/Captura-6-300x79.jpg 300w, https:\/\/manuelhamuservicios.com\/wp-content\/uploads\/2024\/01\/Captura-6-1024x269.jpg 1024w, https:\/\/manuelhamuservicios.com\/wp-content\/uploads\/2024\/01\/Captura-6-768x201.jpg 768w, https:\/\/manuelhamuservicios.com\/wp-content\/uploads\/2024\/01\/Captura-6-1200x315.jpg 1200w, https:\/\/manuelhamuservicios.com\/wp-content\/uploads\/2024\/01\/Captura-6-150x39.jpg 150w\" sizes=\"(max-width: 1510px) 100vw, 1510px\" \/>\t\t\t\t\t<\/div>\n\n\t\t\t\t\t\t<\/div>\n\t\t\t\t<\/div>\n\t\t\t\t\t<\/div>\n\t\t<\/div>\n\t\t\t\t\t<\/div>\n\t\t<\/section>\n\t\t\t\t<\/div>","protected":false},"excerpt":{"rendered":"<p>The only automatic 100% vacuum sealer that allows you to achieve perfect packaging without setting any parameters or having to be supervised. Manual mode allows you to unleash your creativity to create all kinds of culinary techniques.<\/p>\n<p><img decoding=\"async\" class=\"alignleft wp-image-12752 size-full\" src=\"https:\/\/manuelhamuservicios.com\/wp-content\/uploads\/2024\/01\/Captura-5.jpg\" alt=\"\" width=\"784\" height=\"233\" srcset=\"https:\/\/manuelhamuservicios.com\/wp-content\/uploads\/2024\/01\/Captura-5.jpg 784w, https:\/\/manuelhamuservicios.com\/wp-content\/uploads\/2024\/01\/Captura-5-300x89.jpg 300w, https:\/\/manuelhamuservicios.com\/wp-content\/uploads\/2024\/01\/Captura-5-768x228.jpg 768w, https:\/\/manuelhamuservicios.com\/wp-content\/uploads\/2024\/01\/Captura-5-150x45.jpg 150w\" sizes=\"(max-width: 784px) 100vw, 784px\" \/><\/p>","protected":false},"featured_media":12751,"template":"","meta":{"inline_featured_image":false},"product_brand":[],"product_cat":[82,127],"product_tag":[],"class_list":{"0":"post-12750","1":"product","2":"type-product","3":"status-publish","4":"has-post-thumbnail","6":"product_cat-envasadoras","7":"product_cat-envasadoras-automaticas-isensor","9":"first","10":"instock","11":"shipping-taxable","12":"product-type-simple"},"yoast_head":"<!-- This site is optimized with the Yoast SEO plugin v25.3 - https:\/\/yoast.com\/wordpress\/plugins\/seo\/ -->\n<title>Mychef iSENSOR M (Bomba 16) - Manuel Hamu Servicios<\/title>\n<meta name=\"robots\" content=\"index, follow, max-snippet:-1, max-image-preview:large, max-video-preview:-1\" \/>\n<link rel=\"canonical\" href=\"https:\/\/manuelhamuservicios.com\/en\/product\/mychef-isensor-m-pump-16\/\" \/>\n<meta property=\"og:locale\" content=\"en_GB\" \/>\n<meta property=\"og:type\" content=\"article\" \/>\n<meta property=\"og:title\" content=\"Mychef iSENSOR M (Bomba 16) - Manuel Hamu Servicios\" \/>\n<meta property=\"og:description\" content=\"La \u00fanica envasadora al vac\u00edo 100% autom\u00e1tica con la que conseguir un envasado perfecto sin configurar ning\u00fan par\u00e1metro y sin ning\u00fan tipo de supervisi\u00f3n. El modo manual permite dar rienda suelta a la creatividad para realizar todo tipo de t\u00e9cnicas gastron\u00f3micas.\" \/>\n<meta property=\"og:url\" content=\"https:\/\/manuelhamuservicios.com\/en\/product\/mychef-isensor-m-pump-16\/\" \/>\n<meta property=\"og:site_name\" content=\"Manuel Hamu Servicios\" \/>\n<meta property=\"article:modified_time\" content=\"2024-01-29T11:40:39+00:00\" \/>\n<meta property=\"og:image\" content=\"https:\/\/manuelhamuservicios.com\/wp-content\/uploads\/2024\/01\/ISENSOR-M-20-w-1.jpg\" \/>\n\t<meta property=\"og:image:width\" content=\"500\" \/>\n\t<meta property=\"og:image:height\" content=\"300\" \/>\n\t<meta property=\"og:image:type\" content=\"image\/jpeg\" \/>\n<meta name=\"twitter:card\" content=\"summary_large_image\" \/>\n<script type=\"application\/ld+json\" class=\"yoast-schema-graph\">{\"@context\":\"https:\/\/schema.org\",\"@graph\":[{\"@type\":\"WebPage\",\"@id\":\"https:\/\/manuelhamuservicios.com\/producto\/mychef-isensor-m-bomba-16\/\",\"url\":\"https:\/\/manuelhamuservicios.com\/producto\/mychef-isensor-m-bomba-16\/\",\"name\":\"Mychef iSENSOR M (Bomba 16) - Manuel Hamu Servicios\",\"isPartOf\":{\"@id\":\"https:\/\/manuelhamuservicios.com\/#website\"},\"primaryImageOfPage\":{\"@id\":\"https:\/\/manuelhamuservicios.com\/producto\/mychef-isensor-m-bomba-16\/#primaryimage\"},\"image\":{\"@id\":\"https:\/\/manuelhamuservicios.com\/producto\/mychef-isensor-m-bomba-16\/#primaryimage\"},\"thumbnailUrl\":\"https:\/\/manuelhamuservicios.com\/wp-content\/uploads\/2024\/01\/ISENSOR-M-20-w-1.jpg\",\"datePublished\":\"2024-01-29T11:39:14+00:00\",\"dateModified\":\"2024-01-29T11:40:39+00:00\",\"breadcrumb\":{\"@id\":\"https:\/\/manuelhamuservicios.com\/producto\/mychef-isensor-m-bomba-16\/#breadcrumb\"},\"inLanguage\":\"en-GB\",\"potentialAction\":[{\"@type\":\"ReadAction\",\"target\":[\"https:\/\/manuelhamuservicios.com\/producto\/mychef-isensor-m-bomba-16\/\"]}]},{\"@type\":\"ImageObject\",\"inLanguage\":\"en-GB\",\"@id\":\"https:\/\/manuelhamuservicios.com\/producto\/mychef-isensor-m-bomba-16\/#primaryimage\",\"url\":\"https:\/\/manuelhamuservicios.com\/wp-content\/uploads\/2024\/01\/ISENSOR-M-20-w-1.jpg\",\"contentUrl\":\"https:\/\/manuelhamuservicios.com\/wp-content\/uploads\/2024\/01\/ISENSOR-M-20-w-1.jpg\",\"width\":500,\"height\":300},{\"@type\":\"BreadcrumbList\",\"@id\":\"https:\/\/manuelhamuservicios.com\/producto\/mychef-isensor-m-bomba-16\/#breadcrumb\",\"itemListElement\":[{\"@type\":\"ListItem\",\"position\":1,\"name\":\"Portada\",\"item\":\"https:\/\/manuelhamuservicios.com\/\"},{\"@type\":\"ListItem\",\"position\":2,\"name\":\"Productos\",\"item\":\"https:\/\/manuelhamuservicios.com\/en\/mhs-products\/\"},{\"@type\":\"ListItem\",\"position\":3,\"name\":\"Mychef iSENSOR M (Bomba 16)\"}]},{\"@type\":\"WebSite\",\"@id\":\"https:\/\/manuelhamuservicios.com\/#website\",\"url\":\"https:\/\/manuelhamuservicios.com\/\",\"name\":\"Manuel Hamu Servicios\",\"description\":\"Mobiliario comercial, maquinaria alimentaria y balanzas comerciales.\",\"publisher\":{\"@id\":\"https:\/\/manuelhamuservicios.com\/#organization\"},\"potentialAction\":[{\"@type\":\"SearchAction\",\"target\":{\"@type\":\"EntryPoint\",\"urlTemplate\":\"https:\/\/manuelhamuservicios.com\/?s={search_term_string}\"},\"query-input\":{\"@type\":\"PropertyValueSpecification\",\"valueRequired\":true,\"valueName\":\"search_term_string\"}}],\"inLanguage\":\"en-GB\"},{\"@type\":\"Organization\",\"@id\":\"https:\/\/manuelhamuservicios.com\/#organization\",\"name\":\"Manuel Hamu Servicios\",\"url\":\"https:\/\/manuelhamuservicios.com\/\",\"logo\":{\"@type\":\"ImageObject\",\"inLanguage\":\"en-GB\",\"@id\":\"https:\/\/manuelhamuservicios.com\/#\/schema\/logo\/image\/\",\"url\":\"https:\/\/manuelhamuservicios.com\/wp-content\/uploads\/2023\/08\/cropped-WhatsApp-Image-2023-08-08-at-08.34.04.jpeg\",\"contentUrl\":\"https:\/\/manuelhamuservicios.com\/wp-content\/uploads\/2023\/08\/cropped-WhatsApp-Image-2023-08-08-at-08.34.04.jpeg\",\"width\":512,\"height\":512,\"caption\":\"Manuel Hamu Servicios\"},\"image\":{\"@id\":\"https:\/\/manuelhamuservicios.com\/#\/schema\/logo\/image\/\"}}]}<\/script>\n<!-- \/ Yoast SEO plugin. -->","yoast_head_json":{"title":"Mychef iSENSOR M (Pump 16) - Manuel Hamu Services","robots":{"index":"index","follow":"follow","max-snippet":"max-snippet:-1","max-image-preview":"max-image-preview:large","max-video-preview":"max-video-preview:-1"},"canonical":"https:\/\/manuelhamuservicios.com\/en\/product\/mychef-isensor-m-pump-16\/","og_locale":"en_GB","og_type":"article","og_title":"Mychef iSENSOR M (Bomba 16) - Manuel Hamu Servicios","og_description":"La \u00fanica envasadora al vac\u00edo 100% autom\u00e1tica con la que conseguir un envasado perfecto sin configurar ning\u00fan par\u00e1metro y sin ning\u00fan tipo de supervisi\u00f3n. El modo manual permite dar rienda suelta a la creatividad para realizar todo tipo de t\u00e9cnicas gastron\u00f3micas.","og_url":"https:\/\/manuelhamuservicios.com\/en\/product\/mychef-isensor-m-pump-16\/","og_site_name":"Manuel Hamu Servicios","article_modified_time":"2024-01-29T11:40:39+00:00","og_image":[{"width":500,"height":300,"url":"https:\/\/manuelhamuservicios.com\/wp-content\/uploads\/2024\/01\/ISENSOR-M-20-w-1.jpg","type":"image\/jpeg"}],"twitter_card":"summary_large_image","schema":{"@context":"https:\/\/schema.org","@graph":[{"@type":"WebPage","@id":"https:\/\/manuelhamuservicios.com\/producto\/mychef-isensor-m-bomba-16\/","url":"https:\/\/manuelhamuservicios.com\/producto\/mychef-isensor-m-bomba-16\/","name":"Mychef iSENSOR M (Pump 16) - Manuel Hamu Services","isPartOf":{"@id":"https:\/\/manuelhamuservicios.com\/#website"},"primaryImageOfPage":{"@id":"https:\/\/manuelhamuservicios.com\/producto\/mychef-isensor-m-bomba-16\/#primaryimage"},"image":{"@id":"https:\/\/manuelhamuservicios.com\/producto\/mychef-isensor-m-bomba-16\/#primaryimage"},"thumbnailUrl":"https:\/\/manuelhamuservicios.com\/wp-content\/uploads\/2024\/01\/ISENSOR-M-20-w-1.jpg","datePublished":"2024-01-29T11:39:14+00:00","dateModified":"2024-01-29T11:40:39+00:00","breadcrumb":{"@id":"https:\/\/manuelhamuservicios.com\/producto\/mychef-isensor-m-bomba-16\/#breadcrumb"},"inLanguage":"en-GB","potentialAction":[{"@type":"ReadAction","target":["https:\/\/manuelhamuservicios.com\/producto\/mychef-isensor-m-bomba-16\/"]}]},{"@type":"ImageObject","inLanguage":"en-GB","@id":"https:\/\/manuelhamuservicios.com\/producto\/mychef-isensor-m-bomba-16\/#primaryimage","url":"https:\/\/manuelhamuservicios.com\/wp-content\/uploads\/2024\/01\/ISENSOR-M-20-w-1.jpg","contentUrl":"https:\/\/manuelhamuservicios.com\/wp-content\/uploads\/2024\/01\/ISENSOR-M-20-w-1.jpg","width":500,"height":300},{"@type":"BreadcrumbList","@id":"https:\/\/manuelhamuservicios.com\/producto\/mychef-isensor-m-bomba-16\/#breadcrumb","itemListElement":[{"@type":"ListItem","position":1,"name":"Portada","item":"https:\/\/manuelhamuservicios.com\/"},{"@type":"ListItem","position":2,"name":"Productos","item":"https:\/\/manuelhamuservicios.com\/en\/mhs-products\/"},{"@type":"ListItem","position":3,"name":"Mychef iSENSOR M (Bomba 16)"}]},{"@type":"WebSite","@id":"https:\/\/manuelhamuservicios.com\/#website","url":"https:\/\/manuelhamuservicios.com\/","name":"Manuel Hamu Services","description":"Commercial furniture, food machinery and commercial scales.","publisher":{"@id":"https:\/\/manuelhamuservicios.com\/#organization"},"potentialAction":[{"@type":"SearchAction","target":{"@type":"EntryPoint","urlTemplate":"https:\/\/manuelhamuservicios.com\/?s={search_term_string}"},"query-input":{"@type":"PropertyValueSpecification","valueRequired":true,"valueName":"search_term_string"}}],"inLanguage":"en-GB"},{"@type":"Organization","@id":"https:\/\/manuelhamuservicios.com\/#organization","name":"Manuel Hamu Services","url":"https:\/\/manuelhamuservicios.com\/","logo":{"@type":"ImageObject","inLanguage":"en-GB","@id":"https:\/\/manuelhamuservicios.com\/#\/schema\/logo\/image\/","url":"https:\/\/manuelhamuservicios.com\/wp-content\/uploads\/2023\/08\/cropped-WhatsApp-Image-2023-08-08-at-08.34.04.jpeg","contentUrl":"https:\/\/manuelhamuservicios.com\/wp-content\/uploads\/2023\/08\/cropped-WhatsApp-Image-2023-08-08-at-08.34.04.jpeg","width":512,"height":512,"caption":"Manuel Hamu Servicios"},"image":{"@id":"https:\/\/manuelhamuservicios.com\/#\/schema\/logo\/image\/"}}]}},"_links":{"self":[{"href":"https:\/\/manuelhamuservicios.com\/en\/wp-json\/wp\/v2\/product\/12750","targetHints":{"allow":["GET"]}}],"collection":[{"href":"https:\/\/manuelhamuservicios.com\/en\/wp-json\/wp\/v2\/product"}],"about":[{"href":"https:\/\/manuelhamuservicios.com\/en\/wp-json\/wp\/v2\/types\/product"}],"version-history":[{"count":4,"href":"https:\/\/manuelhamuservicios.com\/en\/wp-json\/wp\/v2\/product\/12750\/revisions"}],"predecessor-version":[{"id":12757,"href":"https:\/\/manuelhamuservicios.com\/en\/wp-json\/wp\/v2\/product\/12750\/revisions\/12757"}],"wp:featuredmedia":[{"embeddable":true,"href":"https:\/\/manuelhamuservicios.com\/en\/wp-json\/wp\/v2\/media\/12751"}],"wp:attachment":[{"href":"https:\/\/manuelhamuservicios.com\/en\/wp-json\/wp\/v2\/media?parent=12750"}],"wp:term":[{"taxonomy":"product_brand","embeddable":true,"href":"https:\/\/manuelhamuservicios.com\/en\/wp-json\/wp\/v2\/product_brand?post=12750"},{"taxonomy":"product_cat","embeddable":true,"href":"https:\/\/manuelhamuservicios.com\/en\/wp-json\/wp\/v2\/product_cat?post=12750"},{"taxonomy":"product_tag","embeddable":true,"href":"https:\/\/manuelhamuservicios.com\/en\/wp-json\/wp\/v2\/product_tag?post=12750"}],"curies":[{"name":"wp","href":"https:\/\/api.w.org\/{rel}","templated":true}]}}