{"id":9272,"date":"2021-04-06T17:25:33","date_gmt":"2021-04-06T17:25:33","guid":{"rendered":"https:\/\/mhservicios.athosonline.com\/?post_type=product&#038;p=9272"},"modified":"2021-04-26T11:14:32","modified_gmt":"2021-04-26T11:14:32","slug":"merac-multijet","status":"publish","type":"product","link":"https:\/\/manuelhamuservicios.com\/en\/product\/merac-multijet\/","title":{"rendered":"MERAC MULTIJET"},"content":{"rendered":"<div data-elementor-type=\"product-post\" data-elementor-id=\"9272\" class=\"elementor elementor-9272\" data-elementor-post-type=\"product\">\n\t\t\t\t\t\t<section data-particle_enable=\"false\" data-particle-mobile-disabled=\"false\" class=\"wd-negative-gap elementor-section elementor-top-section elementor-element elementor-element-b20244d elementor-section-boxed elementor-section-height-default elementor-section-height-default\" data-id=\"b20244d\" data-element_type=\"section\">\n\t\t\t\t\t\t<div class=\"elementor-container elementor-column-gap-default\">\n\t\t\t\t\t<div class=\"elementor-column elementor-col-100 elementor-top-column elementor-element elementor-element-fcab9b7\" data-id=\"fcab9b7\" data-element_type=\"column\">\n\t\t\t<div class=\"elementor-widget-wrap elementor-element-populated\">\n\t\t\t\t\t\t<div class=\"elementor-element elementor-element-08107e8 elementor-tabs-view-horizontal elementor-widget elementor-widget-tabs\" data-id=\"08107e8\" data-element_type=\"widget\" data-widget_type=\"tabs.default\">\n\t\t\t\t<div class=\"elementor-widget-container\">\n\t\t\t\t\t\t\t<div class=\"elementor-tabs\">\n\t\t\t<div class=\"elementor-tabs-wrapper\" role=\"tablist\" >\n\t\t\t\t\t\t\t\t\t<div id=\"elementor-tab-title-8451\" class=\"elementor-tab-title elementor-tab-desktop-title\" aria-selected=\"true\" data-tab=\"1\" role=\"tab\" tabindex=\"0\" aria-controls=\"elementor-tab-content-8451\" aria-expanded=\"false\">Models<\/div>\n\t\t\t\t\t\t\t\t\t<div id=\"elementor-tab-title-8452\" class=\"elementor-tab-title elementor-tab-desktop-title\" aria-selected=\"false\" data-tab=\"2\" role=\"tab\" tabindex=\"-1\" aria-controls=\"elementor-tab-content-8452\" aria-expanded=\"false\">Characteristics<\/div>\n\t\t\t\t\t\t\t\t\t<div id=\"elementor-tab-title-8453\" class=\"elementor-tab-title elementor-tab-desktop-title\" aria-selected=\"false\" data-tab=\"3\" role=\"tab\" tabindex=\"-1\" aria-controls=\"elementor-tab-content-8453\" aria-expanded=\"false\">Options<\/div>\n\t\t\t\t\t\t\t\t\t<div id=\"elementor-tab-title-8454\" class=\"elementor-tab-title elementor-tab-desktop-title\" aria-selected=\"false\" data-tab=\"4\" role=\"tab\" tabindex=\"-1\" aria-controls=\"elementor-tab-content-8454\" aria-expanded=\"false\">Documentation<\/div>\n\t\t\t\t\t\t\t<\/div>\n\t\t\t<div class=\"elementor-tabs-content-wrapper\" role=\"tablist\" aria-orientation=\"vertical\">\n\t\t\t\t\t\t\t\t\t<div class=\"elementor-tab-title elementor-tab-mobile-title\" aria-selected=\"true\" data-tab=\"1\" role=\"tab\" tabindex=\"0\" aria-controls=\"elementor-tab-content-8451\" aria-expanded=\"false\">Models<\/div>\n\t\t\t\t\t<div id=\"elementor-tab-content-8451\" class=\"elementor-tab-content elementor-clearfix\" data-tab=\"1\" role=\"tabpanel\" aria-labelledby=\"elementor-tab-title-8451\" tabindex=\"0\" hidden=\"false\"><ul><li>MJD116<\/li><li>MJD118<\/li><li>MJD128<\/li><li>MJD216<\/li><li>MJD218<\/li><li>MJD316<\/li><li>MJD318<\/li><li>MJC116<\/li><li>MJC118<\/li><li>MJC128<\/li><li>MJC216<\/li><li>MJC218<\/li><li>MJC228<\/li><li>MJC316<\/li><li>MJC318<\/li><\/ul><\/div>\n\t\t\t\t\t\t\t\t\t<div class=\"elementor-tab-title elementor-tab-mobile-title\" aria-selected=\"false\" data-tab=\"2\" role=\"tab\" tabindex=\"-1\" aria-controls=\"elementor-tab-content-8452\" aria-expanded=\"false\">Characteristics<\/div>\n\t\t\t\t\t<div id=\"elementor-tab-content-8452\" class=\"elementor-tab-content elementor-clearfix\" data-tab=\"2\" role=\"tabpanel\" aria-labelledby=\"elementor-tab-title-8452\" tabindex=\"0\" hidden=\"hidden\"><ul><li>High product visibility<\/li><li>Maximum capacity. Possibility of different shelf dimensions.<\/li><li>Different temperature ranges depending on the product to be displayed<\/li><li>Sales area optimization. Variety of designs, sizes, and models to suit the needs of each store.<\/li><li>Ease of cleaning, service and maintenance<\/li><li>Possibility of customizations<\/li><li>Energy saving options<\/li><li>Commitment to the environment, safety and hygiene<\/li><li>Minimum life cycle costC MJD MNCMJC MJD MNC<\/li><li>Shelves:<ul><li>4 lines for 2055 mm height and 5 for 2210 mm<\/li><li>Width 0 360\/ 410 mm<\/li><li>Width 1,410 mm (max. 460 mm)<\/li><li>Width 2,460 mm (max. 510 mm)<\/li><li>Width 3,560 mm (max. 610 mm)<\/li><\/ul><\/li><\/ul><\/div>\n\t\t\t\t\t\t\t\t\t<div class=\"elementor-tab-title elementor-tab-mobile-title\" aria-selected=\"false\" data-tab=\"3\" role=\"tab\" tabindex=\"-1\" aria-controls=\"elementor-tab-content-8453\" aria-expanded=\"false\">Options<\/div>\n\t\t\t\t\t<div id=\"elementor-tab-content-8453\" class=\"elementor-tab-content elementor-clearfix\" data-tab=\"3\" role=\"tabpanel\" aria-labelledby=\"elementor-tab-title-8453\" tabindex=\"0\" hidden=\"hidden\"><p><strong>EXHIBITION AREA<\/strong><\/p><ul><li>Fixed methacrylate separator<\/li><li>Shelves (200 kg\/m2, 400 to 600 mm)<\/li><li>Reinforced shelves (300 kg\/m2)<\/li><li>Methacrylate shelf front<\/li><li>High-impact methacrylate shelf front<\/li><li>Rod shelf separator<\/li><li>Methacrylate separator<\/li><li>Mirror kit<\/li><li>Deli bars and hooks<\/li><li>Cuba basket<\/li><li>Basket separator<\/li><li>Tank separator<\/li><li>Extendable grill<\/li><li>Adjustable grill<\/li><li>Stainless steel suction grille<\/li><li>Front shelf grid<\/li><li>Protective suction grille<\/li><\/ul><p>\u00a0<\/p><p><strong>AESTHETICS<\/strong><\/p><ul><li>More than 50 colors for interior and exterior furniture customization<\/li><li>6 colors of bumpers (including clear bumper with trim in 15 colors)<\/li><li>Price holders of different colors and sizes<\/li><li>Different lighting colors<\/li><\/ul><p>\u00a0<\/p><p><strong>TEMPERATURE CONTROL<\/strong><\/p><ul><li>Electric defrost<\/li><li>Electronic control<\/li><li>Electronic control with communication card<\/li><\/ul><p>\u00a0<\/p><p><strong>ENERGY EFFICIENCY<\/strong><\/p><ul><li>Night curtain (manual and electric)<\/li><li>High efficiency fans<\/li><li>Front Display<\/li><li>LED lighting<\/li><li>T8 lighting with electronic ballast (visor and shelves)<\/li><li>Double T8 visor lighting with electronic ballast<\/li><li>Low consumption T5 HE (High Efficiency) lighting<\/li><li>Low-consumption, maximum brightness T5HO lighting<\/li><li>AKV Electronic Thermostatic Valve<\/li><\/ul><p>\u00a0<\/p><p><strong>INSTALLATION OPTIONS<\/strong><\/p><ul><li>4 types of side (panoramic, mirror, display, and continuous)<\/li><li>Central display and mirror separator<\/li><li>Rear mirror<\/li><li>Back cover<\/li><li>Upper pipe cover<\/li><li>Corner plinth<\/li><li>Lamp protector<\/li><li>Promotional header (any module 2, 3, 4 machine can be placed as a header)<\/li><li>CO2 refrigerant (R744)<\/li><li>Water \/ Ethylene Glycol Mixture as Coolant<\/li><\/ul><\/div>\n\t\t\t\t\t\t\t\t\t<div class=\"elementor-tab-title elementor-tab-mobile-title\" aria-selected=\"false\" data-tab=\"4\" role=\"tab\" tabindex=\"-1\" aria-controls=\"elementor-tab-content-8454\" aria-expanded=\"false\">Documentation<\/div>\n\t\t\t\t\t<div id=\"elementor-tab-content-8454\" class=\"elementor-tab-content elementor-clearfix\" data-tab=\"4\" role=\"tabpanel\" aria-labelledby=\"elementor-tab-title-8454\" tabindex=\"0\" hidden=\"hidden\"><ul><li><strong><a href=\"https:\/\/koxka.com\/wp-content\/uploads\/Catalogos\/ICE\/Es\/Catalogo%20ICE%20Grupo%20K%20MERAC%20MULTIJET%20MERAC%20NARROW%20v00-16%20esp.pdf\" target=\"_blank\" rel=\"noopener\">Merac Multijet Catalog<\/a><\/strong><\/li><\/ul><\/div>\n\t\t\t\t\t\t\t<\/div>\n\t\t<\/div>\n\t\t\t\t\t\t<\/div>\n\t\t\t\t<\/div>\n\t\t\t\t\t<\/div>\n\t\t<\/div>\n\t\t\t\t\t<\/div>\n\t\t<\/section>\n\t\t\t\t<\/div>","protected":false},"excerpt":{"rendered":"<div class=\"wpb_text_column wpb_content_element\">\n<div class=\"wpb_wrapper\">\n<p>Open mural equipped with Koxka technology\u00a0<strong>multi-jet air system<\/strong>This system allows you to preserve products at the\u00a0<strong>adequate temperature with the lowest consumption<\/strong>\u00a0market energy.<\/p>\n<ul>\n<li>Available in 2 heights, 3 widths, 2 fronts, 5 modulations and promotional headers<\/li>\n<li>4 T\u00aa regimes (M0, M1, M2, H) and versions can be configured\u00a0<strong>Energy Saving<\/strong>\u00a0that allow you to reduce energy consumption<\/li>\n<\/ul>\n<\/div>\n<\/div>\n<div class=\"wpb_text_column wpb_content_element\">\n<div class=\"wpb_wrapper\">\n<div id=\"gt3pg_gallery1\" class=\"gt3pg_galleryid-1624 gt3pg_gallery-columns-3 gt3pg_photo_gallery gt3pg-corner-type-standard gt3pg_hover-default gt3pg-type-rectangle\" data-size=\"thumbnail\" data-type=\"rectangle\" data-corner=\"standard\" data-link=\"lightbox\" data-margin=\"30\" data-instance=\"1\">\n<figure class=\"gt3pg_gallery-item gt3pg_element\">\n<div class=\"gt3pg_item_main_wrapper\"><\/div>\n<\/figure>\n<\/div>\n<\/div>\n<\/div>\n<div class=\"wpb_text_column wpb_content_element\">\n<div class=\"wpb_wrapper\">\n<p>Classification of the reference furniture according to the Ecodesign Directive 2009\/125\/EC. Consult the EPREL database for configuration variations.<\/p>\n<\/div>\n<\/div>","protected":false},"featured_media":9251,"template":"","meta":{"inline_featured_image":false},"product_brand":[],"product_cat":[31],"product_tag":[],"class_list":{"0":"post-9272","1":"product","2":"type-product","3":"status-publish","4":"has-post-thumbnail","6":"product_cat-murales","8":"first","9":"instock","10":"virtual","11":"product-type-simple"},"yoast_head":"<!-- This site is optimized with the Yoast SEO plugin v25.3 - https:\/\/yoast.com\/wordpress\/plugins\/seo\/ -->\n<title>MERAC MULTIJET - Manuel Hamu Servicios<\/title>\n<meta name=\"robots\" content=\"index, follow, max-snippet:-1, max-image-preview:large, max-video-preview:-1\" \/>\n<link rel=\"canonical\" href=\"https:\/\/manuelhamuservicios.com\/en\/product\/merac-multijet\/\" \/>\n<meta property=\"og:locale\" content=\"en_GB\" \/>\n<meta property=\"og:type\" content=\"article\" \/>\n<meta property=\"og:title\" content=\"MERAC MULTIJET - Manuel Hamu Servicios\" \/>\n<meta property=\"og:description\" content=\"Mural abierta dotada con la tecnologia Koxka del\u00a0sistema de aire multijet. Este sistema permite conservar los productos a la\u00a0temperatura adecuada con el menor consumo\u00a0de energ\u00eda del mercado.   Disponibles en\u00a0 2 alturas, 3 anchuras, 2 frentes, 5 modulaciones y cabeceras promocionales  4 reg\u00edmenes de T\u00aa (M0, M1, M2, H) y se pueden configurar versiones\u00a0Energy Saving\u00a0que te permiten reducir el consumo de energ\u00eda               Clasificaci\u00f3n del mueble de referencia seg\u00fan directiva de Ecodise\u00f1o 2009\/125\/CE. Consultar base de datos EPREL para variaciones en la configuraci\u00f3n.\" \/>\n<meta property=\"og:url\" content=\"https:\/\/manuelhamuservicios.com\/en\/product\/merac-multijet\/\" \/>\n<meta property=\"og:site_name\" content=\"Manuel Hamu Servicios\" \/>\n<meta property=\"article:modified_time\" content=\"2021-04-26T11:14:32+00:00\" \/>\n<meta property=\"og:image\" content=\"https:\/\/manuelhamuservicios.com\/wp-content\/uploads\/2021\/04\/merac-narrow-producto-koxka-krefrigeration.png\" \/>\n\t<meta property=\"og:image:width\" content=\"800\" \/>\n\t<meta property=\"og:image:height\" content=\"800\" \/>\n\t<meta property=\"og:image:type\" content=\"image\/png\" \/>\n<meta name=\"twitter:card\" content=\"summary_large_image\" \/>\n<meta name=\"twitter:label1\" content=\"Estimated reading time\" \/>\n\t<meta name=\"twitter:data1\" content=\"2 minutes\" \/>\n<script type=\"application\/ld+json\" class=\"yoast-schema-graph\">{\"@context\":\"https:\/\/schema.org\",\"@graph\":[{\"@type\":\"WebPage\",\"@id\":\"https:\/\/manuelhamuservicios.com\/producto\/merac-multijet\/\",\"url\":\"https:\/\/manuelhamuservicios.com\/producto\/merac-multijet\/\",\"name\":\"MERAC MULTIJET - Manuel Hamu Servicios\",\"isPartOf\":{\"@id\":\"https:\/\/manuelhamuservicios.com\/#website\"},\"primaryImageOfPage\":{\"@id\":\"https:\/\/manuelhamuservicios.com\/producto\/merac-multijet\/#primaryimage\"},\"image\":{\"@id\":\"https:\/\/manuelhamuservicios.com\/producto\/merac-multijet\/#primaryimage\"},\"thumbnailUrl\":\"https:\/\/manuelhamuservicios.com\/wp-content\/uploads\/2021\/04\/merac-narrow-producto-koxka-krefrigeration.png\",\"datePublished\":\"2021-04-06T17:25:33+00:00\",\"dateModified\":\"2021-04-26T11:14:32+00:00\",\"breadcrumb\":{\"@id\":\"https:\/\/manuelhamuservicios.com\/producto\/merac-multijet\/#breadcrumb\"},\"inLanguage\":\"en-GB\",\"potentialAction\":[{\"@type\":\"ReadAction\",\"target\":[\"https:\/\/manuelhamuservicios.com\/producto\/merac-multijet\/\"]}]},{\"@type\":\"ImageObject\",\"inLanguage\":\"en-GB\",\"@id\":\"https:\/\/manuelhamuservicios.com\/producto\/merac-multijet\/#primaryimage\",\"url\":\"https:\/\/manuelhamuservicios.com\/wp-content\/uploads\/2021\/04\/merac-narrow-producto-koxka-krefrigeration.png\",\"contentUrl\":\"https:\/\/manuelhamuservicios.com\/wp-content\/uploads\/2021\/04\/merac-narrow-producto-koxka-krefrigeration.png\",\"width\":800,\"height\":800},{\"@type\":\"BreadcrumbList\",\"@id\":\"https:\/\/manuelhamuservicios.com\/producto\/merac-multijet\/#breadcrumb\",\"itemListElement\":[{\"@type\":\"ListItem\",\"position\":1,\"name\":\"Portada\",\"item\":\"https:\/\/manuelhamuservicios.com\/\"},{\"@type\":\"ListItem\",\"position\":2,\"name\":\"Productos\",\"item\":\"https:\/\/manuelhamuservicios.com\/en\/mhs-products\/\"},{\"@type\":\"ListItem\",\"position\":3,\"name\":\"MERAC MULTIJET\"}]},{\"@type\":\"WebSite\",\"@id\":\"https:\/\/manuelhamuservicios.com\/#website\",\"url\":\"https:\/\/manuelhamuservicios.com\/\",\"name\":\"Manuel Hamu Servicios\",\"description\":\"Mobiliario comercial, maquinaria alimentaria y balanzas comerciales.\",\"publisher\":{\"@id\":\"https:\/\/manuelhamuservicios.com\/#organization\"},\"potentialAction\":[{\"@type\":\"SearchAction\",\"target\":{\"@type\":\"EntryPoint\",\"urlTemplate\":\"https:\/\/manuelhamuservicios.com\/?s={search_term_string}\"},\"query-input\":{\"@type\":\"PropertyValueSpecification\",\"valueRequired\":true,\"valueName\":\"search_term_string\"}}],\"inLanguage\":\"en-GB\"},{\"@type\":\"Organization\",\"@id\":\"https:\/\/manuelhamuservicios.com\/#organization\",\"name\":\"Manuel Hamu Servicios\",\"url\":\"https:\/\/manuelhamuservicios.com\/\",\"logo\":{\"@type\":\"ImageObject\",\"inLanguage\":\"en-GB\",\"@id\":\"https:\/\/manuelhamuservicios.com\/#\/schema\/logo\/image\/\",\"url\":\"https:\/\/manuelhamuservicios.com\/wp-content\/uploads\/2023\/08\/cropped-WhatsApp-Image-2023-08-08-at-08.34.04.jpeg\",\"contentUrl\":\"https:\/\/manuelhamuservicios.com\/wp-content\/uploads\/2023\/08\/cropped-WhatsApp-Image-2023-08-08-at-08.34.04.jpeg\",\"width\":512,\"height\":512,\"caption\":\"Manuel Hamu Servicios\"},\"image\":{\"@id\":\"https:\/\/manuelhamuservicios.com\/#\/schema\/logo\/image\/\"}}]}<\/script>\n<!-- \/ Yoast SEO plugin. -->","yoast_head_json":{"title":"MERAC MULTIJET - Manuel Hamu Services","robots":{"index":"index","follow":"follow","max-snippet":"max-snippet:-1","max-image-preview":"max-image-preview:large","max-video-preview":"max-video-preview:-1"},"canonical":"https:\/\/manuelhamuservicios.com\/en\/product\/merac-multijet\/","og_locale":"en_GB","og_type":"article","og_title":"MERAC MULTIJET - Manuel Hamu Servicios","og_description":"Mural abierta dotada con la tecnologia Koxka del\u00a0sistema de aire multijet. Este sistema permite conservar los productos a la\u00a0temperatura adecuada con el menor consumo\u00a0de energ\u00eda del mercado.   Disponibles en\u00a0 2 alturas, 3 anchuras, 2 frentes, 5 modulaciones y cabeceras promocionales  4 reg\u00edmenes de T\u00aa (M0, M1, M2, H) y se pueden configurar versiones\u00a0Energy Saving\u00a0que te permiten reducir el consumo de energ\u00eda               Clasificaci\u00f3n del mueble de referencia seg\u00fan directiva de Ecodise\u00f1o 2009\/125\/CE. Consultar base de datos EPREL para variaciones en la configuraci\u00f3n.","og_url":"https:\/\/manuelhamuservicios.com\/en\/product\/merac-multijet\/","og_site_name":"Manuel Hamu Servicios","article_modified_time":"2021-04-26T11:14:32+00:00","og_image":[{"width":800,"height":800,"url":"https:\/\/manuelhamuservicios.com\/wp-content\/uploads\/2021\/04\/merac-narrow-producto-koxka-krefrigeration.png","type":"image\/png"}],"twitter_card":"summary_large_image","twitter_misc":{"Estimated reading time":"2 minutes"},"schema":{"@context":"https:\/\/schema.org","@graph":[{"@type":"WebPage","@id":"https:\/\/manuelhamuservicios.com\/producto\/merac-multijet\/","url":"https:\/\/manuelhamuservicios.com\/producto\/merac-multijet\/","name":"MERAC MULTIJET - Manuel Hamu Services","isPartOf":{"@id":"https:\/\/manuelhamuservicios.com\/#website"},"primaryImageOfPage":{"@id":"https:\/\/manuelhamuservicios.com\/producto\/merac-multijet\/#primaryimage"},"image":{"@id":"https:\/\/manuelhamuservicios.com\/producto\/merac-multijet\/#primaryimage"},"thumbnailUrl":"https:\/\/manuelhamuservicios.com\/wp-content\/uploads\/2021\/04\/merac-narrow-producto-koxka-krefrigeration.png","datePublished":"2021-04-06T17:25:33+00:00","dateModified":"2021-04-26T11:14:32+00:00","breadcrumb":{"@id":"https:\/\/manuelhamuservicios.com\/producto\/merac-multijet\/#breadcrumb"},"inLanguage":"en-GB","potentialAction":[{"@type":"ReadAction","target":["https:\/\/manuelhamuservicios.com\/producto\/merac-multijet\/"]}]},{"@type":"ImageObject","inLanguage":"en-GB","@id":"https:\/\/manuelhamuservicios.com\/producto\/merac-multijet\/#primaryimage","url":"https:\/\/manuelhamuservicios.com\/wp-content\/uploads\/2021\/04\/merac-narrow-producto-koxka-krefrigeration.png","contentUrl":"https:\/\/manuelhamuservicios.com\/wp-content\/uploads\/2021\/04\/merac-narrow-producto-koxka-krefrigeration.png","width":800,"height":800},{"@type":"BreadcrumbList","@id":"https:\/\/manuelhamuservicios.com\/producto\/merac-multijet\/#breadcrumb","itemListElement":[{"@type":"ListItem","position":1,"name":"Portada","item":"https:\/\/manuelhamuservicios.com\/"},{"@type":"ListItem","position":2,"name":"Productos","item":"https:\/\/manuelhamuservicios.com\/en\/mhs-products\/"},{"@type":"ListItem","position":3,"name":"MERAC MULTIJET"}]},{"@type":"WebSite","@id":"https:\/\/manuelhamuservicios.com\/#website","url":"https:\/\/manuelhamuservicios.com\/","name":"Manuel Hamu Services","description":"Commercial furniture, food machinery and commercial scales.","publisher":{"@id":"https:\/\/manuelhamuservicios.com\/#organization"},"potentialAction":[{"@type":"SearchAction","target":{"@type":"EntryPoint","urlTemplate":"https:\/\/manuelhamuservicios.com\/?s={search_term_string}"},"query-input":{"@type":"PropertyValueSpecification","valueRequired":true,"valueName":"search_term_string"}}],"inLanguage":"en-GB"},{"@type":"Organization","@id":"https:\/\/manuelhamuservicios.com\/#organization","name":"Manuel Hamu Services","url":"https:\/\/manuelhamuservicios.com\/","logo":{"@type":"ImageObject","inLanguage":"en-GB","@id":"https:\/\/manuelhamuservicios.com\/#\/schema\/logo\/image\/","url":"https:\/\/manuelhamuservicios.com\/wp-content\/uploads\/2023\/08\/cropped-WhatsApp-Image-2023-08-08-at-08.34.04.jpeg","contentUrl":"https:\/\/manuelhamuservicios.com\/wp-content\/uploads\/2023\/08\/cropped-WhatsApp-Image-2023-08-08-at-08.34.04.jpeg","width":512,"height":512,"caption":"Manuel Hamu Servicios"},"image":{"@id":"https:\/\/manuelhamuservicios.com\/#\/schema\/logo\/image\/"}}]}},"_links":{"self":[{"href":"https:\/\/manuelhamuservicios.com\/en\/wp-json\/wp\/v2\/product\/9272","targetHints":{"allow":["GET"]}}],"collection":[{"href":"https:\/\/manuelhamuservicios.com\/en\/wp-json\/wp\/v2\/product"}],"about":[{"href":"https:\/\/manuelhamuservicios.com\/en\/wp-json\/wp\/v2\/types\/product"}],"version-history":[{"count":7,"href":"https:\/\/manuelhamuservicios.com\/en\/wp-json\/wp\/v2\/product\/9272\/revisions"}],"predecessor-version":[{"id":10475,"href":"https:\/\/manuelhamuservicios.com\/en\/wp-json\/wp\/v2\/product\/9272\/revisions\/10475"}],"wp:featuredmedia":[{"embeddable":true,"href":"https:\/\/manuelhamuservicios.com\/en\/wp-json\/wp\/v2\/media\/9251"}],"wp:attachment":[{"href":"https:\/\/manuelhamuservicios.com\/en\/wp-json\/wp\/v2\/media?parent=9272"}],"wp:term":[{"taxonomy":"product_brand","embeddable":true,"href":"https:\/\/manuelhamuservicios.com\/en\/wp-json\/wp\/v2\/product_brand?post=9272"},{"taxonomy":"product_cat","embeddable":true,"href":"https:\/\/manuelhamuservicios.com\/en\/wp-json\/wp\/v2\/product_cat?post=9272"},{"taxonomy":"product_tag","embeddable":true,"href":"https:\/\/manuelhamuservicios.com\/en\/wp-json\/wp\/v2\/product_tag?post=9272"}],"curies":[{"name":"wp","href":"https:\/\/api.w.org\/{rel}","templated":true}]}}