{"id":9296,"date":"2021-04-07T08:43:34","date_gmt":"2021-04-07T08:43:34","guid":{"rendered":"https:\/\/mhservicios.athosonline.com\/?post_type=product&#038;p=9296"},"modified":"2021-04-07T08:49:43","modified_gmt":"2021-04-07T08:49:43","slug":"mg-daylight","status":"publish","type":"product","link":"https:\/\/manuelhamuservicios.com\/en\/product\/mg-daylight\/","title":{"rendered":"MG DAYLIGHT"},"content":{"rendered":"<div data-elementor-type=\"product-post\" data-elementor-id=\"9296\" class=\"elementor elementor-9296\" data-elementor-post-type=\"product\">\n\t\t\t\t\t\t<section data-particle_enable=\"false\" data-particle-mobile-disabled=\"false\" class=\"wd-negative-gap elementor-section elementor-top-section elementor-element elementor-element-b20244d elementor-section-boxed elementor-section-height-default elementor-section-height-default\" data-id=\"b20244d\" data-element_type=\"section\">\n\t\t\t\t\t\t<div class=\"elementor-container elementor-column-gap-default\">\n\t\t\t\t\t<div class=\"elementor-column elementor-col-100 elementor-top-column elementor-element elementor-element-fcab9b7\" data-id=\"fcab9b7\" data-element_type=\"column\">\n\t\t\t<div class=\"elementor-widget-wrap elementor-element-populated\">\n\t\t\t\t\t\t<div class=\"elementor-element elementor-element-08107e8 elementor-tabs-view-horizontal elementor-widget elementor-widget-tabs\" data-id=\"08107e8\" data-element_type=\"widget\" data-widget_type=\"tabs.default\">\n\t\t\t\t<div class=\"elementor-widget-container\">\n\t\t\t\t\t\t\t<div class=\"elementor-tabs\">\n\t\t\t<div class=\"elementor-tabs-wrapper\" role=\"tablist\" >\n\t\t\t\t\t\t\t\t\t<div id=\"elementor-tab-title-8451\" class=\"elementor-tab-title elementor-tab-desktop-title\" aria-selected=\"true\" data-tab=\"1\" role=\"tab\" tabindex=\"0\" aria-controls=\"elementor-tab-content-8451\" aria-expanded=\"false\">Models<\/div>\n\t\t\t\t\t\t\t\t\t<div id=\"elementor-tab-title-8452\" class=\"elementor-tab-title elementor-tab-desktop-title\" aria-selected=\"false\" data-tab=\"2\" role=\"tab\" tabindex=\"-1\" aria-controls=\"elementor-tab-content-8452\" aria-expanded=\"false\">Characteristics<\/div>\n\t\t\t\t\t\t\t\t\t<div id=\"elementor-tab-title-8453\" class=\"elementor-tab-title elementor-tab-desktop-title\" aria-selected=\"false\" data-tab=\"3\" role=\"tab\" tabindex=\"-1\" aria-controls=\"elementor-tab-content-8453\" aria-expanded=\"false\">Options<\/div>\n\t\t\t\t\t\t\t\t\t<div id=\"elementor-tab-title-8454\" class=\"elementor-tab-title elementor-tab-desktop-title\" aria-selected=\"false\" data-tab=\"4\" role=\"tab\" tabindex=\"-1\" aria-controls=\"elementor-tab-content-8454\" aria-expanded=\"false\">Documentation<\/div>\n\t\t\t\t\t\t\t<\/div>\n\t\t\t<div class=\"elementor-tabs-content-wrapper\" role=\"tablist\" aria-orientation=\"vertical\">\n\t\t\t\t\t\t\t\t\t<div class=\"elementor-tab-title elementor-tab-mobile-title\" aria-selected=\"true\" data-tab=\"1\" role=\"tab\" tabindex=\"0\" aria-controls=\"elementor-tab-content-8451\" aria-expanded=\"false\">Models<\/div>\n\t\t\t\t\t<div id=\"elementor-tab-content-8451\" class=\"elementor-tab-content elementor-clearfix\" data-tab=\"1\" role=\"tabpanel\" aria-labelledby=\"elementor-tab-title-8451\" tabindex=\"0\" hidden=\"false\"><ul><li>MGC016<\/li><li>MGC018<\/li><li>MGC116<\/li><li>MGC118<\/li><li>MGC216<\/li><li>MGC218<\/li><li>MGC316<\/li><li>MGC318<\/li><\/ul><\/div>\n\t\t\t\t\t\t\t\t\t<div class=\"elementor-tab-title elementor-tab-mobile-title\" aria-selected=\"false\" data-tab=\"2\" role=\"tab\" tabindex=\"-1\" aria-controls=\"elementor-tab-content-8452\" aria-expanded=\"false\">Characteristics<\/div>\n\t\t\t\t\t<div id=\"elementor-tab-content-8452\" class=\"elementor-tab-content elementor-clearfix\" data-tab=\"2\" role=\"tabpanel\" aria-labelledby=\"elementor-tab-title-8452\" tabindex=\"0\" hidden=\"hidden\"><ul><li>Maximum product visibility<\/li><li>Frameless swing doors with single or double glazing<\/li><li>Tempered and low-emissivity (Low E) glass<\/li><li>Interior closures to ensure energy savings<\/li><li>Non-metallic hinges with a stainless steel look<\/li><li>Security profile on the edge for single doors<\/li><li>Handle options:<ul><li>Simple: Customizable, anti-fingerprint and handleless<\/li><li>Doubles: Customizable or vertical<\/li><\/ul><\/li><li>Reinforced upper visor lighting \u201cIce Lighting\u201d<\/li><li>Opening and closing:<ul><li>Magnet and damping system<\/li><li>Smooth and free opening up to 85\u00ba<\/li><li>Closing lock between 85\u00ba and 120\u00ba<\/li><li>Limit opening 120\u00ba<\/li><li>Gravity closure<\/li><\/ul><\/li><li>MG conversion system to open wall<\/li><li>Shelves:<ul><li>4 lines for 2055 mm height and 5 for 2210 mm<\/li><li>Width 0 360\/ 410 mm<\/li><li>Width 1,410 mm (max. 460 mm)<\/li><li>Width 2,460 mm (max. 510 mm)<\/li><li>Width 3,560 mm (max. 610 mm)<\/li><\/ul><\/li><li>Flexible implementation with a single unit for all temperature regimes<\/li><li>40 mm price tags on shelves and tub<\/li><\/ul><\/div>\n\t\t\t\t\t\t\t\t\t<div class=\"elementor-tab-title elementor-tab-mobile-title\" aria-selected=\"false\" data-tab=\"3\" role=\"tab\" tabindex=\"-1\" aria-controls=\"elementor-tab-content-8453\" aria-expanded=\"false\">Options<\/div>\n\t\t\t\t\t<div id=\"elementor-tab-content-8453\" class=\"elementor-tab-content elementor-clearfix\" data-tab=\"3\" role=\"tabpanel\" aria-labelledby=\"elementor-tab-title-8453\" tabindex=\"0\" hidden=\"hidden\"><p><strong>EXHIBITION AREA<\/strong><\/p><ul><li>Fixed methacrylate separator<\/li><li>Shelves (200 kg\/m2, 400 to 600 mm)<\/li><li>Reinforced shelves (300 kg\/m2)<\/li><li>Methacrylate shelf front<\/li><li>High-impact methacrylate shelf front<\/li><li>Rod shelf separator<\/li><li>Methacrylate separator<\/li><li>Mirror kit<\/li><li>Deli bars and hooks<\/li><li>Cuba basket<\/li><li>Basket separator<\/li><li>Tank separator<\/li><li>Extendable grill<\/li><li>Adjustable grill<\/li><li>Rod shelf separator<\/li><\/ul><p>\u00a0<\/p><p><strong>AESTHETICS<\/strong><\/p><ul><li>More than 50 colors for interior and exterior furniture customization<\/li><li>6 colors of bumpers (including clear bumper with trim in 15 colors)<\/li><li>Price holders of different colors and sizes<\/li><li>Different lighting colors<\/li><li>Customizable handle<\/li><li>Double stainless steel bumper<\/li><\/ul><p>\u00a0<\/p><p><strong>TEMPERATURE CONTROL<\/strong><\/p><ul><li>Electronic control<\/li><li>Electronic control with communication card<\/li><li>\u00a0<\/li><\/ul><p><strong>ENERGY EFFICIENCY<\/strong><\/p><ul><li>High-efficiency fans<\/li><\/ul><ul><li>High-efficiency, low-consumption T5HE shelf lighting<\/li><li>AKV Electronic Thermostatic Valve<\/li><\/ul><p>\u00a0<\/p><p><strong>INSTALLATION OPTIONS<\/strong><\/p><ul><li>Anti-condensation system (SAC)<\/li><li>3 types of sides (continuous, mirror and opaque)<\/li><li>Central display and mirror separator<\/li><li>Rear mirror<\/li><li>Back cover<\/li><li>Upper pipe cover<\/li><li>Corner plinth<\/li><li>Lamp protector shelves<\/li><li>Promotional header (any module 2, 3, 4 machine can be placed as a header)<\/li><li>CO2 refrigerant (R744)<\/li><li>Water \/ Ethylene Glycol Mixture as Coolant<\/li><\/ul><\/div>\n\t\t\t\t\t\t\t\t\t<div class=\"elementor-tab-title elementor-tab-mobile-title\" aria-selected=\"false\" data-tab=\"4\" role=\"tab\" tabindex=\"-1\" aria-controls=\"elementor-tab-content-8454\" aria-expanded=\"false\">Documentation<\/div>\n\t\t\t\t\t<div id=\"elementor-tab-content-8454\" class=\"elementor-tab-content elementor-clearfix\" data-tab=\"4\" role=\"tabpanel\" aria-labelledby=\"elementor-tab-title-8454\" tabindex=\"0\" hidden=\"hidden\"><ul><li><strong><a href=\"https:\/\/koxka.com\/wp-content\/uploads\/Catalogos\/ICE\/Es\/Catalogo%20ICE%20Grupo%20K%20MG%20DAYLIGHT%20v00-16%20esp.pdf\" target=\"_blank\" rel=\"noopener\">MG Daylight Catalog<\/a><\/strong><\/li><\/ul><\/div>\n\t\t\t\t\t\t\t<\/div>\n\t\t<\/div>\n\t\t\t\t\t\t<\/div>\n\t\t\t\t<\/div>\n\t\t\t\t\t<\/div>\n\t\t<\/div>\n\t\t\t\t\t<\/div>\n\t\t<\/section>\n\t\t\t\t<\/div>","protected":false},"excerpt":{"rendered":"<div class=\"wpb_text_column wpb_content_element\">\n<div class=\"wpb_wrapper\">\n<div class=\"wpb_text_column wpb_content_element\">\n<div class=\"wpb_wrapper\">\n<p>MG is the new closed mural with\u00a0<strong>maximum visibility and optimal product preservation<\/strong>\u00a0which can be installed even in environments with demanding environmental conditions.<\/p>\n<ul>\n<li>Positive cooling closed with frameless doors.<\/li>\n<li>Furniture designed with the\u00a0<strong>energy saving<\/strong>\u00a0but without losing product visibility and improving product conservation<\/li>\n<li>Available in single and double frameless doors for murals. The absence of frames will allow you to increase visibility, improve merchandising, and enhance the profitability of the furniture.\u00a0<strong>(sales\/m2)<\/strong><\/li>\n<li>The Koxka closed wall range saves between 53 and 67% of REC.<\/li>\n<li>A single cabinet can be adjusted to operate at different temperatures for the display of meat, fish, delicatessen products, dairy products, vegetables, fruit, and pre-prepared convenience foods.<\/li>\n<li>Available in 2 heights, 4 widths, 5 modular designs, and promotional headers. Single or double doors are available, along with various handle options.<\/li>\n<\/ul>\n<\/div>\n<\/div>\n<div class=\"wpb_text_column wpb_content_element\">\n<div class=\"wpb_wrapper\">\n<div id=\"gt3pg_gallery1\" class=\"gt3pg_galleryid-1573 gt3pg_gallery-columns-3 gt3pg_photo_gallery gt3pg-corner-type-standard gt3pg_hover-default gt3pg-type-rectangle\" data-size=\"thumbnail\" data-type=\"rectangle\" data-corner=\"standard\" data-link=\"lightbox\" data-margin=\"30\" data-instance=\"1\">\n<figure class=\"gt3pg_gallery-item gt3pg_element\">\n<div class=\"gt3pg_item_main_wrapper\"><\/div>\n<\/figure>\n<\/div>\n<\/div>\n<\/div>\n<div class=\"wpb_text_column wpb_content_element\">\n<div class=\"wpb_wrapper\">\n<p>Classification of the reference furniture according to the Ecodesign Directive 2009\/125\/EC. Consult the EPREL database for configuration variations.<\/p>\n<\/div>\n<\/div>\n<\/div>\n<\/div>","protected":false},"featured_media":9299,"template":"","meta":{"inline_featured_image":false},"product_brand":[],"product_cat":[31],"product_tag":[],"class_list":{"0":"post-9296","1":"product","2":"type-product","3":"status-publish","4":"has-post-thumbnail","6":"product_cat-murales","8":"first","9":"instock","10":"virtual","11":"product-type-simple"},"yoast_head":"<!-- This site is optimized with the Yoast SEO plugin v25.3 - https:\/\/yoast.com\/wordpress\/plugins\/seo\/ -->\n<title>MG DAYLIGHT - Manuel Hamu Servicios<\/title>\n<meta name=\"robots\" content=\"index, follow, max-snippet:-1, max-image-preview:large, max-video-preview:-1\" \/>\n<link rel=\"canonical\" href=\"https:\/\/manuelhamuservicios.com\/en\/product\/mg-daylight\/\" \/>\n<meta property=\"og:locale\" content=\"en_GB\" \/>\n<meta property=\"og:type\" content=\"article\" \/>\n<meta property=\"og:title\" content=\"MG DAYLIGHT - Manuel Hamu Servicios\" \/>\n<meta property=\"og:description\" content=\"MG es la nueva mural cerrada con\u00a0m\u00e1xima visibilidad y \u00f3ptima conservaci\u00f3n de producto\u00a0que puede instalarse incluso en entornos con condiciones ambientales exigentes.   Refrigeraci\u00f3n positiva cerrada con puertas sin marco.  Muebles dise\u00f1ados pensando en el\u00a0ahorro energ\u00e9tico\u00a0pero sin perder visibilidad de producto y mejorando la conservaci\u00f3n del producto  Disponibles en puertas simples y dobles sin marco para murales. La ausencia de marcos te permitira aumentar la visbilidad, mejorar el merchandising y la rentabilidad del mueble\u00a0(ventas\/m2)  La gama de murales cerradas Koxka ahorra entre un 53 y un 67% del REC.  Un mismo mueble se regula para funcionar a distintas temperaturas para la exposici\u00f3n de carne, pescado, charcuter\u00eda, l\u00e1cteos, verdura, fruta y cuarta gama.  Disponible en 2 alturas, 4 anchuras, 5 modulaciones y cabeceras promocionales. Con posibilidad de puerta simple, doble y distintas opciones de tirador.               Clasificaci\u00f3n del mueble de referencia seg\u00fan directiva de Ecodise\u00f1o 2009\/125\/CE. Consultar base de datos EPREL para variaciones en la configuraci\u00f3n.\" \/>\n<meta property=\"og:url\" content=\"https:\/\/manuelhamuservicios.com\/en\/product\/mg-daylight\/\" \/>\n<meta property=\"og:site_name\" content=\"Manuel Hamu Servicios\" \/>\n<meta property=\"article:modified_time\" content=\"2021-04-07T08:49:43+00:00\" \/>\n<meta property=\"og:image\" content=\"https:\/\/manuelhamuservicios.com\/wp-content\/uploads\/2021\/04\/mg-daylight-producto-koxka-krefrigeration-1.png\" \/>\n\t<meta property=\"og:image:width\" content=\"800\" \/>\n\t<meta property=\"og:image:height\" content=\"667\" \/>\n\t<meta property=\"og:image:type\" content=\"image\/png\" \/>\n<meta name=\"twitter:card\" content=\"summary_large_image\" \/>\n<meta name=\"twitter:label1\" content=\"Estimated reading time\" \/>\n\t<meta name=\"twitter:data1\" content=\"2 minutes\" \/>\n<script type=\"application\/ld+json\" class=\"yoast-schema-graph\">{\"@context\":\"https:\/\/schema.org\",\"@graph\":[{\"@type\":\"WebPage\",\"@id\":\"https:\/\/manuelhamuservicios.com\/producto\/mg-daylight\/\",\"url\":\"https:\/\/manuelhamuservicios.com\/producto\/mg-daylight\/\",\"name\":\"MG DAYLIGHT - Manuel Hamu Servicios\",\"isPartOf\":{\"@id\":\"https:\/\/manuelhamuservicios.com\/#website\"},\"primaryImageOfPage\":{\"@id\":\"https:\/\/manuelhamuservicios.com\/producto\/mg-daylight\/#primaryimage\"},\"image\":{\"@id\":\"https:\/\/manuelhamuservicios.com\/producto\/mg-daylight\/#primaryimage\"},\"thumbnailUrl\":\"https:\/\/manuelhamuservicios.com\/wp-content\/uploads\/2021\/04\/mg-daylight-producto-koxka-krefrigeration-1.png\",\"datePublished\":\"2021-04-07T08:43:34+00:00\",\"dateModified\":\"2021-04-07T08:49:43+00:00\",\"breadcrumb\":{\"@id\":\"https:\/\/manuelhamuservicios.com\/producto\/mg-daylight\/#breadcrumb\"},\"inLanguage\":\"en-GB\",\"potentialAction\":[{\"@type\":\"ReadAction\",\"target\":[\"https:\/\/manuelhamuservicios.com\/producto\/mg-daylight\/\"]}]},{\"@type\":\"ImageObject\",\"inLanguage\":\"en-GB\",\"@id\":\"https:\/\/manuelhamuservicios.com\/producto\/mg-daylight\/#primaryimage\",\"url\":\"https:\/\/manuelhamuservicios.com\/wp-content\/uploads\/2021\/04\/mg-daylight-producto-koxka-krefrigeration-1.png\",\"contentUrl\":\"https:\/\/manuelhamuservicios.com\/wp-content\/uploads\/2021\/04\/mg-daylight-producto-koxka-krefrigeration-1.png\",\"width\":800,\"height\":667},{\"@type\":\"BreadcrumbList\",\"@id\":\"https:\/\/manuelhamuservicios.com\/producto\/mg-daylight\/#breadcrumb\",\"itemListElement\":[{\"@type\":\"ListItem\",\"position\":1,\"name\":\"Portada\",\"item\":\"https:\/\/manuelhamuservicios.com\/\"},{\"@type\":\"ListItem\",\"position\":2,\"name\":\"Productos\",\"item\":\"https:\/\/manuelhamuservicios.com\/en\/mhs-products\/\"},{\"@type\":\"ListItem\",\"position\":3,\"name\":\"MG DAYLIGHT\"}]},{\"@type\":\"WebSite\",\"@id\":\"https:\/\/manuelhamuservicios.com\/#website\",\"url\":\"https:\/\/manuelhamuservicios.com\/\",\"name\":\"Manuel Hamu Servicios\",\"description\":\"Mobiliario comercial, maquinaria alimentaria y balanzas comerciales.\",\"publisher\":{\"@id\":\"https:\/\/manuelhamuservicios.com\/#organization\"},\"potentialAction\":[{\"@type\":\"SearchAction\",\"target\":{\"@type\":\"EntryPoint\",\"urlTemplate\":\"https:\/\/manuelhamuservicios.com\/?s={search_term_string}\"},\"query-input\":{\"@type\":\"PropertyValueSpecification\",\"valueRequired\":true,\"valueName\":\"search_term_string\"}}],\"inLanguage\":\"en-GB\"},{\"@type\":\"Organization\",\"@id\":\"https:\/\/manuelhamuservicios.com\/#organization\",\"name\":\"Manuel Hamu Servicios\",\"url\":\"https:\/\/manuelhamuservicios.com\/\",\"logo\":{\"@type\":\"ImageObject\",\"inLanguage\":\"en-GB\",\"@id\":\"https:\/\/manuelhamuservicios.com\/#\/schema\/logo\/image\/\",\"url\":\"https:\/\/manuelhamuservicios.com\/wp-content\/uploads\/2023\/08\/cropped-WhatsApp-Image-2023-08-08-at-08.34.04.jpeg\",\"contentUrl\":\"https:\/\/manuelhamuservicios.com\/wp-content\/uploads\/2023\/08\/cropped-WhatsApp-Image-2023-08-08-at-08.34.04.jpeg\",\"width\":512,\"height\":512,\"caption\":\"Manuel Hamu Servicios\"},\"image\":{\"@id\":\"https:\/\/manuelhamuservicios.com\/#\/schema\/logo\/image\/\"}}]}<\/script>\n<!-- \/ Yoast SEO plugin. -->","yoast_head_json":{"title":"MG DAYLIGHT - Manuel Hamu Services","robots":{"index":"index","follow":"follow","max-snippet":"max-snippet:-1","max-image-preview":"max-image-preview:large","max-video-preview":"max-video-preview:-1"},"canonical":"https:\/\/manuelhamuservicios.com\/en\/product\/mg-daylight\/","og_locale":"en_GB","og_type":"article","og_title":"MG DAYLIGHT - Manuel Hamu Servicios","og_description":"MG es la nueva mural cerrada con\u00a0m\u00e1xima visibilidad y \u00f3ptima conservaci\u00f3n de producto\u00a0que puede instalarse incluso en entornos con condiciones ambientales exigentes.   Refrigeraci\u00f3n positiva cerrada con puertas sin marco.  Muebles dise\u00f1ados pensando en el\u00a0ahorro energ\u00e9tico\u00a0pero sin perder visibilidad de producto y mejorando la conservaci\u00f3n del producto  Disponibles en puertas simples y dobles sin marco para murales. La ausencia de marcos te permitira aumentar la visbilidad, mejorar el merchandising y la rentabilidad del mueble\u00a0(ventas\/m2)  La gama de murales cerradas Koxka ahorra entre un 53 y un 67% del REC.  Un mismo mueble se regula para funcionar a distintas temperaturas para la exposici\u00f3n de carne, pescado, charcuter\u00eda, l\u00e1cteos, verdura, fruta y cuarta gama.  Disponible en 2 alturas, 4 anchuras, 5 modulaciones y cabeceras promocionales. Con posibilidad de puerta simple, doble y distintas opciones de tirador.               Clasificaci\u00f3n del mueble de referencia seg\u00fan directiva de Ecodise\u00f1o 2009\/125\/CE. Consultar base de datos EPREL para variaciones en la configuraci\u00f3n.","og_url":"https:\/\/manuelhamuservicios.com\/en\/product\/mg-daylight\/","og_site_name":"Manuel Hamu Servicios","article_modified_time":"2021-04-07T08:49:43+00:00","og_image":[{"width":800,"height":667,"url":"https:\/\/manuelhamuservicios.com\/wp-content\/uploads\/2021\/04\/mg-daylight-producto-koxka-krefrigeration-1.png","type":"image\/png"}],"twitter_card":"summary_large_image","twitter_misc":{"Estimated reading time":"2 minutes"},"schema":{"@context":"https:\/\/schema.org","@graph":[{"@type":"WebPage","@id":"https:\/\/manuelhamuservicios.com\/producto\/mg-daylight\/","url":"https:\/\/manuelhamuservicios.com\/producto\/mg-daylight\/","name":"MG DAYLIGHT - Manuel Hamu Services","isPartOf":{"@id":"https:\/\/manuelhamuservicios.com\/#website"},"primaryImageOfPage":{"@id":"https:\/\/manuelhamuservicios.com\/producto\/mg-daylight\/#primaryimage"},"image":{"@id":"https:\/\/manuelhamuservicios.com\/producto\/mg-daylight\/#primaryimage"},"thumbnailUrl":"https:\/\/manuelhamuservicios.com\/wp-content\/uploads\/2021\/04\/mg-daylight-producto-koxka-krefrigeration-1.png","datePublished":"2021-04-07T08:43:34+00:00","dateModified":"2021-04-07T08:49:43+00:00","breadcrumb":{"@id":"https:\/\/manuelhamuservicios.com\/producto\/mg-daylight\/#breadcrumb"},"inLanguage":"en-GB","potentialAction":[{"@type":"ReadAction","target":["https:\/\/manuelhamuservicios.com\/producto\/mg-daylight\/"]}]},{"@type":"ImageObject","inLanguage":"en-GB","@id":"https:\/\/manuelhamuservicios.com\/producto\/mg-daylight\/#primaryimage","url":"https:\/\/manuelhamuservicios.com\/wp-content\/uploads\/2021\/04\/mg-daylight-producto-koxka-krefrigeration-1.png","contentUrl":"https:\/\/manuelhamuservicios.com\/wp-content\/uploads\/2021\/04\/mg-daylight-producto-koxka-krefrigeration-1.png","width":800,"height":667},{"@type":"BreadcrumbList","@id":"https:\/\/manuelhamuservicios.com\/producto\/mg-daylight\/#breadcrumb","itemListElement":[{"@type":"ListItem","position":1,"name":"Portada","item":"https:\/\/manuelhamuservicios.com\/"},{"@type":"ListItem","position":2,"name":"Productos","item":"https:\/\/manuelhamuservicios.com\/en\/mhs-products\/"},{"@type":"ListItem","position":3,"name":"MG DAYLIGHT"}]},{"@type":"WebSite","@id":"https:\/\/manuelhamuservicios.com\/#website","url":"https:\/\/manuelhamuservicios.com\/","name":"Manuel Hamu Services","description":"Commercial furniture, food machinery and commercial scales.","publisher":{"@id":"https:\/\/manuelhamuservicios.com\/#organization"},"potentialAction":[{"@type":"SearchAction","target":{"@type":"EntryPoint","urlTemplate":"https:\/\/manuelhamuservicios.com\/?s={search_term_string}"},"query-input":{"@type":"PropertyValueSpecification","valueRequired":true,"valueName":"search_term_string"}}],"inLanguage":"en-GB"},{"@type":"Organization","@id":"https:\/\/manuelhamuservicios.com\/#organization","name":"Manuel Hamu Services","url":"https:\/\/manuelhamuservicios.com\/","logo":{"@type":"ImageObject","inLanguage":"en-GB","@id":"https:\/\/manuelhamuservicios.com\/#\/schema\/logo\/image\/","url":"https:\/\/manuelhamuservicios.com\/wp-content\/uploads\/2023\/08\/cropped-WhatsApp-Image-2023-08-08-at-08.34.04.jpeg","contentUrl":"https:\/\/manuelhamuservicios.com\/wp-content\/uploads\/2023\/08\/cropped-WhatsApp-Image-2023-08-08-at-08.34.04.jpeg","width":512,"height":512,"caption":"Manuel Hamu Servicios"},"image":{"@id":"https:\/\/manuelhamuservicios.com\/#\/schema\/logo\/image\/"}}]}},"_links":{"self":[{"href":"https:\/\/manuelhamuservicios.com\/en\/wp-json\/wp\/v2\/product\/9296","targetHints":{"allow":["GET"]}}],"collection":[{"href":"https:\/\/manuelhamuservicios.com\/en\/wp-json\/wp\/v2\/product"}],"about":[{"href":"https:\/\/manuelhamuservicios.com\/en\/wp-json\/wp\/v2\/types\/product"}],"version-history":[{"count":4,"href":"https:\/\/manuelhamuservicios.com\/en\/wp-json\/wp\/v2\/product\/9296\/revisions"}],"predecessor-version":[{"id":9303,"href":"https:\/\/manuelhamuservicios.com\/en\/wp-json\/wp\/v2\/product\/9296\/revisions\/9303"}],"wp:featuredmedia":[{"embeddable":true,"href":"https:\/\/manuelhamuservicios.com\/en\/wp-json\/wp\/v2\/media\/9299"}],"wp:attachment":[{"href":"https:\/\/manuelhamuservicios.com\/en\/wp-json\/wp\/v2\/media?parent=9296"}],"wp:term":[{"taxonomy":"product_brand","embeddable":true,"href":"https:\/\/manuelhamuservicios.com\/en\/wp-json\/wp\/v2\/product_brand?post=9296"},{"taxonomy":"product_cat","embeddable":true,"href":"https:\/\/manuelhamuservicios.com\/en\/wp-json\/wp\/v2\/product_cat?post=9296"},{"taxonomy":"product_tag","embeddable":true,"href":"https:\/\/manuelhamuservicios.com\/en\/wp-json\/wp\/v2\/product_tag?post=9296"}],"curies":[{"name":"wp","href":"https:\/\/api.w.org\/{rel}","templated":true}]}}