{"id":9326,"date":"2021-04-07T09:28:29","date_gmt":"2021-04-07T09:28:29","guid":{"rendered":"https:\/\/mhservicios.athosonline.com\/?post_type=product&#038;p=9326"},"modified":"2021-04-26T11:16:37","modified_gmt":"2021-04-26T11:16:37","slug":"selem-daylight","status":"publish","type":"product","link":"https:\/\/manuelhamuservicios.com\/en\/product\/selem-daylight\/","title":{"rendered":"SELEM DAYLIGHT"},"content":{"rendered":"<div data-elementor-type=\"product-post\" data-elementor-id=\"9326\" class=\"elementor elementor-9326\" data-elementor-post-type=\"product\">\n\t\t\t\t\t\t<section data-particle_enable=\"false\" data-particle-mobile-disabled=\"false\" class=\"wd-negative-gap elementor-section elementor-top-section elementor-element elementor-element-b20244d elementor-section-boxed elementor-section-height-default elementor-section-height-default\" data-id=\"b20244d\" data-element_type=\"section\">\n\t\t\t\t\t\t<div class=\"elementor-container elementor-column-gap-default\">\n\t\t\t\t\t<div class=\"elementor-column elementor-col-100 elementor-top-column elementor-element elementor-element-fcab9b7\" data-id=\"fcab9b7\" data-element_type=\"column\">\n\t\t\t<div class=\"elementor-widget-wrap elementor-element-populated\">\n\t\t\t\t\t\t<div class=\"elementor-element elementor-element-08107e8 elementor-tabs-view-horizontal elementor-widget elementor-widget-tabs\" data-id=\"08107e8\" data-element_type=\"widget\" data-widget_type=\"tabs.default\">\n\t\t\t\t<div class=\"elementor-widget-container\">\n\t\t\t\t\t\t\t<div class=\"elementor-tabs\">\n\t\t\t<div class=\"elementor-tabs-wrapper\" role=\"tablist\" >\n\t\t\t\t\t\t\t\t\t<div id=\"elementor-tab-title-8451\" class=\"elementor-tab-title elementor-tab-desktop-title\" aria-selected=\"true\" data-tab=\"1\" role=\"tab\" tabindex=\"0\" aria-controls=\"elementor-tab-content-8451\" aria-expanded=\"false\">Models<\/div>\n\t\t\t\t\t\t\t\t\t<div id=\"elementor-tab-title-8452\" class=\"elementor-tab-title elementor-tab-desktop-title\" aria-selected=\"false\" data-tab=\"2\" role=\"tab\" tabindex=\"-1\" aria-controls=\"elementor-tab-content-8452\" aria-expanded=\"false\">Characteristics<\/div>\n\t\t\t\t\t\t\t\t\t<div id=\"elementor-tab-title-8453\" class=\"elementor-tab-title elementor-tab-desktop-title\" aria-selected=\"false\" data-tab=\"3\" role=\"tab\" tabindex=\"-1\" aria-controls=\"elementor-tab-content-8453\" aria-expanded=\"false\">Options<\/div>\n\t\t\t\t\t\t\t\t\t<div id=\"elementor-tab-title-8454\" class=\"elementor-tab-title elementor-tab-desktop-title\" aria-selected=\"false\" data-tab=\"4\" role=\"tab\" tabindex=\"-1\" aria-controls=\"elementor-tab-content-8454\" aria-expanded=\"false\">Documentation<\/div>\n\t\t\t\t\t\t\t<\/div>\n\t\t\t<div class=\"elementor-tabs-content-wrapper\" role=\"tablist\" aria-orientation=\"vertical\">\n\t\t\t\t\t\t\t\t\t<div class=\"elementor-tab-title elementor-tab-mobile-title\" aria-selected=\"true\" data-tab=\"1\" role=\"tab\" tabindex=\"0\" aria-controls=\"elementor-tab-content-8451\" aria-expanded=\"false\">Models<\/div>\n\t\t\t\t\t<div id=\"elementor-tab-content-8451\" class=\"elementor-tab-content elementor-clearfix\" data-tab=\"1\" role=\"tabpanel\" aria-labelledby=\"elementor-tab-title-8451\" tabindex=\"0\" hidden=\"false\"><ul><li>SMG014<\/li><li>SMG025<\/li><li>SMG114<\/li><li>SMG214<\/li><li>SMG314<\/li><li>SMG325<\/li><\/ul><\/div>\n\t\t\t\t\t\t\t\t\t<div class=\"elementor-tab-title elementor-tab-mobile-title\" aria-selected=\"false\" data-tab=\"2\" role=\"tab\" tabindex=\"-1\" aria-controls=\"elementor-tab-content-8452\" aria-expanded=\"false\">Characteristics<\/div>\n\t\t\t\t\t<div id=\"elementor-tab-content-8452\" class=\"elementor-tab-content elementor-clearfix\" data-tab=\"2\" role=\"tabpanel\" aria-labelledby=\"elementor-tab-title-8452\" tabindex=\"0\" hidden=\"hidden\"><ul><li>Semi-mural ideal for displaying meat and deli products<\/li><li>The heights of 1300 mm, 1400 mm, 1495 mm and 1585 mm allow for an overall view of the sales area.<\/li><li>The reduced front of 310 mm and 360 mm allows for greater product visibility<\/li><li>2 or 3 rows of shelves for product display<\/li><li>High load capacity<\/li><li>Minimum land occupation with maximum optimization of the sales area<\/li><li>Models with double sliding doors (SMG014, SMG025, SMG325, SMG114, SMG214 and SMG314)<\/li><\/ul><\/div>\n\t\t\t\t\t\t\t\t\t<div class=\"elementor-tab-title elementor-tab-mobile-title\" aria-selected=\"false\" data-tab=\"3\" role=\"tab\" tabindex=\"-1\" aria-controls=\"elementor-tab-content-8453\" aria-expanded=\"false\">Options<\/div>\n\t\t\t\t\t<div id=\"elementor-tab-content-8453\" class=\"elementor-tab-content elementor-clearfix\" data-tab=\"3\" role=\"tabpanel\" aria-labelledby=\"elementor-tab-title-8453\" tabindex=\"0\" hidden=\"hidden\"><p><strong>EXHIBITION AREA<\/strong><\/p><ul><li>Fixed methacrylate separator<\/li><li>Shelves<\/li><li>Reinforced shelves<\/li><li>Methacrylate shelf front<\/li><li>High-impact methacrylate shelf front<\/li><li>Front shelf grid<\/li><li>Rod shelf separator<\/li><li>Methacrylate shelf separator<\/li><li>Adjustable grills<\/li><li>Tall Cuba basket<\/li><li>Tank basket separator<\/li><li>Tank separator<\/li><li>Protective suction grille<\/li><\/ul><p><strong>AESTHETICS<\/strong><\/p><ul><li>More than 50 colors for interior and exterior furniture customization<\/li><li>6 bumper colors<\/li><li>Price holders of different colors and sizes<\/li><li>Different lighting colors<\/li><\/ul><p><strong>TEMPERATURE CONTROL<\/strong><\/p><ul><li>Electric defrost<\/li><li>Electronic control<\/li><li>Electronic control with communication card<\/li><\/ul><p><strong>ENERGY EFFICIENCY<\/strong><\/p><ul><li>Night curtain *(not valid for SMG models)<\/li><li>High-efficiency fans<\/li><li>LED lighting<\/li><li>T8 lighting with electronic ballast<\/li><li>High-efficiency, low-consumption T5HE lighting<\/li><li>Low-consumption, high-brightness T5HO lighting *(standard for SMG014\/SMG025)<\/li><li>AKV Electronic Thermostatic Valve<\/li><\/ul><p><strong>INSTALLATION OPTIONS<\/strong><\/p><ul><li>Panoramic side mirror<\/li><li>Rear mirror<\/li><li>Back cover<\/li><li>Lamp protection<\/li><li>Promotional header<\/li><li>Fan protection grille<\/li><li>CO2 refrigerant (R744)<\/li><li>Water \/ Ethylene Glycol Mixture as Coolant<\/li><\/ul><\/div>\n\t\t\t\t\t\t\t\t\t<div class=\"elementor-tab-title elementor-tab-mobile-title\" aria-selected=\"false\" data-tab=\"4\" role=\"tab\" tabindex=\"-1\" aria-controls=\"elementor-tab-content-8454\" aria-expanded=\"false\">Documentation<\/div>\n\t\t\t\t\t<div id=\"elementor-tab-content-8454\" class=\"elementor-tab-content elementor-clearfix\" data-tab=\"4\" role=\"tabpanel\" aria-labelledby=\"elementor-tab-title-8454\" tabindex=\"0\" hidden=\"hidden\"><ul><li><a href=\"https:\/\/koxka.com\/wp-content\/uploads\/Catalogos\/ICE\/Es\/Catalogo%20ICE%20Grupo%20K%20SELEM%20SELEM%20DAYLIGHT%20v00-16%20esp.pdf\" target=\"_blank\" rel=\"noopener\">Selem Daylight Catalog<\/a><\/li><\/ul><\/div>\n\t\t\t\t\t\t\t<\/div>\n\t\t<\/div>\n\t\t\t\t\t\t<\/div>\n\t\t\t\t<\/div>\n\t\t\t\t\t<\/div>\n\t\t<\/div>\n\t\t\t\t\t<\/div>\n\t\t<\/section>\n\t\t\t\t<\/div>","protected":false},"excerpt":{"rendered":"<div class=\"wpb_text_column wpb_content_element\">\n<div class=\"wpb_wrapper\">\n<p>Closed positive cooling semi-walls with double doors that stand out for allowing design\u00a0<strong>sales spaces in which the overall visibility of the establishment prevails.<\/strong><\/p>\n<ul>\n<li>They can display meat, delicatessen, dairy products, and pre-prepared convenience products.<\/li>\n<li>They are available in 3 heights, 4 widths, 4 modulations + headboards.<\/li>\n<\/ul>\n<\/div>\n<\/div>\n<div class=\"wpb_text_column wpb_content_element\">\n<div class=\"wpb_wrapper\">\n<div id=\"gt3pg_gallery1\" class=\"gt3pg_galleryid-1627 gt3pg_gallery-columns-3 gt3pg_photo_gallery gt3pg-corner-type-standard gt3pg_hover-default gt3pg-type-rectangle\" data-size=\"thumbnail\" data-type=\"rectangle\" data-corner=\"standard\" data-link=\"lightbox\" data-margin=\"30\" data-instance=\"1\">\n<figure class=\"gt3pg_gallery-item gt3pg_element\">\n<div class=\"gt3pg_item_main_wrapper\"><\/div>\n<\/figure>\n<\/div>\n<\/div>\n<\/div>\n<div class=\"wpb_text_column wpb_content_element\">\n<div class=\"wpb_wrapper\">\n<p>Classification of the reference furniture according to the Ecodesign Directive 2009\/125\/EC. Consult the EPREL database for configuration variations.<\/p>\n<\/div>\n<\/div>","protected":false},"featured_media":9327,"template":"","meta":{"inline_featured_image":false},"product_brand":[],"product_cat":[31],"product_tag":[],"class_list":{"0":"post-9326","1":"product","2":"type-product","3":"status-publish","4":"has-post-thumbnail","6":"product_cat-murales","8":"first","9":"instock","10":"virtual","11":"product-type-simple"},"yoast_head":"<!-- This site is optimized with the Yoast SEO plugin v25.3 - https:\/\/yoast.com\/wordpress\/plugins\/seo\/ -->\n<title>SELEM DAYLIGHT - Manuel Hamu Servicios<\/title>\n<meta name=\"robots\" content=\"index, follow, max-snippet:-1, max-image-preview:large, max-video-preview:-1\" \/>\n<link rel=\"canonical\" href=\"https:\/\/manuelhamuservicios.com\/en\/product\/selem-daylight\/\" \/>\n<meta property=\"og:locale\" content=\"en_GB\" \/>\n<meta property=\"og:type\" content=\"article\" \/>\n<meta property=\"og:title\" content=\"SELEM DAYLIGHT - Manuel Hamu Servicios\" \/>\n<meta property=\"og:description\" content=\"Semimurales de refrigeraci\u00f3n positiva cerrada con puertas dobles que destacan por permitir dise\u00f1ar\u00a0espacios de venta en los que prime la visibilidad global del establecimiento.   En ellos se puede exponer carne, charcuter\u00eda, l\u00e1cteos y productos pertenecientes a la cuarta gama.  Est\u00e1n disponible en 3 alturas, 4 anchuras, 4 modulaciones + cabeceras.               Clasificaci\u00f3n del mueble de referencia seg\u00fan directiva de Ecodise\u00f1o 2009\/125\/CE. Consultar base de datos EPREL para variaciones en la configuraci\u00f3n.\" \/>\n<meta property=\"og:url\" content=\"https:\/\/manuelhamuservicios.com\/en\/product\/selem-daylight\/\" \/>\n<meta property=\"og:site_name\" content=\"Manuel Hamu Servicios\" \/>\n<meta property=\"article:modified_time\" content=\"2021-04-26T11:16:37+00:00\" \/>\n<meta property=\"og:image\" content=\"https:\/\/manuelhamuservicios.com\/wp-content\/uploads\/2021\/04\/selem-daylight-producto-koxka-krefrigeration.png\" \/>\n\t<meta property=\"og:image:width\" content=\"800\" \/>\n\t<meta property=\"og:image:height\" content=\"641\" \/>\n\t<meta property=\"og:image:type\" content=\"image\/png\" \/>\n<meta name=\"twitter:card\" content=\"summary_large_image\" \/>\n<meta name=\"twitter:label1\" content=\"Estimated reading time\" \/>\n\t<meta name=\"twitter:data1\" content=\"1 minute\" \/>\n<script type=\"application\/ld+json\" class=\"yoast-schema-graph\">{\"@context\":\"https:\/\/schema.org\",\"@graph\":[{\"@type\":\"WebPage\",\"@id\":\"https:\/\/manuelhamuservicios.com\/producto\/selem-daylight\/\",\"url\":\"https:\/\/manuelhamuservicios.com\/producto\/selem-daylight\/\",\"name\":\"SELEM DAYLIGHT - Manuel Hamu Servicios\",\"isPartOf\":{\"@id\":\"https:\/\/manuelhamuservicios.com\/#website\"},\"primaryImageOfPage\":{\"@id\":\"https:\/\/manuelhamuservicios.com\/producto\/selem-daylight\/#primaryimage\"},\"image\":{\"@id\":\"https:\/\/manuelhamuservicios.com\/producto\/selem-daylight\/#primaryimage\"},\"thumbnailUrl\":\"https:\/\/manuelhamuservicios.com\/wp-content\/uploads\/2021\/04\/selem-daylight-producto-koxka-krefrigeration.png\",\"datePublished\":\"2021-04-07T09:28:29+00:00\",\"dateModified\":\"2021-04-26T11:16:37+00:00\",\"breadcrumb\":{\"@id\":\"https:\/\/manuelhamuservicios.com\/producto\/selem-daylight\/#breadcrumb\"},\"inLanguage\":\"en-GB\",\"potentialAction\":[{\"@type\":\"ReadAction\",\"target\":[\"https:\/\/manuelhamuservicios.com\/producto\/selem-daylight\/\"]}]},{\"@type\":\"ImageObject\",\"inLanguage\":\"en-GB\",\"@id\":\"https:\/\/manuelhamuservicios.com\/producto\/selem-daylight\/#primaryimage\",\"url\":\"https:\/\/manuelhamuservicios.com\/wp-content\/uploads\/2021\/04\/selem-daylight-producto-koxka-krefrigeration.png\",\"contentUrl\":\"https:\/\/manuelhamuservicios.com\/wp-content\/uploads\/2021\/04\/selem-daylight-producto-koxka-krefrigeration.png\",\"width\":800,\"height\":641},{\"@type\":\"BreadcrumbList\",\"@id\":\"https:\/\/manuelhamuservicios.com\/producto\/selem-daylight\/#breadcrumb\",\"itemListElement\":[{\"@type\":\"ListItem\",\"position\":1,\"name\":\"Portada\",\"item\":\"https:\/\/manuelhamuservicios.com\/\"},{\"@type\":\"ListItem\",\"position\":2,\"name\":\"Productos\",\"item\":\"https:\/\/manuelhamuservicios.com\/en\/mhs-products\/\"},{\"@type\":\"ListItem\",\"position\":3,\"name\":\"SELEM DAYLIGHT\"}]},{\"@type\":\"WebSite\",\"@id\":\"https:\/\/manuelhamuservicios.com\/#website\",\"url\":\"https:\/\/manuelhamuservicios.com\/\",\"name\":\"Manuel Hamu Servicios\",\"description\":\"Mobiliario comercial, maquinaria alimentaria y balanzas comerciales.\",\"publisher\":{\"@id\":\"https:\/\/manuelhamuservicios.com\/#organization\"},\"potentialAction\":[{\"@type\":\"SearchAction\",\"target\":{\"@type\":\"EntryPoint\",\"urlTemplate\":\"https:\/\/manuelhamuservicios.com\/?s={search_term_string}\"},\"query-input\":{\"@type\":\"PropertyValueSpecification\",\"valueRequired\":true,\"valueName\":\"search_term_string\"}}],\"inLanguage\":\"en-GB\"},{\"@type\":\"Organization\",\"@id\":\"https:\/\/manuelhamuservicios.com\/#organization\",\"name\":\"Manuel Hamu Servicios\",\"url\":\"https:\/\/manuelhamuservicios.com\/\",\"logo\":{\"@type\":\"ImageObject\",\"inLanguage\":\"en-GB\",\"@id\":\"https:\/\/manuelhamuservicios.com\/#\/schema\/logo\/image\/\",\"url\":\"https:\/\/manuelhamuservicios.com\/wp-content\/uploads\/2023\/08\/cropped-WhatsApp-Image-2023-08-08-at-08.34.04.jpeg\",\"contentUrl\":\"https:\/\/manuelhamuservicios.com\/wp-content\/uploads\/2023\/08\/cropped-WhatsApp-Image-2023-08-08-at-08.34.04.jpeg\",\"width\":512,\"height\":512,\"caption\":\"Manuel Hamu Servicios\"},\"image\":{\"@id\":\"https:\/\/manuelhamuservicios.com\/#\/schema\/logo\/image\/\"}}]}<\/script>\n<!-- \/ Yoast SEO plugin. -->","yoast_head_json":{"title":"SELEM DAYLIGHT - Manuel Hamu Services","robots":{"index":"index","follow":"follow","max-snippet":"max-snippet:-1","max-image-preview":"max-image-preview:large","max-video-preview":"max-video-preview:-1"},"canonical":"https:\/\/manuelhamuservicios.com\/en\/product\/selem-daylight\/","og_locale":"en_GB","og_type":"article","og_title":"SELEM DAYLIGHT - Manuel Hamu Servicios","og_description":"Semimurales de refrigeraci\u00f3n positiva cerrada con puertas dobles que destacan por permitir dise\u00f1ar\u00a0espacios de venta en los que prime la visibilidad global del establecimiento.   En ellos se puede exponer carne, charcuter\u00eda, l\u00e1cteos y productos pertenecientes a la cuarta gama.  Est\u00e1n disponible en 3 alturas, 4 anchuras, 4 modulaciones + cabeceras.               Clasificaci\u00f3n del mueble de referencia seg\u00fan directiva de Ecodise\u00f1o 2009\/125\/CE. Consultar base de datos EPREL para variaciones en la configuraci\u00f3n.","og_url":"https:\/\/manuelhamuservicios.com\/en\/product\/selem-daylight\/","og_site_name":"Manuel Hamu Servicios","article_modified_time":"2021-04-26T11:16:37+00:00","og_image":[{"width":800,"height":641,"url":"https:\/\/manuelhamuservicios.com\/wp-content\/uploads\/2021\/04\/selem-daylight-producto-koxka-krefrigeration.png","type":"image\/png"}],"twitter_card":"summary_large_image","twitter_misc":{"Estimated reading time":"1 minute"},"schema":{"@context":"https:\/\/schema.org","@graph":[{"@type":"WebPage","@id":"https:\/\/manuelhamuservicios.com\/producto\/selem-daylight\/","url":"https:\/\/manuelhamuservicios.com\/producto\/selem-daylight\/","name":"SELEM DAYLIGHT - Manuel Hamu Services","isPartOf":{"@id":"https:\/\/manuelhamuservicios.com\/#website"},"primaryImageOfPage":{"@id":"https:\/\/manuelhamuservicios.com\/producto\/selem-daylight\/#primaryimage"},"image":{"@id":"https:\/\/manuelhamuservicios.com\/producto\/selem-daylight\/#primaryimage"},"thumbnailUrl":"https:\/\/manuelhamuservicios.com\/wp-content\/uploads\/2021\/04\/selem-daylight-producto-koxka-krefrigeration.png","datePublished":"2021-04-07T09:28:29+00:00","dateModified":"2021-04-26T11:16:37+00:00","breadcrumb":{"@id":"https:\/\/manuelhamuservicios.com\/producto\/selem-daylight\/#breadcrumb"},"inLanguage":"en-GB","potentialAction":[{"@type":"ReadAction","target":["https:\/\/manuelhamuservicios.com\/producto\/selem-daylight\/"]}]},{"@type":"ImageObject","inLanguage":"en-GB","@id":"https:\/\/manuelhamuservicios.com\/producto\/selem-daylight\/#primaryimage","url":"https:\/\/manuelhamuservicios.com\/wp-content\/uploads\/2021\/04\/selem-daylight-producto-koxka-krefrigeration.png","contentUrl":"https:\/\/manuelhamuservicios.com\/wp-content\/uploads\/2021\/04\/selem-daylight-producto-koxka-krefrigeration.png","width":800,"height":641},{"@type":"BreadcrumbList","@id":"https:\/\/manuelhamuservicios.com\/producto\/selem-daylight\/#breadcrumb","itemListElement":[{"@type":"ListItem","position":1,"name":"Portada","item":"https:\/\/manuelhamuservicios.com\/"},{"@type":"ListItem","position":2,"name":"Productos","item":"https:\/\/manuelhamuservicios.com\/en\/mhs-products\/"},{"@type":"ListItem","position":3,"name":"SELEM DAYLIGHT"}]},{"@type":"WebSite","@id":"https:\/\/manuelhamuservicios.com\/#website","url":"https:\/\/manuelhamuservicios.com\/","name":"Manuel Hamu Services","description":"Commercial furniture, food machinery and commercial scales.","publisher":{"@id":"https:\/\/manuelhamuservicios.com\/#organization"},"potentialAction":[{"@type":"SearchAction","target":{"@type":"EntryPoint","urlTemplate":"https:\/\/manuelhamuservicios.com\/?s={search_term_string}"},"query-input":{"@type":"PropertyValueSpecification","valueRequired":true,"valueName":"search_term_string"}}],"inLanguage":"en-GB"},{"@type":"Organization","@id":"https:\/\/manuelhamuservicios.com\/#organization","name":"Manuel Hamu Services","url":"https:\/\/manuelhamuservicios.com\/","logo":{"@type":"ImageObject","inLanguage":"en-GB","@id":"https:\/\/manuelhamuservicios.com\/#\/schema\/logo\/image\/","url":"https:\/\/manuelhamuservicios.com\/wp-content\/uploads\/2023\/08\/cropped-WhatsApp-Image-2023-08-08-at-08.34.04.jpeg","contentUrl":"https:\/\/manuelhamuservicios.com\/wp-content\/uploads\/2023\/08\/cropped-WhatsApp-Image-2023-08-08-at-08.34.04.jpeg","width":512,"height":512,"caption":"Manuel Hamu Servicios"},"image":{"@id":"https:\/\/manuelhamuservicios.com\/#\/schema\/logo\/image\/"}}]}},"_links":{"self":[{"href":"https:\/\/manuelhamuservicios.com\/en\/wp-json\/wp\/v2\/product\/9326","targetHints":{"allow":["GET"]}}],"collection":[{"href":"https:\/\/manuelhamuservicios.com\/en\/wp-json\/wp\/v2\/product"}],"about":[{"href":"https:\/\/manuelhamuservicios.com\/en\/wp-json\/wp\/v2\/types\/product"}],"version-history":[{"count":10,"href":"https:\/\/manuelhamuservicios.com\/en\/wp-json\/wp\/v2\/product\/9326\/revisions"}],"predecessor-version":[{"id":10484,"href":"https:\/\/manuelhamuservicios.com\/en\/wp-json\/wp\/v2\/product\/9326\/revisions\/10484"}],"wp:featuredmedia":[{"embeddable":true,"href":"https:\/\/manuelhamuservicios.com\/en\/wp-json\/wp\/v2\/media\/9327"}],"wp:attachment":[{"href":"https:\/\/manuelhamuservicios.com\/en\/wp-json\/wp\/v2\/media?parent=9326"}],"wp:term":[{"taxonomy":"product_brand","embeddable":true,"href":"https:\/\/manuelhamuservicios.com\/en\/wp-json\/wp\/v2\/product_brand?post=9326"},{"taxonomy":"product_cat","embeddable":true,"href":"https:\/\/manuelhamuservicios.com\/en\/wp-json\/wp\/v2\/product_cat?post=9326"},{"taxonomy":"product_tag","embeddable":true,"href":"https:\/\/manuelhamuservicios.com\/en\/wp-json\/wp\/v2\/product_tag?post=9326"}],"curies":[{"name":"wp","href":"https:\/\/api.w.org\/{rel}","templated":true}]}}