{"id":9942,"date":"2021-04-15T15:21:20","date_gmt":"2021-04-15T15:21:20","guid":{"rendered":"https:\/\/mhservicios.athosonline.com\/?post_type=product&#038;p=9942"},"modified":"2021-04-26T11:28:46","modified_gmt":"2021-04-26T11:28:46","slug":"kp-ocean-closed","status":"publish","type":"product","link":"https:\/\/manuelhamuservicios.com\/en\/product\/kp-ocean-closed\/","title":{"rendered":"kP OCEAN CLOSED"},"content":{"rendered":"<div data-elementor-type=\"product-post\" data-elementor-id=\"9942\" class=\"elementor elementor-9942\" data-elementor-post-type=\"product\">\n\t\t\t\t\t\t<section data-particle_enable=\"false\" data-particle-mobile-disabled=\"false\" class=\"wd-negative-gap elementor-section elementor-top-section elementor-element elementor-element-b20244d elementor-section-boxed elementor-section-height-default elementor-section-height-default\" data-id=\"b20244d\" data-element_type=\"section\">\n\t\t\t\t\t\t<div class=\"elementor-container elementor-column-gap-default\">\n\t\t\t\t\t<div class=\"elementor-column elementor-col-100 elementor-top-column elementor-element elementor-element-fcab9b7\" data-id=\"fcab9b7\" data-element_type=\"column\">\n\t\t\t<div class=\"elementor-widget-wrap elementor-element-populated\">\n\t\t\t\t\t\t<div class=\"elementor-element elementor-element-08107e8 elementor-tabs-view-horizontal elementor-widget elementor-widget-tabs\" data-id=\"08107e8\" data-element_type=\"widget\" data-widget_type=\"tabs.default\">\n\t\t\t\t<div class=\"elementor-widget-container\">\n\t\t\t\t\t\t\t<div class=\"elementor-tabs\">\n\t\t\t<div class=\"elementor-tabs-wrapper\" role=\"tablist\" >\n\t\t\t\t\t\t\t\t\t<div id=\"elementor-tab-title-8451\" class=\"elementor-tab-title elementor-tab-desktop-title\" aria-selected=\"true\" data-tab=\"1\" role=\"tab\" tabindex=\"0\" aria-controls=\"elementor-tab-content-8451\" aria-expanded=\"false\">Models<\/div>\n\t\t\t\t\t\t\t\t\t<div id=\"elementor-tab-title-8452\" class=\"elementor-tab-title elementor-tab-desktop-title\" aria-selected=\"false\" data-tab=\"2\" role=\"tab\" tabindex=\"-1\" aria-controls=\"elementor-tab-content-8452\" aria-expanded=\"false\">Characteristics<\/div>\n\t\t\t\t\t\t\t\t\t<div id=\"elementor-tab-title-8453\" class=\"elementor-tab-title elementor-tab-desktop-title\" aria-selected=\"false\" data-tab=\"3\" role=\"tab\" tabindex=\"-1\" aria-controls=\"elementor-tab-content-8453\" aria-expanded=\"false\">Options<\/div>\n\t\t\t\t\t\t\t\t\t<div id=\"elementor-tab-title-8454\" class=\"elementor-tab-title elementor-tab-desktop-title\" aria-selected=\"false\" data-tab=\"4\" role=\"tab\" tabindex=\"-1\" aria-controls=\"elementor-tab-content-8454\" aria-expanded=\"false\">Documentation<\/div>\n\t\t\t\t\t\t\t<\/div>\n\t\t\t<div class=\"elementor-tabs-content-wrapper\" role=\"tablist\" aria-orientation=\"vertical\">\n\t\t\t\t\t\t\t\t\t<div class=\"elementor-tab-title elementor-tab-mobile-title\" aria-selected=\"true\" data-tab=\"1\" role=\"tab\" tabindex=\"0\" aria-controls=\"elementor-tab-content-8451\" aria-expanded=\"false\">Models<\/div>\n\t\t\t\t\t<div id=\"elementor-tab-content-8451\" class=\"elementor-tab-content elementor-clearfix\" data-tab=\"1\" role=\"tabpanel\" aria-labelledby=\"elementor-tab-title-8451\" tabindex=\"0\" hidden=\"false\"><ul><li>kP Ocean Closed 125 H20 D85 (Black, grey, white or black with wood perimeter decoration).<\/li><li>kP Ocean Closed 187 H20 D85 (Black, grey, white or black with wood perimeter decoration).<\/li><li>kP Ocean Closed 250 H20 D85 (Black, grey, white or black with wood perimeter decoration).<\/li><\/ul><\/div>\n\t\t\t\t\t\t\t\t\t<div class=\"elementor-tab-title elementor-tab-mobile-title\" aria-selected=\"false\" data-tab=\"2\" role=\"tab\" tabindex=\"-1\" aria-controls=\"elementor-tab-content-8452\" aria-expanded=\"false\">Characteristics<\/div>\n\t\t\t\t\t<div id=\"elementor-tab-content-8452\" class=\"elementor-tab-content elementor-clearfix\" data-tab=\"2\" role=\"tabpanel\" aria-labelledby=\"elementor-tab-title-8452\" tabindex=\"0\" hidden=\"hidden\"><ul><li>Koxka double-door plug-in mural, offering maximum visibility and optimal product preservation for environments with demanding environmental conditions.<\/li><li>This new generation is designed to allow for in-store assembly of furniture, creating complete lines that meet the needs of each customer.<\/li><li>LED lighting.<\/li><li>Electronic control and\u00a0<em>Touch Panel\u00a0<\/em>which displays the temperature and allows configuration of the perimeter LED.<\/li><li>It can be combined with the kP Ocean Open plug-in open wall unit and the kP Cobalt Closed frozen food cabinet on the same shelf, maintaining continuity in the perimeter LED and all the decorations, giving a sense of aesthetic uniformity.<\/li><li>Customizable. A wide range of options and accessories allow the furniture to be configured according to the customer&#039;s requirements.<\/li><\/ul><\/div>\n\t\t\t\t\t\t\t\t\t<div class=\"elementor-tab-title elementor-tab-mobile-title\" aria-selected=\"false\" data-tab=\"3\" role=\"tab\" tabindex=\"-1\" aria-controls=\"elementor-tab-content-8453\" aria-expanded=\"false\">Options<\/div>\n\t\t\t\t\t<div id=\"elementor-tab-content-8453\" class=\"elementor-tab-content elementor-clearfix\" data-tab=\"3\" role=\"tabpanel\" aria-labelledby=\"elementor-tab-title-8453\" tabindex=\"0\" hidden=\"hidden\"><p><strong>STANDARD EQUIPMENT<\/strong><\/p><ul><li>RGB color customization perimeter LED.<\/li><li>Lateral display to improve product visibility.<\/li><li>Frameless double glass door with vertical handle.<\/li><li>4 rows of shelves up to 500 mm adjustable in height and inclination at 0\u00b0, 10\u00b0 and 20\u00b0<\/li><li>40mm price holders on shelves.<\/li><li>LED lighting on visor and sides.<\/li><li>Eliwell electronic control.<\/li><li>OBUS valve.<\/li><li>Removable condenser unit for easy cleaning.<\/li><li>High-efficiency fans in evaporator and condenser unit.<\/li><li>Automatic evaporation of defrost water.<\/li><li>Adjustable legs.<\/li><\/ul><p><strong>OPTIONS AND ACCESSORIES<\/strong><\/p><ul><li>Exterior color: black, gray and white.<\/li><li>Interior color: black, gray and white.<\/li><li>Interior finish in stainless steel.<\/li><li>Perimeter LED customization option in wood finish.<\/li><li>Shelf lighting kit.<\/li><li>Interior mirror kit.<\/li><li>Side mirror.<\/li><li>Central separator.<\/li><li>Fixed methacrylate separator.<\/li><li>Shelf and display dividers (methacrylate).<\/li><li>Methacrylate shelf front.<\/li><li>Additional shelf set.<\/li><li>Display grills.<\/li><li>Deli bar and hooks.<\/li><li>Wheel kit.<\/li><li>Drain installation.<\/li><li>Union kit.<\/li><li>Communications Card.<\/li><li>Remote display.<\/li><\/ul><\/div>\n\t\t\t\t\t\t\t\t\t<div class=\"elementor-tab-title elementor-tab-mobile-title\" aria-selected=\"false\" data-tab=\"4\" role=\"tab\" tabindex=\"-1\" aria-controls=\"elementor-tab-content-8454\" aria-expanded=\"false\">Documentation<\/div>\n\t\t\t\t\t<div id=\"elementor-tab-content-8454\" class=\"elementor-tab-content elementor-clearfix\" data-tab=\"4\" role=\"tabpanel\" aria-labelledby=\"elementor-tab-title-8454\" tabindex=\"0\" hidden=\"hidden\"><ul><li><strong><a href=\"https:\/\/koxka.com\/wp-content\/uploads\/2019\/11\/Koxka-Ocean-Closed-ESEN-2019.pdf\" target=\"_blank\" rel=\"noopener\">Documentation<\/a><\/strong><\/li><\/ul><\/div>\n\t\t\t\t\t\t\t<\/div>\n\t\t<\/div>\n\t\t\t\t\t\t<\/div>\n\t\t\t\t<\/div>\n\t\t\t\t\t<\/div>\n\t\t<\/div>\n\t\t\t\t\t<\/div>\n\t\t<\/section>\n\t\t\t\t<\/div>","protected":false},"excerpt":{"rendered":"<div class=\"vc_row wpb_row vc_inner vc_row-fluid\">\n<div class=\"wpb_column vc_column_container vc_col-sm-4\">\n<div class=\"vc_column-inner\">\n<div class=\"wpb_wrapper\">\n<div class=\"wpb_single_image wpb_content_element vc_align_left etiqueta\">\n<figure class=\"wpb_wrapper vc_figure\">\n<div class=\"vc_single_image-wrapper vc_box_border_grey\">\n<div class=\"wpb_text_column wpb_content_element\">\n<div class=\"wpb_wrapper\">\n<ul>\n<li>\n<div class=\"wpb_text_column wpb_content_element\">\n<div class=\"wpb_wrapper\">\n<p>With a new aesthetic designed to adapt to the tastes and needs of our customers, the kP Ocean Closed cabinet offers an innovative solution that allows for customization with the corporate colors of the point of sale or with the promotional colors of the products on display.<\/p>\n<p>With various lengths and a wide range of options and accessories, this new wall-mounted model with plug-in doors provides improved product preservation and reduced lifecycle costs.<\/p>\n<p>The kP Ocean Closed cabinet is equipped with high-efficiency components and provides an energy consumption reduction of up to 671 TP3T compared to the equivalent open-wall plug-in unit. It also includes the design of new R290 gas condensing units.<\/p>\n<\/div>\n<\/div>\n<\/li>\n<\/ul>\n<\/div>\n<\/div>\n<\/div>\n<\/figure>\n<\/div>\n<\/div>\n<\/div>\n<\/div>\n<\/div>","protected":false},"featured_media":9943,"template":"","meta":{"inline_featured_image":false},"product_brand":[],"product_cat":[66],"product_tag":[],"class_list":{"0":"post-9942","1":"product","2":"type-product","3":"status-publish","4":"has-post-thumbnail","6":"product_cat-murales-enchufables","8":"first","9":"instock","10":"virtual","11":"product-type-simple"},"yoast_head":"<!-- This site is optimized with the Yoast SEO plugin v25.3 - https:\/\/yoast.com\/wordpress\/plugins\/seo\/ -->\n<title>kP OCEAN CLOSED - Manuel Hamu Servicios<\/title>\n<meta name=\"robots\" content=\"index, follow, max-snippet:-1, max-image-preview:large, max-video-preview:-1\" \/>\n<link rel=\"canonical\" href=\"https:\/\/manuelhamuservicios.com\/en\/product\/kp-ocean-closed\/\" \/>\n<meta property=\"og:locale\" content=\"en_GB\" \/>\n<meta property=\"og:type\" content=\"article\" \/>\n<meta property=\"og:title\" content=\"kP OCEAN CLOSED - Manuel Hamu Servicios\" \/>\n<meta property=\"og:description\" content=\"Con una nueva est\u00e9tica preparada para adaptarse a los gustos y necesidades de nuestros clientes, el mueble kP Ocean Closed ofrece una soluci\u00f3n innovadora que permite la customizaci\u00f3n con los colores corporativos del punto de venta o con el color de promoci\u00f3n de los productos a exponer.  Con distintas longitudes y una amplia gama de opciones y accesorios, este nuevo modelo de mural con puertas enchufable proporciona una mejor conservaci\u00f3n del producto y una reducci\u00f3n del coste del ciclo de vida.  El mueble kP Ocean Closed est\u00e1 equipado con componentes de alta eficiencia y aporta una reducci\u00f3n del consumo de energ\u00eda de hasta un 67%, comparado con la mural abierta enchufable equivalente. Adem\u00e1s, incluye el dise\u00f1o de las nuevas unidades condensadoras con gas R290.\" \/>\n<meta property=\"og:url\" content=\"https:\/\/manuelhamuservicios.com\/en\/product\/kp-ocean-closed\/\" \/>\n<meta property=\"og:site_name\" content=\"Manuel Hamu Servicios\" \/>\n<meta property=\"article:modified_time\" content=\"2021-04-26T11:28:46+00:00\" \/>\n<meta property=\"og:image\" content=\"https:\/\/manuelhamuservicios.com\/wp-content\/uploads\/2021\/04\/kP-OCEAN-CLOSED.png\" \/>\n\t<meta property=\"og:image:width\" content=\"800\" \/>\n\t<meta property=\"og:image:height\" content=\"800\" \/>\n\t<meta property=\"og:image:type\" content=\"image\/png\" \/>\n<meta name=\"twitter:card\" content=\"summary_large_image\" \/>\n<meta name=\"twitter:label1\" content=\"Estimated reading time\" \/>\n\t<meta name=\"twitter:data1\" content=\"2 minutes\" \/>\n<script type=\"application\/ld+json\" class=\"yoast-schema-graph\">{\"@context\":\"https:\/\/schema.org\",\"@graph\":[{\"@type\":\"WebPage\",\"@id\":\"https:\/\/manuelhamuservicios.com\/producto\/kp-ocean-closed\/\",\"url\":\"https:\/\/manuelhamuservicios.com\/producto\/kp-ocean-closed\/\",\"name\":\"kP OCEAN CLOSED - Manuel Hamu Servicios\",\"isPartOf\":{\"@id\":\"https:\/\/manuelhamuservicios.com\/#website\"},\"primaryImageOfPage\":{\"@id\":\"https:\/\/manuelhamuservicios.com\/producto\/kp-ocean-closed\/#primaryimage\"},\"image\":{\"@id\":\"https:\/\/manuelhamuservicios.com\/producto\/kp-ocean-closed\/#primaryimage\"},\"thumbnailUrl\":\"https:\/\/manuelhamuservicios.com\/wp-content\/uploads\/2021\/04\/kP-OCEAN-CLOSED.png\",\"datePublished\":\"2021-04-15T15:21:20+00:00\",\"dateModified\":\"2021-04-26T11:28:46+00:00\",\"breadcrumb\":{\"@id\":\"https:\/\/manuelhamuservicios.com\/producto\/kp-ocean-closed\/#breadcrumb\"},\"inLanguage\":\"en-GB\",\"potentialAction\":[{\"@type\":\"ReadAction\",\"target\":[\"https:\/\/manuelhamuservicios.com\/producto\/kp-ocean-closed\/\"]}]},{\"@type\":\"ImageObject\",\"inLanguage\":\"en-GB\",\"@id\":\"https:\/\/manuelhamuservicios.com\/producto\/kp-ocean-closed\/#primaryimage\",\"url\":\"https:\/\/manuelhamuservicios.com\/wp-content\/uploads\/2021\/04\/kP-OCEAN-CLOSED.png\",\"contentUrl\":\"https:\/\/manuelhamuservicios.com\/wp-content\/uploads\/2021\/04\/kP-OCEAN-CLOSED.png\",\"width\":800,\"height\":800},{\"@type\":\"BreadcrumbList\",\"@id\":\"https:\/\/manuelhamuservicios.com\/producto\/kp-ocean-closed\/#breadcrumb\",\"itemListElement\":[{\"@type\":\"ListItem\",\"position\":1,\"name\":\"Portada\",\"item\":\"https:\/\/manuelhamuservicios.com\/\"},{\"@type\":\"ListItem\",\"position\":2,\"name\":\"Productos\",\"item\":\"https:\/\/manuelhamuservicios.com\/en\/mhs-products\/\"},{\"@type\":\"ListItem\",\"position\":3,\"name\":\"kP OCEAN CLOSED\"}]},{\"@type\":\"WebSite\",\"@id\":\"https:\/\/manuelhamuservicios.com\/#website\",\"url\":\"https:\/\/manuelhamuservicios.com\/\",\"name\":\"Manuel Hamu Servicios\",\"description\":\"Mobiliario comercial, maquinaria alimentaria y balanzas comerciales.\",\"publisher\":{\"@id\":\"https:\/\/manuelhamuservicios.com\/#organization\"},\"potentialAction\":[{\"@type\":\"SearchAction\",\"target\":{\"@type\":\"EntryPoint\",\"urlTemplate\":\"https:\/\/manuelhamuservicios.com\/?s={search_term_string}\"},\"query-input\":{\"@type\":\"PropertyValueSpecification\",\"valueRequired\":true,\"valueName\":\"search_term_string\"}}],\"inLanguage\":\"en-GB\"},{\"@type\":\"Organization\",\"@id\":\"https:\/\/manuelhamuservicios.com\/#organization\",\"name\":\"Manuel Hamu Servicios\",\"url\":\"https:\/\/manuelhamuservicios.com\/\",\"logo\":{\"@type\":\"ImageObject\",\"inLanguage\":\"en-GB\",\"@id\":\"https:\/\/manuelhamuservicios.com\/#\/schema\/logo\/image\/\",\"url\":\"https:\/\/manuelhamuservicios.com\/wp-content\/uploads\/2023\/08\/cropped-WhatsApp-Image-2023-08-08-at-08.34.04.jpeg\",\"contentUrl\":\"https:\/\/manuelhamuservicios.com\/wp-content\/uploads\/2023\/08\/cropped-WhatsApp-Image-2023-08-08-at-08.34.04.jpeg\",\"width\":512,\"height\":512,\"caption\":\"Manuel Hamu Servicios\"},\"image\":{\"@id\":\"https:\/\/manuelhamuservicios.com\/#\/schema\/logo\/image\/\"}}]}<\/script>\n<!-- \/ Yoast SEO plugin. -->","yoast_head_json":{"title":"kP OCEAN CLOSED - Manuel Hamu Services","robots":{"index":"index","follow":"follow","max-snippet":"max-snippet:-1","max-image-preview":"max-image-preview:large","max-video-preview":"max-video-preview:-1"},"canonical":"https:\/\/manuelhamuservicios.com\/en\/product\/kp-ocean-closed\/","og_locale":"en_GB","og_type":"article","og_title":"kP OCEAN CLOSED - Manuel Hamu Servicios","og_description":"Con una nueva est\u00e9tica preparada para adaptarse a los gustos y necesidades de nuestros clientes, el mueble kP Ocean Closed ofrece una soluci\u00f3n innovadora que permite la customizaci\u00f3n con los colores corporativos del punto de venta o con el color de promoci\u00f3n de los productos a exponer.  Con distintas longitudes y una amplia gama de opciones y accesorios, este nuevo modelo de mural con puertas enchufable proporciona una mejor conservaci\u00f3n del producto y una reducci\u00f3n del coste del ciclo de vida.  El mueble kP Ocean Closed est\u00e1 equipado con componentes de alta eficiencia y aporta una reducci\u00f3n del consumo de energ\u00eda de hasta un 67%, comparado con la mural abierta enchufable equivalente. Adem\u00e1s, incluye el dise\u00f1o de las nuevas unidades condensadoras con gas R290.","og_url":"https:\/\/manuelhamuservicios.com\/en\/product\/kp-ocean-closed\/","og_site_name":"Manuel Hamu Servicios","article_modified_time":"2021-04-26T11:28:46+00:00","og_image":[{"width":800,"height":800,"url":"https:\/\/manuelhamuservicios.com\/wp-content\/uploads\/2021\/04\/kP-OCEAN-CLOSED.png","type":"image\/png"}],"twitter_card":"summary_large_image","twitter_misc":{"Estimated reading time":"2 minutes"},"schema":{"@context":"https:\/\/schema.org","@graph":[{"@type":"WebPage","@id":"https:\/\/manuelhamuservicios.com\/producto\/kp-ocean-closed\/","url":"https:\/\/manuelhamuservicios.com\/producto\/kp-ocean-closed\/","name":"kP OCEAN CLOSED - Manuel Hamu Services","isPartOf":{"@id":"https:\/\/manuelhamuservicios.com\/#website"},"primaryImageOfPage":{"@id":"https:\/\/manuelhamuservicios.com\/producto\/kp-ocean-closed\/#primaryimage"},"image":{"@id":"https:\/\/manuelhamuservicios.com\/producto\/kp-ocean-closed\/#primaryimage"},"thumbnailUrl":"https:\/\/manuelhamuservicios.com\/wp-content\/uploads\/2021\/04\/kP-OCEAN-CLOSED.png","datePublished":"2021-04-15T15:21:20+00:00","dateModified":"2021-04-26T11:28:46+00:00","breadcrumb":{"@id":"https:\/\/manuelhamuservicios.com\/producto\/kp-ocean-closed\/#breadcrumb"},"inLanguage":"en-GB","potentialAction":[{"@type":"ReadAction","target":["https:\/\/manuelhamuservicios.com\/producto\/kp-ocean-closed\/"]}]},{"@type":"ImageObject","inLanguage":"en-GB","@id":"https:\/\/manuelhamuservicios.com\/producto\/kp-ocean-closed\/#primaryimage","url":"https:\/\/manuelhamuservicios.com\/wp-content\/uploads\/2021\/04\/kP-OCEAN-CLOSED.png","contentUrl":"https:\/\/manuelhamuservicios.com\/wp-content\/uploads\/2021\/04\/kP-OCEAN-CLOSED.png","width":800,"height":800},{"@type":"BreadcrumbList","@id":"https:\/\/manuelhamuservicios.com\/producto\/kp-ocean-closed\/#breadcrumb","itemListElement":[{"@type":"ListItem","position":1,"name":"Portada","item":"https:\/\/manuelhamuservicios.com\/"},{"@type":"ListItem","position":2,"name":"Productos","item":"https:\/\/manuelhamuservicios.com\/en\/mhs-products\/"},{"@type":"ListItem","position":3,"name":"kP OCEAN CLOSED"}]},{"@type":"WebSite","@id":"https:\/\/manuelhamuservicios.com\/#website","url":"https:\/\/manuelhamuservicios.com\/","name":"Manuel Hamu Services","description":"Commercial furniture, food machinery and commercial scales.","publisher":{"@id":"https:\/\/manuelhamuservicios.com\/#organization"},"potentialAction":[{"@type":"SearchAction","target":{"@type":"EntryPoint","urlTemplate":"https:\/\/manuelhamuservicios.com\/?s={search_term_string}"},"query-input":{"@type":"PropertyValueSpecification","valueRequired":true,"valueName":"search_term_string"}}],"inLanguage":"en-GB"},{"@type":"Organization","@id":"https:\/\/manuelhamuservicios.com\/#organization","name":"Manuel Hamu Services","url":"https:\/\/manuelhamuservicios.com\/","logo":{"@type":"ImageObject","inLanguage":"en-GB","@id":"https:\/\/manuelhamuservicios.com\/#\/schema\/logo\/image\/","url":"https:\/\/manuelhamuservicios.com\/wp-content\/uploads\/2023\/08\/cropped-WhatsApp-Image-2023-08-08-at-08.34.04.jpeg","contentUrl":"https:\/\/manuelhamuservicios.com\/wp-content\/uploads\/2023\/08\/cropped-WhatsApp-Image-2023-08-08-at-08.34.04.jpeg","width":512,"height":512,"caption":"Manuel Hamu Servicios"},"image":{"@id":"https:\/\/manuelhamuservicios.com\/#\/schema\/logo\/image\/"}}]}},"_links":{"self":[{"href":"https:\/\/manuelhamuservicios.com\/en\/wp-json\/wp\/v2\/product\/9942","targetHints":{"allow":["GET"]}}],"collection":[{"href":"https:\/\/manuelhamuservicios.com\/en\/wp-json\/wp\/v2\/product"}],"about":[{"href":"https:\/\/manuelhamuservicios.com\/en\/wp-json\/wp\/v2\/types\/product"}],"version-history":[{"count":7,"href":"https:\/\/manuelhamuservicios.com\/en\/wp-json\/wp\/v2\/product\/9942\/revisions"}],"predecessor-version":[{"id":10536,"href":"https:\/\/manuelhamuservicios.com\/en\/wp-json\/wp\/v2\/product\/9942\/revisions\/10536"}],"wp:featuredmedia":[{"embeddable":true,"href":"https:\/\/manuelhamuservicios.com\/en\/wp-json\/wp\/v2\/media\/9943"}],"wp:attachment":[{"href":"https:\/\/manuelhamuservicios.com\/en\/wp-json\/wp\/v2\/media?parent=9942"}],"wp:term":[{"taxonomy":"product_brand","embeddable":true,"href":"https:\/\/manuelhamuservicios.com\/en\/wp-json\/wp\/v2\/product_brand?post=9942"},{"taxonomy":"product_cat","embeddable":true,"href":"https:\/\/manuelhamuservicios.com\/en\/wp-json\/wp\/v2\/product_cat?post=9942"},{"taxonomy":"product_tag","embeddable":true,"href":"https:\/\/manuelhamuservicios.com\/en\/wp-json\/wp\/v2\/product_tag?post=9942"}],"curies":[{"name":"wp","href":"https:\/\/api.w.org\/{rel}","templated":true}]}}