{"id":9990,"date":"2021-04-15T15:58:22","date_gmt":"2021-04-15T15:58:22","guid":{"rendered":"https:\/\/mhservicios.athosonline.com\/?post_type=product&#038;p=9990"},"modified":"2021-04-15T16:00:24","modified_gmt":"2021-04-15T16:00:24","slug":"industrial-cubic-meters-irp-icp-ifp","status":"publish","type":"product","link":"https:\/\/manuelhamuservicios.com\/en\/product\/industrial-cubic-meters-irp-icp-ifp\/","title":{"rendered":"INDUSTRIAL CUBIC (IRP- ICP- IFP)"},"content":{"rendered":"<div data-elementor-type=\"product-post\" data-elementor-id=\"9990\" class=\"elementor elementor-9990\" data-elementor-post-type=\"product\">\n\t\t\t\t\t\t<section data-particle_enable=\"false\" data-particle-mobile-disabled=\"false\" class=\"wd-negative-gap elementor-section elementor-top-section elementor-element elementor-element-b20244d elementor-section-boxed elementor-section-height-default elementor-section-height-default\" data-id=\"b20244d\" data-element_type=\"section\">\n\t\t\t\t\t\t<div class=\"elementor-container elementor-column-gap-default\">\n\t\t\t\t\t<div class=\"elementor-column elementor-col-100 elementor-top-column elementor-element elementor-element-fcab9b7\" data-id=\"fcab9b7\" data-element_type=\"column\">\n\t\t\t<div class=\"elementor-widget-wrap elementor-element-populated\">\n\t\t\t\t\t\t<div class=\"elementor-element elementor-element-08107e8 elementor-tabs-view-horizontal elementor-widget elementor-widget-tabs\" data-id=\"08107e8\" data-element_type=\"widget\" data-widget_type=\"tabs.default\">\n\t\t\t\t<div class=\"elementor-widget-container\">\n\t\t\t\t\t\t\t<div class=\"elementor-tabs\">\n\t\t\t<div class=\"elementor-tabs-wrapper\" role=\"tablist\" >\n\t\t\t\t\t\t\t\t\t<div id=\"elementor-tab-title-8451\" class=\"elementor-tab-title elementor-tab-desktop-title\" aria-selected=\"true\" data-tab=\"1\" role=\"tab\" tabindex=\"0\" aria-controls=\"elementor-tab-content-8451\" aria-expanded=\"false\">Characteristics<\/div>\n\t\t\t\t\t\t\t\t\t<div id=\"elementor-tab-title-8452\" class=\"elementor-tab-title elementor-tab-desktop-title\" aria-selected=\"false\" data-tab=\"2\" role=\"tab\" tabindex=\"-1\" aria-controls=\"elementor-tab-content-8452\" aria-expanded=\"false\">Options<\/div>\n\t\t\t\t\t\t\t\t\t<div id=\"elementor-tab-title-8453\" class=\"elementor-tab-title elementor-tab-desktop-title\" aria-selected=\"false\" data-tab=\"3\" role=\"tab\" tabindex=\"-1\" aria-controls=\"elementor-tab-content-8453\" aria-expanded=\"false\">Documentation<\/div>\n\t\t\t\t\t\t\t<\/div>\n\t\t\t<div class=\"elementor-tabs-content-wrapper\" role=\"tablist\" aria-orientation=\"vertical\">\n\t\t\t\t\t\t\t\t\t<div class=\"elementor-tab-title elementor-tab-mobile-title\" aria-selected=\"true\" data-tab=\"1\" role=\"tab\" tabindex=\"0\" aria-controls=\"elementor-tab-content-8451\" aria-expanded=\"false\">Characteristics<\/div>\n\t\t\t\t\t<div id=\"elementor-tab-content-8451\" class=\"elementor-tab-content elementor-clearfix\" data-tab=\"1\" role=\"tabpanel\" aria-labelledby=\"elementor-tab-title-8451\" tabindex=\"0\" hidden=\"false\"><ul><li><strong>Finned batteries:<\/strong><\/li><\/ul><p>Constructed with 1\/2&quot; diameter copper tubing, manufactured according to CUPROCLIMA\u00ae specifications, and corrugated aluminum fins. They achieve high efficiencies.<\/p><p>The fin pitch is 4 mm in the IRP series, 7 mm in the ICP series and 10 mm in the IFP series.<\/p><p>All batteries are leak tested at a test pressure of 3,923 kPa (40 kg\/cm2) and then pressurized with nitrogen to 147 kPa (1.5 kg\/cm2) to prevent corrosion of the inner surface of the copper tubes.<\/p><ul><li><b>Bodywork:<\/b><\/li><\/ul><p>It is made of galvanized sheet steel and painted with epoxy-polyester paint polymerized in an oven at 180\u00b0C, which gives it high corrosion resistance even in extreme environmental conditions. The unpainted \u00d8 450 mm casing (Mg \u2013 Al) is made of galvanized steel.<\/p><p>Both the defrost trays and the side body panels are easily removable, making access to the interior of the appliances quick and easy.<\/p><ul><li><strong>Fans and motors:<\/strong><\/li><\/ul><p>The fans used are \u00d8 450mm, 630mm or 800mm (depending on the model), equipped with three-phase motors (230V \/ 400V @ 50-60 Hz).<\/p><ul><li><strong>Defrost resistors:<\/strong><\/li><\/ul><p>They are shielded with stainless steel tubing, their terminals are vulcanized onto the tubing to prevent leakage, and they incorporate individual grounding.<\/p><p>They are strategically located in the evaporator in order to facilitate adequate and uniform defrosting.<\/p><p>Electrical resistors included in the ICP and IFP series, optional for IRP.<\/p><\/div>\n\t\t\t\t\t\t\t\t\t<div class=\"elementor-tab-title elementor-tab-mobile-title\" aria-selected=\"false\" data-tab=\"2\" role=\"tab\" tabindex=\"-1\" aria-controls=\"elementor-tab-content-8452\" aria-expanded=\"false\">Options<\/div>\n\t\t\t\t\t<div id=\"elementor-tab-content-8452\" class=\"elementor-tab-content elementor-clearfix\" data-tab=\"2\" role=\"tabpanel\" aria-labelledby=\"elementor-tab-title-8452\" tabindex=\"0\" hidden=\"hidden\"><ul><li><strong>Fin Material<\/strong><ul><li>Copper Fin<\/li><li>Lacquered Fin<\/li><\/ul><\/li><\/ul><ul><li><strong>Housing<\/strong><ul><li>Aluminum (only for \u00d8450)<\/li><li>Graffiti<\/li><li>Stainless steel<\/li><\/ul><\/li><\/ul><ul><li><strong>Defrost<\/strong><ul><li>Hot gas defrost<\/li><li>Hot gas defrost in battery and electric defrost in tray<\/li><li>Electric defrost (only for IRP)<\/li><li>Water defrost<\/li><li>Resistance rings on the fan<\/li><\/ul><\/li><\/ul><ul><li><strong>Others<\/strong><ul><li>Blygold Treatment<\/li><li>High Efficiency Fans<\/li><\/ul><\/li><\/ul><ul><li><strong>Refrigerants<\/strong><ul><li>R134a, R404A, R407F, R448A, R449A, R507<\/li><li>Glycolated Water<\/li><li>CO2<\/li><\/ul><\/li><\/ul><\/div>\n\t\t\t\t\t\t\t\t\t<div class=\"elementor-tab-title elementor-tab-mobile-title\" aria-selected=\"false\" data-tab=\"3\" role=\"tab\" tabindex=\"-1\" aria-controls=\"elementor-tab-content-8453\" aria-expanded=\"false\">Documentation<\/div>\n\t\t\t\t\t<div id=\"elementor-tab-content-8453\" class=\"elementor-tab-content elementor-clearfix\" data-tab=\"3\" role=\"tabpanel\" aria-labelledby=\"elementor-tab-title-8453\" tabindex=\"0\" hidden=\"hidden\"><ul><li><strong><a href=\"https:\/\/koxka.com\/wp-content\/uploads\/2019\/04\/IRP-ICP-IFP_ES-ENG.pdf\" target=\"_blank\" rel=\"noopener\">Industrial Cubic Evaporators Catalog<\/a><\/strong><\/li><\/ul><\/div>\n\t\t\t\t\t\t\t<\/div>\n\t\t<\/div>\n\t\t\t\t\t\t<\/div>\n\t\t\t\t<\/div>\n\t\t\t\t\t<\/div>\n\t\t<\/div>\n\t\t\t\t\t<\/div>\n\t\t<\/section>\n\t\t\t\t<\/div>","protected":false},"excerpt":{"rendered":"<p><strong>HIGH PERFORMANCE FOR INDUSTRIAL REFRIGERATION AND FREEZING CHAMBER.<\/strong><\/p>\n<p>This new range of Industrial Cubic Evaporators consists of\u00a0<strong>124 models,\u00a0<\/strong>which have been developed for\u00a0<strong>industrial refrigeration applications in<\/strong>\u00a0<strong>high and medium temperature cooling,\u00a0<\/strong>with capacities ranging from 12,000 W to 168,500 W (IRP series). And also for\u00a0<strong>industrial refrigeration applications in low-temperature freezing,\u00a0<\/strong>with capacities ranging from 9,500 W to 139,000 W (ICP series) and from 7,900 W to 121,500 W (IFP series).<\/p>","protected":false},"featured_media":9991,"template":"","meta":{"inline_featured_image":false},"product_brand":[],"product_cat":[69],"product_tag":[],"class_list":{"0":"post-9990","1":"product","2":"type-product","3":"status-publish","4":"has-post-thumbnail","6":"product_cat-evaporadores","8":"first","9":"instock","10":"virtual","11":"product-type-simple"},"yoast_head":"<!-- This site is optimized with the Yoast SEO plugin v25.3 - https:\/\/yoast.com\/wordpress\/plugins\/seo\/ -->\n<title>C\u00daBICOS INDUSTRIALES (IRP- ICP- IFP) - Manuel Hamu Servicios<\/title>\n<meta name=\"robots\" content=\"index, follow, max-snippet:-1, max-image-preview:large, max-video-preview:-1\" \/>\n<link rel=\"canonical\" href=\"https:\/\/manuelhamuservicios.com\/en\/product\/industrial-cubic-meters-irp-icp-ifp\/\" \/>\n<meta property=\"og:locale\" content=\"en_GB\" \/>\n<meta property=\"og:type\" content=\"article\" \/>\n<meta property=\"og:title\" content=\"C\u00daBICOS INDUSTRIALES (IRP- ICP- IFP) - Manuel Hamu Servicios\" \/>\n<meta property=\"og:description\" content=\"ALTO RENDIMIENTO PARA C\u00c1MARAS INDUSTRIALES DE REFRIGERACI\u00d3N Y CONGELACI\u00d3N.  Esta nueva gama de Evaporadores C\u00fabicos Industriales, consta de\u00a0124 modelos,\u00a0los cuales han sido desarrollados para\u00a0aplicaciones de fr\u00edo industrial en\u00a0refrigeraci\u00f3n a alta y media temperatura,\u00a0con capacidades que van de los 12.000 W a los 168.500 W (serie IRP). Y tambi\u00e9n para\u00a0aplicaciones de frio industrial en congelaci\u00f3n a baja temperatura,\u00a0con capacidades que van de los 9.500 W a los 139.000 W (serie ICP) y de los 7.900 W a los 121.500 W (serie IFP).\" \/>\n<meta property=\"og:url\" content=\"https:\/\/manuelhamuservicios.com\/en\/product\/industrial-cubic-meters-irp-icp-ifp\/\" \/>\n<meta property=\"og:site_name\" content=\"Manuel Hamu Servicios\" \/>\n<meta property=\"article:modified_time\" content=\"2021-04-15T16:00:24+00:00\" \/>\n<meta property=\"og:image\" content=\"https:\/\/manuelhamuservicios.com\/wp-content\/uploads\/2021\/04\/cubico-industrial-evaporadores-kobol-kobol.png\" \/>\n\t<meta property=\"og:image:width\" content=\"960\" \/>\n\t<meta property=\"og:image:height\" content=\"640\" \/>\n\t<meta property=\"og:image:type\" content=\"image\/png\" \/>\n<meta name=\"twitter:card\" content=\"summary_large_image\" \/>\n<meta name=\"twitter:label1\" content=\"Estimated reading time\" \/>\n\t<meta name=\"twitter:data1\" content=\"2 minutes\" \/>\n<script type=\"application\/ld+json\" class=\"yoast-schema-graph\">{\"@context\":\"https:\/\/schema.org\",\"@graph\":[{\"@type\":\"WebPage\",\"@id\":\"https:\/\/manuelhamuservicios.com\/producto\/cubicos-industriales-irp-icp-ifp\/\",\"url\":\"https:\/\/manuelhamuservicios.com\/producto\/cubicos-industriales-irp-icp-ifp\/\",\"name\":\"C\u00daBICOS INDUSTRIALES (IRP- ICP- IFP) - Manuel Hamu Servicios\",\"isPartOf\":{\"@id\":\"https:\/\/manuelhamuservicios.com\/#website\"},\"primaryImageOfPage\":{\"@id\":\"https:\/\/manuelhamuservicios.com\/producto\/cubicos-industriales-irp-icp-ifp\/#primaryimage\"},\"image\":{\"@id\":\"https:\/\/manuelhamuservicios.com\/producto\/cubicos-industriales-irp-icp-ifp\/#primaryimage\"},\"thumbnailUrl\":\"https:\/\/manuelhamuservicios.com\/wp-content\/uploads\/2021\/04\/cubico-industrial-evaporadores-kobol-kobol.png\",\"datePublished\":\"2021-04-15T15:58:22+00:00\",\"dateModified\":\"2021-04-15T16:00:24+00:00\",\"breadcrumb\":{\"@id\":\"https:\/\/manuelhamuservicios.com\/producto\/cubicos-industriales-irp-icp-ifp\/#breadcrumb\"},\"inLanguage\":\"en-GB\",\"potentialAction\":[{\"@type\":\"ReadAction\",\"target\":[\"https:\/\/manuelhamuservicios.com\/producto\/cubicos-industriales-irp-icp-ifp\/\"]}]},{\"@type\":\"ImageObject\",\"inLanguage\":\"en-GB\",\"@id\":\"https:\/\/manuelhamuservicios.com\/producto\/cubicos-industriales-irp-icp-ifp\/#primaryimage\",\"url\":\"https:\/\/manuelhamuservicios.com\/wp-content\/uploads\/2021\/04\/cubico-industrial-evaporadores-kobol-kobol.png\",\"contentUrl\":\"https:\/\/manuelhamuservicios.com\/wp-content\/uploads\/2021\/04\/cubico-industrial-evaporadores-kobol-kobol.png\",\"width\":960,\"height\":640},{\"@type\":\"BreadcrumbList\",\"@id\":\"https:\/\/manuelhamuservicios.com\/producto\/cubicos-industriales-irp-icp-ifp\/#breadcrumb\",\"itemListElement\":[{\"@type\":\"ListItem\",\"position\":1,\"name\":\"Portada\",\"item\":\"https:\/\/manuelhamuservicios.com\/\"},{\"@type\":\"ListItem\",\"position\":2,\"name\":\"Productos\",\"item\":\"https:\/\/manuelhamuservicios.com\/en\/mhs-products\/\"},{\"@type\":\"ListItem\",\"position\":3,\"name\":\"C\u00daBICOS INDUSTRIALES (IRP- ICP- IFP)\"}]},{\"@type\":\"WebSite\",\"@id\":\"https:\/\/manuelhamuservicios.com\/#website\",\"url\":\"https:\/\/manuelhamuservicios.com\/\",\"name\":\"Manuel Hamu Servicios\",\"description\":\"Mobiliario comercial, maquinaria alimentaria y balanzas comerciales.\",\"publisher\":{\"@id\":\"https:\/\/manuelhamuservicios.com\/#organization\"},\"potentialAction\":[{\"@type\":\"SearchAction\",\"target\":{\"@type\":\"EntryPoint\",\"urlTemplate\":\"https:\/\/manuelhamuservicios.com\/?s={search_term_string}\"},\"query-input\":{\"@type\":\"PropertyValueSpecification\",\"valueRequired\":true,\"valueName\":\"search_term_string\"}}],\"inLanguage\":\"en-GB\"},{\"@type\":\"Organization\",\"@id\":\"https:\/\/manuelhamuservicios.com\/#organization\",\"name\":\"Manuel Hamu Servicios\",\"url\":\"https:\/\/manuelhamuservicios.com\/\",\"logo\":{\"@type\":\"ImageObject\",\"inLanguage\":\"en-GB\",\"@id\":\"https:\/\/manuelhamuservicios.com\/#\/schema\/logo\/image\/\",\"url\":\"https:\/\/manuelhamuservicios.com\/wp-content\/uploads\/2023\/08\/cropped-WhatsApp-Image-2023-08-08-at-08.34.04.jpeg\",\"contentUrl\":\"https:\/\/manuelhamuservicios.com\/wp-content\/uploads\/2023\/08\/cropped-WhatsApp-Image-2023-08-08-at-08.34.04.jpeg\",\"width\":512,\"height\":512,\"caption\":\"Manuel Hamu Servicios\"},\"image\":{\"@id\":\"https:\/\/manuelhamuservicios.com\/#\/schema\/logo\/image\/\"}}]}<\/script>\n<!-- \/ Yoast SEO plugin. -->","yoast_head_json":{"title":"INDUSTRIAL CUBIC (IRP- ICP- IFP) - Manuel Hamu Services","robots":{"index":"index","follow":"follow","max-snippet":"max-snippet:-1","max-image-preview":"max-image-preview:large","max-video-preview":"max-video-preview:-1"},"canonical":"https:\/\/manuelhamuservicios.com\/en\/product\/industrial-cubic-meters-irp-icp-ifp\/","og_locale":"en_GB","og_type":"article","og_title":"C\u00daBICOS INDUSTRIALES (IRP- ICP- IFP) - Manuel Hamu Servicios","og_description":"ALTO RENDIMIENTO PARA C\u00c1MARAS INDUSTRIALES DE REFRIGERACI\u00d3N Y CONGELACI\u00d3N.  Esta nueva gama de Evaporadores C\u00fabicos Industriales, consta de\u00a0124 modelos,\u00a0los cuales han sido desarrollados para\u00a0aplicaciones de fr\u00edo industrial en\u00a0refrigeraci\u00f3n a alta y media temperatura,\u00a0con capacidades que van de los 12.000 W a los 168.500 W (serie IRP). Y tambi\u00e9n para\u00a0aplicaciones de frio industrial en congelaci\u00f3n a baja temperatura,\u00a0con capacidades que van de los 9.500 W a los 139.000 W (serie ICP) y de los 7.900 W a los 121.500 W (serie IFP).","og_url":"https:\/\/manuelhamuservicios.com\/en\/product\/industrial-cubic-meters-irp-icp-ifp\/","og_site_name":"Manuel Hamu Servicios","article_modified_time":"2021-04-15T16:00:24+00:00","og_image":[{"width":960,"height":640,"url":"https:\/\/manuelhamuservicios.com\/wp-content\/uploads\/2021\/04\/cubico-industrial-evaporadores-kobol-kobol.png","type":"image\/png"}],"twitter_card":"summary_large_image","twitter_misc":{"Estimated reading time":"2 minutes"},"schema":{"@context":"https:\/\/schema.org","@graph":[{"@type":"WebPage","@id":"https:\/\/manuelhamuservicios.com\/producto\/cubicos-industriales-irp-icp-ifp\/","url":"https:\/\/manuelhamuservicios.com\/producto\/cubicos-industriales-irp-icp-ifp\/","name":"INDUSTRIAL CUBIC (IRP- ICP- IFP) - Manuel Hamu Services","isPartOf":{"@id":"https:\/\/manuelhamuservicios.com\/#website"},"primaryImageOfPage":{"@id":"https:\/\/manuelhamuservicios.com\/producto\/cubicos-industriales-irp-icp-ifp\/#primaryimage"},"image":{"@id":"https:\/\/manuelhamuservicios.com\/producto\/cubicos-industriales-irp-icp-ifp\/#primaryimage"},"thumbnailUrl":"https:\/\/manuelhamuservicios.com\/wp-content\/uploads\/2021\/04\/cubico-industrial-evaporadores-kobol-kobol.png","datePublished":"2021-04-15T15:58:22+00:00","dateModified":"2021-04-15T16:00:24+00:00","breadcrumb":{"@id":"https:\/\/manuelhamuservicios.com\/producto\/cubicos-industriales-irp-icp-ifp\/#breadcrumb"},"inLanguage":"en-GB","potentialAction":[{"@type":"ReadAction","target":["https:\/\/manuelhamuservicios.com\/producto\/cubicos-industriales-irp-icp-ifp\/"]}]},{"@type":"ImageObject","inLanguage":"en-GB","@id":"https:\/\/manuelhamuservicios.com\/producto\/cubicos-industriales-irp-icp-ifp\/#primaryimage","url":"https:\/\/manuelhamuservicios.com\/wp-content\/uploads\/2021\/04\/cubico-industrial-evaporadores-kobol-kobol.png","contentUrl":"https:\/\/manuelhamuservicios.com\/wp-content\/uploads\/2021\/04\/cubico-industrial-evaporadores-kobol-kobol.png","width":960,"height":640},{"@type":"BreadcrumbList","@id":"https:\/\/manuelhamuservicios.com\/producto\/cubicos-industriales-irp-icp-ifp\/#breadcrumb","itemListElement":[{"@type":"ListItem","position":1,"name":"Portada","item":"https:\/\/manuelhamuservicios.com\/"},{"@type":"ListItem","position":2,"name":"Productos","item":"https:\/\/manuelhamuservicios.com\/en\/mhs-products\/"},{"@type":"ListItem","position":3,"name":"C\u00daBICOS INDUSTRIALES (IRP- ICP- IFP)"}]},{"@type":"WebSite","@id":"https:\/\/manuelhamuservicios.com\/#website","url":"https:\/\/manuelhamuservicios.com\/","name":"Manuel Hamu Services","description":"Commercial furniture, food machinery and commercial scales.","publisher":{"@id":"https:\/\/manuelhamuservicios.com\/#organization"},"potentialAction":[{"@type":"SearchAction","target":{"@type":"EntryPoint","urlTemplate":"https:\/\/manuelhamuservicios.com\/?s={search_term_string}"},"query-input":{"@type":"PropertyValueSpecification","valueRequired":true,"valueName":"search_term_string"}}],"inLanguage":"en-GB"},{"@type":"Organization","@id":"https:\/\/manuelhamuservicios.com\/#organization","name":"Manuel Hamu Services","url":"https:\/\/manuelhamuservicios.com\/","logo":{"@type":"ImageObject","inLanguage":"en-GB","@id":"https:\/\/manuelhamuservicios.com\/#\/schema\/logo\/image\/","url":"https:\/\/manuelhamuservicios.com\/wp-content\/uploads\/2023\/08\/cropped-WhatsApp-Image-2023-08-08-at-08.34.04.jpeg","contentUrl":"https:\/\/manuelhamuservicios.com\/wp-content\/uploads\/2023\/08\/cropped-WhatsApp-Image-2023-08-08-at-08.34.04.jpeg","width":512,"height":512,"caption":"Manuel Hamu Servicios"},"image":{"@id":"https:\/\/manuelhamuservicios.com\/#\/schema\/logo\/image\/"}}]}},"_links":{"self":[{"href":"https:\/\/manuelhamuservicios.com\/en\/wp-json\/wp\/v2\/product\/9990","targetHints":{"allow":["GET"]}}],"collection":[{"href":"https:\/\/manuelhamuservicios.com\/en\/wp-json\/wp\/v2\/product"}],"about":[{"href":"https:\/\/manuelhamuservicios.com\/en\/wp-json\/wp\/v2\/types\/product"}],"version-history":[{"count":4,"href":"https:\/\/manuelhamuservicios.com\/en\/wp-json\/wp\/v2\/product\/9990\/revisions"}],"predecessor-version":[{"id":9995,"href":"https:\/\/manuelhamuservicios.com\/en\/wp-json\/wp\/v2\/product\/9990\/revisions\/9995"}],"wp:featuredmedia":[{"embeddable":true,"href":"https:\/\/manuelhamuservicios.com\/en\/wp-json\/wp\/v2\/media\/9991"}],"wp:attachment":[{"href":"https:\/\/manuelhamuservicios.com\/en\/wp-json\/wp\/v2\/media?parent=9990"}],"wp:term":[{"taxonomy":"product_brand","embeddable":true,"href":"https:\/\/manuelhamuservicios.com\/en\/wp-json\/wp\/v2\/product_brand?post=9990"},{"taxonomy":"product_cat","embeddable":true,"href":"https:\/\/manuelhamuservicios.com\/en\/wp-json\/wp\/v2\/product_cat?post=9990"},{"taxonomy":"product_tag","embeddable":true,"href":"https:\/\/manuelhamuservicios.com\/en\/wp-json\/wp\/v2\/product_tag?post=9990"}],"curies":[{"name":"wp","href":"https:\/\/api.w.org\/{rel}","templated":true}]}}